{"id":2525,"date":"2020-07-09T11:26:34","date_gmt":"2020-07-09T09:26:34","guid":{"rendered":"https:\/\/www.professional-haircare.it\/products\/bez-kategorii\/c-cinque-delight-szampon-nawilzajacy-1000-ml\/"},"modified":"2022-01-31T15:03:50","modified_gmt":"2022-01-31T14:03:50","slug":"c-cinque-delight-szampon-nawilzajacy-1000-ml","status":"publish","type":"product","link":"https:\/\/www.professional-haircare.it\/pl\/products\/tecnici-pl\/c-cinque-pl\/c-cinque-delight-szampon-nawilzajacy-1000-ml\/","title":{"rendered":"C Cinque | Delight \u2013 Szampon nawil\u017caj\u0105cy 1000 ml"},"content":{"rendered":"","protected":false},"excerpt":{"rendered":"<p><span style=\"font-weight: 400;\">Idealny do cz\u0119stego stosowania, szampon nawil\u017caj\u0105cy <\/span><b>C Cinque<\/b><span style=\"font-weight: 400;\"> oczyszcza w\u0142osy bez ich uszkadzania, nadaj\u0105c im zdrowy, pe\u0142en witalno\u015bci wygl\u0105d. Przeznaczony do <\/span><b>w\u0142os\u00f3w normalnych<\/b><span style=\"font-weight: 400;\">.<\/span><\/p>\n<p><span style=\"font-weight: 400;\">1000 ml<\/span><\/p>\n","protected":false},"featured_media":2144,"comment_status":"closed","ping_status":"closed","template":"","meta":[],"product_brand":[],"product_cat":[291,289],"product_tag":[],"class_list":{"0":"post-2525","1":"product","2":"type-product","3":"status-publish","4":"has-post-thumbnail","6":"product_cat-c-cinque-pl","7":"product_cat-tecnici-pl","9":"first","10":"instock","11":"shipping-taxable","12":"product-type-simple"},"yoast_head":"<!-- This site is optimized with the Yoast SEO plugin v26.8 - https:\/\/yoast.com\/product\/yoast-seo-wordpress\/ -->\n<title>C Cinque | Delight \u2013 Szampon nawil\u017caj\u0105cy 1000 ml<\/title>\n<meta name=\"description\" content=\"Idealny do cz\u0119stego stosowania, szampon nawil\u017caj\u0105cy C Cinque oczyszcza w\u0142osy bez ich uszkadzania, nadaj\u0105c im zdrowy, pe\u0142en witalno\u015bci wygl\u0105d.\" \/>\n<meta name=\"robots\" content=\"index, follow, max-snippet:-1, max-image-preview:large, max-video-preview:-1\" \/>\n<link rel=\"canonical\" href=\"https:\/\/www.professional-haircare.it\/pl\/products\/tecnici-pl\/c-cinque-pl\/c-cinque-delight-szampon-nawilzajacy-1000-ml\/\" \/>\n<meta property=\"og:locale\" content=\"pl_PL\" \/>\n<meta property=\"og:type\" content=\"article\" \/>\n<meta property=\"og:title\" content=\"C Cinque | Delight \u2013 Szampon nawil\u017caj\u0105cy 1000 ml\" \/>\n<meta property=\"og:description\" content=\"Idealny do cz\u0119stego stosowania, szampon nawil\u017caj\u0105cy C Cinque oczyszcza w\u0142osy bez ich uszkadzania, nadaj\u0105c im zdrowy, pe\u0142en witalno\u015bci wygl\u0105d.\" \/>\n<meta property=\"og:url\" content=\"https:\/\/www.professional-haircare.it\/pl\/products\/tecnici-pl\/c-cinque-pl\/c-cinque-delight-szampon-nawilzajacy-1000-ml\/\" \/>\n<meta property=\"og:site_name\" content=\"Professional Hair Care\" \/>\n<meta property=\"article:modified_time\" content=\"2022-01-31T14:03:50+00:00\" \/>\n<meta property=\"og:image\" content=\"https:\/\/professional-haircare.it\/wp-content\/uploads\/2020\/07\/12053_professional_c_cinque_salon_delight_moisturizing_shampoo_1000ml.png\" \/>\n\t<meta property=\"og:image:width\" content=\"600\" \/>\n\t<meta property=\"og:image:height\" content=\"600\" \/>\n\t<meta property=\"og:image:type\" content=\"image\/png\" \/>\n<meta name=\"twitter:card\" content=\"summary_large_image\" \/>\n<script type=\"application\/ld+json\" class=\"yoast-schema-graph\">{\"@context\":\"https:\/\/schema.org\",\"@graph\":[{\"@type\":\"WebPage\",\"@id\":\"https:\/\/www.professional-haircare.it\/pl\/products\/tecnici-pl\/c-cinque-pl\/c-cinque-delight-szampon-nawilzajacy-1000-ml\/\",\"url\":\"https:\/\/www.professional-haircare.it\/pl\/products\/tecnici-pl\/c-cinque-pl\/c-cinque-delight-szampon-nawilzajacy-1000-ml\/\",\"name\":\"C Cinque | Delight \u2013 Szampon nawil\u017caj\u0105cy 1000 ml\",\"isPartOf\":{\"@id\":\"https:\/\/professional-haircare.it\/#website\"},\"primaryImageOfPage\":{\"@id\":\"https:\/\/www.professional-haircare.it\/pl\/products\/tecnici-pl\/c-cinque-pl\/c-cinque-delight-szampon-nawilzajacy-1000-ml\/#primaryimage\"},\"image\":{\"@id\":\"https:\/\/www.professional-haircare.it\/pl\/products\/tecnici-pl\/c-cinque-pl\/c-cinque-delight-szampon-nawilzajacy-1000-ml\/#primaryimage\"},\"thumbnailUrl\":\"https:\/\/www.professional-haircare.it\/wp-content\/uploads\/2020\/07\/12053_professional_c_cinque_salon_delight_moisturizing_shampoo_1000ml.png\",\"datePublished\":\"2020-07-09T09:26:34+00:00\",\"dateModified\":\"2022-01-31T14:03:50+00:00\",\"description\":\"Idealny do cz\u0119stego stosowania, szampon nawil\u017caj\u0105cy C Cinque oczyszcza w\u0142osy bez ich uszkadzania, nadaj\u0105c im zdrowy, pe\u0142en witalno\u015bci wygl\u0105d.\",\"breadcrumb\":{\"@id\":\"https:\/\/www.professional-haircare.it\/pl\/products\/tecnici-pl\/c-cinque-pl\/c-cinque-delight-szampon-nawilzajacy-1000-ml\/#breadcrumb\"},\"inLanguage\":\"pl-PL\",\"potentialAction\":[{\"@type\":\"ReadAction\",\"target\":[\"https:\/\/www.professional-haircare.it\/pl\/products\/tecnici-pl\/c-cinque-pl\/c-cinque-delight-szampon-nawilzajacy-1000-ml\/\"]}]},{\"@type\":\"ImageObject\",\"inLanguage\":\"pl-PL\",\"@id\":\"https:\/\/www.professional-haircare.it\/pl\/products\/tecnici-pl\/c-cinque-pl\/c-cinque-delight-szampon-nawilzajacy-1000-ml\/#primaryimage\",\"url\":\"https:\/\/www.professional-haircare.it\/wp-content\/uploads\/2020\/07\/12053_professional_c_cinque_salon_delight_moisturizing_shampoo_1000ml.png\",\"contentUrl\":\"https:\/\/www.professional-haircare.it\/wp-content\/uploads\/2020\/07\/12053_professional_c_cinque_salon_delight_moisturizing_shampoo_1000ml.png\",\"width\":600,\"height\":600},{\"@type\":\"BreadcrumbList\",\"@id\":\"https:\/\/www.professional-haircare.it\/pl\/products\/tecnici-pl\/c-cinque-pl\/c-cinque-delight-szampon-nawilzajacy-1000-ml\/#breadcrumb\",\"itemListElement\":[{\"@type\":\"ListItem\",\"position\":1,\"name\":\"Home\",\"item\":\"https:\/\/professional-haircare.it\/pl\/\"},{\"@type\":\"ListItem\",\"position\":2,\"name\":\"Sklep\",\"item\":\"https:\/\/professional-haircare.it\/pl\/sklep\/\"},{\"@type\":\"ListItem\",\"position\":3,\"name\":\"C Cinque | Delight \u2013 Szampon nawil\u017caj\u0105cy 1000 ml\"}]},{\"@type\":\"WebSite\",\"@id\":\"https:\/\/professional-haircare.it\/#website\",\"url\":\"https:\/\/professional-haircare.it\/\",\"name\":\"Professional Hair Care\",\"description\":\"Hair Quality Solutions\",\"potentialAction\":[{\"@type\":\"SearchAction\",\"target\":{\"@type\":\"EntryPoint\",\"urlTemplate\":\"https:\/\/professional-haircare.it\/?s={search_term_string}\"},\"query-input\":{\"@type\":\"PropertyValueSpecification\",\"valueRequired\":true,\"valueName\":\"search_term_string\"}}],\"inLanguage\":\"pl-PL\"}]}<\/script>\n<!-- \/ Yoast SEO plugin. -->","yoast_head_json":{"title":"C Cinque | Delight \u2013 Szampon nawil\u017caj\u0105cy 1000 ml","description":"Idealny do cz\u0119stego stosowania, szampon nawil\u017caj\u0105cy C Cinque oczyszcza w\u0142osy bez ich uszkadzania, nadaj\u0105c im zdrowy, pe\u0142en witalno\u015bci wygl\u0105d.","robots":{"index":"index","follow":"follow","max-snippet":"max-snippet:-1","max-image-preview":"max-image-preview:large","max-video-preview":"max-video-preview:-1"},"canonical":"https:\/\/www.professional-haircare.it\/pl\/products\/tecnici-pl\/c-cinque-pl\/c-cinque-delight-szampon-nawilzajacy-1000-ml\/","og_locale":"pl_PL","og_type":"article","og_title":"C Cinque | Delight \u2013 Szampon nawil\u017caj\u0105cy 1000 ml","og_description":"Idealny do cz\u0119stego stosowania, szampon nawil\u017caj\u0105cy C Cinque oczyszcza w\u0142osy bez ich uszkadzania, nadaj\u0105c im zdrowy, pe\u0142en witalno\u015bci wygl\u0105d.","og_url":"https:\/\/www.professional-haircare.it\/pl\/products\/tecnici-pl\/c-cinque-pl\/c-cinque-delight-szampon-nawilzajacy-1000-ml\/","og_site_name":"Professional Hair Care","article_modified_time":"2022-01-31T14:03:50+00:00","og_image":[{"width":600,"height":600,"url":"https:\/\/professional-haircare.it\/wp-content\/uploads\/2020\/07\/12053_professional_c_cinque_salon_delight_moisturizing_shampoo_1000ml.png","type":"image\/png"}],"twitter_card":"summary_large_image","schema":{"@context":"https:\/\/schema.org","@graph":[{"@type":"WebPage","@id":"https:\/\/www.professional-haircare.it\/pl\/products\/tecnici-pl\/c-cinque-pl\/c-cinque-delight-szampon-nawilzajacy-1000-ml\/","url":"https:\/\/www.professional-haircare.it\/pl\/products\/tecnici-pl\/c-cinque-pl\/c-cinque-delight-szampon-nawilzajacy-1000-ml\/","name":"C Cinque | Delight \u2013 Szampon nawil\u017caj\u0105cy 1000 ml","isPartOf":{"@id":"https:\/\/professional-haircare.it\/#website"},"primaryImageOfPage":{"@id":"https:\/\/www.professional-haircare.it\/pl\/products\/tecnici-pl\/c-cinque-pl\/c-cinque-delight-szampon-nawilzajacy-1000-ml\/#primaryimage"},"image":{"@id":"https:\/\/www.professional-haircare.it\/pl\/products\/tecnici-pl\/c-cinque-pl\/c-cinque-delight-szampon-nawilzajacy-1000-ml\/#primaryimage"},"thumbnailUrl":"https:\/\/www.professional-haircare.it\/wp-content\/uploads\/2020\/07\/12053_professional_c_cinque_salon_delight_moisturizing_shampoo_1000ml.png","datePublished":"2020-07-09T09:26:34+00:00","dateModified":"2022-01-31T14:03:50+00:00","description":"Idealny do cz\u0119stego stosowania, szampon nawil\u017caj\u0105cy C Cinque oczyszcza w\u0142osy bez ich uszkadzania, nadaj\u0105c im zdrowy, pe\u0142en witalno\u015bci wygl\u0105d.","breadcrumb":{"@id":"https:\/\/www.professional-haircare.it\/pl\/products\/tecnici-pl\/c-cinque-pl\/c-cinque-delight-szampon-nawilzajacy-1000-ml\/#breadcrumb"},"inLanguage":"pl-PL","potentialAction":[{"@type":"ReadAction","target":["https:\/\/www.professional-haircare.it\/pl\/products\/tecnici-pl\/c-cinque-pl\/c-cinque-delight-szampon-nawilzajacy-1000-ml\/"]}]},{"@type":"ImageObject","inLanguage":"pl-PL","@id":"https:\/\/www.professional-haircare.it\/pl\/products\/tecnici-pl\/c-cinque-pl\/c-cinque-delight-szampon-nawilzajacy-1000-ml\/#primaryimage","url":"https:\/\/www.professional-haircare.it\/wp-content\/uploads\/2020\/07\/12053_professional_c_cinque_salon_delight_moisturizing_shampoo_1000ml.png","contentUrl":"https:\/\/www.professional-haircare.it\/wp-content\/uploads\/2020\/07\/12053_professional_c_cinque_salon_delight_moisturizing_shampoo_1000ml.png","width":600,"height":600},{"@type":"BreadcrumbList","@id":"https:\/\/www.professional-haircare.it\/pl\/products\/tecnici-pl\/c-cinque-pl\/c-cinque-delight-szampon-nawilzajacy-1000-ml\/#breadcrumb","itemListElement":[{"@type":"ListItem","position":1,"name":"Home","item":"https:\/\/professional-haircare.it\/pl\/"},{"@type":"ListItem","position":2,"name":"Sklep","item":"https:\/\/professional-haircare.it\/pl\/sklep\/"},{"@type":"ListItem","position":3,"name":"C Cinque | Delight \u2013 Szampon nawil\u017caj\u0105cy 1000 ml"}]},{"@type":"WebSite","@id":"https:\/\/professional-haircare.it\/#website","url":"https:\/\/professional-haircare.it\/","name":"Professional Hair Care","description":"Hair Quality Solutions","potentialAction":[{"@type":"SearchAction","target":{"@type":"EntryPoint","urlTemplate":"https:\/\/professional-haircare.it\/?s={search_term_string}"},"query-input":{"@type":"PropertyValueSpecification","valueRequired":true,"valueName":"search_term_string"}}],"inLanguage":"pl-PL"}]}},"_links":{"self":[{"href":"https:\/\/www.professional-haircare.it\/pl\/wp-json\/wp\/v2\/product\/2525","targetHints":{"allow":["GET"]}}],"collection":[{"href":"https:\/\/www.professional-haircare.it\/pl\/wp-json\/wp\/v2\/product"}],"about":[{"href":"https:\/\/www.professional-haircare.it\/pl\/wp-json\/wp\/v2\/types\/product"}],"replies":[{"embeddable":true,"href":"https:\/\/www.professional-haircare.it\/pl\/wp-json\/wp\/v2\/comments?post=2525"}],"wp:featuredmedia":[{"embeddable":true,"href":"https:\/\/www.professional-haircare.it\/pl\/wp-json\/wp\/v2\/media\/2144"}],"wp:attachment":[{"href":"https:\/\/www.professional-haircare.it\/pl\/wp-json\/wp\/v2\/media?parent=2525"}],"wp:term":[{"taxonomy":"product_brand","embeddable":true,"href":"https:\/\/www.professional-haircare.it\/pl\/wp-json\/wp\/v2\/product_brand?post=2525"},{"taxonomy":"product_cat","embeddable":true,"href":"https:\/\/www.professional-haircare.it\/pl\/wp-json\/wp\/v2\/product_cat?post=2525"},{"taxonomy":"product_tag","embeddable":true,"href":"https:\/\/www.professional-haircare.it\/pl\/wp-json\/wp\/v2\/product_tag?post=2525"}],"curies":[{"name":"wp","href":"https:\/\/api.w.org\/{rel}","templated":true}]}}