{"id":2521,"date":"2021-05-13T12:16:55","date_gmt":"2021-05-13T10:16:55","guid":{"rendered":"https:\/\/www.professional-haircare.it\/products\/bez-kategorii\/c-cinque-vitality-krem-do-wlosow-farbowanych\/"},"modified":"2022-01-31T14:44:52","modified_gmt":"2022-01-31T13:44:52","slug":"c-cinque-vitality-krem-do-wlosow-farbowanych","status":"publish","type":"product","link":"https:\/\/www.professional-haircare.it\/pl\/products\/tecnici-pl\/c-cinque-pl\/c-cinque-vitality-krem-do-wlosow-farbowanych\/","title":{"rendered":"C Cinque | Vitality \u2013 Krem do w\u0142os\u00f3w farbowanych"},"content":{"rendered":"","protected":false},"excerpt":{"rendered":"<p><b>C Cinque Vitality, krem do w\u0142os\u00f3w <\/b><span style=\"font-weight: 400;\">o dzia\u0142aniu regeneruj\u0105cym i od\u017cywiaj\u0105cym.<\/span><\/p>\n<p><span style=\"font-weight: 400;\">Zmi\u0119kcza, rozpl\u0105tuje i roz\u015bwietla w\u0142osy, sprawiaj\u0105c, \u017ce staj\u0105 si\u0119 <\/span><b>jedwabiste, mi\u0119kkie i \u0142atwo si\u0119 rozczesuj\u0105<\/b><span style=\"font-weight: 400;\">.<\/span><\/p>\n<p><span style=\"font-weight: 400;\">Do u\u017cytku profesjonalnego<\/span><\/p>\n<p><span style=\"font-weight: 400;\">Opakowanie o pojemno\u015bci 1000 ml<\/span><\/p>\n","protected":false},"featured_media":4156,"comment_status":"closed","ping_status":"closed","template":"","meta":[],"product_brand":[],"product_cat":[291,289],"product_tag":[],"class_list":{"0":"post-2521","1":"product","2":"type-product","3":"status-publish","4":"has-post-thumbnail","6":"product_cat-c-cinque-pl","7":"product_cat-tecnici-pl","9":"first","10":"instock","11":"shipping-taxable","12":"product-type-simple"},"yoast_head":"<!-- This site is optimized with the Yoast SEO plugin v26.8 - https:\/\/yoast.com\/product\/yoast-seo-wordpress\/ -->\n<title>C Cinque | Vitality \u2013 Krem do w\u0142os\u00f3w farbowanych - Professional Hair Care<\/title>\n<meta name=\"description\" content=\"C Cinque Vitality, krem do w\u0142os\u00f3w o dzia\u0142aniu regeneruj\u0105cym i od\u017cywiaj\u0105cym.\" \/>\n<meta name=\"robots\" content=\"index, follow, max-snippet:-1, max-image-preview:large, max-video-preview:-1\" \/>\n<link rel=\"canonical\" href=\"https:\/\/www.professional-haircare.it\/pl\/products\/tecnici-pl\/c-cinque-pl\/c-cinque-vitality-krem-do-wlosow-farbowanych\/\" \/>\n<meta property=\"og:locale\" content=\"pl_PL\" \/>\n<meta property=\"og:type\" content=\"article\" \/>\n<meta property=\"og:title\" content=\"C Cinque | Vitality \u2013 Krem do w\u0142os\u00f3w farbowanych - Professional Hair Care\" \/>\n<meta property=\"og:description\" content=\"C Cinque Vitality, krem do w\u0142os\u00f3w o dzia\u0142aniu regeneruj\u0105cym i od\u017cywiaj\u0105cym.\" \/>\n<meta property=\"og:url\" content=\"https:\/\/www.professional-haircare.it\/pl\/products\/tecnici-pl\/c-cinque-pl\/c-cinque-vitality-krem-do-wlosow-farbowanych\/\" \/>\n<meta property=\"og:site_name\" content=\"Professional Hair Care\" \/>\n<meta property=\"article:modified_time\" content=\"2022-01-31T13:44:52+00:00\" \/>\n<meta property=\"og:image\" content=\"https:\/\/professional-haircare.it\/wp-content\/uploads\/2020\/08\/12041_professional_c_cinque_salon_vitality_cream_1000ml.png\" \/>\n\t<meta property=\"og:image:width\" content=\"600\" \/>\n\t<meta property=\"og:image:height\" content=\"600\" \/>\n\t<meta property=\"og:image:type\" content=\"image\/png\" \/>\n<meta name=\"twitter:card\" content=\"summary_large_image\" \/>\n<script type=\"application\/ld+json\" class=\"yoast-schema-graph\">{\"@context\":\"https:\/\/schema.org\",\"@graph\":[{\"@type\":\"WebPage\",\"@id\":\"https:\/\/www.professional-haircare.it\/pl\/products\/tecnici-pl\/c-cinque-pl\/c-cinque-vitality-krem-do-wlosow-farbowanych\/\",\"url\":\"https:\/\/www.professional-haircare.it\/pl\/products\/tecnici-pl\/c-cinque-pl\/c-cinque-vitality-krem-do-wlosow-farbowanych\/\",\"name\":\"C Cinque | Vitality \u2013 Krem do w\u0142os\u00f3w farbowanych - Professional Hair Care\",\"isPartOf\":{\"@id\":\"https:\/\/professional-haircare.it\/#website\"},\"primaryImageOfPage\":{\"@id\":\"https:\/\/www.professional-haircare.it\/pl\/products\/tecnici-pl\/c-cinque-pl\/c-cinque-vitality-krem-do-wlosow-farbowanych\/#primaryimage\"},\"image\":{\"@id\":\"https:\/\/www.professional-haircare.it\/pl\/products\/tecnici-pl\/c-cinque-pl\/c-cinque-vitality-krem-do-wlosow-farbowanych\/#primaryimage\"},\"thumbnailUrl\":\"https:\/\/www.professional-haircare.it\/wp-content\/uploads\/2021\/05\/12041_professional_c_cinque_salon_vitality_cream_1000ml.png\",\"datePublished\":\"2021-05-13T10:16:55+00:00\",\"dateModified\":\"2022-01-31T13:44:52+00:00\",\"description\":\"C Cinque Vitality, krem do w\u0142os\u00f3w o dzia\u0142aniu regeneruj\u0105cym i od\u017cywiaj\u0105cym.\",\"breadcrumb\":{\"@id\":\"https:\/\/www.professional-haircare.it\/pl\/products\/tecnici-pl\/c-cinque-pl\/c-cinque-vitality-krem-do-wlosow-farbowanych\/#breadcrumb\"},\"inLanguage\":\"pl-PL\",\"potentialAction\":[{\"@type\":\"ReadAction\",\"target\":[\"https:\/\/www.professional-haircare.it\/pl\/products\/tecnici-pl\/c-cinque-pl\/c-cinque-vitality-krem-do-wlosow-farbowanych\/\"]}]},{\"@type\":\"ImageObject\",\"inLanguage\":\"pl-PL\",\"@id\":\"https:\/\/www.professional-haircare.it\/pl\/products\/tecnici-pl\/c-cinque-pl\/c-cinque-vitality-krem-do-wlosow-farbowanych\/#primaryimage\",\"url\":\"https:\/\/www.professional-haircare.it\/wp-content\/uploads\/2021\/05\/12041_professional_c_cinque_salon_vitality_cream_1000ml.png\",\"contentUrl\":\"https:\/\/www.professional-haircare.it\/wp-content\/uploads\/2021\/05\/12041_professional_c_cinque_salon_vitality_cream_1000ml.png\",\"width\":600,\"height\":600,\"caption\":\"C Cinque | Vitality - Crema per capelli colorati\"},{\"@type\":\"BreadcrumbList\",\"@id\":\"https:\/\/www.professional-haircare.it\/pl\/products\/tecnici-pl\/c-cinque-pl\/c-cinque-vitality-krem-do-wlosow-farbowanych\/#breadcrumb\",\"itemListElement\":[{\"@type\":\"ListItem\",\"position\":1,\"name\":\"Home\",\"item\":\"https:\/\/professional-haircare.it\/pl\/\"},{\"@type\":\"ListItem\",\"position\":2,\"name\":\"Sklep\",\"item\":\"https:\/\/professional-haircare.it\/pl\/sklep\/\"},{\"@type\":\"ListItem\",\"position\":3,\"name\":\"C Cinque | Vitality \u2013 Krem do w\u0142os\u00f3w farbowanych\"}]},{\"@type\":\"WebSite\",\"@id\":\"https:\/\/professional-haircare.it\/#website\",\"url\":\"https:\/\/professional-haircare.it\/\",\"name\":\"Professional Hair Care\",\"description\":\"Hair Quality Solutions\",\"potentialAction\":[{\"@type\":\"SearchAction\",\"target\":{\"@type\":\"EntryPoint\",\"urlTemplate\":\"https:\/\/professional-haircare.it\/?s={search_term_string}\"},\"query-input\":{\"@type\":\"PropertyValueSpecification\",\"valueRequired\":true,\"valueName\":\"search_term_string\"}}],\"inLanguage\":\"pl-PL\"}]}<\/script>\n<!-- \/ Yoast SEO plugin. -->","yoast_head_json":{"title":"C Cinque | Vitality \u2013 Krem do w\u0142os\u00f3w farbowanych - Professional Hair Care","description":"C Cinque Vitality, krem do w\u0142os\u00f3w o dzia\u0142aniu regeneruj\u0105cym i od\u017cywiaj\u0105cym.","robots":{"index":"index","follow":"follow","max-snippet":"max-snippet:-1","max-image-preview":"max-image-preview:large","max-video-preview":"max-video-preview:-1"},"canonical":"https:\/\/www.professional-haircare.it\/pl\/products\/tecnici-pl\/c-cinque-pl\/c-cinque-vitality-krem-do-wlosow-farbowanych\/","og_locale":"pl_PL","og_type":"article","og_title":"C Cinque | Vitality \u2013 Krem do w\u0142os\u00f3w farbowanych - Professional Hair Care","og_description":"C Cinque Vitality, krem do w\u0142os\u00f3w o dzia\u0142aniu regeneruj\u0105cym i od\u017cywiaj\u0105cym.","og_url":"https:\/\/www.professional-haircare.it\/pl\/products\/tecnici-pl\/c-cinque-pl\/c-cinque-vitality-krem-do-wlosow-farbowanych\/","og_site_name":"Professional Hair Care","article_modified_time":"2022-01-31T13:44:52+00:00","og_image":[{"width":600,"height":600,"url":"https:\/\/professional-haircare.it\/wp-content\/uploads\/2020\/08\/12041_professional_c_cinque_salon_vitality_cream_1000ml.png","type":"image\/png"}],"twitter_card":"summary_large_image","schema":{"@context":"https:\/\/schema.org","@graph":[{"@type":"WebPage","@id":"https:\/\/www.professional-haircare.it\/pl\/products\/tecnici-pl\/c-cinque-pl\/c-cinque-vitality-krem-do-wlosow-farbowanych\/","url":"https:\/\/www.professional-haircare.it\/pl\/products\/tecnici-pl\/c-cinque-pl\/c-cinque-vitality-krem-do-wlosow-farbowanych\/","name":"C Cinque | Vitality \u2013 Krem do w\u0142os\u00f3w farbowanych - Professional Hair Care","isPartOf":{"@id":"https:\/\/professional-haircare.it\/#website"},"primaryImageOfPage":{"@id":"https:\/\/www.professional-haircare.it\/pl\/products\/tecnici-pl\/c-cinque-pl\/c-cinque-vitality-krem-do-wlosow-farbowanych\/#primaryimage"},"image":{"@id":"https:\/\/www.professional-haircare.it\/pl\/products\/tecnici-pl\/c-cinque-pl\/c-cinque-vitality-krem-do-wlosow-farbowanych\/#primaryimage"},"thumbnailUrl":"https:\/\/www.professional-haircare.it\/wp-content\/uploads\/2021\/05\/12041_professional_c_cinque_salon_vitality_cream_1000ml.png","datePublished":"2021-05-13T10:16:55+00:00","dateModified":"2022-01-31T13:44:52+00:00","description":"C Cinque Vitality, krem do w\u0142os\u00f3w o dzia\u0142aniu regeneruj\u0105cym i od\u017cywiaj\u0105cym.","breadcrumb":{"@id":"https:\/\/www.professional-haircare.it\/pl\/products\/tecnici-pl\/c-cinque-pl\/c-cinque-vitality-krem-do-wlosow-farbowanych\/#breadcrumb"},"inLanguage":"pl-PL","potentialAction":[{"@type":"ReadAction","target":["https:\/\/www.professional-haircare.it\/pl\/products\/tecnici-pl\/c-cinque-pl\/c-cinque-vitality-krem-do-wlosow-farbowanych\/"]}]},{"@type":"ImageObject","inLanguage":"pl-PL","@id":"https:\/\/www.professional-haircare.it\/pl\/products\/tecnici-pl\/c-cinque-pl\/c-cinque-vitality-krem-do-wlosow-farbowanych\/#primaryimage","url":"https:\/\/www.professional-haircare.it\/wp-content\/uploads\/2021\/05\/12041_professional_c_cinque_salon_vitality_cream_1000ml.png","contentUrl":"https:\/\/www.professional-haircare.it\/wp-content\/uploads\/2021\/05\/12041_professional_c_cinque_salon_vitality_cream_1000ml.png","width":600,"height":600,"caption":"C Cinque | Vitality - Crema per capelli colorati"},{"@type":"BreadcrumbList","@id":"https:\/\/www.professional-haircare.it\/pl\/products\/tecnici-pl\/c-cinque-pl\/c-cinque-vitality-krem-do-wlosow-farbowanych\/#breadcrumb","itemListElement":[{"@type":"ListItem","position":1,"name":"Home","item":"https:\/\/professional-haircare.it\/pl\/"},{"@type":"ListItem","position":2,"name":"Sklep","item":"https:\/\/professional-haircare.it\/pl\/sklep\/"},{"@type":"ListItem","position":3,"name":"C Cinque | Vitality \u2013 Krem do w\u0142os\u00f3w farbowanych"}]},{"@type":"WebSite","@id":"https:\/\/professional-haircare.it\/#website","url":"https:\/\/professional-haircare.it\/","name":"Professional Hair Care","description":"Hair Quality Solutions","potentialAction":[{"@type":"SearchAction","target":{"@type":"EntryPoint","urlTemplate":"https:\/\/professional-haircare.it\/?s={search_term_string}"},"query-input":{"@type":"PropertyValueSpecification","valueRequired":true,"valueName":"search_term_string"}}],"inLanguage":"pl-PL"}]}},"_links":{"self":[{"href":"https:\/\/www.professional-haircare.it\/pl\/wp-json\/wp\/v2\/product\/2521","targetHints":{"allow":["GET"]}}],"collection":[{"href":"https:\/\/www.professional-haircare.it\/pl\/wp-json\/wp\/v2\/product"}],"about":[{"href":"https:\/\/www.professional-haircare.it\/pl\/wp-json\/wp\/v2\/types\/product"}],"replies":[{"embeddable":true,"href":"https:\/\/www.professional-haircare.it\/pl\/wp-json\/wp\/v2\/comments?post=2521"}],"wp:featuredmedia":[{"embeddable":true,"href":"https:\/\/www.professional-haircare.it\/pl\/wp-json\/wp\/v2\/media\/4156"}],"wp:attachment":[{"href":"https:\/\/www.professional-haircare.it\/pl\/wp-json\/wp\/v2\/media?parent=2521"}],"wp:term":[{"taxonomy":"product_brand","embeddable":true,"href":"https:\/\/www.professional-haircare.it\/pl\/wp-json\/wp\/v2\/product_brand?post=2521"},{"taxonomy":"product_cat","embeddable":true,"href":"https:\/\/www.professional-haircare.it\/pl\/wp-json\/wp\/v2\/product_cat?post=2521"},{"taxonomy":"product_tag","embeddable":true,"href":"https:\/\/www.professional-haircare.it\/pl\/wp-json\/wp\/v2\/product_tag?post=2521"}],"curies":[{"name":"wp","href":"https:\/\/api.w.org\/{rel}","templated":true}]}}