{"id":2519,"date":"2015-06-29T17:45:22","date_gmt":"2015-06-29T15:45:22","guid":{"rendered":"https:\/\/www.professional-haircare.it\/products\/bez-kategorii\/model-action-lakier-w-sprayu-elastic-fix-2\/"},"modified":"2022-01-28T17:08:24","modified_gmt":"2022-01-28T16:08:24","slug":"model-action-lakier-w-sprayu-elastic-fix-2","status":"publish","type":"product","link":"https:\/\/www.professional-haircare.it\/pl\/products\/finishing-pl\/spray-pl\/model-action-lakier-w-sprayu-elastic-fix-2\/","title":{"rendered":"X Mode | Lakier w sprayu Elastic Fix"},"content":{"rendered":"","protected":false},"excerpt":{"rendered":"<p><b>Lakier w sprayu Elastic Fix utrwala stylizacj\u0119<\/b><span style=\"font-weight: 400;\">, nadaj\u0105c fryzurze obj\u0119to\u015b\u0107 i wytrzyma\u0142o\u015b\u0107. Zapewnia wysok\u0105<\/span><b> ochron\u0119 przed wilgoci\u0105<\/b><span style=\"font-weight: 400;\">, tworz\u0105c niewidzialn\u0105 pow\u0142ok\u0119, kt\u00f3ra chroni w\u0142osy, sprawiaj\u0105c, \u017ce s\u0105<\/span><b> mi\u0119kkie i l\u015bni\u0105ce<\/b><span style=\"font-weight: 400;\">.\u00a0<\/span><\/p>\n<p><span style=\"font-weight: 400;\">Do u\u017cytku profesjonalnego<\/span><\/p>\n<p><span style=\"font-weight: 400;\">Butelka o pojemno\u015bci 500 ml<\/span><\/p>\n","protected":false},"featured_media":4979,"comment_status":"closed","ping_status":"closed","template":"","meta":[],"product_brand":[],"product_cat":[284,287],"product_tag":[],"class_list":{"0":"post-2519","1":"product","2":"type-product","3":"status-publish","4":"has-post-thumbnail","6":"product_cat-finishing-pl","7":"product_cat-spray-pl","9":"first","10":"instock","11":"shipping-taxable","12":"product-type-simple"},"yoast_head":"<!-- This site is optimized with the Yoast SEO plugin v26.8 - https:\/\/yoast.com\/product\/yoast-seo-wordpress\/ -->\n<title>X Mode | Lakier w sprayu Elastic Fix<\/title>\n<meta name=\"description\" content=\"Lakier w sprayu Elastic Fix utrwala stylizacj\u0119, nadaj\u0105c fryzurze obj\u0119to\u015b\u0107 i wytrzyma\u0142o\u015b\u0107.\" \/>\n<meta name=\"robots\" content=\"index, follow, max-snippet:-1, max-image-preview:large, max-video-preview:-1\" \/>\n<link rel=\"canonical\" href=\"https:\/\/www.professional-haircare.it\/pl\/products\/finishing-pl\/spray-pl\/model-action-lakier-w-sprayu-elastic-fix-2\/\" \/>\n<meta property=\"og:locale\" content=\"pl_PL\" \/>\n<meta property=\"og:type\" content=\"article\" \/>\n<meta property=\"og:title\" content=\"X Mode | Lakier w sprayu Elastic Fix\" \/>\n<meta property=\"og:description\" content=\"Lakier w sprayu Elastic Fix utrwala stylizacj\u0119, nadaj\u0105c fryzurze obj\u0119to\u015b\u0107 i wytrzyma\u0142o\u015b\u0107.\" \/>\n<meta property=\"og:url\" content=\"https:\/\/www.professional-haircare.it\/pl\/products\/finishing-pl\/spray-pl\/model-action-lakier-w-sprayu-elastic-fix-2\/\" \/>\n<meta property=\"og:site_name\" content=\"Professional Hair Care\" \/>\n<meta property=\"article:modified_time\" content=\"2022-01-28T16:08:24+00:00\" \/>\n<meta property=\"og:image\" content=\"https:\/\/professional-haircare.it\/wp-content\/uploads\/2015\/06\/13021_professional_xmode_hairspray_strong_hold_500ml.png\" \/>\n\t<meta property=\"og:image:width\" content=\"600\" \/>\n\t<meta property=\"og:image:height\" content=\"600\" \/>\n\t<meta property=\"og:image:type\" content=\"image\/png\" \/>\n<meta name=\"twitter:card\" content=\"summary_large_image\" \/>\n<script type=\"application\/ld+json\" class=\"yoast-schema-graph\">{\"@context\":\"https:\/\/schema.org\",\"@graph\":[{\"@type\":\"WebPage\",\"@id\":\"https:\/\/www.professional-haircare.it\/pl\/products\/finishing-pl\/spray-pl\/model-action-lakier-w-sprayu-elastic-fix-2\/\",\"url\":\"https:\/\/www.professional-haircare.it\/pl\/products\/finishing-pl\/spray-pl\/model-action-lakier-w-sprayu-elastic-fix-2\/\",\"name\":\"X Mode | Lakier w sprayu Elastic Fix\",\"isPartOf\":{\"@id\":\"https:\/\/professional-haircare.it\/#website\"},\"primaryImageOfPage\":{\"@id\":\"https:\/\/www.professional-haircare.it\/pl\/products\/finishing-pl\/spray-pl\/model-action-lakier-w-sprayu-elastic-fix-2\/#primaryimage\"},\"image\":{\"@id\":\"https:\/\/www.professional-haircare.it\/pl\/products\/finishing-pl\/spray-pl\/model-action-lakier-w-sprayu-elastic-fix-2\/#primaryimage\"},\"thumbnailUrl\":\"https:\/\/www.professional-haircare.it\/wp-content\/uploads\/2015\/06\/13021_professional_xmode_hairspray_strong_hold_500ml-2.png\",\"datePublished\":\"2015-06-29T15:45:22+00:00\",\"dateModified\":\"2022-01-28T16:08:24+00:00\",\"description\":\"Lakier w sprayu Elastic Fix utrwala stylizacj\u0119, nadaj\u0105c fryzurze obj\u0119to\u015b\u0107 i wytrzyma\u0142o\u015b\u0107.\",\"breadcrumb\":{\"@id\":\"https:\/\/www.professional-haircare.it\/pl\/products\/finishing-pl\/spray-pl\/model-action-lakier-w-sprayu-elastic-fix-2\/#breadcrumb\"},\"inLanguage\":\"pl-PL\",\"potentialAction\":[{\"@type\":\"ReadAction\",\"target\":[\"https:\/\/www.professional-haircare.it\/pl\/products\/finishing-pl\/spray-pl\/model-action-lakier-w-sprayu-elastic-fix-2\/\"]}]},{\"@type\":\"ImageObject\",\"inLanguage\":\"pl-PL\",\"@id\":\"https:\/\/www.professional-haircare.it\/pl\/products\/finishing-pl\/spray-pl\/model-action-lakier-w-sprayu-elastic-fix-2\/#primaryimage\",\"url\":\"https:\/\/www.professional-haircare.it\/wp-content\/uploads\/2015\/06\/13021_professional_xmode_hairspray_strong_hold_500ml-2.png\",\"contentUrl\":\"https:\/\/www.professional-haircare.it\/wp-content\/uploads\/2015\/06\/13021_professional_xmode_hairspray_strong_hold_500ml-2.png\",\"width\":600,\"height\":600},{\"@type\":\"BreadcrumbList\",\"@id\":\"https:\/\/www.professional-haircare.it\/pl\/products\/finishing-pl\/spray-pl\/model-action-lakier-w-sprayu-elastic-fix-2\/#breadcrumb\",\"itemListElement\":[{\"@type\":\"ListItem\",\"position\":1,\"name\":\"Home\",\"item\":\"https:\/\/professional-haircare.it\/pl\/\"},{\"@type\":\"ListItem\",\"position\":2,\"name\":\"Sklep\",\"item\":\"https:\/\/professional-haircare.it\/pl\/sklep\/\"},{\"@type\":\"ListItem\",\"position\":3,\"name\":\"X Mode | Lakier w sprayu Elastic Fix\"}]},{\"@type\":\"WebSite\",\"@id\":\"https:\/\/professional-haircare.it\/#website\",\"url\":\"https:\/\/professional-haircare.it\/\",\"name\":\"Professional Hair Care\",\"description\":\"Hair Quality Solutions\",\"potentialAction\":[{\"@type\":\"SearchAction\",\"target\":{\"@type\":\"EntryPoint\",\"urlTemplate\":\"https:\/\/professional-haircare.it\/?s={search_term_string}\"},\"query-input\":{\"@type\":\"PropertyValueSpecification\",\"valueRequired\":true,\"valueName\":\"search_term_string\"}}],\"inLanguage\":\"pl-PL\"}]}<\/script>\n<!-- \/ Yoast SEO plugin. -->","yoast_head_json":{"title":"X Mode | Lakier w sprayu Elastic Fix","description":"Lakier w sprayu Elastic Fix utrwala stylizacj\u0119, nadaj\u0105c fryzurze obj\u0119to\u015b\u0107 i wytrzyma\u0142o\u015b\u0107.","robots":{"index":"index","follow":"follow","max-snippet":"max-snippet:-1","max-image-preview":"max-image-preview:large","max-video-preview":"max-video-preview:-1"},"canonical":"https:\/\/www.professional-haircare.it\/pl\/products\/finishing-pl\/spray-pl\/model-action-lakier-w-sprayu-elastic-fix-2\/","og_locale":"pl_PL","og_type":"article","og_title":"X Mode | Lakier w sprayu Elastic Fix","og_description":"Lakier w sprayu Elastic Fix utrwala stylizacj\u0119, nadaj\u0105c fryzurze obj\u0119to\u015b\u0107 i wytrzyma\u0142o\u015b\u0107.","og_url":"https:\/\/www.professional-haircare.it\/pl\/products\/finishing-pl\/spray-pl\/model-action-lakier-w-sprayu-elastic-fix-2\/","og_site_name":"Professional Hair Care","article_modified_time":"2022-01-28T16:08:24+00:00","og_image":[{"width":600,"height":600,"url":"https:\/\/professional-haircare.it\/wp-content\/uploads\/2015\/06\/13021_professional_xmode_hairspray_strong_hold_500ml.png","type":"image\/png"}],"twitter_card":"summary_large_image","schema":{"@context":"https:\/\/schema.org","@graph":[{"@type":"WebPage","@id":"https:\/\/www.professional-haircare.it\/pl\/products\/finishing-pl\/spray-pl\/model-action-lakier-w-sprayu-elastic-fix-2\/","url":"https:\/\/www.professional-haircare.it\/pl\/products\/finishing-pl\/spray-pl\/model-action-lakier-w-sprayu-elastic-fix-2\/","name":"X Mode | Lakier w sprayu Elastic Fix","isPartOf":{"@id":"https:\/\/professional-haircare.it\/#website"},"primaryImageOfPage":{"@id":"https:\/\/www.professional-haircare.it\/pl\/products\/finishing-pl\/spray-pl\/model-action-lakier-w-sprayu-elastic-fix-2\/#primaryimage"},"image":{"@id":"https:\/\/www.professional-haircare.it\/pl\/products\/finishing-pl\/spray-pl\/model-action-lakier-w-sprayu-elastic-fix-2\/#primaryimage"},"thumbnailUrl":"https:\/\/www.professional-haircare.it\/wp-content\/uploads\/2015\/06\/13021_professional_xmode_hairspray_strong_hold_500ml-2.png","datePublished":"2015-06-29T15:45:22+00:00","dateModified":"2022-01-28T16:08:24+00:00","description":"Lakier w sprayu Elastic Fix utrwala stylizacj\u0119, nadaj\u0105c fryzurze obj\u0119to\u015b\u0107 i wytrzyma\u0142o\u015b\u0107.","breadcrumb":{"@id":"https:\/\/www.professional-haircare.it\/pl\/products\/finishing-pl\/spray-pl\/model-action-lakier-w-sprayu-elastic-fix-2\/#breadcrumb"},"inLanguage":"pl-PL","potentialAction":[{"@type":"ReadAction","target":["https:\/\/www.professional-haircare.it\/pl\/products\/finishing-pl\/spray-pl\/model-action-lakier-w-sprayu-elastic-fix-2\/"]}]},{"@type":"ImageObject","inLanguage":"pl-PL","@id":"https:\/\/www.professional-haircare.it\/pl\/products\/finishing-pl\/spray-pl\/model-action-lakier-w-sprayu-elastic-fix-2\/#primaryimage","url":"https:\/\/www.professional-haircare.it\/wp-content\/uploads\/2015\/06\/13021_professional_xmode_hairspray_strong_hold_500ml-2.png","contentUrl":"https:\/\/www.professional-haircare.it\/wp-content\/uploads\/2015\/06\/13021_professional_xmode_hairspray_strong_hold_500ml-2.png","width":600,"height":600},{"@type":"BreadcrumbList","@id":"https:\/\/www.professional-haircare.it\/pl\/products\/finishing-pl\/spray-pl\/model-action-lakier-w-sprayu-elastic-fix-2\/#breadcrumb","itemListElement":[{"@type":"ListItem","position":1,"name":"Home","item":"https:\/\/professional-haircare.it\/pl\/"},{"@type":"ListItem","position":2,"name":"Sklep","item":"https:\/\/professional-haircare.it\/pl\/sklep\/"},{"@type":"ListItem","position":3,"name":"X Mode | Lakier w sprayu Elastic Fix"}]},{"@type":"WebSite","@id":"https:\/\/professional-haircare.it\/#website","url":"https:\/\/professional-haircare.it\/","name":"Professional Hair Care","description":"Hair Quality Solutions","potentialAction":[{"@type":"SearchAction","target":{"@type":"EntryPoint","urlTemplate":"https:\/\/professional-haircare.it\/?s={search_term_string}"},"query-input":{"@type":"PropertyValueSpecification","valueRequired":true,"valueName":"search_term_string"}}],"inLanguage":"pl-PL"}]}},"_links":{"self":[{"href":"https:\/\/www.professional-haircare.it\/pl\/wp-json\/wp\/v2\/product\/2519","targetHints":{"allow":["GET"]}}],"collection":[{"href":"https:\/\/www.professional-haircare.it\/pl\/wp-json\/wp\/v2\/product"}],"about":[{"href":"https:\/\/www.professional-haircare.it\/pl\/wp-json\/wp\/v2\/types\/product"}],"replies":[{"embeddable":true,"href":"https:\/\/www.professional-haircare.it\/pl\/wp-json\/wp\/v2\/comments?post=2519"}],"wp:featuredmedia":[{"embeddable":true,"href":"https:\/\/www.professional-haircare.it\/pl\/wp-json\/wp\/v2\/media\/4979"}],"wp:attachment":[{"href":"https:\/\/www.professional-haircare.it\/pl\/wp-json\/wp\/v2\/media?parent=2519"}],"wp:term":[{"taxonomy":"product_brand","embeddable":true,"href":"https:\/\/www.professional-haircare.it\/pl\/wp-json\/wp\/v2\/product_brand?post=2519"},{"taxonomy":"product_cat","embeddable":true,"href":"https:\/\/www.professional-haircare.it\/pl\/wp-json\/wp\/v2\/product_cat?post=2519"},{"taxonomy":"product_tag","embeddable":true,"href":"https:\/\/www.professional-haircare.it\/pl\/wp-json\/wp\/v2\/product_tag?post=2519"}],"curies":[{"name":"wp","href":"https:\/\/api.w.org\/{rel}","templated":true}]}}