{"id":2517,"date":"2015-06-30T08:54:54","date_gmt":"2015-06-30T06:54:54","guid":{"rendered":"https:\/\/www.professional-haircare.it\/products\/bez-kategorii\/x-mode-ekologiczny-lakier-nadajacy-objetosc\/"},"modified":"2025-12-01T11:25:11","modified_gmt":"2025-12-01T10:25:11","slug":"x-mode-ekologiczny-lakier-nadajacy-objetosc","status":"publish","type":"product","link":"https:\/\/www.professional-haircare.it\/pl\/products\/finishing-pl\/spray-pl\/x-mode-ekologiczny-lakier-nadajacy-objetosc\/","title":{"rendered":"X Mode &#8211; Eco Blast | Ekologiczny lakier nadaj\u0105cy obj\u0119to\u015b\u0107"},"content":{"rendered":"","protected":false},"excerpt":{"rendered":"<p><span style=\"font-weight: 400;\">Ekologiczny lakier do w\u0142os\u00f3w nadaj\u0105cy obj\u0119to\u015b\u0107 X Mode zapewnia <\/span><b>naturalne utrwalenie i u\u0142atwia stylizacj\u0119 prostych lub falowanych w\u0142os\u00f3w<\/b><span style=\"font-weight: 400;\">. Nie pozostawia \u015blad\u00f3w i nie zawiera gazu.\u00a0<\/span><\/p>\n<p><span style=\"font-weight: 400;\">Do u\u017cytku profesjonalnego\u00a0<\/span><\/p>\n<p><span style=\"font-weight: 400;\">Butelka o pojemno\u015bci 400 ml<\/span><\/p>\n","protected":false},"featured_media":7048,"comment_status":"closed","ping_status":"closed","template":"","meta":[],"product_brand":[],"product_cat":[284,287],"product_tag":[],"class_list":{"0":"post-2517","1":"product","2":"type-product","3":"status-publish","4":"has-post-thumbnail","6":"product_cat-finishing-pl","7":"product_cat-spray-pl","9":"first","10":"instock","11":"shipping-taxable","12":"product-type-simple"},"yoast_head":"<!-- This site is optimized with the Yoast SEO plugin v26.8 - https:\/\/yoast.com\/product\/yoast-seo-wordpress\/ -->\n<title>X Mode | Ekologiczny lakier nadaj\u0105cy obj\u0119to\u015b\u0107<\/title>\n<meta name=\"description\" content=\"Ekologiczny lakier do w\u0142os\u00f3w nadaj\u0105cy obj\u0119to\u015b\u0107 X Mode zapewnia naturalne utrwalenie i u\u0142atwia stylizacj\u0119 prostych lub falowanych w\u0142os\u00f3w.\" \/>\n<meta name=\"robots\" content=\"index, follow, max-snippet:-1, max-image-preview:large, max-video-preview:-1\" \/>\n<link rel=\"canonical\" href=\"https:\/\/www.professional-haircare.it\/pl\/products\/finishing-pl\/spray-pl\/x-mode-ekologiczny-lakier-nadajacy-objetosc\/\" \/>\n<meta property=\"og:locale\" content=\"pl_PL\" \/>\n<meta property=\"og:type\" content=\"article\" \/>\n<meta property=\"og:title\" content=\"X Mode | Ekologiczny lakier nadaj\u0105cy obj\u0119to\u015b\u0107\" \/>\n<meta property=\"og:description\" content=\"Ekologiczny lakier do w\u0142os\u00f3w nadaj\u0105cy obj\u0119to\u015b\u0107 X Mode zapewnia naturalne utrwalenie i u\u0142atwia stylizacj\u0119 prostych lub falowanych w\u0142os\u00f3w.\" \/>\n<meta property=\"og:url\" content=\"https:\/\/www.professional-haircare.it\/pl\/products\/finishing-pl\/spray-pl\/x-mode-ekologiczny-lakier-nadajacy-objetosc\/\" \/>\n<meta property=\"og:site_name\" content=\"Professional Hair Care\" \/>\n<meta property=\"article:modified_time\" content=\"2025-12-01T10:25:11+00:00\" \/>\n<meta property=\"og:image\" content=\"https:\/\/professional-haircare.it\/wp-content\/uploads\/2015\/06\/13020_professional_xmode_ecological_hair_spray_400ml-copia.png\" \/>\n\t<meta property=\"og:image:width\" content=\"600\" \/>\n\t<meta property=\"og:image:height\" content=\"600\" \/>\n\t<meta property=\"og:image:type\" content=\"image\/png\" \/>\n<meta name=\"twitter:card\" content=\"summary_large_image\" \/>\n<meta name=\"twitter:label1\" content=\"Szacowany czas czytania\" \/>\n\t<meta name=\"twitter:data1\" content=\"1 minuta\" \/>\n<script type=\"application\/ld+json\" class=\"yoast-schema-graph\">{\"@context\":\"https:\/\/schema.org\",\"@graph\":[{\"@type\":\"WebPage\",\"@id\":\"https:\/\/www.professional-haircare.it\/pl\/products\/finishing-pl\/spray-pl\/x-mode-ekologiczny-lakier-nadajacy-objetosc\/\",\"url\":\"https:\/\/www.professional-haircare.it\/pl\/products\/finishing-pl\/spray-pl\/x-mode-ekologiczny-lakier-nadajacy-objetosc\/\",\"name\":\"X Mode | Ekologiczny lakier nadaj\u0105cy obj\u0119to\u015b\u0107\",\"isPartOf\":{\"@id\":\"https:\/\/professional-haircare.it\/#website\"},\"primaryImageOfPage\":{\"@id\":\"https:\/\/www.professional-haircare.it\/pl\/products\/finishing-pl\/spray-pl\/x-mode-ekologiczny-lakier-nadajacy-objetosc\/#primaryimage\"},\"image\":{\"@id\":\"https:\/\/www.professional-haircare.it\/pl\/products\/finishing-pl\/spray-pl\/x-mode-ekologiczny-lakier-nadajacy-objetosc\/#primaryimage\"},\"thumbnailUrl\":\"https:\/\/www.professional-haircare.it\/wp-content\/uploads\/2015\/06\/13020_professional_xmode_ecological_hair_spray_400ml-copia.png\",\"datePublished\":\"2015-06-30T06:54:54+00:00\",\"dateModified\":\"2025-12-01T10:25:11+00:00\",\"description\":\"Ekologiczny lakier do w\u0142os\u00f3w nadaj\u0105cy obj\u0119to\u015b\u0107 X Mode zapewnia naturalne utrwalenie i u\u0142atwia stylizacj\u0119 prostych lub falowanych w\u0142os\u00f3w.\",\"breadcrumb\":{\"@id\":\"https:\/\/www.professional-haircare.it\/pl\/products\/finishing-pl\/spray-pl\/x-mode-ekologiczny-lakier-nadajacy-objetosc\/#breadcrumb\"},\"inLanguage\":\"pl-PL\",\"potentialAction\":[{\"@type\":\"ReadAction\",\"target\":[\"https:\/\/www.professional-haircare.it\/pl\/products\/finishing-pl\/spray-pl\/x-mode-ekologiczny-lakier-nadajacy-objetosc\/\"]}]},{\"@type\":\"ImageObject\",\"inLanguage\":\"pl-PL\",\"@id\":\"https:\/\/www.professional-haircare.it\/pl\/products\/finishing-pl\/spray-pl\/x-mode-ekologiczny-lakier-nadajacy-objetosc\/#primaryimage\",\"url\":\"https:\/\/www.professional-haircare.it\/wp-content\/uploads\/2015\/06\/13020_professional_xmode_ecological_hair_spray_400ml-copia.png\",\"contentUrl\":\"https:\/\/www.professional-haircare.it\/wp-content\/uploads\/2015\/06\/13020_professional_xmode_ecological_hair_spray_400ml-copia.png\",\"width\":600,\"height\":600},{\"@type\":\"BreadcrumbList\",\"@id\":\"https:\/\/www.professional-haircare.it\/pl\/products\/finishing-pl\/spray-pl\/x-mode-ekologiczny-lakier-nadajacy-objetosc\/#breadcrumb\",\"itemListElement\":[{\"@type\":\"ListItem\",\"position\":1,\"name\":\"Home\",\"item\":\"https:\/\/professional-haircare.it\/pl\/\"},{\"@type\":\"ListItem\",\"position\":2,\"name\":\"Sklep\",\"item\":\"https:\/\/professional-haircare.it\/pl\/sklep\/\"},{\"@type\":\"ListItem\",\"position\":3,\"name\":\"X Mode &#8211; Eco Blast | Ekologiczny lakier nadaj\u0105cy obj\u0119to\u015b\u0107\"}]},{\"@type\":\"WebSite\",\"@id\":\"https:\/\/professional-haircare.it\/#website\",\"url\":\"https:\/\/professional-haircare.it\/\",\"name\":\"Professional Hair Care\",\"description\":\"Hair Quality Solutions\",\"potentialAction\":[{\"@type\":\"SearchAction\",\"target\":{\"@type\":\"EntryPoint\",\"urlTemplate\":\"https:\/\/professional-haircare.it\/?s={search_term_string}\"},\"query-input\":{\"@type\":\"PropertyValueSpecification\",\"valueRequired\":true,\"valueName\":\"search_term_string\"}}],\"inLanguage\":\"pl-PL\"}]}<\/script>\n<!-- \/ Yoast SEO plugin. -->","yoast_head_json":{"title":"X Mode | Ekologiczny lakier nadaj\u0105cy obj\u0119to\u015b\u0107","description":"Ekologiczny lakier do w\u0142os\u00f3w nadaj\u0105cy obj\u0119to\u015b\u0107 X Mode zapewnia naturalne utrwalenie i u\u0142atwia stylizacj\u0119 prostych lub falowanych w\u0142os\u00f3w.","robots":{"index":"index","follow":"follow","max-snippet":"max-snippet:-1","max-image-preview":"max-image-preview:large","max-video-preview":"max-video-preview:-1"},"canonical":"https:\/\/www.professional-haircare.it\/pl\/products\/finishing-pl\/spray-pl\/x-mode-ekologiczny-lakier-nadajacy-objetosc\/","og_locale":"pl_PL","og_type":"article","og_title":"X Mode | Ekologiczny lakier nadaj\u0105cy obj\u0119to\u015b\u0107","og_description":"Ekologiczny lakier do w\u0142os\u00f3w nadaj\u0105cy obj\u0119to\u015b\u0107 X Mode zapewnia naturalne utrwalenie i u\u0142atwia stylizacj\u0119 prostych lub falowanych w\u0142os\u00f3w.","og_url":"https:\/\/www.professional-haircare.it\/pl\/products\/finishing-pl\/spray-pl\/x-mode-ekologiczny-lakier-nadajacy-objetosc\/","og_site_name":"Professional Hair Care","article_modified_time":"2025-12-01T10:25:11+00:00","og_image":[{"width":600,"height":600,"url":"https:\/\/professional-haircare.it\/wp-content\/uploads\/2015\/06\/13020_professional_xmode_ecological_hair_spray_400ml-copia.png","type":"image\/png"}],"twitter_card":"summary_large_image","twitter_misc":{"Szacowany czas czytania":"1 minuta"},"schema":{"@context":"https:\/\/schema.org","@graph":[{"@type":"WebPage","@id":"https:\/\/www.professional-haircare.it\/pl\/products\/finishing-pl\/spray-pl\/x-mode-ekologiczny-lakier-nadajacy-objetosc\/","url":"https:\/\/www.professional-haircare.it\/pl\/products\/finishing-pl\/spray-pl\/x-mode-ekologiczny-lakier-nadajacy-objetosc\/","name":"X Mode | Ekologiczny lakier nadaj\u0105cy obj\u0119to\u015b\u0107","isPartOf":{"@id":"https:\/\/professional-haircare.it\/#website"},"primaryImageOfPage":{"@id":"https:\/\/www.professional-haircare.it\/pl\/products\/finishing-pl\/spray-pl\/x-mode-ekologiczny-lakier-nadajacy-objetosc\/#primaryimage"},"image":{"@id":"https:\/\/www.professional-haircare.it\/pl\/products\/finishing-pl\/spray-pl\/x-mode-ekologiczny-lakier-nadajacy-objetosc\/#primaryimage"},"thumbnailUrl":"https:\/\/www.professional-haircare.it\/wp-content\/uploads\/2015\/06\/13020_professional_xmode_ecological_hair_spray_400ml-copia.png","datePublished":"2015-06-30T06:54:54+00:00","dateModified":"2025-12-01T10:25:11+00:00","description":"Ekologiczny lakier do w\u0142os\u00f3w nadaj\u0105cy obj\u0119to\u015b\u0107 X Mode zapewnia naturalne utrwalenie i u\u0142atwia stylizacj\u0119 prostych lub falowanych w\u0142os\u00f3w.","breadcrumb":{"@id":"https:\/\/www.professional-haircare.it\/pl\/products\/finishing-pl\/spray-pl\/x-mode-ekologiczny-lakier-nadajacy-objetosc\/#breadcrumb"},"inLanguage":"pl-PL","potentialAction":[{"@type":"ReadAction","target":["https:\/\/www.professional-haircare.it\/pl\/products\/finishing-pl\/spray-pl\/x-mode-ekologiczny-lakier-nadajacy-objetosc\/"]}]},{"@type":"ImageObject","inLanguage":"pl-PL","@id":"https:\/\/www.professional-haircare.it\/pl\/products\/finishing-pl\/spray-pl\/x-mode-ekologiczny-lakier-nadajacy-objetosc\/#primaryimage","url":"https:\/\/www.professional-haircare.it\/wp-content\/uploads\/2015\/06\/13020_professional_xmode_ecological_hair_spray_400ml-copia.png","contentUrl":"https:\/\/www.professional-haircare.it\/wp-content\/uploads\/2015\/06\/13020_professional_xmode_ecological_hair_spray_400ml-copia.png","width":600,"height":600},{"@type":"BreadcrumbList","@id":"https:\/\/www.professional-haircare.it\/pl\/products\/finishing-pl\/spray-pl\/x-mode-ekologiczny-lakier-nadajacy-objetosc\/#breadcrumb","itemListElement":[{"@type":"ListItem","position":1,"name":"Home","item":"https:\/\/professional-haircare.it\/pl\/"},{"@type":"ListItem","position":2,"name":"Sklep","item":"https:\/\/professional-haircare.it\/pl\/sklep\/"},{"@type":"ListItem","position":3,"name":"X Mode &#8211; Eco Blast | Ekologiczny lakier nadaj\u0105cy obj\u0119to\u015b\u0107"}]},{"@type":"WebSite","@id":"https:\/\/professional-haircare.it\/#website","url":"https:\/\/professional-haircare.it\/","name":"Professional Hair Care","description":"Hair Quality Solutions","potentialAction":[{"@type":"SearchAction","target":{"@type":"EntryPoint","urlTemplate":"https:\/\/professional-haircare.it\/?s={search_term_string}"},"query-input":{"@type":"PropertyValueSpecification","valueRequired":true,"valueName":"search_term_string"}}],"inLanguage":"pl-PL"}]}},"_links":{"self":[{"href":"https:\/\/www.professional-haircare.it\/pl\/wp-json\/wp\/v2\/product\/2517","targetHints":{"allow":["GET"]}}],"collection":[{"href":"https:\/\/www.professional-haircare.it\/pl\/wp-json\/wp\/v2\/product"}],"about":[{"href":"https:\/\/www.professional-haircare.it\/pl\/wp-json\/wp\/v2\/types\/product"}],"replies":[{"embeddable":true,"href":"https:\/\/www.professional-haircare.it\/pl\/wp-json\/wp\/v2\/comments?post=2517"}],"wp:featuredmedia":[{"embeddable":true,"href":"https:\/\/www.professional-haircare.it\/pl\/wp-json\/wp\/v2\/media\/7048"}],"wp:attachment":[{"href":"https:\/\/www.professional-haircare.it\/pl\/wp-json\/wp\/v2\/media?parent=2517"}],"wp:term":[{"taxonomy":"product_brand","embeddable":true,"href":"https:\/\/www.professional-haircare.it\/pl\/wp-json\/wp\/v2\/product_brand?post=2517"},{"taxonomy":"product_cat","embeddable":true,"href":"https:\/\/www.professional-haircare.it\/pl\/wp-json\/wp\/v2\/product_cat?post=2517"},{"taxonomy":"product_tag","embeddable":true,"href":"https:\/\/www.professional-haircare.it\/pl\/wp-json\/wp\/v2\/product_tag?post=2517"}],"curies":[{"name":"wp","href":"https:\/\/api.w.org\/{rel}","templated":true}]}}