{"id":2516,"date":"2015-06-30T08:59:55","date_gmt":"2015-06-30T06:59:55","guid":{"rendered":"https:\/\/www.professional-haircare.it\/products\/bez-kategorii\/x-mode-lakier-kierunkowy-do-wlosow\/"},"modified":"2022-01-28T16:53:53","modified_gmt":"2022-01-28T15:53:53","slug":"x-mode-lakier-kierunkowy-do-wlosow","status":"publish","type":"product","link":"https:\/\/www.professional-haircare.it\/pl\/products\/finishing-pl\/spray-pl\/x-mode-lakier-kierunkowy-do-wlosow\/","title":{"rendered":"X Mode | Lakier kierunkowy do w\u0142os\u00f3w"},"content":{"rendered":"","protected":false},"excerpt":{"rendered":"<p><span style=\"font-weight: 400;\">Lakier kierunkowy X Mode zapewnia <\/span><b>intensywne dzia\u0142anie utrwalaj\u0105ce<\/b><span style=\"font-weight: 400;\">, mocny chwyt i <\/span><b>sta\u0142\u0105 ochron\u0119 przed wilgoci\u0105<\/b><span style=\"font-weight: 400;\">. Jest szybkoschn\u0105cy i nie pozostawia \u015blad\u00f3w. Produkt mo\u017cna z \u0142atwo\u015bci\u0105 usun\u0105\u0107 szczotk\u0105. Nie zawiera gazu.<\/span><\/p>\n<p><span style=\"font-weight: 400;\">Do u\u017cytku profesjonalnego<\/span><\/p>\n<p><span style=\"font-weight: 400;\">Butelka o pojemno\u015bci 400 ml<\/span><\/p>\n<p><span style=\"font-weight: 400;\">Szczeg\u00f3\u0142y produktu.<\/span><\/p>\n","protected":false},"featured_media":4184,"comment_status":"closed","ping_status":"closed","template":"","meta":[],"product_brand":[],"product_cat":[284,287],"product_tag":[],"class_list":{"0":"post-2516","1":"product","2":"type-product","3":"status-publish","4":"has-post-thumbnail","6":"product_cat-finishing-pl","7":"product_cat-spray-pl","9":"first","10":"instock","11":"shipping-taxable","12":"product-type-simple"},"yoast_head":"<!-- This site is optimized with the Yoast SEO plugin v26.8 - https:\/\/yoast.com\/product\/yoast-seo-wordpress\/ -->\n<title>X Mode | Lakier kierunkowy do w\u0142os\u00f3w<\/title>\n<meta name=\"description\" content=\"Lakier kierunkowy X Mode zapewnia intensywne dzia\u0142anie utrwalaj\u0105ce, mocny chwyt i sta\u0142\u0105 ochron\u0119 przed wilgoci\u0105.\" \/>\n<meta name=\"robots\" content=\"index, follow, max-snippet:-1, max-image-preview:large, max-video-preview:-1\" \/>\n<link rel=\"canonical\" href=\"https:\/\/www.professional-haircare.it\/pl\/products\/finishing-pl\/spray-pl\/x-mode-lakier-kierunkowy-do-wlosow\/\" \/>\n<meta property=\"og:locale\" content=\"pl_PL\" \/>\n<meta property=\"og:type\" content=\"article\" \/>\n<meta property=\"og:title\" content=\"X Mode | Lakier kierunkowy do w\u0142os\u00f3w\" \/>\n<meta property=\"og:description\" content=\"Lakier kierunkowy X Mode zapewnia intensywne dzia\u0142anie utrwalaj\u0105ce, mocny chwyt i sta\u0142\u0105 ochron\u0119 przed wilgoci\u0105.\" \/>\n<meta property=\"og:url\" content=\"https:\/\/www.professional-haircare.it\/pl\/products\/finishing-pl\/spray-pl\/x-mode-lakier-kierunkowy-do-wlosow\/\" \/>\n<meta property=\"og:site_name\" content=\"Professional Hair Care\" \/>\n<meta property=\"article:modified_time\" content=\"2022-01-28T15:53:53+00:00\" \/>\n<meta property=\"og:image\" content=\"https:\/\/professional-haircare.it\/wp-content\/uploads\/2015\/06\/professional_xmode_lacca_direzionale_400_ml.png\" \/>\n\t<meta property=\"og:image:width\" content=\"500\" \/>\n\t<meta property=\"og:image:height\" content=\"500\" \/>\n\t<meta property=\"og:image:type\" content=\"image\/png\" \/>\n<meta name=\"twitter:card\" content=\"summary_large_image\" \/>\n<script type=\"application\/ld+json\" class=\"yoast-schema-graph\">{\"@context\":\"https:\/\/schema.org\",\"@graph\":[{\"@type\":\"WebPage\",\"@id\":\"https:\/\/www.professional-haircare.it\/pl\/products\/finishing-pl\/spray-pl\/x-mode-lakier-kierunkowy-do-wlosow\/\",\"url\":\"https:\/\/www.professional-haircare.it\/pl\/products\/finishing-pl\/spray-pl\/x-mode-lakier-kierunkowy-do-wlosow\/\",\"name\":\"X Mode | Lakier kierunkowy do w\u0142os\u00f3w\",\"isPartOf\":{\"@id\":\"https:\/\/professional-haircare.it\/#website\"},\"primaryImageOfPage\":{\"@id\":\"https:\/\/www.professional-haircare.it\/pl\/products\/finishing-pl\/spray-pl\/x-mode-lakier-kierunkowy-do-wlosow\/#primaryimage\"},\"image\":{\"@id\":\"https:\/\/www.professional-haircare.it\/pl\/products\/finishing-pl\/spray-pl\/x-mode-lakier-kierunkowy-do-wlosow\/#primaryimage\"},\"thumbnailUrl\":\"https:\/\/www.professional-haircare.it\/wp-content\/uploads\/2015\/06\/13019_professional_xmode_directional_hairspray_400ml.png\",\"datePublished\":\"2015-06-30T06:59:55+00:00\",\"dateModified\":\"2022-01-28T15:53:53+00:00\",\"description\":\"Lakier kierunkowy X Mode zapewnia intensywne dzia\u0142anie utrwalaj\u0105ce, mocny chwyt i sta\u0142\u0105 ochron\u0119 przed wilgoci\u0105.\",\"breadcrumb\":{\"@id\":\"https:\/\/www.professional-haircare.it\/pl\/products\/finishing-pl\/spray-pl\/x-mode-lakier-kierunkowy-do-wlosow\/#breadcrumb\"},\"inLanguage\":\"pl-PL\",\"potentialAction\":[{\"@type\":\"ReadAction\",\"target\":[\"https:\/\/www.professional-haircare.it\/pl\/products\/finishing-pl\/spray-pl\/x-mode-lakier-kierunkowy-do-wlosow\/\"]}]},{\"@type\":\"ImageObject\",\"inLanguage\":\"pl-PL\",\"@id\":\"https:\/\/www.professional-haircare.it\/pl\/products\/finishing-pl\/spray-pl\/x-mode-lakier-kierunkowy-do-wlosow\/#primaryimage\",\"url\":\"https:\/\/www.professional-haircare.it\/wp-content\/uploads\/2015\/06\/13019_professional_xmode_directional_hairspray_400ml.png\",\"contentUrl\":\"https:\/\/www.professional-haircare.it\/wp-content\/uploads\/2015\/06\/13019_professional_xmode_directional_hairspray_400ml.png\",\"width\":600,\"height\":600},{\"@type\":\"BreadcrumbList\",\"@id\":\"https:\/\/www.professional-haircare.it\/pl\/products\/finishing-pl\/spray-pl\/x-mode-lakier-kierunkowy-do-wlosow\/#breadcrumb\",\"itemListElement\":[{\"@type\":\"ListItem\",\"position\":1,\"name\":\"Home\",\"item\":\"https:\/\/professional-haircare.it\/pl\/\"},{\"@type\":\"ListItem\",\"position\":2,\"name\":\"Sklep\",\"item\":\"https:\/\/professional-haircare.it\/pl\/sklep\/\"},{\"@type\":\"ListItem\",\"position\":3,\"name\":\"X Mode | Lakier kierunkowy do w\u0142os\u00f3w\"}]},{\"@type\":\"WebSite\",\"@id\":\"https:\/\/professional-haircare.it\/#website\",\"url\":\"https:\/\/professional-haircare.it\/\",\"name\":\"Professional Hair Care\",\"description\":\"Hair Quality Solutions\",\"potentialAction\":[{\"@type\":\"SearchAction\",\"target\":{\"@type\":\"EntryPoint\",\"urlTemplate\":\"https:\/\/professional-haircare.it\/?s={search_term_string}\"},\"query-input\":{\"@type\":\"PropertyValueSpecification\",\"valueRequired\":true,\"valueName\":\"search_term_string\"}}],\"inLanguage\":\"pl-PL\"}]}<\/script>\n<!-- \/ Yoast SEO plugin. -->","yoast_head_json":{"title":"X Mode | Lakier kierunkowy do w\u0142os\u00f3w","description":"Lakier kierunkowy X Mode zapewnia intensywne dzia\u0142anie utrwalaj\u0105ce, mocny chwyt i sta\u0142\u0105 ochron\u0119 przed wilgoci\u0105.","robots":{"index":"index","follow":"follow","max-snippet":"max-snippet:-1","max-image-preview":"max-image-preview:large","max-video-preview":"max-video-preview:-1"},"canonical":"https:\/\/www.professional-haircare.it\/pl\/products\/finishing-pl\/spray-pl\/x-mode-lakier-kierunkowy-do-wlosow\/","og_locale":"pl_PL","og_type":"article","og_title":"X Mode | Lakier kierunkowy do w\u0142os\u00f3w","og_description":"Lakier kierunkowy X Mode zapewnia intensywne dzia\u0142anie utrwalaj\u0105ce, mocny chwyt i sta\u0142\u0105 ochron\u0119 przed wilgoci\u0105.","og_url":"https:\/\/www.professional-haircare.it\/pl\/products\/finishing-pl\/spray-pl\/x-mode-lakier-kierunkowy-do-wlosow\/","og_site_name":"Professional Hair Care","article_modified_time":"2022-01-28T15:53:53+00:00","og_image":[{"width":500,"height":500,"url":"https:\/\/professional-haircare.it\/wp-content\/uploads\/2015\/06\/professional_xmode_lacca_direzionale_400_ml.png","type":"image\/png"}],"twitter_card":"summary_large_image","schema":{"@context":"https:\/\/schema.org","@graph":[{"@type":"WebPage","@id":"https:\/\/www.professional-haircare.it\/pl\/products\/finishing-pl\/spray-pl\/x-mode-lakier-kierunkowy-do-wlosow\/","url":"https:\/\/www.professional-haircare.it\/pl\/products\/finishing-pl\/spray-pl\/x-mode-lakier-kierunkowy-do-wlosow\/","name":"X Mode | Lakier kierunkowy do w\u0142os\u00f3w","isPartOf":{"@id":"https:\/\/professional-haircare.it\/#website"},"primaryImageOfPage":{"@id":"https:\/\/www.professional-haircare.it\/pl\/products\/finishing-pl\/spray-pl\/x-mode-lakier-kierunkowy-do-wlosow\/#primaryimage"},"image":{"@id":"https:\/\/www.professional-haircare.it\/pl\/products\/finishing-pl\/spray-pl\/x-mode-lakier-kierunkowy-do-wlosow\/#primaryimage"},"thumbnailUrl":"https:\/\/www.professional-haircare.it\/wp-content\/uploads\/2015\/06\/13019_professional_xmode_directional_hairspray_400ml.png","datePublished":"2015-06-30T06:59:55+00:00","dateModified":"2022-01-28T15:53:53+00:00","description":"Lakier kierunkowy X Mode zapewnia intensywne dzia\u0142anie utrwalaj\u0105ce, mocny chwyt i sta\u0142\u0105 ochron\u0119 przed wilgoci\u0105.","breadcrumb":{"@id":"https:\/\/www.professional-haircare.it\/pl\/products\/finishing-pl\/spray-pl\/x-mode-lakier-kierunkowy-do-wlosow\/#breadcrumb"},"inLanguage":"pl-PL","potentialAction":[{"@type":"ReadAction","target":["https:\/\/www.professional-haircare.it\/pl\/products\/finishing-pl\/spray-pl\/x-mode-lakier-kierunkowy-do-wlosow\/"]}]},{"@type":"ImageObject","inLanguage":"pl-PL","@id":"https:\/\/www.professional-haircare.it\/pl\/products\/finishing-pl\/spray-pl\/x-mode-lakier-kierunkowy-do-wlosow\/#primaryimage","url":"https:\/\/www.professional-haircare.it\/wp-content\/uploads\/2015\/06\/13019_professional_xmode_directional_hairspray_400ml.png","contentUrl":"https:\/\/www.professional-haircare.it\/wp-content\/uploads\/2015\/06\/13019_professional_xmode_directional_hairspray_400ml.png","width":600,"height":600},{"@type":"BreadcrumbList","@id":"https:\/\/www.professional-haircare.it\/pl\/products\/finishing-pl\/spray-pl\/x-mode-lakier-kierunkowy-do-wlosow\/#breadcrumb","itemListElement":[{"@type":"ListItem","position":1,"name":"Home","item":"https:\/\/professional-haircare.it\/pl\/"},{"@type":"ListItem","position":2,"name":"Sklep","item":"https:\/\/professional-haircare.it\/pl\/sklep\/"},{"@type":"ListItem","position":3,"name":"X Mode | Lakier kierunkowy do w\u0142os\u00f3w"}]},{"@type":"WebSite","@id":"https:\/\/professional-haircare.it\/#website","url":"https:\/\/professional-haircare.it\/","name":"Professional Hair Care","description":"Hair Quality Solutions","potentialAction":[{"@type":"SearchAction","target":{"@type":"EntryPoint","urlTemplate":"https:\/\/professional-haircare.it\/?s={search_term_string}"},"query-input":{"@type":"PropertyValueSpecification","valueRequired":true,"valueName":"search_term_string"}}],"inLanguage":"pl-PL"}]}},"_links":{"self":[{"href":"https:\/\/www.professional-haircare.it\/pl\/wp-json\/wp\/v2\/product\/2516","targetHints":{"allow":["GET"]}}],"collection":[{"href":"https:\/\/www.professional-haircare.it\/pl\/wp-json\/wp\/v2\/product"}],"about":[{"href":"https:\/\/www.professional-haircare.it\/pl\/wp-json\/wp\/v2\/types\/product"}],"replies":[{"embeddable":true,"href":"https:\/\/www.professional-haircare.it\/pl\/wp-json\/wp\/v2\/comments?post=2516"}],"wp:featuredmedia":[{"embeddable":true,"href":"https:\/\/www.professional-haircare.it\/pl\/wp-json\/wp\/v2\/media\/4184"}],"wp:attachment":[{"href":"https:\/\/www.professional-haircare.it\/pl\/wp-json\/wp\/v2\/media?parent=2516"}],"wp:term":[{"taxonomy":"product_brand","embeddable":true,"href":"https:\/\/www.professional-haircare.it\/pl\/wp-json\/wp\/v2\/product_brand?post=2516"},{"taxonomy":"product_cat","embeddable":true,"href":"https:\/\/www.professional-haircare.it\/pl\/wp-json\/wp\/v2\/product_cat?post=2516"},{"taxonomy":"product_tag","embeddable":true,"href":"https:\/\/www.professional-haircare.it\/pl\/wp-json\/wp\/v2\/product_tag?post=2516"}],"curies":[{"name":"wp","href":"https:\/\/api.w.org\/{rel}","templated":true}]}}