{"id":2514,"date":"2015-06-30T09:41:43","date_gmt":"2015-06-30T07:41:43","guid":{"rendered":"https:\/\/www.professional-haircare.it\/products\/bez-kategorii\/x-mode-wosk-modelujacy\/"},"modified":"2015-06-30T09:41:43","modified_gmt":"2015-06-30T07:41:43","slug":"x-mode-wosk-modelujacy","status":"publish","type":"product","link":"https:\/\/www.professional-haircare.it\/pl\/products\/finishing-pl\/wax-cream-pl-finishing-pl\/x-mode-wosk-modelujacy\/","title":{"rendered":"X Mode | Wosk modeluj\u0105cy"},"content":{"rendered":"<p><span style=\"font-weight: 400;\">Ujarzmia, <\/span><b>podkre\u015bla i modeluje ka\u017cdy typ w\u0142osa<\/b><\/p>\n<p><span style=\"font-weight: 400;\">Nadaje <\/span><b>elastyczno\u015b\u0107 i kontrol\u0119<\/b><\/p>\n<p><b>Nie obci\u0105\u017ca <\/b><span style=\"font-weight: 400;\">w\u0142os\u00f3w<\/span><\/p>\n<p><b>Neutralizuje <\/b><span style=\"font-weight: 400;\">puszenie si\u0119 w\u0142os\u00f3w<\/span><\/p>\n","protected":false},"excerpt":{"rendered":"<p><span style=\"font-weight: 400;\">X Mode Wosk na bazie wody sprawia, \u017ce fryzura jest <\/span><b>pe\u0142na blasku<\/b><span style=\"font-weight: 400;\">. Idealny do wszystkich rodzaj\u00f3w w\u0142os\u00f3w, eliminuje puszenie si\u0119, <\/span><b>utrwala i modeluje bez przet\u0142uszczania<\/b><span style=\"font-weight: 400;\">. Nie obci\u0105\u017ca w\u0142os\u00f3w. <\/span><b>Ujarzmia fryzur\u0119 i podkre\u015bla kosmki.<\/b><\/p>\n<p><span style=\"font-weight: 400;\">Do u\u017cytku profesjonalnego<\/span><\/p>\n<p><span style=\"font-weight: 400;\">Opakowanie o pojemno\u015bci 100 ml<\/span><\/p>\n","protected":false},"featured_media":1811,"comment_status":"closed","ping_status":"closed","template":"","meta":[],"product_brand":[],"product_cat":[284,288],"product_tag":[],"class_list":{"0":"post-2514","1":"product","2":"type-product","3":"status-publish","4":"has-post-thumbnail","6":"product_cat-finishing-pl","7":"product_cat-wax-cream-pl-finishing-pl","9":"first","10":"instock","11":"shipping-taxable","12":"product-type-simple"},"yoast_head":"<!-- This site is optimized with the Yoast SEO plugin v26.8 - https:\/\/yoast.com\/product\/yoast-seo-wordpress\/ -->\n<title>X Mode | Wosk modeluj\u0105cy<\/title>\n<meta name=\"description\" content=\"X Mode Wosk na bazie wody sprawia, \u017ce fryzura jest pe\u0142na blasku.\" \/>\n<meta name=\"robots\" content=\"index, follow, max-snippet:-1, max-image-preview:large, max-video-preview:-1\" \/>\n<link rel=\"canonical\" href=\"https:\/\/www.professional-haircare.it\/pl\/products\/finishing-pl\/wax-cream-pl-finishing-pl\/x-mode-wosk-modelujacy\/\" \/>\n<meta property=\"og:locale\" content=\"pl_PL\" \/>\n<meta property=\"og:type\" content=\"article\" \/>\n<meta property=\"og:title\" content=\"X Mode | Wosk modeluj\u0105cy\" \/>\n<meta property=\"og:description\" content=\"X Mode Wosk na bazie wody sprawia, \u017ce fryzura jest pe\u0142na blasku.\" \/>\n<meta property=\"og:url\" content=\"https:\/\/www.professional-haircare.it\/pl\/products\/finishing-pl\/wax-cream-pl-finishing-pl\/x-mode-wosk-modelujacy\/\" \/>\n<meta property=\"og:site_name\" content=\"Professional Hair Care\" \/>\n<meta property=\"og:image\" content=\"https:\/\/professional-haircare.it\/wp-content\/uploads\/2015\/06\/professional_xmode_cera_modellante.png\" \/>\n\t<meta property=\"og:image:width\" content=\"500\" \/>\n\t<meta property=\"og:image:height\" content=\"500\" \/>\n\t<meta property=\"og:image:type\" content=\"image\/png\" \/>\n<meta name=\"twitter:card\" content=\"summary_large_image\" \/>\n<script type=\"application\/ld+json\" class=\"yoast-schema-graph\">{\"@context\":\"https:\/\/schema.org\",\"@graph\":[{\"@type\":\"WebPage\",\"@id\":\"https:\/\/www.professional-haircare.it\/pl\/products\/finishing-pl\/wax-cream-pl-finishing-pl\/x-mode-wosk-modelujacy\/\",\"url\":\"https:\/\/www.professional-haircare.it\/pl\/products\/finishing-pl\/wax-cream-pl-finishing-pl\/x-mode-wosk-modelujacy\/\",\"name\":\"X Mode | Wosk modeluj\u0105cy\",\"isPartOf\":{\"@id\":\"https:\/\/professional-haircare.it\/#website\"},\"primaryImageOfPage\":{\"@id\":\"https:\/\/www.professional-haircare.it\/pl\/products\/finishing-pl\/wax-cream-pl-finishing-pl\/x-mode-wosk-modelujacy\/#primaryimage\"},\"image\":{\"@id\":\"https:\/\/www.professional-haircare.it\/pl\/products\/finishing-pl\/wax-cream-pl-finishing-pl\/x-mode-wosk-modelujacy\/#primaryimage\"},\"thumbnailUrl\":\"https:\/\/www.professional-haircare.it\/wp-content\/uploads\/2015\/06\/professional_xmode_cera_modellante.png\",\"datePublished\":\"2015-06-30T07:41:43+00:00\",\"description\":\"X Mode Wosk na bazie wody sprawia, \u017ce fryzura jest pe\u0142na blasku.\",\"breadcrumb\":{\"@id\":\"https:\/\/www.professional-haircare.it\/pl\/products\/finishing-pl\/wax-cream-pl-finishing-pl\/x-mode-wosk-modelujacy\/#breadcrumb\"},\"inLanguage\":\"pl-PL\",\"potentialAction\":[{\"@type\":\"ReadAction\",\"target\":[\"https:\/\/www.professional-haircare.it\/pl\/products\/finishing-pl\/wax-cream-pl-finishing-pl\/x-mode-wosk-modelujacy\/\"]}]},{\"@type\":\"ImageObject\",\"inLanguage\":\"pl-PL\",\"@id\":\"https:\/\/www.professional-haircare.it\/pl\/products\/finishing-pl\/wax-cream-pl-finishing-pl\/x-mode-wosk-modelujacy\/#primaryimage\",\"url\":\"https:\/\/www.professional-haircare.it\/wp-content\/uploads\/2015\/06\/professional_xmode_cera_modellante.png\",\"contentUrl\":\"https:\/\/www.professional-haircare.it\/wp-content\/uploads\/2015\/06\/professional_xmode_cera_modellante.png\",\"width\":500,\"height\":500},{\"@type\":\"BreadcrumbList\",\"@id\":\"https:\/\/www.professional-haircare.it\/pl\/products\/finishing-pl\/wax-cream-pl-finishing-pl\/x-mode-wosk-modelujacy\/#breadcrumb\",\"itemListElement\":[{\"@type\":\"ListItem\",\"position\":1,\"name\":\"Home\",\"item\":\"https:\/\/professional-haircare.it\/pl\/\"},{\"@type\":\"ListItem\",\"position\":2,\"name\":\"Sklep\",\"item\":\"https:\/\/professional-haircare.it\/pl\/sklep\/\"},{\"@type\":\"ListItem\",\"position\":3,\"name\":\"X Mode | Wosk modeluj\u0105cy\"}]},{\"@type\":\"WebSite\",\"@id\":\"https:\/\/professional-haircare.it\/#website\",\"url\":\"https:\/\/professional-haircare.it\/\",\"name\":\"Professional Hair Care\",\"description\":\"Hair Quality Solutions\",\"potentialAction\":[{\"@type\":\"SearchAction\",\"target\":{\"@type\":\"EntryPoint\",\"urlTemplate\":\"https:\/\/professional-haircare.it\/?s={search_term_string}\"},\"query-input\":{\"@type\":\"PropertyValueSpecification\",\"valueRequired\":true,\"valueName\":\"search_term_string\"}}],\"inLanguage\":\"pl-PL\"}]}<\/script>\n<!-- \/ Yoast SEO plugin. -->","yoast_head_json":{"title":"X Mode | Wosk modeluj\u0105cy","description":"X Mode Wosk na bazie wody sprawia, \u017ce fryzura jest pe\u0142na blasku.","robots":{"index":"index","follow":"follow","max-snippet":"max-snippet:-1","max-image-preview":"max-image-preview:large","max-video-preview":"max-video-preview:-1"},"canonical":"https:\/\/www.professional-haircare.it\/pl\/products\/finishing-pl\/wax-cream-pl-finishing-pl\/x-mode-wosk-modelujacy\/","og_locale":"pl_PL","og_type":"article","og_title":"X Mode | Wosk modeluj\u0105cy","og_description":"X Mode Wosk na bazie wody sprawia, \u017ce fryzura jest pe\u0142na blasku.","og_url":"https:\/\/www.professional-haircare.it\/pl\/products\/finishing-pl\/wax-cream-pl-finishing-pl\/x-mode-wosk-modelujacy\/","og_site_name":"Professional Hair Care","og_image":[{"width":500,"height":500,"url":"https:\/\/professional-haircare.it\/wp-content\/uploads\/2015\/06\/professional_xmode_cera_modellante.png","type":"image\/png"}],"twitter_card":"summary_large_image","schema":{"@context":"https:\/\/schema.org","@graph":[{"@type":"WebPage","@id":"https:\/\/www.professional-haircare.it\/pl\/products\/finishing-pl\/wax-cream-pl-finishing-pl\/x-mode-wosk-modelujacy\/","url":"https:\/\/www.professional-haircare.it\/pl\/products\/finishing-pl\/wax-cream-pl-finishing-pl\/x-mode-wosk-modelujacy\/","name":"X Mode | Wosk modeluj\u0105cy","isPartOf":{"@id":"https:\/\/professional-haircare.it\/#website"},"primaryImageOfPage":{"@id":"https:\/\/www.professional-haircare.it\/pl\/products\/finishing-pl\/wax-cream-pl-finishing-pl\/x-mode-wosk-modelujacy\/#primaryimage"},"image":{"@id":"https:\/\/www.professional-haircare.it\/pl\/products\/finishing-pl\/wax-cream-pl-finishing-pl\/x-mode-wosk-modelujacy\/#primaryimage"},"thumbnailUrl":"https:\/\/www.professional-haircare.it\/wp-content\/uploads\/2015\/06\/professional_xmode_cera_modellante.png","datePublished":"2015-06-30T07:41:43+00:00","description":"X Mode Wosk na bazie wody sprawia, \u017ce fryzura jest pe\u0142na blasku.","breadcrumb":{"@id":"https:\/\/www.professional-haircare.it\/pl\/products\/finishing-pl\/wax-cream-pl-finishing-pl\/x-mode-wosk-modelujacy\/#breadcrumb"},"inLanguage":"pl-PL","potentialAction":[{"@type":"ReadAction","target":["https:\/\/www.professional-haircare.it\/pl\/products\/finishing-pl\/wax-cream-pl-finishing-pl\/x-mode-wosk-modelujacy\/"]}]},{"@type":"ImageObject","inLanguage":"pl-PL","@id":"https:\/\/www.professional-haircare.it\/pl\/products\/finishing-pl\/wax-cream-pl-finishing-pl\/x-mode-wosk-modelujacy\/#primaryimage","url":"https:\/\/www.professional-haircare.it\/wp-content\/uploads\/2015\/06\/professional_xmode_cera_modellante.png","contentUrl":"https:\/\/www.professional-haircare.it\/wp-content\/uploads\/2015\/06\/professional_xmode_cera_modellante.png","width":500,"height":500},{"@type":"BreadcrumbList","@id":"https:\/\/www.professional-haircare.it\/pl\/products\/finishing-pl\/wax-cream-pl-finishing-pl\/x-mode-wosk-modelujacy\/#breadcrumb","itemListElement":[{"@type":"ListItem","position":1,"name":"Home","item":"https:\/\/professional-haircare.it\/pl\/"},{"@type":"ListItem","position":2,"name":"Sklep","item":"https:\/\/professional-haircare.it\/pl\/sklep\/"},{"@type":"ListItem","position":3,"name":"X Mode | Wosk modeluj\u0105cy"}]},{"@type":"WebSite","@id":"https:\/\/professional-haircare.it\/#website","url":"https:\/\/professional-haircare.it\/","name":"Professional Hair Care","description":"Hair Quality Solutions","potentialAction":[{"@type":"SearchAction","target":{"@type":"EntryPoint","urlTemplate":"https:\/\/professional-haircare.it\/?s={search_term_string}"},"query-input":{"@type":"PropertyValueSpecification","valueRequired":true,"valueName":"search_term_string"}}],"inLanguage":"pl-PL"}]}},"_links":{"self":[{"href":"https:\/\/www.professional-haircare.it\/pl\/wp-json\/wp\/v2\/product\/2514","targetHints":{"allow":["GET"]}}],"collection":[{"href":"https:\/\/www.professional-haircare.it\/pl\/wp-json\/wp\/v2\/product"}],"about":[{"href":"https:\/\/www.professional-haircare.it\/pl\/wp-json\/wp\/v2\/types\/product"}],"replies":[{"embeddable":true,"href":"https:\/\/www.professional-haircare.it\/pl\/wp-json\/wp\/v2\/comments?post=2514"}],"wp:featuredmedia":[{"embeddable":true,"href":"https:\/\/www.professional-haircare.it\/pl\/wp-json\/wp\/v2\/media\/1811"}],"wp:attachment":[{"href":"https:\/\/www.professional-haircare.it\/pl\/wp-json\/wp\/v2\/media?parent=2514"}],"wp:term":[{"taxonomy":"product_brand","embeddable":true,"href":"https:\/\/www.professional-haircare.it\/pl\/wp-json\/wp\/v2\/product_brand?post=2514"},{"taxonomy":"product_cat","embeddable":true,"href":"https:\/\/www.professional-haircare.it\/pl\/wp-json\/wp\/v2\/product_cat?post=2514"},{"taxonomy":"product_tag","embeddable":true,"href":"https:\/\/www.professional-haircare.it\/pl\/wp-json\/wp\/v2\/product_tag?post=2514"}],"curies":[{"name":"wp","href":"https:\/\/api.w.org\/{rel}","templated":true}]}}