{"id":2506,"date":"2015-06-30T11:29:52","date_gmt":"2015-06-30T09:29:52","guid":{"rendered":"https:\/\/www.professional-haircare.it\/products\/bez-kategorii\/x-mode-zel-w-musie\/"},"modified":"2015-06-30T11:29:52","modified_gmt":"2015-06-30T09:29:52","slug":"x-mode-zel-w-musie","status":"publish","type":"product","link":"https:\/\/www.professional-haircare.it\/pl\/products\/finishing-pl\/mousse-pl\/x-mode-zel-w-musie\/","title":{"rendered":"X Mode | \u017bel w musie"},"content":{"rendered":"<p><span style=\"font-weight: 400;\">Nadaje w\u0142osom <\/span><b>blask i utrwalenie<\/b><\/p>\n<p><span style=\"font-weight: 400;\">Nadaje si\u0119 do <\/span><b>wszystkich rodzaj\u00f3w w\u0142os\u00f3w<\/b><\/p>\n<p><span style=\"font-weight: 400;\">Stosowany na suche w\u0142osy nadaje <\/span><b>naturalny efekt zwil\u017conych w\u0142os\u00f3w<\/b><\/p>\n<p><span style=\"font-weight: 400;\">Stosowany na wilgotne w\u0142osy zapewnia <\/span><b>zdefiniowan\u0105 stylizacj\u0119<\/b><\/p>\n","protected":false},"excerpt":{"rendered":"<p><span style=\"font-weight: 400;\">X Mode \u017bel w musie, nadaje w\u0142osom <\/span><b>blask i utrwalenie<\/b><span style=\"font-weight: 400;\">. Zapewnia naturalny <\/span><b>efekt zwil\u017conych w\u0142os\u00f3w<\/b><span style=\"font-weight: 400;\"> po zastosowaniu na suche w\u0142osy i <\/span><b>zdefiniowan\u0105 stylizacj\u0119<\/b><span style=\"font-weight: 400;\"> po zastosowaniu na mokre w\u0142osy.<\/span><\/p>\n<p><span style=\"font-weight: 400;\">Do u\u017cytku profesjonalnego<\/span><\/p>\n<p><span style=\"font-weight: 400;\">Butelka o pojemno\u015bci 300 ml<\/span><\/p>\n","protected":false},"featured_media":2211,"comment_status":"closed","ping_status":"closed","template":"","meta":[],"product_brand":[],"product_cat":[284,286],"product_tag":[],"class_list":{"0":"post-2506","1":"product","2":"type-product","3":"status-publish","4":"has-post-thumbnail","6":"product_cat-finishing-pl","7":"product_cat-mousse-pl","9":"first","10":"instock","11":"shipping-taxable","12":"product-type-simple"},"yoast_head":"<!-- This site is optimized with the Yoast SEO plugin v26.8 - https:\/\/yoast.com\/product\/yoast-seo-wordpress\/ -->\n<title>X Mode | \u017bel w musie<\/title>\n<meta name=\"description\" content=\"X Mode \u017bel w musie, nadaje w\u0142osom blask i utrwalenie. Zapewnia naturalny efekt zwil\u017conych w\u0142os\u00f3w.\" \/>\n<meta name=\"robots\" content=\"index, follow, max-snippet:-1, max-image-preview:large, max-video-preview:-1\" \/>\n<link rel=\"canonical\" href=\"https:\/\/www.professional-haircare.it\/pl\/products\/finishing-pl\/mousse-pl\/x-mode-zel-w-musie\/\" \/>\n<meta property=\"og:locale\" content=\"pl_PL\" \/>\n<meta property=\"og:type\" content=\"article\" \/>\n<meta property=\"og:title\" content=\"X Mode | \u017bel w musie\" \/>\n<meta property=\"og:description\" content=\"X Mode \u017bel w musie, nadaje w\u0142osom blask i utrwalenie. Zapewnia naturalny efekt zwil\u017conych w\u0142os\u00f3w.\" \/>\n<meta property=\"og:url\" content=\"https:\/\/www.professional-haircare.it\/pl\/products\/finishing-pl\/mousse-pl\/x-mode-zel-w-musie\/\" \/>\n<meta property=\"og:site_name\" content=\"Professional Hair Care\" \/>\n<meta property=\"og:image\" content=\"https:\/\/professional-haircare.it\/wp-content\/uploads\/2015\/06\/13000_professional_xmode_mousse_gel_300ml.png\" \/>\n\t<meta property=\"og:image:width\" content=\"600\" \/>\n\t<meta property=\"og:image:height\" content=\"600\" \/>\n\t<meta property=\"og:image:type\" content=\"image\/png\" \/>\n<meta name=\"twitter:card\" content=\"summary_large_image\" \/>\n<script type=\"application\/ld+json\" class=\"yoast-schema-graph\">{\"@context\":\"https:\/\/schema.org\",\"@graph\":[{\"@type\":\"WebPage\",\"@id\":\"https:\/\/www.professional-haircare.it\/pl\/products\/finishing-pl\/mousse-pl\/x-mode-zel-w-musie\/\",\"url\":\"https:\/\/www.professional-haircare.it\/pl\/products\/finishing-pl\/mousse-pl\/x-mode-zel-w-musie\/\",\"name\":\"X Mode | \u017bel w musie\",\"isPartOf\":{\"@id\":\"https:\/\/professional-haircare.it\/#website\"},\"primaryImageOfPage\":{\"@id\":\"https:\/\/www.professional-haircare.it\/pl\/products\/finishing-pl\/mousse-pl\/x-mode-zel-w-musie\/#primaryimage\"},\"image\":{\"@id\":\"https:\/\/www.professional-haircare.it\/pl\/products\/finishing-pl\/mousse-pl\/x-mode-zel-w-musie\/#primaryimage\"},\"thumbnailUrl\":\"https:\/\/www.professional-haircare.it\/wp-content\/uploads\/2015\/06\/13000_professional_xmode_mousse_gel_300ml.png\",\"datePublished\":\"2015-06-30T09:29:52+00:00\",\"description\":\"X Mode \u017bel w musie, nadaje w\u0142osom blask i utrwalenie. Zapewnia naturalny efekt zwil\u017conych w\u0142os\u00f3w.\",\"breadcrumb\":{\"@id\":\"https:\/\/www.professional-haircare.it\/pl\/products\/finishing-pl\/mousse-pl\/x-mode-zel-w-musie\/#breadcrumb\"},\"inLanguage\":\"pl-PL\",\"potentialAction\":[{\"@type\":\"ReadAction\",\"target\":[\"https:\/\/www.professional-haircare.it\/pl\/products\/finishing-pl\/mousse-pl\/x-mode-zel-w-musie\/\"]}]},{\"@type\":\"ImageObject\",\"inLanguage\":\"pl-PL\",\"@id\":\"https:\/\/www.professional-haircare.it\/pl\/products\/finishing-pl\/mousse-pl\/x-mode-zel-w-musie\/#primaryimage\",\"url\":\"https:\/\/www.professional-haircare.it\/wp-content\/uploads\/2015\/06\/13000_professional_xmode_mousse_gel_300ml.png\",\"contentUrl\":\"https:\/\/www.professional-haircare.it\/wp-content\/uploads\/2015\/06\/13000_professional_xmode_mousse_gel_300ml.png\",\"width\":600,\"height\":600},{\"@type\":\"BreadcrumbList\",\"@id\":\"https:\/\/www.professional-haircare.it\/pl\/products\/finishing-pl\/mousse-pl\/x-mode-zel-w-musie\/#breadcrumb\",\"itemListElement\":[{\"@type\":\"ListItem\",\"position\":1,\"name\":\"Home\",\"item\":\"https:\/\/professional-haircare.it\/pl\/\"},{\"@type\":\"ListItem\",\"position\":2,\"name\":\"Sklep\",\"item\":\"https:\/\/professional-haircare.it\/pl\/sklep\/\"},{\"@type\":\"ListItem\",\"position\":3,\"name\":\"X Mode | \u017bel w musie\"}]},{\"@type\":\"WebSite\",\"@id\":\"https:\/\/professional-haircare.it\/#website\",\"url\":\"https:\/\/professional-haircare.it\/\",\"name\":\"Professional Hair Care\",\"description\":\"Hair Quality Solutions\",\"potentialAction\":[{\"@type\":\"SearchAction\",\"target\":{\"@type\":\"EntryPoint\",\"urlTemplate\":\"https:\/\/professional-haircare.it\/?s={search_term_string}\"},\"query-input\":{\"@type\":\"PropertyValueSpecification\",\"valueRequired\":true,\"valueName\":\"search_term_string\"}}],\"inLanguage\":\"pl-PL\"}]}<\/script>\n<!-- \/ Yoast SEO plugin. -->","yoast_head_json":{"title":"X Mode | \u017bel w musie","description":"X Mode \u017bel w musie, nadaje w\u0142osom blask i utrwalenie. Zapewnia naturalny efekt zwil\u017conych w\u0142os\u00f3w.","robots":{"index":"index","follow":"follow","max-snippet":"max-snippet:-1","max-image-preview":"max-image-preview:large","max-video-preview":"max-video-preview:-1"},"canonical":"https:\/\/www.professional-haircare.it\/pl\/products\/finishing-pl\/mousse-pl\/x-mode-zel-w-musie\/","og_locale":"pl_PL","og_type":"article","og_title":"X Mode | \u017bel w musie","og_description":"X Mode \u017bel w musie, nadaje w\u0142osom blask i utrwalenie. Zapewnia naturalny efekt zwil\u017conych w\u0142os\u00f3w.","og_url":"https:\/\/www.professional-haircare.it\/pl\/products\/finishing-pl\/mousse-pl\/x-mode-zel-w-musie\/","og_site_name":"Professional Hair Care","og_image":[{"width":600,"height":600,"url":"https:\/\/professional-haircare.it\/wp-content\/uploads\/2015\/06\/13000_professional_xmode_mousse_gel_300ml.png","type":"image\/png"}],"twitter_card":"summary_large_image","schema":{"@context":"https:\/\/schema.org","@graph":[{"@type":"WebPage","@id":"https:\/\/www.professional-haircare.it\/pl\/products\/finishing-pl\/mousse-pl\/x-mode-zel-w-musie\/","url":"https:\/\/www.professional-haircare.it\/pl\/products\/finishing-pl\/mousse-pl\/x-mode-zel-w-musie\/","name":"X Mode | \u017bel w musie","isPartOf":{"@id":"https:\/\/professional-haircare.it\/#website"},"primaryImageOfPage":{"@id":"https:\/\/www.professional-haircare.it\/pl\/products\/finishing-pl\/mousse-pl\/x-mode-zel-w-musie\/#primaryimage"},"image":{"@id":"https:\/\/www.professional-haircare.it\/pl\/products\/finishing-pl\/mousse-pl\/x-mode-zel-w-musie\/#primaryimage"},"thumbnailUrl":"https:\/\/www.professional-haircare.it\/wp-content\/uploads\/2015\/06\/13000_professional_xmode_mousse_gel_300ml.png","datePublished":"2015-06-30T09:29:52+00:00","description":"X Mode \u017bel w musie, nadaje w\u0142osom blask i utrwalenie. Zapewnia naturalny efekt zwil\u017conych w\u0142os\u00f3w.","breadcrumb":{"@id":"https:\/\/www.professional-haircare.it\/pl\/products\/finishing-pl\/mousse-pl\/x-mode-zel-w-musie\/#breadcrumb"},"inLanguage":"pl-PL","potentialAction":[{"@type":"ReadAction","target":["https:\/\/www.professional-haircare.it\/pl\/products\/finishing-pl\/mousse-pl\/x-mode-zel-w-musie\/"]}]},{"@type":"ImageObject","inLanguage":"pl-PL","@id":"https:\/\/www.professional-haircare.it\/pl\/products\/finishing-pl\/mousse-pl\/x-mode-zel-w-musie\/#primaryimage","url":"https:\/\/www.professional-haircare.it\/wp-content\/uploads\/2015\/06\/13000_professional_xmode_mousse_gel_300ml.png","contentUrl":"https:\/\/www.professional-haircare.it\/wp-content\/uploads\/2015\/06\/13000_professional_xmode_mousse_gel_300ml.png","width":600,"height":600},{"@type":"BreadcrumbList","@id":"https:\/\/www.professional-haircare.it\/pl\/products\/finishing-pl\/mousse-pl\/x-mode-zel-w-musie\/#breadcrumb","itemListElement":[{"@type":"ListItem","position":1,"name":"Home","item":"https:\/\/professional-haircare.it\/pl\/"},{"@type":"ListItem","position":2,"name":"Sklep","item":"https:\/\/professional-haircare.it\/pl\/sklep\/"},{"@type":"ListItem","position":3,"name":"X Mode | \u017bel w musie"}]},{"@type":"WebSite","@id":"https:\/\/professional-haircare.it\/#website","url":"https:\/\/professional-haircare.it\/","name":"Professional Hair Care","description":"Hair Quality Solutions","potentialAction":[{"@type":"SearchAction","target":{"@type":"EntryPoint","urlTemplate":"https:\/\/professional-haircare.it\/?s={search_term_string}"},"query-input":{"@type":"PropertyValueSpecification","valueRequired":true,"valueName":"search_term_string"}}],"inLanguage":"pl-PL"}]}},"_links":{"self":[{"href":"https:\/\/www.professional-haircare.it\/pl\/wp-json\/wp\/v2\/product\/2506","targetHints":{"allow":["GET"]}}],"collection":[{"href":"https:\/\/www.professional-haircare.it\/pl\/wp-json\/wp\/v2\/product"}],"about":[{"href":"https:\/\/www.professional-haircare.it\/pl\/wp-json\/wp\/v2\/types\/product"}],"replies":[{"embeddable":true,"href":"https:\/\/www.professional-haircare.it\/pl\/wp-json\/wp\/v2\/comments?post=2506"}],"wp:featuredmedia":[{"embeddable":true,"href":"https:\/\/www.professional-haircare.it\/pl\/wp-json\/wp\/v2\/media\/2211"}],"wp:attachment":[{"href":"https:\/\/www.professional-haircare.it\/pl\/wp-json\/wp\/v2\/media?parent=2506"}],"wp:term":[{"taxonomy":"product_brand","embeddable":true,"href":"https:\/\/www.professional-haircare.it\/pl\/wp-json\/wp\/v2\/product_brand?post=2506"},{"taxonomy":"product_cat","embeddable":true,"href":"https:\/\/www.professional-haircare.it\/pl\/wp-json\/wp\/v2\/product_cat?post=2506"},{"taxonomy":"product_tag","embeddable":true,"href":"https:\/\/www.professional-haircare.it\/pl\/wp-json\/wp\/v2\/product_tag?post=2506"}],"curies":[{"name":"wp","href":"https:\/\/api.w.org\/{rel}","templated":true}]}}