{"id":2505,"date":"2015-06-30T11:34:25","date_gmt":"2015-06-30T09:34:25","guid":{"rendered":"https:\/\/www.professional-haircare.it\/products\/bez-kategorii\/x-mode-mus-kierunkowy\/"},"modified":"2024-04-17T15:42:48","modified_gmt":"2024-04-17T13:42:48","slug":"x-mode-power-control","status":"publish","type":"product","link":"https:\/\/www.professional-haircare.it\/pl\/products\/finishing-pl\/mousse-pl\/x-mode-power-control\/","title":{"rendered":"X Mode | Power Control"},"content":{"rendered":"","protected":false},"excerpt":{"rendered":"<p><b>X Mode Mus kierunkowy<\/b><span style=\"font-weight: 400;\"> sprawia, \u017ce fryzura jest wyj\u0105tkowa, nadaj\u0105c jej <\/span><b>obj\u0119to\u015b\u0107 i utrwalenie<\/b><span style=\"font-weight: 400;\">. Nie pozostawia \u015blad\u00f3w i nie obci\u0105\u017ca w\u0142os\u00f3w. Utrwali ka\u017cd\u0105 fryzur\u0119 dzi\u0119ki <\/span><b>ekstremalnie mocnemu chwytowi.<\/b><\/p>\n<p><span style=\"font-weight: 400;\">Do u\u017cytku profesjonalnego<\/span><\/p>\n<p><span style=\"font-weight: 400;\">Butelka o pojemno\u015bci 300 ml<\/span><\/p>\n","protected":false},"featured_media":6862,"comment_status":"closed","ping_status":"closed","template":"","meta":[],"product_brand":[],"product_cat":[284,286],"product_tag":[],"class_list":{"0":"post-2505","1":"product","2":"type-product","3":"status-publish","4":"has-post-thumbnail","6":"product_cat-finishing-pl","7":"product_cat-mousse-pl","9":"first","10":"instock","11":"shipping-taxable","12":"product-type-simple"},"yoast_head":"<!-- This site is optimized with the Yoast SEO plugin v26.8 - https:\/\/yoast.com\/product\/yoast-seo-wordpress\/ -->\n<title>X Mode | Power Control<\/title>\n<meta name=\"description\" content=\"X Mode Power Control, \u017ce fryzura jest wyj\u0105tkowa, nadaj\u0105c jej obj\u0119to\u015b\u0107 i utrwalenie.\" \/>\n<meta name=\"robots\" content=\"index, follow, max-snippet:-1, max-image-preview:large, max-video-preview:-1\" \/>\n<link rel=\"canonical\" href=\"https:\/\/www.professional-haircare.it\/pl\/products\/finishing-pl\/mousse-pl\/x-mode-power-control\/\" \/>\n<meta property=\"og:locale\" content=\"pl_PL\" \/>\n<meta property=\"og:type\" content=\"article\" \/>\n<meta property=\"og:title\" content=\"X Mode | Power Control\" \/>\n<meta property=\"og:description\" content=\"X Mode Power Control, \u017ce fryzura jest wyj\u0105tkowa, nadaj\u0105c jej obj\u0119to\u015b\u0107 i utrwalenie.\" \/>\n<meta property=\"og:url\" content=\"https:\/\/www.professional-haircare.it\/pl\/products\/finishing-pl\/mousse-pl\/x-mode-power-control\/\" \/>\n<meta property=\"og:site_name\" content=\"Professional Hair Care\" \/>\n<meta property=\"article:modified_time\" content=\"2024-04-17T13:42:48+00:00\" \/>\n<meta property=\"og:image\" content=\"https:\/\/professional-haircare.it\/wp-content\/uploads\/2024\/04\/13030_professional_x_mode_power_control_300ml.png\" \/>\n\t<meta property=\"og:image:width\" content=\"800\" \/>\n\t<meta property=\"og:image:height\" content=\"800\" \/>\n\t<meta property=\"og:image:type\" content=\"image\/png\" \/>\n<meta name=\"twitter:card\" content=\"summary_large_image\" \/>\n<script type=\"application\/ld+json\" class=\"yoast-schema-graph\">{\"@context\":\"https:\/\/schema.org\",\"@graph\":[{\"@type\":\"WebPage\",\"@id\":\"https:\/\/www.professional-haircare.it\/pl\/products\/finishing-pl\/mousse-pl\/x-mode-power-control\/\",\"url\":\"https:\/\/www.professional-haircare.it\/pl\/products\/finishing-pl\/mousse-pl\/x-mode-power-control\/\",\"name\":\"X Mode | Power Control\",\"isPartOf\":{\"@id\":\"https:\/\/professional-haircare.it\/#website\"},\"primaryImageOfPage\":{\"@id\":\"https:\/\/www.professional-haircare.it\/pl\/products\/finishing-pl\/mousse-pl\/x-mode-power-control\/#primaryimage\"},\"image\":{\"@id\":\"https:\/\/www.professional-haircare.it\/pl\/products\/finishing-pl\/mousse-pl\/x-mode-power-control\/#primaryimage\"},\"thumbnailUrl\":\"https:\/\/www.professional-haircare.it\/wp-content\/uploads\/2024\/04\/13030_professional_x_mode_power_control_300ml.png\",\"datePublished\":\"2015-06-30T09:34:25+00:00\",\"dateModified\":\"2024-04-17T13:42:48+00:00\",\"description\":\"X Mode Power Control, \u017ce fryzura jest wyj\u0105tkowa, nadaj\u0105c jej obj\u0119to\u015b\u0107 i utrwalenie.\",\"breadcrumb\":{\"@id\":\"https:\/\/www.professional-haircare.it\/pl\/products\/finishing-pl\/mousse-pl\/x-mode-power-control\/#breadcrumb\"},\"inLanguage\":\"pl-PL\",\"potentialAction\":[{\"@type\":\"ReadAction\",\"target\":[\"https:\/\/www.professional-haircare.it\/pl\/products\/finishing-pl\/mousse-pl\/x-mode-power-control\/\"]}]},{\"@type\":\"ImageObject\",\"inLanguage\":\"pl-PL\",\"@id\":\"https:\/\/www.professional-haircare.it\/pl\/products\/finishing-pl\/mousse-pl\/x-mode-power-control\/#primaryimage\",\"url\":\"https:\/\/www.professional-haircare.it\/wp-content\/uploads\/2024\/04\/13030_professional_x_mode_power_control_300ml.png\",\"contentUrl\":\"https:\/\/www.professional-haircare.it\/wp-content\/uploads\/2024\/04\/13030_professional_x_mode_power_control_300ml.png\",\"width\":800,\"height\":800},{\"@type\":\"BreadcrumbList\",\"@id\":\"https:\/\/www.professional-haircare.it\/pl\/products\/finishing-pl\/mousse-pl\/x-mode-power-control\/#breadcrumb\",\"itemListElement\":[{\"@type\":\"ListItem\",\"position\":1,\"name\":\"Home\",\"item\":\"https:\/\/professional-haircare.it\/pl\/\"},{\"@type\":\"ListItem\",\"position\":2,\"name\":\"Sklep\",\"item\":\"https:\/\/professional-haircare.it\/pl\/sklep\/\"},{\"@type\":\"ListItem\",\"position\":3,\"name\":\"X Mode | Power Control\"}]},{\"@type\":\"WebSite\",\"@id\":\"https:\/\/professional-haircare.it\/#website\",\"url\":\"https:\/\/professional-haircare.it\/\",\"name\":\"Professional Hair Care\",\"description\":\"Hair Quality Solutions\",\"potentialAction\":[{\"@type\":\"SearchAction\",\"target\":{\"@type\":\"EntryPoint\",\"urlTemplate\":\"https:\/\/professional-haircare.it\/?s={search_term_string}\"},\"query-input\":{\"@type\":\"PropertyValueSpecification\",\"valueRequired\":true,\"valueName\":\"search_term_string\"}}],\"inLanguage\":\"pl-PL\"}]}<\/script>\n<!-- \/ Yoast SEO plugin. -->","yoast_head_json":{"title":"X Mode | Power Control","description":"X Mode Power Control, \u017ce fryzura jest wyj\u0105tkowa, nadaj\u0105c jej obj\u0119to\u015b\u0107 i utrwalenie.","robots":{"index":"index","follow":"follow","max-snippet":"max-snippet:-1","max-image-preview":"max-image-preview:large","max-video-preview":"max-video-preview:-1"},"canonical":"https:\/\/www.professional-haircare.it\/pl\/products\/finishing-pl\/mousse-pl\/x-mode-power-control\/","og_locale":"pl_PL","og_type":"article","og_title":"X Mode | Power Control","og_description":"X Mode Power Control, \u017ce fryzura jest wyj\u0105tkowa, nadaj\u0105c jej obj\u0119to\u015b\u0107 i utrwalenie.","og_url":"https:\/\/www.professional-haircare.it\/pl\/products\/finishing-pl\/mousse-pl\/x-mode-power-control\/","og_site_name":"Professional Hair Care","article_modified_time":"2024-04-17T13:42:48+00:00","og_image":[{"width":800,"height":800,"url":"https:\/\/professional-haircare.it\/wp-content\/uploads\/2024\/04\/13030_professional_x_mode_power_control_300ml.png","type":"image\/png"}],"twitter_card":"summary_large_image","schema":{"@context":"https:\/\/schema.org","@graph":[{"@type":"WebPage","@id":"https:\/\/www.professional-haircare.it\/pl\/products\/finishing-pl\/mousse-pl\/x-mode-power-control\/","url":"https:\/\/www.professional-haircare.it\/pl\/products\/finishing-pl\/mousse-pl\/x-mode-power-control\/","name":"X Mode | Power Control","isPartOf":{"@id":"https:\/\/professional-haircare.it\/#website"},"primaryImageOfPage":{"@id":"https:\/\/www.professional-haircare.it\/pl\/products\/finishing-pl\/mousse-pl\/x-mode-power-control\/#primaryimage"},"image":{"@id":"https:\/\/www.professional-haircare.it\/pl\/products\/finishing-pl\/mousse-pl\/x-mode-power-control\/#primaryimage"},"thumbnailUrl":"https:\/\/www.professional-haircare.it\/wp-content\/uploads\/2024\/04\/13030_professional_x_mode_power_control_300ml.png","datePublished":"2015-06-30T09:34:25+00:00","dateModified":"2024-04-17T13:42:48+00:00","description":"X Mode Power Control, \u017ce fryzura jest wyj\u0105tkowa, nadaj\u0105c jej obj\u0119to\u015b\u0107 i utrwalenie.","breadcrumb":{"@id":"https:\/\/www.professional-haircare.it\/pl\/products\/finishing-pl\/mousse-pl\/x-mode-power-control\/#breadcrumb"},"inLanguage":"pl-PL","potentialAction":[{"@type":"ReadAction","target":["https:\/\/www.professional-haircare.it\/pl\/products\/finishing-pl\/mousse-pl\/x-mode-power-control\/"]}]},{"@type":"ImageObject","inLanguage":"pl-PL","@id":"https:\/\/www.professional-haircare.it\/pl\/products\/finishing-pl\/mousse-pl\/x-mode-power-control\/#primaryimage","url":"https:\/\/www.professional-haircare.it\/wp-content\/uploads\/2024\/04\/13030_professional_x_mode_power_control_300ml.png","contentUrl":"https:\/\/www.professional-haircare.it\/wp-content\/uploads\/2024\/04\/13030_professional_x_mode_power_control_300ml.png","width":800,"height":800},{"@type":"BreadcrumbList","@id":"https:\/\/www.professional-haircare.it\/pl\/products\/finishing-pl\/mousse-pl\/x-mode-power-control\/#breadcrumb","itemListElement":[{"@type":"ListItem","position":1,"name":"Home","item":"https:\/\/professional-haircare.it\/pl\/"},{"@type":"ListItem","position":2,"name":"Sklep","item":"https:\/\/professional-haircare.it\/pl\/sklep\/"},{"@type":"ListItem","position":3,"name":"X Mode | Power Control"}]},{"@type":"WebSite","@id":"https:\/\/professional-haircare.it\/#website","url":"https:\/\/professional-haircare.it\/","name":"Professional Hair Care","description":"Hair Quality Solutions","potentialAction":[{"@type":"SearchAction","target":{"@type":"EntryPoint","urlTemplate":"https:\/\/professional-haircare.it\/?s={search_term_string}"},"query-input":{"@type":"PropertyValueSpecification","valueRequired":true,"valueName":"search_term_string"}}],"inLanguage":"pl-PL"}]}},"_links":{"self":[{"href":"https:\/\/www.professional-haircare.it\/pl\/wp-json\/wp\/v2\/product\/2505","targetHints":{"allow":["GET"]}}],"collection":[{"href":"https:\/\/www.professional-haircare.it\/pl\/wp-json\/wp\/v2\/product"}],"about":[{"href":"https:\/\/www.professional-haircare.it\/pl\/wp-json\/wp\/v2\/types\/product"}],"replies":[{"embeddable":true,"href":"https:\/\/www.professional-haircare.it\/pl\/wp-json\/wp\/v2\/comments?post=2505"}],"wp:featuredmedia":[{"embeddable":true,"href":"https:\/\/www.professional-haircare.it\/pl\/wp-json\/wp\/v2\/media\/6862"}],"wp:attachment":[{"href":"https:\/\/www.professional-haircare.it\/pl\/wp-json\/wp\/v2\/media?parent=2505"}],"wp:term":[{"taxonomy":"product_brand","embeddable":true,"href":"https:\/\/www.professional-haircare.it\/pl\/wp-json\/wp\/v2\/product_brand?post=2505"},{"taxonomy":"product_cat","embeddable":true,"href":"https:\/\/www.professional-haircare.it\/pl\/wp-json\/wp\/v2\/product_cat?post=2505"},{"taxonomy":"product_tag","embeddable":true,"href":"https:\/\/www.professional-haircare.it\/pl\/wp-json\/wp\/v2\/product_tag?post=2505"}],"curies":[{"name":"wp","href":"https:\/\/api.w.org\/{rel}","templated":true}]}}