{"id":2500,"date":"2017-09-29T12:42:40","date_gmt":"2017-09-29T10:42:40","guid":{"rendered":"https:\/\/www.professional-haircare.it\/products\/bez-kategorii\/x-mode-elixir-spray-dwufazowa-odzywka-bez-splukiwania\/"},"modified":"2022-01-28T12:38:38","modified_gmt":"2022-01-28T11:38:38","slug":"x-mode-elixir-spray-dwufazowa-odzywka-bez-splukiwania","status":"publish","type":"product","link":"https:\/\/www.professional-haircare.it\/pl\/products\/finishing-pl\/spray-pl\/x-mode-elixir-spray-dwufazowa-odzywka-bez-splukiwania\/","title":{"rendered":"X Mode | Elixir Spray <br> Dwufazowa od\u017cywka bez sp\u0142ukiwania"},"content":{"rendered":"","protected":false},"excerpt":{"rendered":"<p><span style=\"font-weight: 400;\">Elixir Spray, <\/span><b>dwufazowa od\u017cywka <\/b><span style=\"font-weight: 400;\">bez sp\u0142ukiwania<\/span><b>, rozpl\u0105tuje<\/b><span style=\"font-weight: 400;\">, <\/span><b>od\u017cywia<\/b><span style=\"font-weight: 400;\"> i <\/span><b>nawil\u017ca<\/b><span style=\"font-weight: 400;\"> w\u0142osy dzi\u0119ki zawarto\u015bci <\/span><b>pantenolu <\/b><span style=\"font-weight: 400;\">i<\/span><b> bia\u0142ek pszenicy.<\/b><\/p>\n<p><span style=\"font-weight: 400;\">Wzbogacona o aminokwasy <\/span><b>keratyny<\/b><span style=\"font-weight: 400;\"> pomaga wyg\u0142adzi\u0107 powierzchni\u0119 w\u0142os\u00f3w i <\/span><b>u\u0142atwia ich rozczesywanie<\/b><span style=\"font-weight: 400;\">. Sprawia, \u017ce w\u0142osy s\u0105 mi\u0119kkie i l\u015bni\u0105ce.\u00a0<\/span><\/p>\n<p><span style=\"font-weight: 400;\">Flakon o pojemno\u015bci 250 ml<\/span><\/p>\n","protected":false},"featured_media":6876,"comment_status":"closed","ping_status":"closed","template":"","meta":[],"product_brand":[],"product_cat":[284,287],"product_tag":[],"class_list":{"0":"post-2500","1":"product","2":"type-product","3":"status-publish","4":"has-post-thumbnail","6":"product_cat-finishing-pl","7":"product_cat-spray-pl","9":"first","10":"instock","11":"shipping-taxable","12":"product-type-simple"},"yoast_head":"<!-- This site is optimized with the Yoast SEO plugin v26.8 - https:\/\/yoast.com\/product\/yoast-seo-wordpress\/ -->\n<title>Dwufazowa od\u017cywka bez sp\u0142ukiwania | X Mode | Elixir Spray<\/title>\n<meta name=\"description\" content=\"Elixir Spray, dwufazowa od\u017cywka bez sp\u0142ukiwania, rozpl\u0105tuje, od\u017cywia i nawil\u017ca w\u0142osy dzi\u0119ki zawarto\u015bci pantenolu i bia\u0142ek pszenicy.\" \/>\n<meta name=\"robots\" content=\"index, follow, max-snippet:-1, max-image-preview:large, max-video-preview:-1\" \/>\n<link rel=\"canonical\" href=\"https:\/\/www.professional-haircare.it\/pl\/products\/finishing-pl\/spray-pl\/x-mode-elixir-spray-dwufazowa-odzywka-bez-splukiwania\/\" \/>\n<meta property=\"og:locale\" content=\"pl_PL\" \/>\n<meta property=\"og:type\" content=\"article\" \/>\n<meta property=\"og:title\" content=\"Dwufazowa od\u017cywka bez sp\u0142ukiwania | X Mode | Elixir Spray\" \/>\n<meta property=\"og:description\" content=\"Elixir Spray, dwufazowa od\u017cywka bez sp\u0142ukiwania, rozpl\u0105tuje, od\u017cywia i nawil\u017ca w\u0142osy dzi\u0119ki zawarto\u015bci pantenolu i bia\u0142ek pszenicy.\" \/>\n<meta property=\"og:url\" content=\"https:\/\/www.professional-haircare.it\/pl\/products\/finishing-pl\/spray-pl\/x-mode-elixir-spray-dwufazowa-odzywka-bez-splukiwania\/\" \/>\n<meta property=\"og:site_name\" content=\"Professional Hair Care\" \/>\n<meta property=\"article:modified_time\" content=\"2022-01-28T11:38:38+00:00\" \/>\n<meta property=\"og:image\" content=\"https:\/\/professional-haircare.it\/wp-content\/uploads\/2020\/07\/13025_professional_x_mode_elixir_spray_2_phase_leave_in_conditioner_250ml.png\" \/>\n\t<meta property=\"og:image:width\" content=\"600\" \/>\n\t<meta property=\"og:image:height\" content=\"600\" \/>\n\t<meta property=\"og:image:type\" content=\"image\/png\" \/>\n<meta name=\"twitter:card\" content=\"summary_large_image\" \/>\n<script type=\"application\/ld+json\" class=\"yoast-schema-graph\">{\"@context\":\"https:\/\/schema.org\",\"@graph\":[{\"@type\":\"WebPage\",\"@id\":\"https:\/\/www.professional-haircare.it\/pl\/products\/finishing-pl\/spray-pl\/x-mode-elixir-spray-dwufazowa-odzywka-bez-splukiwania\/\",\"url\":\"https:\/\/www.professional-haircare.it\/pl\/products\/finishing-pl\/spray-pl\/x-mode-elixir-spray-dwufazowa-odzywka-bez-splukiwania\/\",\"name\":\"Dwufazowa od\u017cywka bez sp\u0142ukiwania | X Mode | Elixir Spray\",\"isPartOf\":{\"@id\":\"https:\/\/professional-haircare.it\/#website\"},\"primaryImageOfPage\":{\"@id\":\"https:\/\/www.professional-haircare.it\/pl\/products\/finishing-pl\/spray-pl\/x-mode-elixir-spray-dwufazowa-odzywka-bez-splukiwania\/#primaryimage\"},\"image\":{\"@id\":\"https:\/\/www.professional-haircare.it\/pl\/products\/finishing-pl\/spray-pl\/x-mode-elixir-spray-dwufazowa-odzywka-bez-splukiwania\/#primaryimage\"},\"thumbnailUrl\":\"https:\/\/www.professional-haircare.it\/wp-content\/uploads\/2017\/09\/13025_professional_x_mode_elixir_spray_2_phase_leave_in_conditioner_250ml.png\",\"datePublished\":\"2017-09-29T10:42:40+00:00\",\"dateModified\":\"2022-01-28T11:38:38+00:00\",\"description\":\"Elixir Spray, dwufazowa od\u017cywka bez sp\u0142ukiwania, rozpl\u0105tuje, od\u017cywia i nawil\u017ca w\u0142osy dzi\u0119ki zawarto\u015bci pantenolu i bia\u0142ek pszenicy.\",\"breadcrumb\":{\"@id\":\"https:\/\/www.professional-haircare.it\/pl\/products\/finishing-pl\/spray-pl\/x-mode-elixir-spray-dwufazowa-odzywka-bez-splukiwania\/#breadcrumb\"},\"inLanguage\":\"pl-PL\",\"potentialAction\":[{\"@type\":\"ReadAction\",\"target\":[\"https:\/\/www.professional-haircare.it\/pl\/products\/finishing-pl\/spray-pl\/x-mode-elixir-spray-dwufazowa-odzywka-bez-splukiwania\/\"]}]},{\"@type\":\"ImageObject\",\"inLanguage\":\"pl-PL\",\"@id\":\"https:\/\/www.professional-haircare.it\/pl\/products\/finishing-pl\/spray-pl\/x-mode-elixir-spray-dwufazowa-odzywka-bez-splukiwania\/#primaryimage\",\"url\":\"https:\/\/www.professional-haircare.it\/wp-content\/uploads\/2017\/09\/13025_professional_x_mode_elixir_spray_2_phase_leave_in_conditioner_250ml.png\",\"contentUrl\":\"https:\/\/www.professional-haircare.it\/wp-content\/uploads\/2017\/09\/13025_professional_x_mode_elixir_spray_2_phase_leave_in_conditioner_250ml.png\",\"width\":800,\"height\":800},{\"@type\":\"BreadcrumbList\",\"@id\":\"https:\/\/www.professional-haircare.it\/pl\/products\/finishing-pl\/spray-pl\/x-mode-elixir-spray-dwufazowa-odzywka-bez-splukiwania\/#breadcrumb\",\"itemListElement\":[{\"@type\":\"ListItem\",\"position\":1,\"name\":\"Home\",\"item\":\"https:\/\/professional-haircare.it\/pl\/\"},{\"@type\":\"ListItem\",\"position\":2,\"name\":\"Sklep\",\"item\":\"https:\/\/professional-haircare.it\/pl\/sklep\/\"},{\"@type\":\"ListItem\",\"position\":3,\"name\":\"X Mode | Elixir Spray Dwufazowa od\u017cywka bez sp\u0142ukiwania\"}]},{\"@type\":\"WebSite\",\"@id\":\"https:\/\/professional-haircare.it\/#website\",\"url\":\"https:\/\/professional-haircare.it\/\",\"name\":\"Professional Hair Care\",\"description\":\"Hair Quality Solutions\",\"potentialAction\":[{\"@type\":\"SearchAction\",\"target\":{\"@type\":\"EntryPoint\",\"urlTemplate\":\"https:\/\/professional-haircare.it\/?s={search_term_string}\"},\"query-input\":{\"@type\":\"PropertyValueSpecification\",\"valueRequired\":true,\"valueName\":\"search_term_string\"}}],\"inLanguage\":\"pl-PL\"}]}<\/script>\n<!-- \/ Yoast SEO plugin. -->","yoast_head_json":{"title":"Dwufazowa od\u017cywka bez sp\u0142ukiwania | X Mode | Elixir Spray","description":"Elixir Spray, dwufazowa od\u017cywka bez sp\u0142ukiwania, rozpl\u0105tuje, od\u017cywia i nawil\u017ca w\u0142osy dzi\u0119ki zawarto\u015bci pantenolu i bia\u0142ek pszenicy.","robots":{"index":"index","follow":"follow","max-snippet":"max-snippet:-1","max-image-preview":"max-image-preview:large","max-video-preview":"max-video-preview:-1"},"canonical":"https:\/\/www.professional-haircare.it\/pl\/products\/finishing-pl\/spray-pl\/x-mode-elixir-spray-dwufazowa-odzywka-bez-splukiwania\/","og_locale":"pl_PL","og_type":"article","og_title":"Dwufazowa od\u017cywka bez sp\u0142ukiwania | X Mode | Elixir Spray","og_description":"Elixir Spray, dwufazowa od\u017cywka bez sp\u0142ukiwania, rozpl\u0105tuje, od\u017cywia i nawil\u017ca w\u0142osy dzi\u0119ki zawarto\u015bci pantenolu i bia\u0142ek pszenicy.","og_url":"https:\/\/www.professional-haircare.it\/pl\/products\/finishing-pl\/spray-pl\/x-mode-elixir-spray-dwufazowa-odzywka-bez-splukiwania\/","og_site_name":"Professional Hair Care","article_modified_time":"2022-01-28T11:38:38+00:00","og_image":[{"width":600,"height":600,"url":"https:\/\/professional-haircare.it\/wp-content\/uploads\/2020\/07\/13025_professional_x_mode_elixir_spray_2_phase_leave_in_conditioner_250ml.png","type":"image\/png"}],"twitter_card":"summary_large_image","schema":{"@context":"https:\/\/schema.org","@graph":[{"@type":"WebPage","@id":"https:\/\/www.professional-haircare.it\/pl\/products\/finishing-pl\/spray-pl\/x-mode-elixir-spray-dwufazowa-odzywka-bez-splukiwania\/","url":"https:\/\/www.professional-haircare.it\/pl\/products\/finishing-pl\/spray-pl\/x-mode-elixir-spray-dwufazowa-odzywka-bez-splukiwania\/","name":"Dwufazowa od\u017cywka bez sp\u0142ukiwania | X Mode | Elixir Spray","isPartOf":{"@id":"https:\/\/professional-haircare.it\/#website"},"primaryImageOfPage":{"@id":"https:\/\/www.professional-haircare.it\/pl\/products\/finishing-pl\/spray-pl\/x-mode-elixir-spray-dwufazowa-odzywka-bez-splukiwania\/#primaryimage"},"image":{"@id":"https:\/\/www.professional-haircare.it\/pl\/products\/finishing-pl\/spray-pl\/x-mode-elixir-spray-dwufazowa-odzywka-bez-splukiwania\/#primaryimage"},"thumbnailUrl":"https:\/\/www.professional-haircare.it\/wp-content\/uploads\/2017\/09\/13025_professional_x_mode_elixir_spray_2_phase_leave_in_conditioner_250ml.png","datePublished":"2017-09-29T10:42:40+00:00","dateModified":"2022-01-28T11:38:38+00:00","description":"Elixir Spray, dwufazowa od\u017cywka bez sp\u0142ukiwania, rozpl\u0105tuje, od\u017cywia i nawil\u017ca w\u0142osy dzi\u0119ki zawarto\u015bci pantenolu i bia\u0142ek pszenicy.","breadcrumb":{"@id":"https:\/\/www.professional-haircare.it\/pl\/products\/finishing-pl\/spray-pl\/x-mode-elixir-spray-dwufazowa-odzywka-bez-splukiwania\/#breadcrumb"},"inLanguage":"pl-PL","potentialAction":[{"@type":"ReadAction","target":["https:\/\/www.professional-haircare.it\/pl\/products\/finishing-pl\/spray-pl\/x-mode-elixir-spray-dwufazowa-odzywka-bez-splukiwania\/"]}]},{"@type":"ImageObject","inLanguage":"pl-PL","@id":"https:\/\/www.professional-haircare.it\/pl\/products\/finishing-pl\/spray-pl\/x-mode-elixir-spray-dwufazowa-odzywka-bez-splukiwania\/#primaryimage","url":"https:\/\/www.professional-haircare.it\/wp-content\/uploads\/2017\/09\/13025_professional_x_mode_elixir_spray_2_phase_leave_in_conditioner_250ml.png","contentUrl":"https:\/\/www.professional-haircare.it\/wp-content\/uploads\/2017\/09\/13025_professional_x_mode_elixir_spray_2_phase_leave_in_conditioner_250ml.png","width":800,"height":800},{"@type":"BreadcrumbList","@id":"https:\/\/www.professional-haircare.it\/pl\/products\/finishing-pl\/spray-pl\/x-mode-elixir-spray-dwufazowa-odzywka-bez-splukiwania\/#breadcrumb","itemListElement":[{"@type":"ListItem","position":1,"name":"Home","item":"https:\/\/professional-haircare.it\/pl\/"},{"@type":"ListItem","position":2,"name":"Sklep","item":"https:\/\/professional-haircare.it\/pl\/sklep\/"},{"@type":"ListItem","position":3,"name":"X Mode | Elixir Spray Dwufazowa od\u017cywka bez sp\u0142ukiwania"}]},{"@type":"WebSite","@id":"https:\/\/professional-haircare.it\/#website","url":"https:\/\/professional-haircare.it\/","name":"Professional Hair Care","description":"Hair Quality Solutions","potentialAction":[{"@type":"SearchAction","target":{"@type":"EntryPoint","urlTemplate":"https:\/\/professional-haircare.it\/?s={search_term_string}"},"query-input":{"@type":"PropertyValueSpecification","valueRequired":true,"valueName":"search_term_string"}}],"inLanguage":"pl-PL"}]}},"_links":{"self":[{"href":"https:\/\/www.professional-haircare.it\/pl\/wp-json\/wp\/v2\/product\/2500","targetHints":{"allow":["GET"]}}],"collection":[{"href":"https:\/\/www.professional-haircare.it\/pl\/wp-json\/wp\/v2\/product"}],"about":[{"href":"https:\/\/www.professional-haircare.it\/pl\/wp-json\/wp\/v2\/types\/product"}],"replies":[{"embeddable":true,"href":"https:\/\/www.professional-haircare.it\/pl\/wp-json\/wp\/v2\/comments?post=2500"}],"wp:featuredmedia":[{"embeddable":true,"href":"https:\/\/www.professional-haircare.it\/pl\/wp-json\/wp\/v2\/media\/6876"}],"wp:attachment":[{"href":"https:\/\/www.professional-haircare.it\/pl\/wp-json\/wp\/v2\/media?parent=2500"}],"wp:term":[{"taxonomy":"product_brand","embeddable":true,"href":"https:\/\/www.professional-haircare.it\/pl\/wp-json\/wp\/v2\/product_brand?post=2500"},{"taxonomy":"product_cat","embeddable":true,"href":"https:\/\/www.professional-haircare.it\/pl\/wp-json\/wp\/v2\/product_cat?post=2500"},{"taxonomy":"product_tag","embeddable":true,"href":"https:\/\/www.professional-haircare.it\/pl\/wp-json\/wp\/v2\/product_tag?post=2500"}],"curies":[{"name":"wp","href":"https:\/\/api.w.org\/{rel}","templated":true}]}}