{"id":2329,"date":"2015-06-30T17:19:56","date_gmt":"2015-06-30T15:19:56","guid":{"rendered":"https:\/\/www.professional-haircare.it\/products\/bez-kategorii\/professional-koncentrator-tlenu-w-kremie-40-vol\/"},"modified":"2015-06-30T17:19:56","modified_gmt":"2015-06-30T15:19:56","slug":"professional-koncentrator-tlenu-w-kremie-40-vol","status":"publish","type":"product","link":"https:\/\/www.professional-haircare.it\/pl\/products\/colouring-pl\/oxidation-pl\/professional-koncentrator-tlenu-w-kremie-40-vol\/","title":{"rendered":"Professional | Koncentrator tlenu w kremie 40 Vol"},"content":{"rendered":"<p><span style=\"font-weight: 400;\">Zapewnia <\/span><b>wysok\u0105 stabilno\u015b\u0107<\/b><span style=\"font-weight: 400;\"> w trakcie koloryzacji<\/span><\/p>\n<p><span style=\"font-weight: 400;\">Pozwala<\/span><b> na doskona\u0142e pokrycie<\/b><span style=\"font-weight: 400;\"> siwych w\u0142os\u00f3w<\/span><\/p>\n<p><span style=\"font-weight: 400;\">Wyr\u00f3\u017cnia si\u0119 wyj\u0105tkow\u0105<\/span><b> kremow\u0105 konsystencj\u0105<\/b><\/p>\n<p><span style=\"font-weight: 400;\">Chroni <\/span><b>w\u0142\u00f3kno w\u0142osa<\/b><span style=\"font-weight: 400;\"> przed szkodliwym dzia\u0142aniem<\/span><\/p>\n","protected":false},"excerpt":{"rendered":"<p><b>Koncentrator tlenu w kremie 40 vol (12%)<\/b><span style=\"font-weight: 400;\"> uwalniaj\u0105cy tlen w trakcie zabieg\u00f3w fryzjerskich. Zapewnia <\/span><b>ca\u0142kowite rozja\u015bnienie i perfekcyjn\u0105 koloryzacj\u0119<\/b><span style=\"font-weight: 400;\">.\u00a0 Przyjemny zapach.<\/span><\/p>\n<p><span style=\"font-weight: 400;\">Do u\u017cytku profesjonalnego<\/span><\/p>\n<p><span style=\"font-weight: 400;\">Flakon o pojemno\u015bci 1000 ml<\/span><\/p>\n<p><span style=\"font-weight: 400;\">40 vol. (12%)<\/span><\/p>\n","protected":false},"featured_media":2220,"comment_status":"closed","ping_status":"closed","template":"","meta":[],"product_brand":[],"product_cat":[279,283],"product_tag":[],"class_list":{"0":"post-2329","1":"product","2":"type-product","3":"status-publish","4":"has-post-thumbnail","6":"product_cat-colouring-pl","7":"product_cat-oxidation-pl","9":"first","10":"instock","11":"shipping-taxable","12":"product-type-simple"},"yoast_head":"<!-- This site is optimized with the Yoast SEO plugin v26.8 - https:\/\/yoast.com\/product\/yoast-seo-wordpress\/ -->\n<title>Professional | Koncentrator tlenu w kremie 40 Vol<\/title>\n<meta name=\"description\" content=\"Koncentrator tlenu w kremie 40 vol (12%) uwalniaj\u0105cy tlen w trakcie zabieg\u00f3w fryzjerskich.\" \/>\n<meta name=\"robots\" content=\"index, follow, max-snippet:-1, max-image-preview:large, max-video-preview:-1\" \/>\n<link rel=\"canonical\" href=\"https:\/\/www.professional-haircare.it\/pl\/products\/colouring-pl\/oxidation-pl\/professional-koncentrator-tlenu-w-kremie-40-vol\/\" \/>\n<meta property=\"og:locale\" content=\"pl_PL\" \/>\n<meta property=\"og:type\" content=\"article\" \/>\n<meta property=\"og:title\" content=\"Professional | Koncentrator tlenu w kremie 40 Vol\" \/>\n<meta property=\"og:description\" content=\"Koncentrator tlenu w kremie 40 vol (12%) uwalniaj\u0105cy tlen w trakcie zabieg\u00f3w fryzjerskich.\" \/>\n<meta property=\"og:url\" content=\"https:\/\/www.professional-haircare.it\/pl\/products\/colouring-pl\/oxidation-pl\/professional-koncentrator-tlenu-w-kremie-40-vol\/\" \/>\n<meta property=\"og:site_name\" content=\"Professional Hair Care\" \/>\n<meta property=\"og:image\" content=\"https:\/\/professional-haircare.it\/wp-content\/uploads\/2015\/06\/11002_professional_oxygen_cream_40vol_1000ml.png\" \/>\n\t<meta property=\"og:image:width\" content=\"600\" \/>\n\t<meta property=\"og:image:height\" content=\"600\" \/>\n\t<meta property=\"og:image:type\" content=\"image\/png\" \/>\n<meta name=\"twitter:card\" content=\"summary_large_image\" \/>\n<script type=\"application\/ld+json\" class=\"yoast-schema-graph\">{\"@context\":\"https:\/\/schema.org\",\"@graph\":[{\"@type\":\"WebPage\",\"@id\":\"https:\/\/www.professional-haircare.it\/pl\/products\/colouring-pl\/oxidation-pl\/professional-koncentrator-tlenu-w-kremie-40-vol\/\",\"url\":\"https:\/\/www.professional-haircare.it\/pl\/products\/colouring-pl\/oxidation-pl\/professional-koncentrator-tlenu-w-kremie-40-vol\/\",\"name\":\"Professional | Koncentrator tlenu w kremie 40 Vol\",\"isPartOf\":{\"@id\":\"https:\/\/professional-haircare.it\/#website\"},\"primaryImageOfPage\":{\"@id\":\"https:\/\/www.professional-haircare.it\/pl\/products\/colouring-pl\/oxidation-pl\/professional-koncentrator-tlenu-w-kremie-40-vol\/#primaryimage\"},\"image\":{\"@id\":\"https:\/\/www.professional-haircare.it\/pl\/products\/colouring-pl\/oxidation-pl\/professional-koncentrator-tlenu-w-kremie-40-vol\/#primaryimage\"},\"thumbnailUrl\":\"https:\/\/www.professional-haircare.it\/wp-content\/uploads\/2015\/06\/11002_professional_oxygen_cream_40vol_1000ml.png\",\"datePublished\":\"2015-06-30T15:19:56+00:00\",\"description\":\"Koncentrator tlenu w kremie 40 vol (12%) uwalniaj\u0105cy tlen w trakcie zabieg\u00f3w fryzjerskich.\",\"breadcrumb\":{\"@id\":\"https:\/\/www.professional-haircare.it\/pl\/products\/colouring-pl\/oxidation-pl\/professional-koncentrator-tlenu-w-kremie-40-vol\/#breadcrumb\"},\"inLanguage\":\"pl-PL\",\"potentialAction\":[{\"@type\":\"ReadAction\",\"target\":[\"https:\/\/www.professional-haircare.it\/pl\/products\/colouring-pl\/oxidation-pl\/professional-koncentrator-tlenu-w-kremie-40-vol\/\"]}]},{\"@type\":\"ImageObject\",\"inLanguage\":\"pl-PL\",\"@id\":\"https:\/\/www.professional-haircare.it\/pl\/products\/colouring-pl\/oxidation-pl\/professional-koncentrator-tlenu-w-kremie-40-vol\/#primaryimage\",\"url\":\"https:\/\/www.professional-haircare.it\/wp-content\/uploads\/2015\/06\/11002_professional_oxygen_cream_40vol_1000ml.png\",\"contentUrl\":\"https:\/\/www.professional-haircare.it\/wp-content\/uploads\/2015\/06\/11002_professional_oxygen_cream_40vol_1000ml.png\",\"width\":600,\"height\":600},{\"@type\":\"BreadcrumbList\",\"@id\":\"https:\/\/www.professional-haircare.it\/pl\/products\/colouring-pl\/oxidation-pl\/professional-koncentrator-tlenu-w-kremie-40-vol\/#breadcrumb\",\"itemListElement\":[{\"@type\":\"ListItem\",\"position\":1,\"name\":\"Home\",\"item\":\"https:\/\/professional-haircare.it\/pl\/\"},{\"@type\":\"ListItem\",\"position\":2,\"name\":\"Sklep\",\"item\":\"https:\/\/professional-haircare.it\/pl\/sklep\/\"},{\"@type\":\"ListItem\",\"position\":3,\"name\":\"Professional | Koncentrator tlenu w kremie 40 Vol\"}]},{\"@type\":\"WebSite\",\"@id\":\"https:\/\/professional-haircare.it\/#website\",\"url\":\"https:\/\/professional-haircare.it\/\",\"name\":\"Professional Hair Care\",\"description\":\"Hair Quality Solutions\",\"potentialAction\":[{\"@type\":\"SearchAction\",\"target\":{\"@type\":\"EntryPoint\",\"urlTemplate\":\"https:\/\/professional-haircare.it\/?s={search_term_string}\"},\"query-input\":{\"@type\":\"PropertyValueSpecification\",\"valueRequired\":true,\"valueName\":\"search_term_string\"}}],\"inLanguage\":\"pl-PL\"}]}<\/script>\n<!-- \/ Yoast SEO plugin. -->","yoast_head_json":{"title":"Professional | Koncentrator tlenu w kremie 40 Vol","description":"Koncentrator tlenu w kremie 40 vol (12%) uwalniaj\u0105cy tlen w trakcie zabieg\u00f3w fryzjerskich.","robots":{"index":"index","follow":"follow","max-snippet":"max-snippet:-1","max-image-preview":"max-image-preview:large","max-video-preview":"max-video-preview:-1"},"canonical":"https:\/\/www.professional-haircare.it\/pl\/products\/colouring-pl\/oxidation-pl\/professional-koncentrator-tlenu-w-kremie-40-vol\/","og_locale":"pl_PL","og_type":"article","og_title":"Professional | Koncentrator tlenu w kremie 40 Vol","og_description":"Koncentrator tlenu w kremie 40 vol (12%) uwalniaj\u0105cy tlen w trakcie zabieg\u00f3w fryzjerskich.","og_url":"https:\/\/www.professional-haircare.it\/pl\/products\/colouring-pl\/oxidation-pl\/professional-koncentrator-tlenu-w-kremie-40-vol\/","og_site_name":"Professional Hair Care","og_image":[{"width":600,"height":600,"url":"https:\/\/professional-haircare.it\/wp-content\/uploads\/2015\/06\/11002_professional_oxygen_cream_40vol_1000ml.png","type":"image\/png"}],"twitter_card":"summary_large_image","schema":{"@context":"https:\/\/schema.org","@graph":[{"@type":"WebPage","@id":"https:\/\/www.professional-haircare.it\/pl\/products\/colouring-pl\/oxidation-pl\/professional-koncentrator-tlenu-w-kremie-40-vol\/","url":"https:\/\/www.professional-haircare.it\/pl\/products\/colouring-pl\/oxidation-pl\/professional-koncentrator-tlenu-w-kremie-40-vol\/","name":"Professional | Koncentrator tlenu w kremie 40 Vol","isPartOf":{"@id":"https:\/\/professional-haircare.it\/#website"},"primaryImageOfPage":{"@id":"https:\/\/www.professional-haircare.it\/pl\/products\/colouring-pl\/oxidation-pl\/professional-koncentrator-tlenu-w-kremie-40-vol\/#primaryimage"},"image":{"@id":"https:\/\/www.professional-haircare.it\/pl\/products\/colouring-pl\/oxidation-pl\/professional-koncentrator-tlenu-w-kremie-40-vol\/#primaryimage"},"thumbnailUrl":"https:\/\/www.professional-haircare.it\/wp-content\/uploads\/2015\/06\/11002_professional_oxygen_cream_40vol_1000ml.png","datePublished":"2015-06-30T15:19:56+00:00","description":"Koncentrator tlenu w kremie 40 vol (12%) uwalniaj\u0105cy tlen w trakcie zabieg\u00f3w fryzjerskich.","breadcrumb":{"@id":"https:\/\/www.professional-haircare.it\/pl\/products\/colouring-pl\/oxidation-pl\/professional-koncentrator-tlenu-w-kremie-40-vol\/#breadcrumb"},"inLanguage":"pl-PL","potentialAction":[{"@type":"ReadAction","target":["https:\/\/www.professional-haircare.it\/pl\/products\/colouring-pl\/oxidation-pl\/professional-koncentrator-tlenu-w-kremie-40-vol\/"]}]},{"@type":"ImageObject","inLanguage":"pl-PL","@id":"https:\/\/www.professional-haircare.it\/pl\/products\/colouring-pl\/oxidation-pl\/professional-koncentrator-tlenu-w-kremie-40-vol\/#primaryimage","url":"https:\/\/www.professional-haircare.it\/wp-content\/uploads\/2015\/06\/11002_professional_oxygen_cream_40vol_1000ml.png","contentUrl":"https:\/\/www.professional-haircare.it\/wp-content\/uploads\/2015\/06\/11002_professional_oxygen_cream_40vol_1000ml.png","width":600,"height":600},{"@type":"BreadcrumbList","@id":"https:\/\/www.professional-haircare.it\/pl\/products\/colouring-pl\/oxidation-pl\/professional-koncentrator-tlenu-w-kremie-40-vol\/#breadcrumb","itemListElement":[{"@type":"ListItem","position":1,"name":"Home","item":"https:\/\/professional-haircare.it\/pl\/"},{"@type":"ListItem","position":2,"name":"Sklep","item":"https:\/\/professional-haircare.it\/pl\/sklep\/"},{"@type":"ListItem","position":3,"name":"Professional | Koncentrator tlenu w kremie 40 Vol"}]},{"@type":"WebSite","@id":"https:\/\/professional-haircare.it\/#website","url":"https:\/\/professional-haircare.it\/","name":"Professional Hair Care","description":"Hair Quality Solutions","potentialAction":[{"@type":"SearchAction","target":{"@type":"EntryPoint","urlTemplate":"https:\/\/professional-haircare.it\/?s={search_term_string}"},"query-input":{"@type":"PropertyValueSpecification","valueRequired":true,"valueName":"search_term_string"}}],"inLanguage":"pl-PL"}]}},"_links":{"self":[{"href":"https:\/\/www.professional-haircare.it\/pl\/wp-json\/wp\/v2\/product\/2329","targetHints":{"allow":["GET"]}}],"collection":[{"href":"https:\/\/www.professional-haircare.it\/pl\/wp-json\/wp\/v2\/product"}],"about":[{"href":"https:\/\/www.professional-haircare.it\/pl\/wp-json\/wp\/v2\/types\/product"}],"replies":[{"embeddable":true,"href":"https:\/\/www.professional-haircare.it\/pl\/wp-json\/wp\/v2\/comments?post=2329"}],"wp:featuredmedia":[{"embeddable":true,"href":"https:\/\/www.professional-haircare.it\/pl\/wp-json\/wp\/v2\/media\/2220"}],"wp:attachment":[{"href":"https:\/\/www.professional-haircare.it\/pl\/wp-json\/wp\/v2\/media?parent=2329"}],"wp:term":[{"taxonomy":"product_brand","embeddable":true,"href":"https:\/\/www.professional-haircare.it\/pl\/wp-json\/wp\/v2\/product_brand?post=2329"},{"taxonomy":"product_cat","embeddable":true,"href":"https:\/\/www.professional-haircare.it\/pl\/wp-json\/wp\/v2\/product_cat?post=2329"},{"taxonomy":"product_tag","embeddable":true,"href":"https:\/\/www.professional-haircare.it\/pl\/wp-json\/wp\/v2\/product_tag?post=2329"}],"curies":[{"name":"wp","href":"https:\/\/api.w.org\/{rel}","templated":true}]}}