{"id":2324,"date":"2016-03-30T17:15:06","date_gmt":"2016-03-30T15:15:06","guid":{"rendered":"https:\/\/www.professional-haircare.it\/products\/bez-kategorii\/intense-color-care-maska-rozswietlajaca-czarny\/"},"modified":"2022-01-26T15:07:33","modified_gmt":"2022-01-26T14:07:33","slug":"intense-color-care-maska-rozswietlajaca-czarny","status":"publish","type":"product","link":"https:\/\/www.professional-haircare.it\/pl\/products\/colouring-pl\/intense-colour-care-pl\/intense-color-care-maska-rozswietlajaca-czarny\/","title":{"rendered":"Intense Color &#038; Care \u2013 Maska roz\u015bwietlaj\u0105ca: Czarny"},"content":{"rendered":"","protected":false},"excerpt":{"rendered":"<p><span style=\"font-weight: 400;\">Nowa <\/span><b>maska roz\u015bwietlaj\u0105ca Intense Color <\/b><span style=\"font-weight: 400;\">\u00a0w <\/span><b>7 wyj\u0105tkowych odcieniach<\/b><span style=\"font-weight: 400;\">. Zabieg roz\u015bwietlaj\u0105cy Professional z zastosowaniem barwnik\u00f3w bezpo\u015brednich \u0142\u0105czy w sobie liczne korzy\u015bci dla w\u0142os\u00f3w: wzmocnienie i utrzymanie <\/span><b>refleks\u00f3w kosmetycznych<\/b><span style=\"font-weight: 400;\">, <\/span><b>podkre\u015blenie<\/b><span style=\"font-weight: 400;\"> koloru, <\/span><b>pokrycie<\/b><span style=\"font-weight: 400;\"> pierwszych siwych w\u0142os\u00f3w oraz niezwyk\u0142a \u0142atwo\u015b\u0107 w <\/span><b>mieszaniu<\/b><span style=\"font-weight: 400;\"> pozwalaj\u0105ca na uzyskanie po\u017c\u0105danego odcienia.<\/span><\/p>\n<p>Czarny: <span style=\"font-weight: 400;\">doskona\u0142y do farbowanych lub naturalnych w\u0142os\u00f3w w odcieniach od br\u0105zu po czer\u0144<\/span><\/p>\n<p><span style=\"font-weight: 400;\">Do u\u017cytku profesjonalnego<\/span><\/p>\n<p><span style=\"font-weight: 400;\">Tubka o pojemno\u015bci 200 ml<\/span><\/p>\n","protected":false},"featured_media":4116,"comment_status":"closed","ping_status":"closed","template":"","meta":[],"product_brand":[],"product_cat":[279,282],"product_tag":[],"class_list":{"0":"post-2324","1":"product","2":"type-product","3":"status-publish","4":"has-post-thumbnail","6":"product_cat-colouring-pl","7":"product_cat-intense-colour-care-pl","9":"first","10":"instock","11":"shipping-taxable","12":"product-type-simple"},"yoast_head":"<!-- This site is optimized with the Yoast SEO plugin v26.8 - https:\/\/yoast.com\/product\/yoast-seo-wordpress\/ -->\n<title>Intense Color &amp; Care \u2013 Maska roz\u015bwietlaj\u0105ca<\/title>\n<meta name=\"description\" content=\"Nowa maska roz\u015bwietlaj\u0105ca Intense Color \u00a0w 7 wyj\u0105tkowych odcieniach.\" \/>\n<meta name=\"robots\" content=\"index, follow, max-snippet:-1, max-image-preview:large, max-video-preview:-1\" \/>\n<link rel=\"canonical\" href=\"https:\/\/www.professional-haircare.it\/pl\/products\/colouring-pl\/intense-colour-care-pl\/intense-color-care-maska-rozswietlajaca-czarny\/\" \/>\n<meta property=\"og:locale\" content=\"pl_PL\" \/>\n<meta property=\"og:type\" content=\"article\" \/>\n<meta property=\"og:title\" content=\"Intense Color &amp; Care \u2013 Maska roz\u015bwietlaj\u0105ca\" \/>\n<meta property=\"og:description\" content=\"Nowa maska roz\u015bwietlaj\u0105ca Intense Color \u00a0w 7 wyj\u0105tkowych odcieniach.\" \/>\n<meta property=\"og:url\" content=\"https:\/\/www.professional-haircare.it\/pl\/products\/colouring-pl\/intense-colour-care-pl\/intense-color-care-maska-rozswietlajaca-czarny\/\" \/>\n<meta property=\"og:site_name\" content=\"Professional Hair Care\" \/>\n<meta property=\"article:modified_time\" content=\"2022-01-26T14:07:33+00:00\" \/>\n<meta property=\"og:image\" content=\"https:\/\/professional-haircare.it\/wp-content\/uploads\/2016\/03\/professional_intense_colour__care_nero_200ml.png\" \/>\n\t<meta property=\"og:image:width\" content=\"600\" \/>\n\t<meta property=\"og:image:height\" content=\"600\" \/>\n\t<meta property=\"og:image:type\" content=\"image\/png\" \/>\n<meta name=\"twitter:card\" content=\"summary_large_image\" \/>\n<script type=\"application\/ld+json\" class=\"yoast-schema-graph\">{\"@context\":\"https:\/\/schema.org\",\"@graph\":[{\"@type\":\"WebPage\",\"@id\":\"https:\/\/www.professional-haircare.it\/pl\/products\/colouring-pl\/intense-colour-care-pl\/intense-color-care-maska-rozswietlajaca-czarny\/\",\"url\":\"https:\/\/www.professional-haircare.it\/pl\/products\/colouring-pl\/intense-colour-care-pl\/intense-color-care-maska-rozswietlajaca-czarny\/\",\"name\":\"Intense Color & Care \u2013 Maska roz\u015bwietlaj\u0105ca\",\"isPartOf\":{\"@id\":\"https:\/\/professional-haircare.it\/#website\"},\"primaryImageOfPage\":{\"@id\":\"https:\/\/www.professional-haircare.it\/pl\/products\/colouring-pl\/intense-colour-care-pl\/intense-color-care-maska-rozswietlajaca-czarny\/#primaryimage\"},\"image\":{\"@id\":\"https:\/\/www.professional-haircare.it\/pl\/products\/colouring-pl\/intense-colour-care-pl\/intense-color-care-maska-rozswietlajaca-czarny\/#primaryimage\"},\"thumbnailUrl\":\"https:\/\/www.professional-haircare.it\/wp-content\/uploads\/2016\/03\/10604_professional_intense_colour__care_black_200ml.png\",\"datePublished\":\"2016-03-30T15:15:06+00:00\",\"dateModified\":\"2022-01-26T14:07:33+00:00\",\"description\":\"Nowa maska roz\u015bwietlaj\u0105ca Intense Color \u00a0w 7 wyj\u0105tkowych odcieniach.\",\"breadcrumb\":{\"@id\":\"https:\/\/www.professional-haircare.it\/pl\/products\/colouring-pl\/intense-colour-care-pl\/intense-color-care-maska-rozswietlajaca-czarny\/#breadcrumb\"},\"inLanguage\":\"pl-PL\",\"potentialAction\":[{\"@type\":\"ReadAction\",\"target\":[\"https:\/\/www.professional-haircare.it\/pl\/products\/colouring-pl\/intense-colour-care-pl\/intense-color-care-maska-rozswietlajaca-czarny\/\"]}]},{\"@type\":\"ImageObject\",\"inLanguage\":\"pl-PL\",\"@id\":\"https:\/\/www.professional-haircare.it\/pl\/products\/colouring-pl\/intense-colour-care-pl\/intense-color-care-maska-rozswietlajaca-czarny\/#primaryimage\",\"url\":\"https:\/\/www.professional-haircare.it\/wp-content\/uploads\/2016\/03\/10604_professional_intense_colour__care_black_200ml.png\",\"contentUrl\":\"https:\/\/www.professional-haircare.it\/wp-content\/uploads\/2016\/03\/10604_professional_intense_colour__care_black_200ml.png\",\"width\":600,\"height\":600,\"caption\":\"Intense Colour & Care \u2013 Trattamento riflessante Nero\"},{\"@type\":\"BreadcrumbList\",\"@id\":\"https:\/\/www.professional-haircare.it\/pl\/products\/colouring-pl\/intense-colour-care-pl\/intense-color-care-maska-rozswietlajaca-czarny\/#breadcrumb\",\"itemListElement\":[{\"@type\":\"ListItem\",\"position\":1,\"name\":\"Home\",\"item\":\"https:\/\/professional-haircare.it\/pl\/\"},{\"@type\":\"ListItem\",\"position\":2,\"name\":\"Sklep\",\"item\":\"https:\/\/professional-haircare.it\/pl\/sklep\/\"},{\"@type\":\"ListItem\",\"position\":3,\"name\":\"Intense Color &#038; Care \u2013 Maska roz\u015bwietlaj\u0105ca: Czarny\"}]},{\"@type\":\"WebSite\",\"@id\":\"https:\/\/professional-haircare.it\/#website\",\"url\":\"https:\/\/professional-haircare.it\/\",\"name\":\"Professional Hair Care\",\"description\":\"Hair Quality Solutions\",\"potentialAction\":[{\"@type\":\"SearchAction\",\"target\":{\"@type\":\"EntryPoint\",\"urlTemplate\":\"https:\/\/professional-haircare.it\/?s={search_term_string}\"},\"query-input\":{\"@type\":\"PropertyValueSpecification\",\"valueRequired\":true,\"valueName\":\"search_term_string\"}}],\"inLanguage\":\"pl-PL\"}]}<\/script>\n<!-- \/ Yoast SEO plugin. -->","yoast_head_json":{"title":"Intense Color & Care \u2013 Maska roz\u015bwietlaj\u0105ca","description":"Nowa maska roz\u015bwietlaj\u0105ca Intense Color \u00a0w 7 wyj\u0105tkowych odcieniach.","robots":{"index":"index","follow":"follow","max-snippet":"max-snippet:-1","max-image-preview":"max-image-preview:large","max-video-preview":"max-video-preview:-1"},"canonical":"https:\/\/www.professional-haircare.it\/pl\/products\/colouring-pl\/intense-colour-care-pl\/intense-color-care-maska-rozswietlajaca-czarny\/","og_locale":"pl_PL","og_type":"article","og_title":"Intense Color & Care \u2013 Maska roz\u015bwietlaj\u0105ca","og_description":"Nowa maska roz\u015bwietlaj\u0105ca Intense Color \u00a0w 7 wyj\u0105tkowych odcieniach.","og_url":"https:\/\/www.professional-haircare.it\/pl\/products\/colouring-pl\/intense-colour-care-pl\/intense-color-care-maska-rozswietlajaca-czarny\/","og_site_name":"Professional Hair Care","article_modified_time":"2022-01-26T14:07:33+00:00","og_image":[{"width":600,"height":600,"url":"https:\/\/professional-haircare.it\/wp-content\/uploads\/2016\/03\/professional_intense_colour__care_nero_200ml.png","type":"image\/png"}],"twitter_card":"summary_large_image","schema":{"@context":"https:\/\/schema.org","@graph":[{"@type":"WebPage","@id":"https:\/\/www.professional-haircare.it\/pl\/products\/colouring-pl\/intense-colour-care-pl\/intense-color-care-maska-rozswietlajaca-czarny\/","url":"https:\/\/www.professional-haircare.it\/pl\/products\/colouring-pl\/intense-colour-care-pl\/intense-color-care-maska-rozswietlajaca-czarny\/","name":"Intense Color & Care \u2013 Maska roz\u015bwietlaj\u0105ca","isPartOf":{"@id":"https:\/\/professional-haircare.it\/#website"},"primaryImageOfPage":{"@id":"https:\/\/www.professional-haircare.it\/pl\/products\/colouring-pl\/intense-colour-care-pl\/intense-color-care-maska-rozswietlajaca-czarny\/#primaryimage"},"image":{"@id":"https:\/\/www.professional-haircare.it\/pl\/products\/colouring-pl\/intense-colour-care-pl\/intense-color-care-maska-rozswietlajaca-czarny\/#primaryimage"},"thumbnailUrl":"https:\/\/www.professional-haircare.it\/wp-content\/uploads\/2016\/03\/10604_professional_intense_colour__care_black_200ml.png","datePublished":"2016-03-30T15:15:06+00:00","dateModified":"2022-01-26T14:07:33+00:00","description":"Nowa maska roz\u015bwietlaj\u0105ca Intense Color \u00a0w 7 wyj\u0105tkowych odcieniach.","breadcrumb":{"@id":"https:\/\/www.professional-haircare.it\/pl\/products\/colouring-pl\/intense-colour-care-pl\/intense-color-care-maska-rozswietlajaca-czarny\/#breadcrumb"},"inLanguage":"pl-PL","potentialAction":[{"@type":"ReadAction","target":["https:\/\/www.professional-haircare.it\/pl\/products\/colouring-pl\/intense-colour-care-pl\/intense-color-care-maska-rozswietlajaca-czarny\/"]}]},{"@type":"ImageObject","inLanguage":"pl-PL","@id":"https:\/\/www.professional-haircare.it\/pl\/products\/colouring-pl\/intense-colour-care-pl\/intense-color-care-maska-rozswietlajaca-czarny\/#primaryimage","url":"https:\/\/www.professional-haircare.it\/wp-content\/uploads\/2016\/03\/10604_professional_intense_colour__care_black_200ml.png","contentUrl":"https:\/\/www.professional-haircare.it\/wp-content\/uploads\/2016\/03\/10604_professional_intense_colour__care_black_200ml.png","width":600,"height":600,"caption":"Intense Colour & Care \u2013 Trattamento riflessante Nero"},{"@type":"BreadcrumbList","@id":"https:\/\/www.professional-haircare.it\/pl\/products\/colouring-pl\/intense-colour-care-pl\/intense-color-care-maska-rozswietlajaca-czarny\/#breadcrumb","itemListElement":[{"@type":"ListItem","position":1,"name":"Home","item":"https:\/\/professional-haircare.it\/pl\/"},{"@type":"ListItem","position":2,"name":"Sklep","item":"https:\/\/professional-haircare.it\/pl\/sklep\/"},{"@type":"ListItem","position":3,"name":"Intense Color &#038; Care \u2013 Maska roz\u015bwietlaj\u0105ca: Czarny"}]},{"@type":"WebSite","@id":"https:\/\/professional-haircare.it\/#website","url":"https:\/\/professional-haircare.it\/","name":"Professional Hair Care","description":"Hair Quality Solutions","potentialAction":[{"@type":"SearchAction","target":{"@type":"EntryPoint","urlTemplate":"https:\/\/professional-haircare.it\/?s={search_term_string}"},"query-input":{"@type":"PropertyValueSpecification","valueRequired":true,"valueName":"search_term_string"}}],"inLanguage":"pl-PL"}]}},"_links":{"self":[{"href":"https:\/\/www.professional-haircare.it\/pl\/wp-json\/wp\/v2\/product\/2324","targetHints":{"allow":["GET"]}}],"collection":[{"href":"https:\/\/www.professional-haircare.it\/pl\/wp-json\/wp\/v2\/product"}],"about":[{"href":"https:\/\/www.professional-haircare.it\/pl\/wp-json\/wp\/v2\/types\/product"}],"replies":[{"embeddable":true,"href":"https:\/\/www.professional-haircare.it\/pl\/wp-json\/wp\/v2\/comments?post=2324"}],"wp:featuredmedia":[{"embeddable":true,"href":"https:\/\/www.professional-haircare.it\/pl\/wp-json\/wp\/v2\/media\/4116"}],"wp:attachment":[{"href":"https:\/\/www.professional-haircare.it\/pl\/wp-json\/wp\/v2\/media?parent=2324"}],"wp:term":[{"taxonomy":"product_brand","embeddable":true,"href":"https:\/\/www.professional-haircare.it\/pl\/wp-json\/wp\/v2\/product_brand?post=2324"},{"taxonomy":"product_cat","embeddable":true,"href":"https:\/\/www.professional-haircare.it\/pl\/wp-json\/wp\/v2\/product_cat?post=2324"},{"taxonomy":"product_tag","embeddable":true,"href":"https:\/\/www.professional-haircare.it\/pl\/wp-json\/wp\/v2\/product_tag?post=2324"}],"curies":[{"name":"wp","href":"https:\/\/api.w.org\/{rel}","templated":true}]}}