{"id":2316,"date":"2022-01-24T16:59:27","date_gmt":"2022-01-24T15:59:27","guid":{"rendered":"https:\/\/www.professional-haircare.it\/home\/"},"modified":"2022-02-25T14:56:08","modified_gmt":"2022-02-25T13:56:08","slug":"home","status":"publish","type":"page","link":"https:\/\/www.professional-haircare.it\/pl\/","title":{"rendered":"Home"},"content":{"rendered":"<div class=\"wpb-content-wrapper\"><p>[vc_row][vc_column][layerslider_vc id=&#8221;8&#8243;][\/vc_column][\/vc_row][vc_row][vc_column][vc_empty_space height=&#8221;30px&#8221;][\/vc_column][\/vc_row][vc_row][vc_column width=&#8221;1\/2&#8243;][layerslider_vc id=&#8221;7&#8243;][\/vc_column][vc_column width=&#8221;1\/2&#8243;][layerslider_vc id=&#8221;6&#8243;][\/vc_column][\/vc_row][vc_row][vc_column][vc_empty_space height=&#8221;50px&#8221;][\/vc_column][\/vc_row][vc_row][vc_column][vc_column_text css_animation=&#8221;appear&#8221;]<\/p>\n<h2 style=\"text-align: center;\">PROFESSIONAL QUALITY BRAND<\/h2>\n<p>[\/vc_column_text][\/vc_column][\/vc_row][vc_row][vc_column width=&#8221;1\/4&#8243;][vc_column_text]<br \/>\n[\/vc_column_text][\/vc_column][vc_column width=&#8221;1\/2&#8243;][vc_column_text css_animation=&#8221;appear&#8221;]<\/p>\n<h4 style=\"text-align: center;\">Marka tworzona przez specjalist\u00f3w. Czysta technologia do us\u0142ug w\u0142osom! Nowe trendy i zabiegi w piel\u0119gnacji w\u0142os\u00f3w: to wszystko od Professional, hair quality solutions.<\/h4>\n<h5 style=\"text-align: center;\"><a href=\"https:\/\/www.professional-haircare.it\/pl\/identity\/\">POZNAJ \u015aWIAT PROFESSIONAL &gt;<\/a><\/h5>\n<p>[\/vc_column_text][\/vc_column][vc_column width=&#8221;1\/4&#8243;][vc_column_text]<br \/>\n[\/vc_column_text][\/vc_column][\/vc_row][vc_row][vc_column][vc_empty_space height=&#8221;50px&#8221;][\/vc_column][\/vc_row][vc_row][vc_column][layerslider_vc id=&#8221;4&#8243;][\/vc_column][\/vc_row][vc_row][vc_column][vc_empty_space height=&#8221;30px&#8221;][\/vc_column][\/vc_row][vc_row][vc_column width=&#8221;1\/4&#8243;][vc_column_text css_animation=&#8221;bottom-to-top&#8221;]<\/p>\n<p><strong>Jako\u015b\u0107, technologia, badania i innowacja gwarantowane przez Comprof:<\/strong> Professional oferuje profesjonalne produkty o dzia\u0142aniu kosmetycznym i funkcjonalnym, \u0142\u0105cz\u0105c wszechstronno\u015b\u0107, skuteczno\u015b\u0107 i \u0142atwo\u015b\u0107 stosowania z delikatnymi, lekkimi i pachn\u0105cymi formu\u0142ami.<\/p>\n<p>[\/vc_column_text][\/vc_column][vc_column width=&#8221;1\/4&#8243;][vc_column_text css_animation=&#8221;bottom-to-top&#8221;]<\/p>\n<p style=\"text-align: left;\"><strong>Wszystkie produkty Professional <\/strong> s\u0105 przeznaczone do rozwi\u0105zywania konkretnych problem\u00f3w fryzjerskich. W\u0142osy ka\u017cdego rodzaju (suche, t\u0142uste, z \u0142upie\u017cem, sk\u0142onne do wypadania) potrzebuj\u0105 aktywnych i dobroczynnych sk\u0142adnik\u00f3w, aby odzyska\u0107 dobr\u0105 kondycj\u0119 i zdrowy blask.<\/p>\n<p>[\/vc_column_text][\/vc_column][vc_column width=&#8221;1\/4&#8243;][vc_column_text css_animation=&#8221;bottom-to-top&#8221;]<\/p>\n<p style=\"text-align: left;\"><strong>Kompleksy Witamin, Sole Mineralne, Olej lniany, Olej Arganowy, Keratyna, Aloes, Bia\u0142ka pszenicy<\/strong> kt\u00f3re wyr\u00f3\u017cniaj\u0105 formu\u0142y Professional, opracowane na bazie bada\u0144 laboratoryjnych, kt\u00f3re g\u0142\u0119boko od\u017cywiaj\u0105, wzmacniaj\u0105 struktur\u0119 w\u0142osa, nawil\u017caj\u0105, chroni\u0105 w\u0142\u00f3kna i zapobiegaj\u0105 uszkodzeniom spowodowanym codziennym stresem.<\/p>\n<p>[\/vc_column_text][\/vc_column][vc_column width=&#8221;1\/4&#8243;][vc_column_text css_animation=&#8221;bottom-to-top&#8221;]<\/p>\n<p style=\"text-align: left;\"><strong>Czerpi\u0105c z wieloletniego do\u015bwiadczenia firmy Comprof, Professional wyeliminowa\u0142a wszystkie agresywne sk\u0142adniki z rewolucyjnych formu\u0142<\/strong> swoich linii do piel\u0119gnacji w\u0142os\u00f3w: kosmetyczne i od\u017cywcze dzia\u0142anie sk\u0142adnik\u00f3w aktywnych zapewnia wyj\u0105tkowe i d\u0142ugotrwa\u0142e korzy\u015bci, sprawiaj\u0105c, \u017ce piel\u0119gnacyjne rytua\u0142y dobrze wp\u0142ywaj\u0105 na w\u0142osy i samopoczucie klientki.<\/p>\n<p>[\/vc_column_text][\/vc_column][\/vc_row][vc_row][vc_column][vc_empty_space height=&#8221;30px&#8221;][\/vc_column][\/vc_row][vc_row][vc_column][vc_column_text]<\/p>\n<h2 style=\"text-align: center;\">WYR\u00d3\u017bNIONE PRODUKTY<\/h2>\n<p>[\/vc_column_text][\/vc_column][\/vc_row][vc_row][vc_column]<div class=\"woocommerce columns-3 \"><div class=\"product-loop products-grid product-count-3\">\n<div class=\"first product type-product post-2512 status-publish instock product_cat-finishing-pl product_cat-wax-cream-pl-finishing-pl has-post-thumbnail shipping-taxable product-type-simple\">\n\n\t\n\t\t\t\t\t\t<div class=\"product-image-wrapper hover-effect-disable\">\n\t\t\t\n\t        \n\t\t\t\t\t\t\t\n\t\t\t\t<a id=\"https:\/\/www.professional-haircare.it\/wp-content\/uploads\/2015\/06\/professional_xmode_brilliance_pomade-500x500.png\" href=\"https:\/\/www.professional-haircare.it\/pl\/products\/finishing-pl\/wax-cream-pl-finishing-pl\/x-mode-brilliance-pomade\/\" class=\"product-content-image \" >\n\t\t\t\t\t<img loading=\"lazy\" decoding=\"async\" width=\"250\" height=\"250\" src=\"https:\/\/www.professional-haircare.it\/wp-content\/uploads\/2015\/06\/professional_xmode_brilliance_pomade-250x250.png\" class=\"main-image\" alt=\"\" srcset=\"https:\/\/www.professional-haircare.it\/wp-content\/uploads\/2015\/06\/professional_xmode_brilliance_pomade-250x250.png 250w, https:\/\/www.professional-haircare.it\/wp-content\/uploads\/2015\/06\/professional_xmode_brilliance_pomade-100x100.png 100w, https:\/\/www.professional-haircare.it\/wp-content\/uploads\/2015\/06\/professional_xmode_brilliance_pomade.png 500w, https:\/\/www.professional-haircare.it\/wp-content\/uploads\/2015\/06\/professional_xmode_brilliance_pomade-150x150.png 150w, https:\/\/www.professional-haircare.it\/wp-content\/uploads\/2015\/06\/professional_xmode_brilliance_pomade-300x300.png 300w\" sizes=\"auto, (max-width: 250px) 100vw, 250px\" \/>\n\t\t\t\t<\/a>\n\t\t\t\n\n\t\t\t\n\t\t\t\t\t\t\t<span class=\"show-quickly\" data-prodid=\"2512\" style=\"font-size:11px; cursor: pointer;\">Quick View<\/span>\n\t\t\t\t\t<\/div>\n\n\t\t\n\t\t\t\t\t<h3 class=\"product-name\"><a href=\"https:\/\/www.professional-haircare.it\/pl\/products\/finishing-pl\/wax-cream-pl-finishing-pl\/x-mode-brilliance-pomade\/\">X Mode | Brilliance Pomade &#8211; Pomada roz\u015bwietlaj\u0105ca<\/a><\/h3>\n\t\t\n\t\t\n\n\t\t\n\n\t\t<div class=\"product-excerpt\">\n\t\t\t<p><span style=\"font-weight: 400;\">X Mode Brilliance Pomade to <\/span><b>pasta rozja\u015bniaj\u0105ca<\/b><span style=\"font-weight: 400;\"> o wszechstronnej formule pozwalaj\u0105ca tworzy\u0107 wyszukane stylizacje. Pozwala <\/span><b>utrwali\u0107 fryzur\u0119<\/b><span style=\"font-weight: 400;\"> w po\u017c\u0105danej formie <\/span><b>na d\u0142ugi czas<\/b><span style=\"font-weight: 400;\"> i nadaje jej niesamowity blask. Doskona\u0142a do tworzenia fryzur w nie\u0142adzie bez \"efektu sklejenia\".<\/span><\/p>\n<p><span style=\"font-weight: 400;\">Do u\u017cytku profesjonalnego<\/span><\/p>\n<p><span style=\"font-weight: 400;\">Opakowanie o pojemno\u015bci 100 ml<\/span><\/p>\n\t\t<\/div>\n\n\t\t<div class=\"add-to-container\">\n\n\t\t\t\n\t                <\/div>\n\n\n\n\t\t\t<div class=\"clear\"><\/div>\n<\/div><div class=\"last product type-product post-2549 status-publish first instock product_cat-easy-balance-pl product_cat-treatments-pl has-post-thumbnail shipping-taxable product-type-simple\">\n\n\t\n\t\t\t\t\t\t<div class=\"product-image-wrapper hover-effect-disable\">\n\t\t\t\n\t        \n\t\t\t\t\t\t\t\n\t\t\t\t<a id=\"https:\/\/www.professional-haircare.it\/wp-content\/uploads\/2015\/06\/12022_professional_easy_balance_shampoo_1000ml-copia-500x500.png\" href=\"https:\/\/www.professional-haircare.it\/pl\/products\/treatments-pl\/easy-balance-pl\/easy-balance-szampon-dwufunkcyjny-2\/\" class=\"product-content-image \" >\n\t\t\t\t\t<img loading=\"lazy\" decoding=\"async\" width=\"250\" height=\"250\" src=\"https:\/\/www.professional-haircare.it\/wp-content\/uploads\/2015\/06\/12022_professional_easy_balance_shampoo_1000ml-copia-250x250.png\" class=\"main-image\" alt=\"\" srcset=\"https:\/\/www.professional-haircare.it\/wp-content\/uploads\/2015\/06\/12022_professional_easy_balance_shampoo_1000ml-copia-250x250.png 250w, https:\/\/www.professional-haircare.it\/wp-content\/uploads\/2015\/06\/12022_professional_easy_balance_shampoo_1000ml-copia-300x300.png 300w, https:\/\/www.professional-haircare.it\/wp-content\/uploads\/2015\/06\/12022_professional_easy_balance_shampoo_1000ml-copia-1024x1024.png 1024w, https:\/\/www.professional-haircare.it\/wp-content\/uploads\/2015\/06\/12022_professional_easy_balance_shampoo_1000ml-copia-150x150.png 150w, https:\/\/www.professional-haircare.it\/wp-content\/uploads\/2015\/06\/12022_professional_easy_balance_shampoo_1000ml-copia-768x768.png 768w, https:\/\/www.professional-haircare.it\/wp-content\/uploads\/2015\/06\/12022_professional_easy_balance_shampoo_1000ml-copia-1536x1536.png 1536w, https:\/\/www.professional-haircare.it\/wp-content\/uploads\/2015\/06\/12022_professional_easy_balance_shampoo_1000ml-copia-2048x2048.png 2048w, https:\/\/www.professional-haircare.it\/wp-content\/uploads\/2015\/06\/12022_professional_easy_balance_shampoo_1000ml-copia-500x500.png 500w, https:\/\/www.professional-haircare.it\/wp-content\/uploads\/2015\/06\/12022_professional_easy_balance_shampoo_1000ml-copia-100x100.png 100w\" sizes=\"auto, (max-width: 250px) 100vw, 250px\" \/>\n\t\t\t\t<\/a>\n\t\t\t\n\n\t\t\t\n\t\t\t\t\t\t\t<span class=\"show-quickly\" data-prodid=\"2549\" style=\"font-size:11px; cursor: pointer;\">Quick View<\/span>\n\t\t\t\t\t<\/div>\n\n\t\t\n\t\t\t\t\t<h3 class=\"product-name\"><a href=\"https:\/\/www.professional-haircare.it\/pl\/products\/treatments-pl\/easy-balance-pl\/easy-balance-szampon-dwufunkcyjny-2\/\">Easy Balance | Szampon dwufunkcyjny<\/a><\/h3>\n\t\t\n\t\t\n\n\t\t\n\n\t\t<div class=\"product-excerpt\">\n\t\t\t<p><span style=\"font-weight: 400;\">Easy Balance Szampon dwufunkcyjny do <\/span><b>w\u0142os\u00f3w przet\u0142uszczaj\u0105cych si\u0119 i z \u0142upie\u017cem<\/b><span style=\"font-weight: 400;\"> oraz z przesuszonymi ko\u0144c\u00f3wkami. Sprzyja ca\u0142kowitemu oczyszczeniu sk\u00f3ry g\u0142owy i <\/span><b>usuwa nadmierny \u0142upie\u017c <\/b><span style=\"font-weight: 400;\">. U\u0142atwia przywr\u00f3cenie prawid\u0142owego poziomu kwasowo\u015bci w sk\u00f3rze, normalizuj\u0105c wydzielanie sebum. D\u0142ugotrwa\u0142a dobra kondycja w\u0142os\u00f3w dzi\u0119ki praktycznemu formatowi o poj. 1 litra. <\/span><b>Bez paraben\u00f3w.<\/b><\/p>\n<p><span style=\"font-weight: 400;\">Do u\u017cytku profesjonalnego\u00a0<\/span><\/p>\n<p><span style=\"font-weight: 400;\">Flakon o pojemno\u015bci 1000 ml<\/span><\/p>\n\t\t<\/div>\n\n\t\t<div class=\"add-to-container\">\n\n\t\t\t\n\t                <\/div>\n\n\n\n\t\t\t<div class=\"clear\"><\/div>\n<\/div><div class=\"product type-product post-2583 status-publish last instock product_cat-eclat-supreme-pl product_cat-treatments-pl has-post-thumbnail shipping-taxable product-type-simple\">\n\n\t\n\t\t\t\t\t\t<div class=\"product-image-wrapper hover-effect-disable\">\n\t\t\t\n\t        \n\t\t\t\t\t\t\t\n\t\t\t\t<a id=\"https:\/\/www.professional-haircare.it\/wp-content\/uploads\/2020\/07\/12033_professional_eclat_supreme_nourishment_shine_oil_110ml-1-500x500.png\" href=\"https:\/\/www.professional-haircare.it\/pl\/products\/treatments-pl\/eclat-supreme-pl\/eclat-supreme-olejek-odzywczy-i-rozswietlajacy\/\" class=\"product-content-image \" >\n\t\t\t\t\t<img loading=\"lazy\" decoding=\"async\" width=\"250\" height=\"250\" src=\"https:\/\/www.professional-haircare.it\/wp-content\/uploads\/2020\/07\/12033_professional_eclat_supreme_nourishment_shine_oil_110ml-1-250x250.png\" class=\"main-image\" alt=\"\" srcset=\"https:\/\/www.professional-haircare.it\/wp-content\/uploads\/2020\/07\/12033_professional_eclat_supreme_nourishment_shine_oil_110ml-1-250x250.png 250w, https:\/\/www.professional-haircare.it\/wp-content\/uploads\/2020\/07\/12033_professional_eclat_supreme_nourishment_shine_oil_110ml-1-300x300.png 300w, https:\/\/www.professional-haircare.it\/wp-content\/uploads\/2020\/07\/12033_professional_eclat_supreme_nourishment_shine_oil_110ml-1-150x150.png 150w, https:\/\/www.professional-haircare.it\/wp-content\/uploads\/2020\/07\/12033_professional_eclat_supreme_nourishment_shine_oil_110ml-1-500x500.png 500w, https:\/\/www.professional-haircare.it\/wp-content\/uploads\/2020\/07\/12033_professional_eclat_supreme_nourishment_shine_oil_110ml-1-100x100.png 100w, https:\/\/www.professional-haircare.it\/wp-content\/uploads\/2020\/07\/12033_professional_eclat_supreme_nourishment_shine_oil_110ml-1.png 600w\" sizes=\"auto, (max-width: 250px) 100vw, 250px\" \/>\n\t\t\t\t<\/a>\n\t\t\t\n\n\t\t\t\n\t\t\t\t\t\t\t<span class=\"show-quickly\" data-prodid=\"2583\" style=\"font-size:11px; cursor: pointer;\">Quick View<\/span>\n\t\t\t\t\t<\/div>\n\n\t\t\n\t\t\t\t\t<h3 class=\"product-name\"><a href=\"https:\/\/www.professional-haircare.it\/pl\/products\/treatments-pl\/eclat-supreme-pl\/eclat-supreme-olejek-odzywczy-i-rozswietlajacy\/\">Eclat Supreme | Olejek od\u017cywczy i roz\u015bwietlaj\u0105cy<\/a><\/h3>\n\t\t\n\t\t\n\n\t\t\n\n\t\t<div class=\"product-excerpt\">\n\t\t\t<p><b>Eclat<\/b> <b>Supreme<\/b><span style=\"font-weight: 400;\"> olejek od\u017cywczy i <\/span><b>roz\u015bwietlaj\u0105cy z <\/b><span style=\"font-weight: 400;\">olejem arganowym i keratyn\u0105. Jego skoncentrowana formu\u0142a pomaga chroni\u0107 sk\u00f3r\u0119 g\u0142owy i zwi\u0119kszy\u0107 jej odporno\u015b\u0107. Sprawia, \u017ce w\u0142osy s\u0105 jedwabi\u015bcie mi\u0119kkie i l\u015bni\u0105ce.<\/span><\/p>\n<p><span style=\"font-weight: 400;\">110 ml<\/span><\/p>\n\t\t<\/div>\n\n\t\t<div class=\"add-to-container\">\n\n\t\t\t\n\t                <\/div>\n\n\n\n\t\t\t<div class=\"clear\"><\/div>\n<\/div><\/div><\/div>[\/vc_column][\/vc_row]<\/p>\n<\/div>","protected":false},"excerpt":{"rendered":"<p>[vc_row][vc_column][layerslider_vc id=&#8221;8&#8243;][\/vc_column][\/vc_row][vc_row][vc_column][vc_empty_space height=&#8221;30px&#8221;][\/vc_column][\/vc_row][vc_row][vc_column width=&#8221;1\/2&#8243;][layerslider_vc id=&#8221;7&#8243;][\/vc_column][vc_column width=&#8221;1\/2&#8243;][layerslider_vc id=&#8221;6&#8243;][\/vc_column][\/vc_row][vc_row][vc_column][vc_empty_space height=&#8221;50px&#8221;][\/vc_column][\/vc_row][vc_row][vc_column][vc_column_text css_animation=&#8221;appear&#8221;] PROFESSIONAL QUALITY BRAND [\/vc_column_text][\/vc_column][\/vc_row][vc_row][vc_column width=&#8221;1\/4&#8243;][vc_column_text] [\/vc_column_text][\/vc_column][vc_column width=&#8221;1\/2&#8243;][vc_column_text css_animation=&#8221;appear&#8221;] Marka tworzona przez specjalist\u00f3w. Czysta technologia do us\u0142ug w\u0142osom! Nowe trendy i zabiegi w piel\u0119gnacji w\u0142os\u00f3w: to wszystko od Professional, hair quality solutions. POZNAJ \u015aWIAT PROFESSIONAL &gt; [\/vc_column_text][\/vc_column][vc_column width=&#8221;1\/4&#8243;][vc_column_text] [\/vc_column_text][\/vc_column][\/vc_row][vc_row][vc_column][vc_empty_space height=&#8221;50px&#8221;][\/vc_column][\/vc_row][vc_row][vc_column][layerslider_vc id=&#8221;4&#8243;][\/vc_column][\/vc_row][vc_row][vc_column][vc_empty_space height=&#8221;30px&#8221;][\/vc_column][\/vc_row][vc_row][vc_column&#8230;<\/p>\n","protected":false},"author":1,"featured_media":0,"parent":0,"menu_order":0,"comment_status":"closed","ping_status":"closed","template":"","meta":{"footnotes":""},"class_list":["post-2316","page","type-page","status-publish","hentry"],"yoast_head":"<!-- This site is optimized with the Yoast SEO plugin v26.8 - https:\/\/yoast.com\/product\/yoast-seo-wordpress\/ -->\n<title>Professional - Comprof - Wyj\u0105tkowe rozwi\u0105zania do piel\u0119gnacji w\u0142os\u00f3w,<\/title>\n<meta name=\"description\" content=\"Marka Professional, zrodzona z wieloletniego do\u015bwiadczenia firmy Comprof, rewolucjonizuje piel\u0119gnacj\u0119 w\u0142os\u00f3w, oferuj\u0105c produkty o dzia\u0142aniu kosmetycznym i funkcjonalnym.\" \/>\n<meta name=\"robots\" content=\"index, follow, max-snippet:-1, max-image-preview:large, max-video-preview:-1\" \/>\n<link rel=\"canonical\" href=\"https:\/\/www.professional-haircare.it\/pl\/\" \/>\n<meta property=\"og:locale\" content=\"pl_PL\" \/>\n<meta property=\"og:type\" content=\"article\" \/>\n<meta property=\"og:title\" content=\"Professional - Comprof - Wyj\u0105tkowe rozwi\u0105zania do piel\u0119gnacji w\u0142os\u00f3w,\" \/>\n<meta property=\"og:description\" content=\"Marka Professional, zrodzona z wieloletniego do\u015bwiadczenia firmy Comprof, rewolucjonizuje piel\u0119gnacj\u0119 w\u0142os\u00f3w, oferuj\u0105c produkty o dzia\u0142aniu kosmetycznym i funkcjonalnym.\" \/>\n<meta property=\"og:url\" content=\"https:\/\/www.professional-haircare.it\/pl\/\" \/>\n<meta property=\"og:site_name\" content=\"Professional Hair Care\" \/>\n<meta property=\"article:modified_time\" content=\"2022-02-25T13:56:08+00:00\" \/>\n<meta name=\"twitter:card\" content=\"summary_large_image\" \/>\n<meta name=\"twitter:label1\" content=\"Szacowany czas czytania\" \/>\n\t<meta name=\"twitter:data1\" content=\"2 minuty\" \/>\n<script type=\"application\/ld+json\" class=\"yoast-schema-graph\">{\"@context\":\"https:\/\/schema.org\",\"@graph\":[{\"@type\":\"WebPage\",\"@id\":\"https:\/\/www.professional-haircare.it\/pl\/\",\"url\":\"https:\/\/www.professional-haircare.it\/pl\/\",\"name\":\"Professional - Comprof - Wyj\u0105tkowe rozwi\u0105zania do piel\u0119gnacji w\u0142os\u00f3w,\",\"isPartOf\":{\"@id\":\"https:\/\/professional-haircare.it\/#website\"},\"datePublished\":\"2022-01-24T15:59:27+00:00\",\"dateModified\":\"2022-02-25T13:56:08+00:00\",\"description\":\"Marka Professional, zrodzona z wieloletniego do\u015bwiadczenia firmy Comprof, rewolucjonizuje piel\u0119gnacj\u0119 w\u0142os\u00f3w, oferuj\u0105c produkty o dzia\u0142aniu kosmetycznym i funkcjonalnym.\",\"breadcrumb\":{\"@id\":\"https:\/\/www.professional-haircare.it\/pl\/#breadcrumb\"},\"inLanguage\":\"pl-PL\",\"potentialAction\":[{\"@type\":\"ReadAction\",\"target\":[\"https:\/\/www.professional-haircare.it\/pl\/\"]}]},{\"@type\":\"BreadcrumbList\",\"@id\":\"https:\/\/www.professional-haircare.it\/pl\/#breadcrumb\",\"itemListElement\":[{\"@type\":\"ListItem\",\"position\":1,\"name\":\"Home\",\"item\":\"https:\/\/professional-haircare.it\/pl\/\"},{\"@type\":\"ListItem\",\"position\":2,\"name\":\"Home\"}]},{\"@type\":\"WebSite\",\"@id\":\"https:\/\/professional-haircare.it\/#website\",\"url\":\"https:\/\/professional-haircare.it\/\",\"name\":\"Professional Hair Care\",\"description\":\"Hair Quality Solutions\",\"potentialAction\":[{\"@type\":\"SearchAction\",\"target\":{\"@type\":\"EntryPoint\",\"urlTemplate\":\"https:\/\/professional-haircare.it\/?s={search_term_string}\"},\"query-input\":{\"@type\":\"PropertyValueSpecification\",\"valueRequired\":true,\"valueName\":\"search_term_string\"}}],\"inLanguage\":\"pl-PL\"}]}<\/script>\n<!-- \/ Yoast SEO plugin. -->","yoast_head_json":{"title":"Professional - Comprof - Wyj\u0105tkowe rozwi\u0105zania do piel\u0119gnacji w\u0142os\u00f3w,","description":"Marka Professional, zrodzona z wieloletniego do\u015bwiadczenia firmy Comprof, rewolucjonizuje piel\u0119gnacj\u0119 w\u0142os\u00f3w, oferuj\u0105c produkty o dzia\u0142aniu kosmetycznym i funkcjonalnym.","robots":{"index":"index","follow":"follow","max-snippet":"max-snippet:-1","max-image-preview":"max-image-preview:large","max-video-preview":"max-video-preview:-1"},"canonical":"https:\/\/www.professional-haircare.it\/pl\/","og_locale":"pl_PL","og_type":"article","og_title":"Professional - Comprof - Wyj\u0105tkowe rozwi\u0105zania do piel\u0119gnacji w\u0142os\u00f3w,","og_description":"Marka Professional, zrodzona z wieloletniego do\u015bwiadczenia firmy Comprof, rewolucjonizuje piel\u0119gnacj\u0119 w\u0142os\u00f3w, oferuj\u0105c produkty o dzia\u0142aniu kosmetycznym i funkcjonalnym.","og_url":"https:\/\/www.professional-haircare.it\/pl\/","og_site_name":"Professional Hair Care","article_modified_time":"2022-02-25T13:56:08+00:00","twitter_card":"summary_large_image","twitter_misc":{"Szacowany czas czytania":"2 minuty"},"schema":{"@context":"https:\/\/schema.org","@graph":[{"@type":"WebPage","@id":"https:\/\/www.professional-haircare.it\/pl\/","url":"https:\/\/www.professional-haircare.it\/pl\/","name":"Professional - Comprof - Wyj\u0105tkowe rozwi\u0105zania do piel\u0119gnacji w\u0142os\u00f3w,","isPartOf":{"@id":"https:\/\/professional-haircare.it\/#website"},"datePublished":"2022-01-24T15:59:27+00:00","dateModified":"2022-02-25T13:56:08+00:00","description":"Marka Professional, zrodzona z wieloletniego do\u015bwiadczenia firmy Comprof, rewolucjonizuje piel\u0119gnacj\u0119 w\u0142os\u00f3w, oferuj\u0105c produkty o dzia\u0142aniu kosmetycznym i funkcjonalnym.","breadcrumb":{"@id":"https:\/\/www.professional-haircare.it\/pl\/#breadcrumb"},"inLanguage":"pl-PL","potentialAction":[{"@type":"ReadAction","target":["https:\/\/www.professional-haircare.it\/pl\/"]}]},{"@type":"BreadcrumbList","@id":"https:\/\/www.professional-haircare.it\/pl\/#breadcrumb","itemListElement":[{"@type":"ListItem","position":1,"name":"Home","item":"https:\/\/professional-haircare.it\/pl\/"},{"@type":"ListItem","position":2,"name":"Home"}]},{"@type":"WebSite","@id":"https:\/\/professional-haircare.it\/#website","url":"https:\/\/professional-haircare.it\/","name":"Professional Hair Care","description":"Hair Quality Solutions","potentialAction":[{"@type":"SearchAction","target":{"@type":"EntryPoint","urlTemplate":"https:\/\/professional-haircare.it\/?s={search_term_string}"},"query-input":{"@type":"PropertyValueSpecification","valueRequired":true,"valueName":"search_term_string"}}],"inLanguage":"pl-PL"}]}},"_links":{"self":[{"href":"https:\/\/www.professional-haircare.it\/pl\/wp-json\/wp\/v2\/pages\/2316","targetHints":{"allow":["GET"]}}],"collection":[{"href":"https:\/\/www.professional-haircare.it\/pl\/wp-json\/wp\/v2\/pages"}],"about":[{"href":"https:\/\/www.professional-haircare.it\/pl\/wp-json\/wp\/v2\/types\/page"}],"author":[{"embeddable":true,"href":"https:\/\/www.professional-haircare.it\/pl\/wp-json\/wp\/v2\/users\/1"}],"replies":[{"embeddable":true,"href":"https:\/\/www.professional-haircare.it\/pl\/wp-json\/wp\/v2\/comments?post=2316"}],"version-history":[{"count":0,"href":"https:\/\/www.professional-haircare.it\/pl\/wp-json\/wp\/v2\/pages\/2316\/revisions"}],"wp:attachment":[{"href":"https:\/\/www.professional-haircare.it\/pl\/wp-json\/wp\/v2\/media?parent=2316"}],"curies":[{"name":"wp","href":"https:\/\/api.w.org\/{rel}","templated":true}]}}