{"id":2312,"date":"2022-01-24T16:49:03","date_gmt":"2022-01-24T15:49:03","guid":{"rendered":"https:\/\/www.professional-haircare.it\/identity\/"},"modified":"2022-04-15T11:38:09","modified_gmt":"2022-04-15T09:38:09","slug":"identity","status":"publish","type":"page","link":"https:\/\/www.professional-haircare.it\/pl\/identity\/","title":{"rendered":"Identity"},"content":{"rendered":"<div class=\"wpb-content-wrapper\"><p>[vc_row][vc_column][vc_column_text]<\/p>\n<h1 style=\"text-align: center;\">EXTRAORDINARY EXPERIENCE<\/h1>\n<p>[\/vc_column_text][vc_empty_space][\/vc_column][\/vc_row][vc_row][vc_column offset=&#8221;vc_hidden-sm vc_hidden-xs&#8221;][vc_row_inner][vc_column_inner width=&#8221;1\/2&#8243;][vc_single_image image=&#8221;1882&#8243; img_size=&#8221;full&#8221; css_animation=&#8221;appear&#8221;][\/vc_column_inner][vc_column_inner width=&#8221;1\/2&#8243;][vc_column_text css=&#8221;.vc_custom_1647852002222{padding-top: 10% !important;padding-bottom: 10% !important;}&#8221;]<\/p>\n<p style=\"text-align: center;\"><span style=\"font-weight: 400;\">Nasze bogate doswiadczenie w dziedzinie trychologii sk\u0142oni\u0142o nas do stworzenia w 1995 roku marki Professional. <\/span><\/p>\n<p style=\"text-align: center;\"><span style=\"font-weight: 400;\">Jest to profesjonalna marka wywodzaca sie z tradycji made in Italy, kt\u00f3rej celem jest promowanie pe\u0142nej pielegnacji w\u0142os\u00f3w w salonie i w domu.<\/span><\/p>\n<p>[\/vc_column_text][\/vc_column_inner][\/vc_row_inner][vc_row_inner][vc_column_inner][vc_empty_space][\/vc_column_inner][\/vc_row_inner][vc_row_inner][vc_column_inner width=&#8221;1\/2&#8243;][vc_column_text css=&#8221;.vc_custom_1650015463182{padding-top: 10% !important;padding-bottom: 10% !important;}&#8221;]<\/p>\n<p style=\"text-align: center;\"><span style=\"font-weight: 400;\">Nasz\u0105 misj\u0105 jest dazenie do stania sie punktem odniesienia dla stylist\u00f3w fryzur, kt\u00f3rzy opracowuja produkty na podstawie w\u0142asnych doswiadczen i projektuja je z mysla o zdobyciu zaufania konsument\u00f3w. To jest nasza wizja: promowanie dobrego samopoczucia i dostepnego dla wszystkich nienadmiernego luksusu, w celu dowartosciowania w\u0142os\u00f3w i zapewnienia im starannej pielegnacji.<\/span><\/p>\n<p>[\/vc_column_text][\/vc_column_inner][vc_column_inner width=&#8221;1\/2&#8243;][vc_single_image image=&#8221;1883&#8243; img_size=&#8221;full&#8221; css_animation=&#8221;appear&#8221;][\/vc_column_inner][\/vc_row_inner][vc_row_inner][vc_column_inner][vc_empty_space][\/vc_column_inner][\/vc_row_inner][vc_row_inner][vc_column_inner width=&#8221;1\/2&#8243;][vc_single_image image=&#8221;1884&#8243; img_size=&#8221;full&#8221; css_animation=&#8221;appear&#8221;][\/vc_column_inner][vc_column_inner width=&#8221;1\/2&#8243;][vc_column_text css=&#8221;.vc_custom_1650015452584{padding-top: 10% !important;padding-bottom: 10% !important;}&#8221;]<\/p>\n<p style=\"text-align: center;\"><span style=\"font-weight: 400;\">Pasja oznacza poswiecenie, zas poswiecenie powinno s\u0142uzyc potrzebom profesjonalist\u00f3w i kobiet, aby mozna by\u0142o stworzyc wartosc z korzyscia dla w\u0142os\u00f3w.\u00a0 Tworzymy formu\u0142y z mysla o pe\u0142nej dba\u0142osci o w\u0142osy i promowaniu podejscia majacego na celu utrzymywanie ich w dobrej kondycji, wychodzac naprzeciw potrzebom i oczekiwaniom kobiet.<\/span><\/p>\n<p>[\/vc_column_text][\/vc_column_inner][\/vc_row_inner][vc_row_inner][vc_column_inner][vc_empty_space][\/vc_column_inner][\/vc_row_inner][vc_row_inner][vc_column_inner width=&#8221;1\/2&#8243;][vc_column_text css=&#8221;.vc_custom_1647852034227{padding-top: 10% !important;padding-bottom: 10% !important;}&#8221;]<\/p>\n<p style=\"text-align: center;\"><span style=\"font-weight: 400;\">Kazdy postep dokonuje sie dzieki doswiadczeniom. Przypisujemy wazna role szkoleniom. Budujemy przysz\u0142osc na bazie doswiadczen i tradycji. Doswiadczenie jest dla nas zr\u00f3d\u0142em trwa\u0142ej, fachowej wiedzy<\/span><span style=\"font-weight: 400;\">.<\/span><\/p>\n<p>[\/vc_column_text][\/vc_column_inner][vc_column_inner width=&#8221;1\/2&#8243;][vc_single_image image=&#8221;1885&#8243; img_size=&#8221;full&#8221; css_animation=&#8221;appear&#8221;][\/vc_column_inner][\/vc_row_inner][\/vc_column][\/vc_row][vc_row][vc_column offset=&#8221;vc_hidden-lg vc_hidden-md&#8221;][vc_row_inner][vc_column_inner width=&#8221;1\/2&#8243;][vc_single_image image=&#8221;1882&#8243; img_size=&#8221;full&#8221; css_animation=&#8221;appear&#8221;][\/vc_column_inner][vc_column_inner width=&#8221;1\/2&#8243;][vc_column_text css=&#8221;.vc_custom_1647852048008{padding-top: 15px !important;}&#8221;]<\/p>\n<p style=\"text-align: center;\"><span style=\"font-weight: 400;\">Nasze bogate doswiadczenie w dziedzinie trychologii sk\u0142oni\u0142o nas do stworzenia w 1995 roku marki Professional.<\/span><\/p>\n<p style=\"text-align: center;\"><span style=\"font-weight: 400;\">Jest to profesjonalna marka wywodzaca sie z tradycji made in Italy, kt\u00f3rej celem jest promowanie pe\u0142nej pielegnacji w\u0142os\u00f3w w salonie i w domu.<\/span><\/p>\n<p>[\/vc_column_text][\/vc_column_inner][\/vc_row_inner][vc_row_inner][vc_column_inner width=&#8221;1\/2&#8243;][vc_single_image image=&#8221;1883&#8243; img_size=&#8221;full&#8221; css_animation=&#8221;appear&#8221;][\/vc_column_inner][vc_column_inner width=&#8221;1\/2&#8243;][vc_column_text]<\/p>\n<p style=\"text-align: center;\"><span style=\"font-weight: 400;\">Nasz\u0105 misj\u0105 jest dazenie do stania sie punktem odniesienia dla stylist\u00f3w fryzur, kt\u00f3rzy opracowuja produkty na podstawie w\u0142asnych doswiadczen i projektuja je z mysla o zdobyciu zaufania konsument\u00f3w. To jest nasza wizja: promowanie dobrego samopoczucia i dostepnego dla wszystkich nienadmiernego luksusu, w celu dowartosciowania w\u0142os\u00f3w i zapewnienia im starannej pielegnacji.<\/span><\/p>\n<p>[\/vc_column_text][\/vc_column_inner][\/vc_row_inner][vc_row_inner][vc_column_inner width=&#8221;1\/2&#8243;][vc_single_image image=&#8221;1884&#8243; img_size=&#8221;full&#8221; css_animation=&#8221;appear&#8221;][\/vc_column_inner][vc_column_inner width=&#8221;1\/2&#8243;][vc_column_text]<\/p>\n<p style=\"text-align: center;\"><span style=\"font-weight: 400;\">Pasja oznacza poswiecenie, zas poswiecenie powinno s\u0142uzyc potrzebom profesjonalist\u00f3w i kobiet, aby mozna by\u0142o stworzyc wartosc z korzyscia dla w\u0142os\u00f3w. Tworzymy formu\u0142y z mysla o pe\u0142nej dba\u0142osci o w\u0142osy i promowaniu podejscia majacego na celu utrzymywanie ich w dobrej kondycji, wychodzac naprzeciw potrzebom i oczekiwaniom kobiet.<\/span><\/p>\n<p>[\/vc_column_text][\/vc_column_inner][\/vc_row_inner][vc_row_inner][vc_column_inner width=&#8221;1\/2&#8243;][vc_single_image image=&#8221;1885&#8243; img_size=&#8221;full&#8221; css_animation=&#8221;appear&#8221;][\/vc_column_inner][vc_column_inner width=&#8221;1\/2&#8243;][vc_column_text]<\/p>\n<p style=\"text-align: center;\"><span style=\"font-weight: 400;\">Kazdy postep dokonuje sie dzieki doswiadczeniom. Przypisujemy wazna role szkoleniom. Budujemy przysz\u0142osc na bazie doswiadczen i tradycji. Doswiadczenie jest dla nas zr\u00f3d\u0142em trwa\u0142ej, fachowej wiedzy<\/span><span style=\"font-weight: 400;\">.<\/span><\/p>\n<p>[\/vc_column_text][\/vc_column_inner][\/vc_row_inner][\/vc_column][\/vc_row]<\/p>\n<\/div>","protected":false},"excerpt":{"rendered":"<p>[vc_row][vc_column][vc_column_text] EXTRAORDINARY EXPERIENCE [\/vc_column_text][vc_empty_space][\/vc_column][\/vc_row][vc_row][vc_column offset=&#8221;vc_hidden-sm vc_hidden-xs&#8221;][vc_row_inner][vc_column_inner width=&#8221;1\/2&#8243;][vc_single_image image=&#8221;1882&#8243; img_size=&#8221;full&#8221; css_animation=&#8221;appear&#8221;][\/vc_column_inner][vc_column_inner width=&#8221;1\/2&#8243;][vc_column_text css=&#8221;.vc_custom_1647852002222{padding-top: 10% !important;padding-bottom: 10% !important;}&#8221;] Nasze bogate doswiadczenie w dziedzinie trychologii sk\u0142oni\u0142o nas do stworzenia w 1995 roku marki Professional. Jest to profesjonalna marka wywodzaca sie z tradycji made in Italy, kt\u00f3rej celem jest promowanie pe\u0142nej pielegnacji w\u0142os\u00f3w w&#8230;<\/p>\n","protected":false},"author":1,"featured_media":0,"parent":0,"menu_order":0,"comment_status":"closed","ping_status":"closed","template":"","meta":{"footnotes":""},"class_list":["post-2312","page","type-page","status-publish","hentry"],"yoast_head":"<!-- This site is optimized with the Yoast SEO plugin v26.8 - https:\/\/yoast.com\/product\/yoast-seo-wordpress\/ -->\n<title>Professional Comprof | Identity<\/title>\n<meta name=\"description\" content=\"Dzi\u0119ki innowacyjnym rozwi\u0105zaniom Comprof marka Professional oferuje specjalistom w dziedzinie piel\u0119gnacji w\u0142os\u00f3w rewolucyjne zabiegi do w\u0142os\u00f3w i preparaty &quot;hair quality solutions.&quot;\" \/>\n<meta name=\"robots\" content=\"index, follow, max-snippet:-1, max-image-preview:large, max-video-preview:-1\" \/>\n<link rel=\"canonical\" href=\"https:\/\/www.professional-haircare.it\/pl\/identity\/\" \/>\n<meta property=\"og:locale\" content=\"pl_PL\" \/>\n<meta property=\"og:type\" content=\"article\" \/>\n<meta property=\"og:title\" content=\"Professional Comprof | Identity\" \/>\n<meta property=\"og:description\" content=\"Dzi\u0119ki innowacyjnym rozwi\u0105zaniom Comprof marka Professional oferuje specjalistom w dziedzinie piel\u0119gnacji w\u0142os\u00f3w rewolucyjne zabiegi do w\u0142os\u00f3w i preparaty &quot;hair quality solutions.&quot;\" \/>\n<meta property=\"og:url\" content=\"https:\/\/www.professional-haircare.it\/pl\/identity\/\" \/>\n<meta property=\"og:site_name\" content=\"Professional Hair Care\" \/>\n<meta property=\"article:modified_time\" content=\"2022-04-15T09:38:09+00:00\" \/>\n<meta name=\"twitter:card\" content=\"summary_large_image\" \/>\n<meta name=\"twitter:label1\" content=\"Szacowany czas czytania\" \/>\n\t<meta name=\"twitter:data1\" content=\"2 minuty\" \/>\n<script type=\"application\/ld+json\" class=\"yoast-schema-graph\">{\"@context\":\"https:\/\/schema.org\",\"@graph\":[{\"@type\":\"WebPage\",\"@id\":\"https:\/\/www.professional-haircare.it\/pl\/identity\/\",\"url\":\"https:\/\/www.professional-haircare.it\/pl\/identity\/\",\"name\":\"Professional Comprof | Identity\",\"isPartOf\":{\"@id\":\"https:\/\/professional-haircare.it\/#website\"},\"datePublished\":\"2022-01-24T15:49:03+00:00\",\"dateModified\":\"2022-04-15T09:38:09+00:00\",\"description\":\"Dzi\u0119ki innowacyjnym rozwi\u0105zaniom Comprof marka Professional oferuje specjalistom w dziedzinie piel\u0119gnacji w\u0142os\u00f3w rewolucyjne zabiegi do w\u0142os\u00f3w i preparaty \\\"hair quality solutions.\\\"\",\"breadcrumb\":{\"@id\":\"https:\/\/www.professional-haircare.it\/pl\/identity\/#breadcrumb\"},\"inLanguage\":\"pl-PL\",\"potentialAction\":[{\"@type\":\"ReadAction\",\"target\":[\"https:\/\/www.professional-haircare.it\/pl\/identity\/\"]}]},{\"@type\":\"BreadcrumbList\",\"@id\":\"https:\/\/www.professional-haircare.it\/pl\/identity\/#breadcrumb\",\"itemListElement\":[{\"@type\":\"ListItem\",\"position\":1,\"name\":\"Home\",\"item\":\"https:\/\/professional-haircare.it\/pl\/\"},{\"@type\":\"ListItem\",\"position\":2,\"name\":\"Identity\"}]},{\"@type\":\"WebSite\",\"@id\":\"https:\/\/professional-haircare.it\/#website\",\"url\":\"https:\/\/professional-haircare.it\/\",\"name\":\"Professional Hair Care\",\"description\":\"Hair Quality Solutions\",\"potentialAction\":[{\"@type\":\"SearchAction\",\"target\":{\"@type\":\"EntryPoint\",\"urlTemplate\":\"https:\/\/professional-haircare.it\/?s={search_term_string}\"},\"query-input\":{\"@type\":\"PropertyValueSpecification\",\"valueRequired\":true,\"valueName\":\"search_term_string\"}}],\"inLanguage\":\"pl-PL\"}]}<\/script>\n<!-- \/ Yoast SEO plugin. -->","yoast_head_json":{"title":"Professional Comprof | Identity","description":"Dzi\u0119ki innowacyjnym rozwi\u0105zaniom Comprof marka Professional oferuje specjalistom w dziedzinie piel\u0119gnacji w\u0142os\u00f3w rewolucyjne zabiegi do w\u0142os\u00f3w i preparaty \"hair quality solutions.\"","robots":{"index":"index","follow":"follow","max-snippet":"max-snippet:-1","max-image-preview":"max-image-preview:large","max-video-preview":"max-video-preview:-1"},"canonical":"https:\/\/www.professional-haircare.it\/pl\/identity\/","og_locale":"pl_PL","og_type":"article","og_title":"Professional Comprof | Identity","og_description":"Dzi\u0119ki innowacyjnym rozwi\u0105zaniom Comprof marka Professional oferuje specjalistom w dziedzinie piel\u0119gnacji w\u0142os\u00f3w rewolucyjne zabiegi do w\u0142os\u00f3w i preparaty \"hair quality solutions.\"","og_url":"https:\/\/www.professional-haircare.it\/pl\/identity\/","og_site_name":"Professional Hair Care","article_modified_time":"2022-04-15T09:38:09+00:00","twitter_card":"summary_large_image","twitter_misc":{"Szacowany czas czytania":"2 minuty"},"schema":{"@context":"https:\/\/schema.org","@graph":[{"@type":"WebPage","@id":"https:\/\/www.professional-haircare.it\/pl\/identity\/","url":"https:\/\/www.professional-haircare.it\/pl\/identity\/","name":"Professional Comprof | Identity","isPartOf":{"@id":"https:\/\/professional-haircare.it\/#website"},"datePublished":"2022-01-24T15:49:03+00:00","dateModified":"2022-04-15T09:38:09+00:00","description":"Dzi\u0119ki innowacyjnym rozwi\u0105zaniom Comprof marka Professional oferuje specjalistom w dziedzinie piel\u0119gnacji w\u0142os\u00f3w rewolucyjne zabiegi do w\u0142os\u00f3w i preparaty \"hair quality solutions.\"","breadcrumb":{"@id":"https:\/\/www.professional-haircare.it\/pl\/identity\/#breadcrumb"},"inLanguage":"pl-PL","potentialAction":[{"@type":"ReadAction","target":["https:\/\/www.professional-haircare.it\/pl\/identity\/"]}]},{"@type":"BreadcrumbList","@id":"https:\/\/www.professional-haircare.it\/pl\/identity\/#breadcrumb","itemListElement":[{"@type":"ListItem","position":1,"name":"Home","item":"https:\/\/professional-haircare.it\/pl\/"},{"@type":"ListItem","position":2,"name":"Identity"}]},{"@type":"WebSite","@id":"https:\/\/professional-haircare.it\/#website","url":"https:\/\/professional-haircare.it\/","name":"Professional Hair Care","description":"Hair Quality Solutions","potentialAction":[{"@type":"SearchAction","target":{"@type":"EntryPoint","urlTemplate":"https:\/\/professional-haircare.it\/?s={search_term_string}"},"query-input":{"@type":"PropertyValueSpecification","valueRequired":true,"valueName":"search_term_string"}}],"inLanguage":"pl-PL"}]}},"_links":{"self":[{"href":"https:\/\/www.professional-haircare.it\/pl\/wp-json\/wp\/v2\/pages\/2312","targetHints":{"allow":["GET"]}}],"collection":[{"href":"https:\/\/www.professional-haircare.it\/pl\/wp-json\/wp\/v2\/pages"}],"about":[{"href":"https:\/\/www.professional-haircare.it\/pl\/wp-json\/wp\/v2\/types\/page"}],"author":[{"embeddable":true,"href":"https:\/\/www.professional-haircare.it\/pl\/wp-json\/wp\/v2\/users\/1"}],"replies":[{"embeddable":true,"href":"https:\/\/www.professional-haircare.it\/pl\/wp-json\/wp\/v2\/comments?post=2312"}],"version-history":[{"count":0,"href":"https:\/\/www.professional-haircare.it\/pl\/wp-json\/wp\/v2\/pages\/2312\/revisions"}],"wp:attachment":[{"href":"https:\/\/www.professional-haircare.it\/pl\/wp-json\/wp\/v2\/media?parent=2312"}],"curies":[{"name":"wp","href":"https:\/\/api.w.org\/{rel}","templated":true}]}}