{"id":2295,"date":"2022-01-24T15:55:02","date_gmt":"2022-01-24T14:55:02","guid":{"rendered":"https:\/\/www.professional-haircare.it\/kompletne-dane-firmy\/"},"modified":"2022-01-24T15:55:02","modified_gmt":"2022-01-24T14:55:02","slug":"kompletne-dane-firmy","status":"publish","type":"page","link":"https:\/\/www.professional-haircare.it\/pl\/kompletne-dane-firmy\/","title":{"rendered":"Kompletne dane firmy"},"content":{"rendered":"<div class=\"wpb-content-wrapper\"><p>[vc_row][vc_column][vc_column_text]<br \/>\nComprof Milano S.r.l.<\/p>\n<p>Partita Iva: IT07479001211<\/p>\n<p>Siedziba statutowa: P.zza S. Maria degli Angeli a Pizzofalcone 1, Napoli (Na) 80132<\/p>\n<p>Siedziba operacyjna: Cis di Nola Isola 8, lotto 8032-8035, 80035 Nola (Na)<\/p>\n<p>Urz\u0105d prowadz\u0105cy rejestr przedsi\u0119biorstw: Napoli<\/p>\n<p>Numer wpisu do rejestru przedsi\u0119biorstw: 07479001211<\/p>\n<p>Kapita\u0142 zak\u0142adowy wp\u0142acony: \u20ac 100.000,00<\/p>\n<p>Adres certyfikowany poczty elektronicznej: <a href=\"mailto:comprofmilano@legalmail.it\">comprofmilano@legalmail.it<\/a><br \/>\n[\/vc_column_text][\/vc_column][\/vc_row]<\/p>\n<\/div>","protected":false},"excerpt":{"rendered":"<p>[vc_row][vc_column][vc_column_text] Comprof Milano S.r.l. Partita Iva: IT07479001211 Siedziba statutowa: P.zza S. Maria degli Angeli a Pizzofalcone 1, Napoli (Na) 80132 Siedziba operacyjna: Cis di Nola Isola 8, lotto 8032-8035, 80035 Nola (Na) Urz\u0105d prowadz\u0105cy rejestr przedsi\u0119biorstw: Napoli Numer wpisu do rejestru przedsi\u0119biorstw: 07479001211 Kapita\u0142 zak\u0142adowy wp\u0142acony: \u20ac 100.000,00 Adres certyfikowany&#8230;<\/p>\n","protected":false},"author":1,"featured_media":0,"parent":0,"menu_order":0,"comment_status":"closed","ping_status":"closed","template":"","meta":{"footnotes":""},"class_list":["post-2295","page","type-page","status-publish","hentry"],"yoast_head":"<!-- This site is optimized with the Yoast SEO plugin v26.8 - https:\/\/yoast.com\/product\/yoast-seo-wordpress\/ -->\n<title>Kompletne dane firmy - Professional Hair Care<\/title>\n<meta name=\"robots\" content=\"noindex, nofollow\" \/>\n<meta property=\"og:locale\" content=\"pl_PL\" \/>\n<meta property=\"og:type\" content=\"article\" \/>\n<meta property=\"og:title\" content=\"Kompletne dane firmy - Professional Hair Care\" \/>\n<meta property=\"og:description\" content=\"[vc_row][vc_column][vc_column_text] Comprof Milano S.r.l. Partita Iva: IT07479001211 Siedziba statutowa: P.zza S. Maria degli Angeli a Pizzofalcone 1, Napoli (Na) 80132 Siedziba operacyjna: Cis di Nola Isola 8, lotto 8032-8035, 80035 Nola (Na) Urz\u0105d prowadz\u0105cy rejestr przedsi\u0119biorstw: Napoli Numer wpisu do rejestru przedsi\u0119biorstw: 07479001211 Kapita\u0142 zak\u0142adowy wp\u0142acony: \u20ac 100.000,00 Adres certyfikowany...\" \/>\n<meta property=\"og:url\" content=\"https:\/\/www.professional-haircare.it\/pl\/kompletne-dane-firmy\/\" \/>\n<meta property=\"og:site_name\" content=\"Professional Hair Care\" \/>\n<meta name=\"twitter:card\" content=\"summary_large_image\" \/>\n<script type=\"application\/ld+json\" class=\"yoast-schema-graph\">{\"@context\":\"https:\/\/schema.org\",\"@graph\":[{\"@type\":\"WebPage\",\"@id\":\"https:\/\/www.professional-haircare.it\/pl\/kompletne-dane-firmy\/\",\"url\":\"https:\/\/www.professional-haircare.it\/pl\/kompletne-dane-firmy\/\",\"name\":\"Kompletne dane firmy - Professional Hair Care\",\"isPartOf\":{\"@id\":\"https:\/\/professional-haircare.it\/#website\"},\"datePublished\":\"2022-01-24T14:55:02+00:00\",\"breadcrumb\":{\"@id\":\"https:\/\/www.professional-haircare.it\/pl\/kompletne-dane-firmy\/#breadcrumb\"},\"inLanguage\":\"pl-PL\",\"potentialAction\":[{\"@type\":\"ReadAction\",\"target\":[\"https:\/\/www.professional-haircare.it\/pl\/kompletne-dane-firmy\/\"]}]},{\"@type\":\"BreadcrumbList\",\"@id\":\"https:\/\/www.professional-haircare.it\/pl\/kompletne-dane-firmy\/#breadcrumb\",\"itemListElement\":[{\"@type\":\"ListItem\",\"position\":1,\"name\":\"Home\",\"item\":\"https:\/\/professional-haircare.it\/pl\/\"},{\"@type\":\"ListItem\",\"position\":2,\"name\":\"Kompletne dane firmy\"}]},{\"@type\":\"WebSite\",\"@id\":\"https:\/\/professional-haircare.it\/#website\",\"url\":\"https:\/\/professional-haircare.it\/\",\"name\":\"Professional Hair Care\",\"description\":\"Hair Quality Solutions\",\"potentialAction\":[{\"@type\":\"SearchAction\",\"target\":{\"@type\":\"EntryPoint\",\"urlTemplate\":\"https:\/\/professional-haircare.it\/?s={search_term_string}\"},\"query-input\":{\"@type\":\"PropertyValueSpecification\",\"valueRequired\":true,\"valueName\":\"search_term_string\"}}],\"inLanguage\":\"pl-PL\"}]}<\/script>\n<!-- \/ Yoast SEO plugin. -->","yoast_head_json":{"title":"Kompletne dane firmy - Professional Hair Care","robots":{"index":"noindex","follow":"nofollow"},"og_locale":"pl_PL","og_type":"article","og_title":"Kompletne dane firmy - Professional Hair Care","og_description":"[vc_row][vc_column][vc_column_text] Comprof Milano S.r.l. Partita Iva: IT07479001211 Siedziba statutowa: P.zza S. Maria degli Angeli a Pizzofalcone 1, Napoli (Na) 80132 Siedziba operacyjna: Cis di Nola Isola 8, lotto 8032-8035, 80035 Nola (Na) Urz\u0105d prowadz\u0105cy rejestr przedsi\u0119biorstw: Napoli Numer wpisu do rejestru przedsi\u0119biorstw: 07479001211 Kapita\u0142 zak\u0142adowy wp\u0142acony: \u20ac 100.000,00 Adres certyfikowany...","og_url":"https:\/\/www.professional-haircare.it\/pl\/kompletne-dane-firmy\/","og_site_name":"Professional Hair Care","twitter_card":"summary_large_image","schema":{"@context":"https:\/\/schema.org","@graph":[{"@type":"WebPage","@id":"https:\/\/www.professional-haircare.it\/pl\/kompletne-dane-firmy\/","url":"https:\/\/www.professional-haircare.it\/pl\/kompletne-dane-firmy\/","name":"Kompletne dane firmy - Professional Hair Care","isPartOf":{"@id":"https:\/\/professional-haircare.it\/#website"},"datePublished":"2022-01-24T14:55:02+00:00","breadcrumb":{"@id":"https:\/\/www.professional-haircare.it\/pl\/kompletne-dane-firmy\/#breadcrumb"},"inLanguage":"pl-PL","potentialAction":[{"@type":"ReadAction","target":["https:\/\/www.professional-haircare.it\/pl\/kompletne-dane-firmy\/"]}]},{"@type":"BreadcrumbList","@id":"https:\/\/www.professional-haircare.it\/pl\/kompletne-dane-firmy\/#breadcrumb","itemListElement":[{"@type":"ListItem","position":1,"name":"Home","item":"https:\/\/professional-haircare.it\/pl\/"},{"@type":"ListItem","position":2,"name":"Kompletne dane firmy"}]},{"@type":"WebSite","@id":"https:\/\/professional-haircare.it\/#website","url":"https:\/\/professional-haircare.it\/","name":"Professional Hair Care","description":"Hair Quality Solutions","potentialAction":[{"@type":"SearchAction","target":{"@type":"EntryPoint","urlTemplate":"https:\/\/professional-haircare.it\/?s={search_term_string}"},"query-input":{"@type":"PropertyValueSpecification","valueRequired":true,"valueName":"search_term_string"}}],"inLanguage":"pl-PL"}]}},"_links":{"self":[{"href":"https:\/\/www.professional-haircare.it\/pl\/wp-json\/wp\/v2\/pages\/2295","targetHints":{"allow":["GET"]}}],"collection":[{"href":"https:\/\/www.professional-haircare.it\/pl\/wp-json\/wp\/v2\/pages"}],"about":[{"href":"https:\/\/www.professional-haircare.it\/pl\/wp-json\/wp\/v2\/types\/page"}],"author":[{"embeddable":true,"href":"https:\/\/www.professional-haircare.it\/pl\/wp-json\/wp\/v2\/users\/1"}],"replies":[{"embeddable":true,"href":"https:\/\/www.professional-haircare.it\/pl\/wp-json\/wp\/v2\/comments?post=2295"}],"version-history":[{"count":0,"href":"https:\/\/www.professional-haircare.it\/pl\/wp-json\/wp\/v2\/pages\/2295\/revisions"}],"wp:attachment":[{"href":"https:\/\/www.professional-haircare.it\/pl\/wp-json\/wp\/v2\/media?parent=2295"}],"curies":[{"name":"wp","href":"https:\/\/api.w.org\/{rel}","templated":true}]}}