{"id":2292,"date":"2022-01-24T15:48:11","date_gmt":"2022-01-24T14:48:11","guid":{"rendered":"https:\/\/www.professional-haircare.it\/kontakt\/"},"modified":"2022-07-19T12:27:12","modified_gmt":"2022-07-19T10:27:12","slug":"kontakt","status":"publish","type":"page","link":"https:\/\/www.professional-haircare.it\/pl\/kontakt\/","title":{"rendered":"Kontakt"},"content":{"rendered":"<div class=\"wpb-content-wrapper\"><p>[vc_row][vc_column width=&#8221;2\/3&#8243;][vc_raw_html]JTNDJTIxLS0lNUJpZiUyMGx0ZSUyMElFJTIwOCU1RCUzRSUwQSUzQ3NjcmlwdCUyMGNoYXJzZXQlM0QlMjJ1dGYtOCUyMiUyMHR5cGUlM0QlMjJ0ZXh0JTJGamF2YXNjcmlwdCUyMiUyMHNyYyUzRCUyMiUyRiUyRmpzLWV1MS5oc2Zvcm1zLm5ldCUyRmZvcm1zJTJGdjItbGVnYWN5LmpzJTIyJTNFJTNDJTJGc2NyaXB0JTNFJTBBJTNDJTIxJTVCZW5kaWYlNUQtLSUzRSUwQSUzQ3NjcmlwdCUyMGNoYXJzZXQlM0QlMjJ1dGYtOCUyMiUyMHR5cGUlM0QlMjJ0ZXh0JTJGamF2YXNjcmlwdCUyMiUyMHNyYyUzRCUyMiUyRiUyRmpzLWV1MS5oc2Zvcm1zLm5ldCUyRmZvcm1zJTJGdjIuanMlMjIlM0UlM0MlMkZzY3JpcHQlM0UlMEElM0NzY3JpcHQlM0UlMEElMjAlMjBoYnNwdC5mb3Jtcy5jcmVhdGUlMjglN0IlMEElMDlyZWdpb24lM0ElMjAlMjJldTElMjIlMkMlMEElMDlwb3J0YWxJZCUzQSUyMCUyMjI0ODkwNjU3JTIyJTJDJTBBJTA5Zm9ybUlkJTNBJTIwJTIyYzlkMzY0NTItOTA3My00MmRlLWI3ZDUtZmIyMTRlNzNhOGMyJTIyJTBBJTdEJTI5JTNCJTBBJTNDJTJGc2NyaXB0JTNFJTBBJTBBJTNDc21hbGwlM0VUYSUyMHdpdHJ5bmElMjBqZXN0JTIwY2hyb25pb25hJTIwcHJ6ZXolMjByZUNBUFRDSEElMjBpJTIwb2Jvd2klQzQlODV6dWplJTIwJTNDYSUyMGhyZWYlM0QlMjJodHRwcyUzQSUyRiUyRnBvbGljaWVzLmdvb2dsZS5jb20lMkZwcml2YWN5JTIyJTNFUG9saXR5a2ElMjBwcnl3YXRubyVDNSU5QmNpJTNDJTJGYSUzRSUyMGklMjAlM0NhJTIwaHJlZiUzRCUyMmh0dHBzJTNBJTJGJTJGcG9saWNpZXMuZ29vZ2xlLmNvbSUyRnByaXZhY3klMjIlM0VXYXJ1bmtpJTIwa29yenlzdGFuaWElMjB6JTIwdXMlQzUlODJ1Z2klM0MlMkZhJTNFJTIwR29vZ2xlLiUzQyUyRnNtYWxsJTNF[\/vc_raw_html][\/vc_column][vc_column width=&#8221;1\/3&#8243;]<div class=\"block-with-ico ico-box-9281 ico-position-left ico-style-\"><i class=\"fa fa-phone\" ><\/i><div class=\"ico-box-content\"><h5>CUSTOMER SERVICE<\/h5>Aby uzyska\u0107 szczeg\u00f3\u0142owe informacje lub rozwia\u0107 w\u0105tpliwo\u015bci<br \/>\nzadzwo\u0144 pod darmowy numer:<\/p>\n<h3>800 273 708<\/h3>\n<p><\/div><\/div><style>.ico-box-9281 i {color:#b6b6b6!important;}.ico-box-9281:hover i {}<\/style><div class=\"block-with-ico ico-box-4538 ico-position-left ico-style-\"><i class=\"fa fa-envelope\" ><\/i><div class=\"ico-box-content\"><h5>WEB SERVICE<\/h5>E-mail address:<\/p>\n<p><span style=\"color: #808080;\"><strong><a style=\"color: #808080;\" href=\"mailto:info@professional-haircare.it\">info@professional-haircare.it<\/a><\/strong><\/span><\/div><\/div><style>.ico-box-4538 i {}.ico-box-4538:hover i {}<\/style><div class=\"block-with-ico ico-box-6439 ico-position-left ico-style-\"><i class=\"fa fa-book\" ><\/i><div class=\"ico-box-content\"><h5>PRODUCT<\/h5><span style=\"font-weight: 400;\">Pobierz Katalog produkt\u00f3w<\/span><\/p>\n<p><a href=\"https:\/\/comprof.it\/cataloghi\/professional\/professional_products_book.pdf\" target=\"_blank\" rel=\"noopener noreferrer\"><span style=\"color: #808080;\"><strong>kliknij tutaj<\/strong><\/span><\/a><\/div><\/div><style>.ico-box-6439 i {}.ico-box-6439:hover i {}<\/style>[\/vc_column][\/vc_row]<\/p>\n<\/div>","protected":false},"excerpt":{"rendered":"<p>&#8230;<\/p>\n","protected":false},"author":1,"featured_media":0,"parent":0,"menu_order":0,"comment_status":"closed","ping_status":"closed","template":"","meta":{"footnotes":""},"class_list":["post-2292","page","type-page","status-publish","hentry"],"yoast_head":"<!-- This site is optimized with the Yoast SEO plugin v26.8 - https:\/\/yoast.com\/product\/yoast-seo-wordpress\/ -->\n<title>Professional Comprof | Kontakt<\/title>\n<meta name=\"description\" content=\"Marce Professional, zrodzonej z wieloletniego do\u015bwiadczenia Comprof, zale\u017cy na opinii swoich Klient\u00f3w: skontaktuj si\u0119 z nami, aby wyrazi\u0107 swoj\u0105 opini\u0119, przedstawi\u0107 uwagi, pozna\u0107 nowo\u015bci lub uzyska\u0107 informacje o produkcie.\" \/>\n<meta name=\"robots\" content=\"index, follow, max-snippet:-1, max-image-preview:large, max-video-preview:-1\" \/>\n<link rel=\"canonical\" href=\"https:\/\/www.professional-haircare.it\/pl\/kontakt\/\" \/>\n<meta property=\"og:locale\" content=\"pl_PL\" \/>\n<meta property=\"og:type\" content=\"article\" \/>\n<meta property=\"og:title\" content=\"Professional Comprof | Kontakt\" \/>\n<meta property=\"og:description\" content=\"Marce Professional, zrodzonej z wieloletniego do\u015bwiadczenia Comprof, zale\u017cy na opinii swoich Klient\u00f3w: skontaktuj si\u0119 z nami, aby wyrazi\u0107 swoj\u0105 opini\u0119, przedstawi\u0107 uwagi, pozna\u0107 nowo\u015bci lub uzyska\u0107 informacje o produkcie.\" \/>\n<meta property=\"og:url\" content=\"https:\/\/www.professional-haircare.it\/pl\/kontakt\/\" \/>\n<meta property=\"og:site_name\" content=\"Professional Hair Care\" \/>\n<meta property=\"article:modified_time\" content=\"2022-07-19T10:27:12+00:00\" \/>\n<meta name=\"twitter:card\" content=\"summary_large_image\" \/>\n<meta name=\"twitter:label1\" content=\"Szacowany czas czytania\" \/>\n\t<meta name=\"twitter:data1\" content=\"1 minuta\" \/>\n<script type=\"application\/ld+json\" class=\"yoast-schema-graph\">{\"@context\":\"https:\/\/schema.org\",\"@graph\":[{\"@type\":\"WebPage\",\"@id\":\"https:\/\/www.professional-haircare.it\/pl\/kontakt\/\",\"url\":\"https:\/\/www.professional-haircare.it\/pl\/kontakt\/\",\"name\":\"Professional Comprof | Kontakt\",\"isPartOf\":{\"@id\":\"https:\/\/professional-haircare.it\/#website\"},\"datePublished\":\"2022-01-24T14:48:11+00:00\",\"dateModified\":\"2022-07-19T10:27:12+00:00\",\"description\":\"Marce Professional, zrodzonej z wieloletniego do\u015bwiadczenia Comprof, zale\u017cy na opinii swoich Klient\u00f3w: skontaktuj si\u0119 z nami, aby wyrazi\u0107 swoj\u0105 opini\u0119, przedstawi\u0107 uwagi, pozna\u0107 nowo\u015bci lub uzyska\u0107 informacje o produkcie.\",\"breadcrumb\":{\"@id\":\"https:\/\/www.professional-haircare.it\/pl\/kontakt\/#breadcrumb\"},\"inLanguage\":\"pl-PL\",\"potentialAction\":[{\"@type\":\"ReadAction\",\"target\":[\"https:\/\/www.professional-haircare.it\/pl\/kontakt\/\"]}]},{\"@type\":\"BreadcrumbList\",\"@id\":\"https:\/\/www.professional-haircare.it\/pl\/kontakt\/#breadcrumb\",\"itemListElement\":[{\"@type\":\"ListItem\",\"position\":1,\"name\":\"Home\",\"item\":\"https:\/\/professional-haircare.it\/pl\/\"},{\"@type\":\"ListItem\",\"position\":2,\"name\":\"Kontakt\"}]},{\"@type\":\"WebSite\",\"@id\":\"https:\/\/professional-haircare.it\/#website\",\"url\":\"https:\/\/professional-haircare.it\/\",\"name\":\"Professional Hair Care\",\"description\":\"Hair Quality Solutions\",\"potentialAction\":[{\"@type\":\"SearchAction\",\"target\":{\"@type\":\"EntryPoint\",\"urlTemplate\":\"https:\/\/professional-haircare.it\/?s={search_term_string}\"},\"query-input\":{\"@type\":\"PropertyValueSpecification\",\"valueRequired\":true,\"valueName\":\"search_term_string\"}}],\"inLanguage\":\"pl-PL\"}]}<\/script>\n<!-- \/ Yoast SEO plugin. -->","yoast_head_json":{"title":"Professional Comprof | Kontakt","description":"Marce Professional, zrodzonej z wieloletniego do\u015bwiadczenia Comprof, zale\u017cy na opinii swoich Klient\u00f3w: skontaktuj si\u0119 z nami, aby wyrazi\u0107 swoj\u0105 opini\u0119, przedstawi\u0107 uwagi, pozna\u0107 nowo\u015bci lub uzyska\u0107 informacje o produkcie.","robots":{"index":"index","follow":"follow","max-snippet":"max-snippet:-1","max-image-preview":"max-image-preview:large","max-video-preview":"max-video-preview:-1"},"canonical":"https:\/\/www.professional-haircare.it\/pl\/kontakt\/","og_locale":"pl_PL","og_type":"article","og_title":"Professional Comprof | Kontakt","og_description":"Marce Professional, zrodzonej z wieloletniego do\u015bwiadczenia Comprof, zale\u017cy na opinii swoich Klient\u00f3w: skontaktuj si\u0119 z nami, aby wyrazi\u0107 swoj\u0105 opini\u0119, przedstawi\u0107 uwagi, pozna\u0107 nowo\u015bci lub uzyska\u0107 informacje o produkcie.","og_url":"https:\/\/www.professional-haircare.it\/pl\/kontakt\/","og_site_name":"Professional Hair Care","article_modified_time":"2022-07-19T10:27:12+00:00","twitter_card":"summary_large_image","twitter_misc":{"Szacowany czas czytania":"1 minuta"},"schema":{"@context":"https:\/\/schema.org","@graph":[{"@type":"WebPage","@id":"https:\/\/www.professional-haircare.it\/pl\/kontakt\/","url":"https:\/\/www.professional-haircare.it\/pl\/kontakt\/","name":"Professional Comprof | Kontakt","isPartOf":{"@id":"https:\/\/professional-haircare.it\/#website"},"datePublished":"2022-01-24T14:48:11+00:00","dateModified":"2022-07-19T10:27:12+00:00","description":"Marce Professional, zrodzonej z wieloletniego do\u015bwiadczenia Comprof, zale\u017cy na opinii swoich Klient\u00f3w: skontaktuj si\u0119 z nami, aby wyrazi\u0107 swoj\u0105 opini\u0119, przedstawi\u0107 uwagi, pozna\u0107 nowo\u015bci lub uzyska\u0107 informacje o produkcie.","breadcrumb":{"@id":"https:\/\/www.professional-haircare.it\/pl\/kontakt\/#breadcrumb"},"inLanguage":"pl-PL","potentialAction":[{"@type":"ReadAction","target":["https:\/\/www.professional-haircare.it\/pl\/kontakt\/"]}]},{"@type":"BreadcrumbList","@id":"https:\/\/www.professional-haircare.it\/pl\/kontakt\/#breadcrumb","itemListElement":[{"@type":"ListItem","position":1,"name":"Home","item":"https:\/\/professional-haircare.it\/pl\/"},{"@type":"ListItem","position":2,"name":"Kontakt"}]},{"@type":"WebSite","@id":"https:\/\/professional-haircare.it\/#website","url":"https:\/\/professional-haircare.it\/","name":"Professional Hair Care","description":"Hair Quality Solutions","potentialAction":[{"@type":"SearchAction","target":{"@type":"EntryPoint","urlTemplate":"https:\/\/professional-haircare.it\/?s={search_term_string}"},"query-input":{"@type":"PropertyValueSpecification","valueRequired":true,"valueName":"search_term_string"}}],"inLanguage":"pl-PL"}]}},"_links":{"self":[{"href":"https:\/\/www.professional-haircare.it\/pl\/wp-json\/wp\/v2\/pages\/2292","targetHints":{"allow":["GET"]}}],"collection":[{"href":"https:\/\/www.professional-haircare.it\/pl\/wp-json\/wp\/v2\/pages"}],"about":[{"href":"https:\/\/www.professional-haircare.it\/pl\/wp-json\/wp\/v2\/types\/page"}],"author":[{"embeddable":true,"href":"https:\/\/www.professional-haircare.it\/pl\/wp-json\/wp\/v2\/users\/1"}],"replies":[{"embeddable":true,"href":"https:\/\/www.professional-haircare.it\/pl\/wp-json\/wp\/v2\/comments?post=2292"}],"version-history":[{"count":0,"href":"https:\/\/www.professional-haircare.it\/pl\/wp-json\/wp\/v2\/pages\/2292\/revisions"}],"wp:attachment":[{"href":"https:\/\/www.professional-haircare.it\/pl\/wp-json\/wp\/v2\/media?parent=2292"}],"curies":[{"name":"wp","href":"https:\/\/api.w.org\/{rel}","templated":true}]}}