{"id":6837,"date":"2024-03-25T15:02:31","date_gmt":"2024-03-25T14:02:31","guid":{"rendered":"https:\/\/www.professional-haircare.it\/?post_type=product&#038;p=6837"},"modified":"2024-03-25T15:06:28","modified_gmt":"2024-03-25T14:06:28","slug":"hairgenie-high-detox-apres-shampooing-hydratant","status":"publish","type":"product","link":"https:\/\/www.professional-haircare.it\/fr\/products\/treatments-fr\/hairgenie-fr\/hairgenie-high-detox-fr\/hairgenie-high-detox-apres-shampooing-hydratant\/","title":{"rendered":"Hairgenie High Detox | Apr\u00e8s-shampooing hydratant"},"content":{"rendered":"","protected":false},"excerpt":{"rendered":"<p><span style=\"font-weight: 400;\">L&rsquo;apr\u00e8s-shampooing Hairgenie High Detox offre une action efficace sans silicone pour revitaliser et nourrir les cheveux stress\u00e9s par les agents polluants. Sa formule enrichie en extrait de marron d&rsquo;Inde et en extrait de lavande est con\u00e7ue pour apporter une hydratation en profondeur, en garantissant une chevelure douce et lumineuse.<\/span><\/p>\n<p><span style=\"font-weight: 400;\">\u00a0<\/span><span style=\"font-weight: 400;\">1000 ml<\/span><\/p>\n","protected":false},"featured_media":6807,"comment_status":"closed","ping_status":"closed","template":"","meta":[],"product_brand":[],"product_cat":[1111,686],"product_tag":[],"class_list":{"0":"post-6837","1":"product","2":"type-product","3":"status-publish","4":"has-post-thumbnail","6":"product_cat-hairgenie-high-detox-fr","7":"product_cat-treatments-fr","9":"first","10":"instock","11":"shipping-taxable","12":"product-type-simple"},"yoast_head":"<!-- This site is optimized with the Yoast SEO plugin v26.8 - https:\/\/yoast.com\/product\/yoast-seo-wordpress\/ -->\n<title>Hairgenie High Detox | Apr\u00e8s-shampooing hydratant - Professional Hair Care<\/title>\n<meta name=\"description\" content=\"L&#039;apr\u00e8s-shampooing Hairgenie High Detox offre une action efficace sans silicone pour revitaliser et nourrir les cheveux stress\u00e9s par les agents polluants.\" \/>\n<meta name=\"robots\" content=\"index, follow, max-snippet:-1, max-image-preview:large, max-video-preview:-1\" \/>\n<link rel=\"canonical\" href=\"https:\/\/www.professional-haircare.it\/fr\/products\/treatments-fr\/hairgenie-fr\/hairgenie-high-detox-fr\/hairgenie-high-detox-apres-shampooing-hydratant\/\" \/>\n<meta property=\"og:locale\" content=\"fr_FR\" \/>\n<meta property=\"og:type\" content=\"article\" \/>\n<meta property=\"og:title\" content=\"Hairgenie High Detox | Apr\u00e8s-shampooing hydratant - Professional Hair Care\" \/>\n<meta property=\"og:description\" content=\"L&#039;apr\u00e8s-shampooing Hairgenie High Detox offre une action efficace sans silicone pour revitaliser et nourrir les cheveux stress\u00e9s par les agents polluants.\" \/>\n<meta property=\"og:url\" content=\"https:\/\/www.professional-haircare.it\/fr\/products\/treatments-fr\/hairgenie-fr\/hairgenie-high-detox-fr\/hairgenie-high-detox-apres-shampooing-hydratant\/\" \/>\n<meta property=\"og:site_name\" content=\"Professional Hair Care\" \/>\n<meta property=\"article:modified_time\" content=\"2024-03-25T14:06:28+00:00\" \/>\n<meta property=\"og:image\" content=\"https:\/\/professional-haircare.it\/wp-content\/uploads\/2024\/03\/12086_professional_hairgenie_high_detox_conditioner_1000ml-1024x1024.png\" \/>\n\t<meta property=\"og:image:width\" content=\"1024\" \/>\n\t<meta property=\"og:image:height\" content=\"1024\" \/>\n\t<meta property=\"og:image:type\" content=\"image\/png\" \/>\n<meta name=\"twitter:card\" content=\"summary_large_image\" \/>\n<script type=\"application\/ld+json\" class=\"yoast-schema-graph\">{\"@context\":\"https:\/\/schema.org\",\"@graph\":[{\"@type\":\"WebPage\",\"@id\":\"https:\/\/www.professional-haircare.it\/fr\/products\/treatments-fr\/hairgenie-fr\/hairgenie-high-detox-fr\/hairgenie-high-detox-apres-shampooing-hydratant\/\",\"url\":\"https:\/\/www.professional-haircare.it\/fr\/products\/treatments-fr\/hairgenie-fr\/hairgenie-high-detox-fr\/hairgenie-high-detox-apres-shampooing-hydratant\/\",\"name\":\"Hairgenie High Detox | Apr\u00e8s-shampooing hydratant - Professional Hair Care\",\"isPartOf\":{\"@id\":\"https:\/\/professional-haircare.it\/#website\"},\"primaryImageOfPage\":{\"@id\":\"https:\/\/www.professional-haircare.it\/fr\/products\/treatments-fr\/hairgenie-fr\/hairgenie-high-detox-fr\/hairgenie-high-detox-apres-shampooing-hydratant\/#primaryimage\"},\"image\":{\"@id\":\"https:\/\/www.professional-haircare.it\/fr\/products\/treatments-fr\/hairgenie-fr\/hairgenie-high-detox-fr\/hairgenie-high-detox-apres-shampooing-hydratant\/#primaryimage\"},\"thumbnailUrl\":\"https:\/\/www.professional-haircare.it\/wp-content\/uploads\/2024\/03\/12086_professional_hairgenie_high_detox_conditioner_1000ml.png\",\"datePublished\":\"2024-03-25T14:02:31+00:00\",\"dateModified\":\"2024-03-25T14:06:28+00:00\",\"description\":\"L'apr\u00e8s-shampooing Hairgenie High Detox offre une action efficace sans silicone pour revitaliser et nourrir les cheveux stress\u00e9s par les agents polluants.\",\"breadcrumb\":{\"@id\":\"https:\/\/www.professional-haircare.it\/fr\/products\/treatments-fr\/hairgenie-fr\/hairgenie-high-detox-fr\/hairgenie-high-detox-apres-shampooing-hydratant\/#breadcrumb\"},\"inLanguage\":\"fr-FR\",\"potentialAction\":[{\"@type\":\"ReadAction\",\"target\":[\"https:\/\/www.professional-haircare.it\/fr\/products\/treatments-fr\/hairgenie-fr\/hairgenie-high-detox-fr\/hairgenie-high-detox-apres-shampooing-hydratant\/\"]}]},{\"@type\":\"ImageObject\",\"inLanguage\":\"fr-FR\",\"@id\":\"https:\/\/www.professional-haircare.it\/fr\/products\/treatments-fr\/hairgenie-fr\/hairgenie-high-detox-fr\/hairgenie-high-detox-apres-shampooing-hydratant\/#primaryimage\",\"url\":\"https:\/\/www.professional-haircare.it\/wp-content\/uploads\/2024\/03\/12086_professional_hairgenie_high_detox_conditioner_1000ml.png\",\"contentUrl\":\"https:\/\/www.professional-haircare.it\/wp-content\/uploads\/2024\/03\/12086_professional_hairgenie_high_detox_conditioner_1000ml.png\",\"width\":2000,\"height\":2000},{\"@type\":\"BreadcrumbList\",\"@id\":\"https:\/\/www.professional-haircare.it\/fr\/products\/treatments-fr\/hairgenie-fr\/hairgenie-high-detox-fr\/hairgenie-high-detox-apres-shampooing-hydratant\/#breadcrumb\",\"itemListElement\":[{\"@type\":\"ListItem\",\"position\":1,\"name\":\"Home\",\"item\":\"https:\/\/professional-haircare.it\/fr\/\"},{\"@type\":\"ListItem\",\"position\":2,\"name\":\"Shop\",\"item\":\"https:\/\/professional-haircare.it\/shop\/\"},{\"@type\":\"ListItem\",\"position\":3,\"name\":\"Hairgenie High Detox | Apr\u00e8s-shampooing hydratant\"}]},{\"@type\":\"WebSite\",\"@id\":\"https:\/\/professional-haircare.it\/#website\",\"url\":\"https:\/\/professional-haircare.it\/\",\"name\":\"Professional Hair Care\",\"description\":\"Hair Quality Solutions\",\"potentialAction\":[{\"@type\":\"SearchAction\",\"target\":{\"@type\":\"EntryPoint\",\"urlTemplate\":\"https:\/\/professional-haircare.it\/?s={search_term_string}\"},\"query-input\":{\"@type\":\"PropertyValueSpecification\",\"valueRequired\":true,\"valueName\":\"search_term_string\"}}],\"inLanguage\":\"fr-FR\"}]}<\/script>\n<!-- \/ Yoast SEO plugin. -->","yoast_head_json":{"title":"Hairgenie High Detox | Apr\u00e8s-shampooing hydratant - Professional Hair Care","description":"L'apr\u00e8s-shampooing Hairgenie High Detox offre une action efficace sans silicone pour revitaliser et nourrir les cheveux stress\u00e9s par les agents polluants.","robots":{"index":"index","follow":"follow","max-snippet":"max-snippet:-1","max-image-preview":"max-image-preview:large","max-video-preview":"max-video-preview:-1"},"canonical":"https:\/\/www.professional-haircare.it\/fr\/products\/treatments-fr\/hairgenie-fr\/hairgenie-high-detox-fr\/hairgenie-high-detox-apres-shampooing-hydratant\/","og_locale":"fr_FR","og_type":"article","og_title":"Hairgenie High Detox | Apr\u00e8s-shampooing hydratant - Professional Hair Care","og_description":"L'apr\u00e8s-shampooing Hairgenie High Detox offre une action efficace sans silicone pour revitaliser et nourrir les cheveux stress\u00e9s par les agents polluants.","og_url":"https:\/\/www.professional-haircare.it\/fr\/products\/treatments-fr\/hairgenie-fr\/hairgenie-high-detox-fr\/hairgenie-high-detox-apres-shampooing-hydratant\/","og_site_name":"Professional Hair Care","article_modified_time":"2024-03-25T14:06:28+00:00","og_image":[{"width":1024,"height":1024,"url":"https:\/\/professional-haircare.it\/wp-content\/uploads\/2024\/03\/12086_professional_hairgenie_high_detox_conditioner_1000ml-1024x1024.png","type":"image\/png"}],"twitter_card":"summary_large_image","schema":{"@context":"https:\/\/schema.org","@graph":[{"@type":"WebPage","@id":"https:\/\/www.professional-haircare.it\/fr\/products\/treatments-fr\/hairgenie-fr\/hairgenie-high-detox-fr\/hairgenie-high-detox-apres-shampooing-hydratant\/","url":"https:\/\/www.professional-haircare.it\/fr\/products\/treatments-fr\/hairgenie-fr\/hairgenie-high-detox-fr\/hairgenie-high-detox-apres-shampooing-hydratant\/","name":"Hairgenie High Detox | Apr\u00e8s-shampooing hydratant - Professional Hair Care","isPartOf":{"@id":"https:\/\/professional-haircare.it\/#website"},"primaryImageOfPage":{"@id":"https:\/\/www.professional-haircare.it\/fr\/products\/treatments-fr\/hairgenie-fr\/hairgenie-high-detox-fr\/hairgenie-high-detox-apres-shampooing-hydratant\/#primaryimage"},"image":{"@id":"https:\/\/www.professional-haircare.it\/fr\/products\/treatments-fr\/hairgenie-fr\/hairgenie-high-detox-fr\/hairgenie-high-detox-apres-shampooing-hydratant\/#primaryimage"},"thumbnailUrl":"https:\/\/www.professional-haircare.it\/wp-content\/uploads\/2024\/03\/12086_professional_hairgenie_high_detox_conditioner_1000ml.png","datePublished":"2024-03-25T14:02:31+00:00","dateModified":"2024-03-25T14:06:28+00:00","description":"L'apr\u00e8s-shampooing Hairgenie High Detox offre une action efficace sans silicone pour revitaliser et nourrir les cheveux stress\u00e9s par les agents polluants.","breadcrumb":{"@id":"https:\/\/www.professional-haircare.it\/fr\/products\/treatments-fr\/hairgenie-fr\/hairgenie-high-detox-fr\/hairgenie-high-detox-apres-shampooing-hydratant\/#breadcrumb"},"inLanguage":"fr-FR","potentialAction":[{"@type":"ReadAction","target":["https:\/\/www.professional-haircare.it\/fr\/products\/treatments-fr\/hairgenie-fr\/hairgenie-high-detox-fr\/hairgenie-high-detox-apres-shampooing-hydratant\/"]}]},{"@type":"ImageObject","inLanguage":"fr-FR","@id":"https:\/\/www.professional-haircare.it\/fr\/products\/treatments-fr\/hairgenie-fr\/hairgenie-high-detox-fr\/hairgenie-high-detox-apres-shampooing-hydratant\/#primaryimage","url":"https:\/\/www.professional-haircare.it\/wp-content\/uploads\/2024\/03\/12086_professional_hairgenie_high_detox_conditioner_1000ml.png","contentUrl":"https:\/\/www.professional-haircare.it\/wp-content\/uploads\/2024\/03\/12086_professional_hairgenie_high_detox_conditioner_1000ml.png","width":2000,"height":2000},{"@type":"BreadcrumbList","@id":"https:\/\/www.professional-haircare.it\/fr\/products\/treatments-fr\/hairgenie-fr\/hairgenie-high-detox-fr\/hairgenie-high-detox-apres-shampooing-hydratant\/#breadcrumb","itemListElement":[{"@type":"ListItem","position":1,"name":"Home","item":"https:\/\/professional-haircare.it\/fr\/"},{"@type":"ListItem","position":2,"name":"Shop","item":"https:\/\/professional-haircare.it\/shop\/"},{"@type":"ListItem","position":3,"name":"Hairgenie High Detox | Apr\u00e8s-shampooing hydratant"}]},{"@type":"WebSite","@id":"https:\/\/professional-haircare.it\/#website","url":"https:\/\/professional-haircare.it\/","name":"Professional Hair Care","description":"Hair Quality Solutions","potentialAction":[{"@type":"SearchAction","target":{"@type":"EntryPoint","urlTemplate":"https:\/\/professional-haircare.it\/?s={search_term_string}"},"query-input":{"@type":"PropertyValueSpecification","valueRequired":true,"valueName":"search_term_string"}}],"inLanguage":"fr-FR"}]}},"_links":{"self":[{"href":"https:\/\/www.professional-haircare.it\/fr\/wp-json\/wp\/v2\/product\/6837","targetHints":{"allow":["GET"]}}],"collection":[{"href":"https:\/\/www.professional-haircare.it\/fr\/wp-json\/wp\/v2\/product"}],"about":[{"href":"https:\/\/www.professional-haircare.it\/fr\/wp-json\/wp\/v2\/types\/product"}],"replies":[{"embeddable":true,"href":"https:\/\/www.professional-haircare.it\/fr\/wp-json\/wp\/v2\/comments?post=6837"}],"wp:featuredmedia":[{"embeddable":true,"href":"https:\/\/www.professional-haircare.it\/fr\/wp-json\/wp\/v2\/media\/6807"}],"wp:attachment":[{"href":"https:\/\/www.professional-haircare.it\/fr\/wp-json\/wp\/v2\/media?parent=6837"}],"wp:term":[{"taxonomy":"product_brand","embeddable":true,"href":"https:\/\/www.professional-haircare.it\/fr\/wp-json\/wp\/v2\/product_brand?post=6837"},{"taxonomy":"product_cat","embeddable":true,"href":"https:\/\/www.professional-haircare.it\/fr\/wp-json\/wp\/v2\/product_cat?post=6837"},{"taxonomy":"product_tag","embeddable":true,"href":"https:\/\/www.professional-haircare.it\/fr\/wp-json\/wp\/v2\/product_tag?post=6837"}],"curies":[{"name":"wp","href":"https:\/\/api.w.org\/{rel}","templated":true}]}}