{"id":4045,"date":"2022-07-01T15:57:24","date_gmt":"2022-07-01T13:57:24","guid":{"rendered":"https:\/\/www.professional-haircare.it\/products\/non%20class\u00e9\/hairgenie-volume-boost-shampooing-pour-cheveux-fins-et-sans-ressort-2\/"},"modified":"2022-11-10T15:19:12","modified_gmt":"2022-11-10T14:19:12","slug":"hairgenie-volume-boost-shampooing-pour-cheveux-fins-et-sans-ressort-2","status":"publish","type":"product","link":"https:\/\/www.professional-haircare.it\/fr\/products\/treatments-fr\/hairgenie-fr\/hairgenie-volume-boost-fr\/hairgenie-volume-boost-shampooing-pour-cheveux-fins-et-sans-ressort-2\/","title":{"rendered":"Hairgenie Volume Boost | Shampooing pour cheveux fins et sans ressort"},"content":{"rendered":"","protected":false},"excerpt":{"rendered":"<p>Hairgenie Volume Boost est un shampooing qui nettoie en douceur la fibre capillaire <strong>et redonne du corps et du tonus aux cheveux fins<\/strong>.<\/p>\n<p>Sa formule enrichie \u00e0 l&rsquo;<strong>extrait d&rsquo;\u00e9glantier<\/strong> produit une action antioxydante sur les cheveux,<strong> et les rend souples et l\u00e9gers<\/strong>.<\/p>\n<p>1000 ml<\/p>\n","protected":false},"featured_media":4046,"comment_status":"closed","ping_status":"closed","template":"","meta":[],"product_brand":[],"product_cat":[690,696,686],"product_tag":[],"class_list":{"0":"post-4045","1":"product","2":"type-product","3":"status-publish","4":"has-post-thumbnail","6":"product_cat-hairgenie-fr","7":"product_cat-hairgenie-volume-boost-fr","8":"product_cat-treatments-fr","10":"first","11":"instock","12":"shipping-taxable","13":"product-type-simple"},"yoast_head":"<!-- This site is optimized with the Yoast SEO plugin v26.8 - https:\/\/yoast.com\/product\/yoast-seo-wordpress\/ -->\n<title>Hairgenie Volume Boost | Shampooing pour cheveux fins et sans ressort - Professional Hair Care<\/title>\n<meta name=\"robots\" content=\"index, follow, max-snippet:-1, max-image-preview:large, max-video-preview:-1\" \/>\n<link rel=\"canonical\" href=\"https:\/\/www.professional-haircare.it\/fr\/products\/treatments-fr\/hairgenie-fr\/hairgenie-volume-boost-fr\/hairgenie-volume-boost-shampooing-pour-cheveux-fins-et-sans-ressort-2\/\" \/>\n<meta property=\"og:locale\" content=\"fr_FR\" \/>\n<meta property=\"og:type\" content=\"article\" \/>\n<meta property=\"og:title\" content=\"Hairgenie Volume Boost | Shampooing pour cheveux fins et sans ressort - Professional Hair Care\" \/>\n<meta property=\"og:description\" content=\"Hairgenie Volume Boost est un shampooing qui nettoie en douceur la fibre capillaire et redonne du corps et du tonus aux cheveux fins.  Sa formule enrichie \u00e0 l&#039;extrait d&#039;\u00e9glantier produit une action antioxydante sur les cheveux, et les rend souples et l\u00e9gers.  1000 ml\" \/>\n<meta property=\"og:url\" content=\"https:\/\/www.professional-haircare.it\/fr\/products\/treatments-fr\/hairgenie-fr\/hairgenie-volume-boost-fr\/hairgenie-volume-boost-shampooing-pour-cheveux-fins-et-sans-ressort-2\/\" \/>\n<meta property=\"og:site_name\" content=\"Professional Hair Care\" \/>\n<meta property=\"article:modified_time\" content=\"2022-11-10T14:19:12+00:00\" \/>\n<meta property=\"og:image\" content=\"https:\/\/professional-haircare.it\/wp-content\/uploads\/2022\/06\/12078_professional_hairgenie_volume-shampoo_1000ml.png\" \/>\n\t<meta property=\"og:image:width\" content=\"600\" \/>\n\t<meta property=\"og:image:height\" content=\"600\" \/>\n\t<meta property=\"og:image:type\" content=\"image\/png\" \/>\n<meta name=\"twitter:card\" content=\"summary_large_image\" \/>\n<script type=\"application\/ld+json\" class=\"yoast-schema-graph\">{\"@context\":\"https:\/\/schema.org\",\"@graph\":[{\"@type\":\"WebPage\",\"@id\":\"https:\/\/www.professional-haircare.it\/fr\/products\/treatments-fr\/hairgenie-fr\/hairgenie-volume-boost-fr\/hairgenie-volume-boost-shampooing-pour-cheveux-fins-et-sans-ressort-2\/\",\"url\":\"https:\/\/www.professional-haircare.it\/fr\/products\/treatments-fr\/hairgenie-fr\/hairgenie-volume-boost-fr\/hairgenie-volume-boost-shampooing-pour-cheveux-fins-et-sans-ressort-2\/\",\"name\":\"Hairgenie Volume Boost | Shampooing pour cheveux fins et sans ressort - Professional Hair Care\",\"isPartOf\":{\"@id\":\"https:\/\/professional-haircare.it\/#website\"},\"primaryImageOfPage\":{\"@id\":\"https:\/\/www.professional-haircare.it\/fr\/products\/treatments-fr\/hairgenie-fr\/hairgenie-volume-boost-fr\/hairgenie-volume-boost-shampooing-pour-cheveux-fins-et-sans-ressort-2\/#primaryimage\"},\"image\":{\"@id\":\"https:\/\/www.professional-haircare.it\/fr\/products\/treatments-fr\/hairgenie-fr\/hairgenie-volume-boost-fr\/hairgenie-volume-boost-shampooing-pour-cheveux-fins-et-sans-ressort-2\/#primaryimage\"},\"thumbnailUrl\":\"https:\/\/www.professional-haircare.it\/wp-content\/uploads\/2022\/06\/12078_professional_hairgenie_volume-shampoo_1000ml.png\",\"datePublished\":\"2022-07-01T13:57:24+00:00\",\"dateModified\":\"2022-11-10T14:19:12+00:00\",\"breadcrumb\":{\"@id\":\"https:\/\/www.professional-haircare.it\/fr\/products\/treatments-fr\/hairgenie-fr\/hairgenie-volume-boost-fr\/hairgenie-volume-boost-shampooing-pour-cheveux-fins-et-sans-ressort-2\/#breadcrumb\"},\"inLanguage\":\"fr-FR\",\"potentialAction\":[{\"@type\":\"ReadAction\",\"target\":[\"https:\/\/www.professional-haircare.it\/fr\/products\/treatments-fr\/hairgenie-fr\/hairgenie-volume-boost-fr\/hairgenie-volume-boost-shampooing-pour-cheveux-fins-et-sans-ressort-2\/\"]}]},{\"@type\":\"ImageObject\",\"inLanguage\":\"fr-FR\",\"@id\":\"https:\/\/www.professional-haircare.it\/fr\/products\/treatments-fr\/hairgenie-fr\/hairgenie-volume-boost-fr\/hairgenie-volume-boost-shampooing-pour-cheveux-fins-et-sans-ressort-2\/#primaryimage\",\"url\":\"https:\/\/www.professional-haircare.it\/wp-content\/uploads\/2022\/06\/12078_professional_hairgenie_volume-shampoo_1000ml.png\",\"contentUrl\":\"https:\/\/www.professional-haircare.it\/wp-content\/uploads\/2022\/06\/12078_professional_hairgenie_volume-shampoo_1000ml.png\",\"width\":600,\"height\":600},{\"@type\":\"BreadcrumbList\",\"@id\":\"https:\/\/www.professional-haircare.it\/fr\/products\/treatments-fr\/hairgenie-fr\/hairgenie-volume-boost-fr\/hairgenie-volume-boost-shampooing-pour-cheveux-fins-et-sans-ressort-2\/#breadcrumb\",\"itemListElement\":[{\"@type\":\"ListItem\",\"position\":1,\"name\":\"Home\",\"item\":\"https:\/\/professional-haircare.it\/fr\/\"},{\"@type\":\"ListItem\",\"position\":2,\"name\":\"Shop\",\"item\":\"https:\/\/professional-haircare.it\/shop\/\"},{\"@type\":\"ListItem\",\"position\":3,\"name\":\"Hairgenie Volume Boost | Shampooing pour cheveux fins et sans ressort\"}]},{\"@type\":\"WebSite\",\"@id\":\"https:\/\/professional-haircare.it\/#website\",\"url\":\"https:\/\/professional-haircare.it\/\",\"name\":\"Professional Hair Care\",\"description\":\"Hair Quality Solutions\",\"potentialAction\":[{\"@type\":\"SearchAction\",\"target\":{\"@type\":\"EntryPoint\",\"urlTemplate\":\"https:\/\/professional-haircare.it\/?s={search_term_string}\"},\"query-input\":{\"@type\":\"PropertyValueSpecification\",\"valueRequired\":true,\"valueName\":\"search_term_string\"}}],\"inLanguage\":\"fr-FR\"}]}<\/script>\n<!-- \/ Yoast SEO plugin. -->","yoast_head_json":{"title":"Hairgenie Volume Boost | Shampooing pour cheveux fins et sans ressort - Professional Hair Care","robots":{"index":"index","follow":"follow","max-snippet":"max-snippet:-1","max-image-preview":"max-image-preview:large","max-video-preview":"max-video-preview:-1"},"canonical":"https:\/\/www.professional-haircare.it\/fr\/products\/treatments-fr\/hairgenie-fr\/hairgenie-volume-boost-fr\/hairgenie-volume-boost-shampooing-pour-cheveux-fins-et-sans-ressort-2\/","og_locale":"fr_FR","og_type":"article","og_title":"Hairgenie Volume Boost | Shampooing pour cheveux fins et sans ressort - Professional Hair Care","og_description":"Hairgenie Volume Boost est un shampooing qui nettoie en douceur la fibre capillaire et redonne du corps et du tonus aux cheveux fins.  Sa formule enrichie \u00e0 l'extrait d'\u00e9glantier produit une action antioxydante sur les cheveux, et les rend souples et l\u00e9gers.  1000 ml","og_url":"https:\/\/www.professional-haircare.it\/fr\/products\/treatments-fr\/hairgenie-fr\/hairgenie-volume-boost-fr\/hairgenie-volume-boost-shampooing-pour-cheveux-fins-et-sans-ressort-2\/","og_site_name":"Professional Hair Care","article_modified_time":"2022-11-10T14:19:12+00:00","og_image":[{"width":600,"height":600,"url":"https:\/\/professional-haircare.it\/wp-content\/uploads\/2022\/06\/12078_professional_hairgenie_volume-shampoo_1000ml.png","type":"image\/png"}],"twitter_card":"summary_large_image","schema":{"@context":"https:\/\/schema.org","@graph":[{"@type":"WebPage","@id":"https:\/\/www.professional-haircare.it\/fr\/products\/treatments-fr\/hairgenie-fr\/hairgenie-volume-boost-fr\/hairgenie-volume-boost-shampooing-pour-cheveux-fins-et-sans-ressort-2\/","url":"https:\/\/www.professional-haircare.it\/fr\/products\/treatments-fr\/hairgenie-fr\/hairgenie-volume-boost-fr\/hairgenie-volume-boost-shampooing-pour-cheveux-fins-et-sans-ressort-2\/","name":"Hairgenie Volume Boost | Shampooing pour cheveux fins et sans ressort - Professional Hair Care","isPartOf":{"@id":"https:\/\/professional-haircare.it\/#website"},"primaryImageOfPage":{"@id":"https:\/\/www.professional-haircare.it\/fr\/products\/treatments-fr\/hairgenie-fr\/hairgenie-volume-boost-fr\/hairgenie-volume-boost-shampooing-pour-cheveux-fins-et-sans-ressort-2\/#primaryimage"},"image":{"@id":"https:\/\/www.professional-haircare.it\/fr\/products\/treatments-fr\/hairgenie-fr\/hairgenie-volume-boost-fr\/hairgenie-volume-boost-shampooing-pour-cheveux-fins-et-sans-ressort-2\/#primaryimage"},"thumbnailUrl":"https:\/\/www.professional-haircare.it\/wp-content\/uploads\/2022\/06\/12078_professional_hairgenie_volume-shampoo_1000ml.png","datePublished":"2022-07-01T13:57:24+00:00","dateModified":"2022-11-10T14:19:12+00:00","breadcrumb":{"@id":"https:\/\/www.professional-haircare.it\/fr\/products\/treatments-fr\/hairgenie-fr\/hairgenie-volume-boost-fr\/hairgenie-volume-boost-shampooing-pour-cheveux-fins-et-sans-ressort-2\/#breadcrumb"},"inLanguage":"fr-FR","potentialAction":[{"@type":"ReadAction","target":["https:\/\/www.professional-haircare.it\/fr\/products\/treatments-fr\/hairgenie-fr\/hairgenie-volume-boost-fr\/hairgenie-volume-boost-shampooing-pour-cheveux-fins-et-sans-ressort-2\/"]}]},{"@type":"ImageObject","inLanguage":"fr-FR","@id":"https:\/\/www.professional-haircare.it\/fr\/products\/treatments-fr\/hairgenie-fr\/hairgenie-volume-boost-fr\/hairgenie-volume-boost-shampooing-pour-cheveux-fins-et-sans-ressort-2\/#primaryimage","url":"https:\/\/www.professional-haircare.it\/wp-content\/uploads\/2022\/06\/12078_professional_hairgenie_volume-shampoo_1000ml.png","contentUrl":"https:\/\/www.professional-haircare.it\/wp-content\/uploads\/2022\/06\/12078_professional_hairgenie_volume-shampoo_1000ml.png","width":600,"height":600},{"@type":"BreadcrumbList","@id":"https:\/\/www.professional-haircare.it\/fr\/products\/treatments-fr\/hairgenie-fr\/hairgenie-volume-boost-fr\/hairgenie-volume-boost-shampooing-pour-cheveux-fins-et-sans-ressort-2\/#breadcrumb","itemListElement":[{"@type":"ListItem","position":1,"name":"Home","item":"https:\/\/professional-haircare.it\/fr\/"},{"@type":"ListItem","position":2,"name":"Shop","item":"https:\/\/professional-haircare.it\/shop\/"},{"@type":"ListItem","position":3,"name":"Hairgenie Volume Boost | Shampooing pour cheveux fins et sans ressort"}]},{"@type":"WebSite","@id":"https:\/\/professional-haircare.it\/#website","url":"https:\/\/professional-haircare.it\/","name":"Professional Hair Care","description":"Hair Quality Solutions","potentialAction":[{"@type":"SearchAction","target":{"@type":"EntryPoint","urlTemplate":"https:\/\/professional-haircare.it\/?s={search_term_string}"},"query-input":{"@type":"PropertyValueSpecification","valueRequired":true,"valueName":"search_term_string"}}],"inLanguage":"fr-FR"}]}},"_links":{"self":[{"href":"https:\/\/www.professional-haircare.it\/fr\/wp-json\/wp\/v2\/product\/4045","targetHints":{"allow":["GET"]}}],"collection":[{"href":"https:\/\/www.professional-haircare.it\/fr\/wp-json\/wp\/v2\/product"}],"about":[{"href":"https:\/\/www.professional-haircare.it\/fr\/wp-json\/wp\/v2\/types\/product"}],"replies":[{"embeddable":true,"href":"https:\/\/www.professional-haircare.it\/fr\/wp-json\/wp\/v2\/comments?post=4045"}],"wp:featuredmedia":[{"embeddable":true,"href":"https:\/\/www.professional-haircare.it\/fr\/wp-json\/wp\/v2\/media\/4046"}],"wp:attachment":[{"href":"https:\/\/www.professional-haircare.it\/fr\/wp-json\/wp\/v2\/media?parent=4045"}],"wp:term":[{"taxonomy":"product_brand","embeddable":true,"href":"https:\/\/www.professional-haircare.it\/fr\/wp-json\/wp\/v2\/product_brand?post=4045"},{"taxonomy":"product_cat","embeddable":true,"href":"https:\/\/www.professional-haircare.it\/fr\/wp-json\/wp\/v2\/product_cat?post=4045"},{"taxonomy":"product_tag","embeddable":true,"href":"https:\/\/www.professional-haircare.it\/fr\/wp-json\/wp\/v2\/product_tag?post=4045"}],"curies":[{"name":"wp","href":"https:\/\/api.w.org\/{rel}","templated":true}]}}