{"id":4037,"date":"2022-07-01T16:28:05","date_gmt":"2022-07-01T14:28:05","guid":{"rendered":"https:\/\/www.professional-haircare.it\/products\/non%20class\u00e9\/hairgenie-volume-boost-spray-pour-cheveux-fins-et-sans-ressort\/"},"modified":"2022-11-10T15:16:59","modified_gmt":"2022-11-10T14:16:59","slug":"hairgenie-volume-boost-spray-pour-cheveux-fins-et-sans-ressort","status":"publish","type":"product","link":"https:\/\/www.professional-haircare.it\/fr\/products\/treatments-fr\/hairgenie-fr\/hairgenie-volume-boost-fr\/hairgenie-volume-boost-spray-pour-cheveux-fins-et-sans-ressort\/","title":{"rendered":"Hairgenie Volume Boost | Spray pour cheveux fins et sans ressort"},"content":{"rendered":"","protected":false},"excerpt":{"rendered":"<p>Hairgenie Volume Boost est un spray amplificateur de volume qui <strong>n&rsquo;alourdit pas les cheveux<\/strong>.<\/p>\n<p>D\u00e8s la premi\u00e8re application, il donne aux cheveux un effet gainant, id\u00e9al pour <strong>am\u00e9liorer la tenue du brushing<\/strong>.<\/p>\n<p>150\u00a0ml<\/p>\n","protected":false},"featured_media":4038,"comment_status":"closed","ping_status":"closed","template":"","meta":[],"product_brand":[],"product_cat":[690,696,686],"product_tag":[],"class_list":{"0":"post-4037","1":"product","2":"type-product","3":"status-publish","4":"has-post-thumbnail","6":"product_cat-hairgenie-fr","7":"product_cat-hairgenie-volume-boost-fr","8":"product_cat-treatments-fr","10":"first","11":"instock","12":"shipping-taxable","13":"product-type-simple"},"yoast_head":"<!-- This site is optimized with the Yoast SEO plugin v26.8 - https:\/\/yoast.com\/product\/yoast-seo-wordpress\/ -->\n<title>Hairgenie Volume Boost | Spray pour cheveux fins et sans ressort - Professional Hair Care<\/title>\n<meta name=\"robots\" content=\"index, follow, max-snippet:-1, max-image-preview:large, max-video-preview:-1\" \/>\n<link rel=\"canonical\" href=\"https:\/\/www.professional-haircare.it\/fr\/products\/treatments-fr\/hairgenie-fr\/hairgenie-volume-boost-fr\/hairgenie-volume-boost-spray-pour-cheveux-fins-et-sans-ressort\/\" \/>\n<meta property=\"og:locale\" content=\"fr_FR\" \/>\n<meta property=\"og:type\" content=\"article\" \/>\n<meta property=\"og:title\" content=\"Hairgenie Volume Boost | Spray pour cheveux fins et sans ressort - Professional Hair Care\" \/>\n<meta property=\"og:description\" content=\"Hairgenie Volume Boost est un spray amplificateur de volume qui n&#039;alourdit pas les cheveux.  D\u00e8s la premi\u00e8re application, il donne aux cheveux un effet gainant, id\u00e9al pour am\u00e9liorer la tenue du brushing.  150\u00a0ml\" \/>\n<meta property=\"og:url\" content=\"https:\/\/www.professional-haircare.it\/fr\/products\/treatments-fr\/hairgenie-fr\/hairgenie-volume-boost-fr\/hairgenie-volume-boost-spray-pour-cheveux-fins-et-sans-ressort\/\" \/>\n<meta property=\"og:site_name\" content=\"Professional Hair Care\" \/>\n<meta property=\"article:modified_time\" content=\"2022-11-10T14:16:59+00:00\" \/>\n<meta property=\"og:image\" content=\"https:\/\/professional-haircare.it\/wp-content\/uploads\/2022\/06\/12082_professional_treatment_volume_spray_150ml.png\" \/>\n\t<meta property=\"og:image:width\" content=\"600\" \/>\n\t<meta property=\"og:image:height\" content=\"600\" \/>\n\t<meta property=\"og:image:type\" content=\"image\/png\" \/>\n<meta name=\"twitter:card\" content=\"summary_large_image\" \/>\n<script type=\"application\/ld+json\" class=\"yoast-schema-graph\">{\"@context\":\"https:\/\/schema.org\",\"@graph\":[{\"@type\":\"WebPage\",\"@id\":\"https:\/\/www.professional-haircare.it\/fr\/products\/treatments-fr\/hairgenie-fr\/hairgenie-volume-boost-fr\/hairgenie-volume-boost-spray-pour-cheveux-fins-et-sans-ressort\/\",\"url\":\"https:\/\/www.professional-haircare.it\/fr\/products\/treatments-fr\/hairgenie-fr\/hairgenie-volume-boost-fr\/hairgenie-volume-boost-spray-pour-cheveux-fins-et-sans-ressort\/\",\"name\":\"Hairgenie Volume Boost | Spray pour cheveux fins et sans ressort - Professional Hair Care\",\"isPartOf\":{\"@id\":\"https:\/\/professional-haircare.it\/#website\"},\"primaryImageOfPage\":{\"@id\":\"https:\/\/www.professional-haircare.it\/fr\/products\/treatments-fr\/hairgenie-fr\/hairgenie-volume-boost-fr\/hairgenie-volume-boost-spray-pour-cheveux-fins-et-sans-ressort\/#primaryimage\"},\"image\":{\"@id\":\"https:\/\/www.professional-haircare.it\/fr\/products\/treatments-fr\/hairgenie-fr\/hairgenie-volume-boost-fr\/hairgenie-volume-boost-spray-pour-cheveux-fins-et-sans-ressort\/#primaryimage\"},\"thumbnailUrl\":\"https:\/\/www.professional-haircare.it\/wp-content\/uploads\/2022\/06\/12082_professional_treatment_volume_spray_150ml.png\",\"datePublished\":\"2022-07-01T14:28:05+00:00\",\"dateModified\":\"2022-11-10T14:16:59+00:00\",\"breadcrumb\":{\"@id\":\"https:\/\/www.professional-haircare.it\/fr\/products\/treatments-fr\/hairgenie-fr\/hairgenie-volume-boost-fr\/hairgenie-volume-boost-spray-pour-cheveux-fins-et-sans-ressort\/#breadcrumb\"},\"inLanguage\":\"fr-FR\",\"potentialAction\":[{\"@type\":\"ReadAction\",\"target\":[\"https:\/\/www.professional-haircare.it\/fr\/products\/treatments-fr\/hairgenie-fr\/hairgenie-volume-boost-fr\/hairgenie-volume-boost-spray-pour-cheveux-fins-et-sans-ressort\/\"]}]},{\"@type\":\"ImageObject\",\"inLanguage\":\"fr-FR\",\"@id\":\"https:\/\/www.professional-haircare.it\/fr\/products\/treatments-fr\/hairgenie-fr\/hairgenie-volume-boost-fr\/hairgenie-volume-boost-spray-pour-cheveux-fins-et-sans-ressort\/#primaryimage\",\"url\":\"https:\/\/www.professional-haircare.it\/wp-content\/uploads\/2022\/06\/12082_professional_treatment_volume_spray_150ml.png\",\"contentUrl\":\"https:\/\/www.professional-haircare.it\/wp-content\/uploads\/2022\/06\/12082_professional_treatment_volume_spray_150ml.png\",\"width\":600,\"height\":600},{\"@type\":\"BreadcrumbList\",\"@id\":\"https:\/\/www.professional-haircare.it\/fr\/products\/treatments-fr\/hairgenie-fr\/hairgenie-volume-boost-fr\/hairgenie-volume-boost-spray-pour-cheveux-fins-et-sans-ressort\/#breadcrumb\",\"itemListElement\":[{\"@type\":\"ListItem\",\"position\":1,\"name\":\"Home\",\"item\":\"https:\/\/professional-haircare.it\/fr\/\"},{\"@type\":\"ListItem\",\"position\":2,\"name\":\"Shop\",\"item\":\"https:\/\/professional-haircare.it\/shop\/\"},{\"@type\":\"ListItem\",\"position\":3,\"name\":\"Hairgenie Volume Boost | Spray pour cheveux fins et sans ressort\"}]},{\"@type\":\"WebSite\",\"@id\":\"https:\/\/professional-haircare.it\/#website\",\"url\":\"https:\/\/professional-haircare.it\/\",\"name\":\"Professional Hair Care\",\"description\":\"Hair Quality Solutions\",\"potentialAction\":[{\"@type\":\"SearchAction\",\"target\":{\"@type\":\"EntryPoint\",\"urlTemplate\":\"https:\/\/professional-haircare.it\/?s={search_term_string}\"},\"query-input\":{\"@type\":\"PropertyValueSpecification\",\"valueRequired\":true,\"valueName\":\"search_term_string\"}}],\"inLanguage\":\"fr-FR\"}]}<\/script>\n<!-- \/ Yoast SEO plugin. -->","yoast_head_json":{"title":"Hairgenie Volume Boost | Spray pour cheveux fins et sans ressort - Professional Hair Care","robots":{"index":"index","follow":"follow","max-snippet":"max-snippet:-1","max-image-preview":"max-image-preview:large","max-video-preview":"max-video-preview:-1"},"canonical":"https:\/\/www.professional-haircare.it\/fr\/products\/treatments-fr\/hairgenie-fr\/hairgenie-volume-boost-fr\/hairgenie-volume-boost-spray-pour-cheveux-fins-et-sans-ressort\/","og_locale":"fr_FR","og_type":"article","og_title":"Hairgenie Volume Boost | Spray pour cheveux fins et sans ressort - Professional Hair Care","og_description":"Hairgenie Volume Boost est un spray amplificateur de volume qui n'alourdit pas les cheveux.  D\u00e8s la premi\u00e8re application, il donne aux cheveux un effet gainant, id\u00e9al pour am\u00e9liorer la tenue du brushing.  150\u00a0ml","og_url":"https:\/\/www.professional-haircare.it\/fr\/products\/treatments-fr\/hairgenie-fr\/hairgenie-volume-boost-fr\/hairgenie-volume-boost-spray-pour-cheveux-fins-et-sans-ressort\/","og_site_name":"Professional Hair Care","article_modified_time":"2022-11-10T14:16:59+00:00","og_image":[{"width":600,"height":600,"url":"https:\/\/professional-haircare.it\/wp-content\/uploads\/2022\/06\/12082_professional_treatment_volume_spray_150ml.png","type":"image\/png"}],"twitter_card":"summary_large_image","schema":{"@context":"https:\/\/schema.org","@graph":[{"@type":"WebPage","@id":"https:\/\/www.professional-haircare.it\/fr\/products\/treatments-fr\/hairgenie-fr\/hairgenie-volume-boost-fr\/hairgenie-volume-boost-spray-pour-cheveux-fins-et-sans-ressort\/","url":"https:\/\/www.professional-haircare.it\/fr\/products\/treatments-fr\/hairgenie-fr\/hairgenie-volume-boost-fr\/hairgenie-volume-boost-spray-pour-cheveux-fins-et-sans-ressort\/","name":"Hairgenie Volume Boost | Spray pour cheveux fins et sans ressort - Professional Hair Care","isPartOf":{"@id":"https:\/\/professional-haircare.it\/#website"},"primaryImageOfPage":{"@id":"https:\/\/www.professional-haircare.it\/fr\/products\/treatments-fr\/hairgenie-fr\/hairgenie-volume-boost-fr\/hairgenie-volume-boost-spray-pour-cheveux-fins-et-sans-ressort\/#primaryimage"},"image":{"@id":"https:\/\/www.professional-haircare.it\/fr\/products\/treatments-fr\/hairgenie-fr\/hairgenie-volume-boost-fr\/hairgenie-volume-boost-spray-pour-cheveux-fins-et-sans-ressort\/#primaryimage"},"thumbnailUrl":"https:\/\/www.professional-haircare.it\/wp-content\/uploads\/2022\/06\/12082_professional_treatment_volume_spray_150ml.png","datePublished":"2022-07-01T14:28:05+00:00","dateModified":"2022-11-10T14:16:59+00:00","breadcrumb":{"@id":"https:\/\/www.professional-haircare.it\/fr\/products\/treatments-fr\/hairgenie-fr\/hairgenie-volume-boost-fr\/hairgenie-volume-boost-spray-pour-cheveux-fins-et-sans-ressort\/#breadcrumb"},"inLanguage":"fr-FR","potentialAction":[{"@type":"ReadAction","target":["https:\/\/www.professional-haircare.it\/fr\/products\/treatments-fr\/hairgenie-fr\/hairgenie-volume-boost-fr\/hairgenie-volume-boost-spray-pour-cheveux-fins-et-sans-ressort\/"]}]},{"@type":"ImageObject","inLanguage":"fr-FR","@id":"https:\/\/www.professional-haircare.it\/fr\/products\/treatments-fr\/hairgenie-fr\/hairgenie-volume-boost-fr\/hairgenie-volume-boost-spray-pour-cheveux-fins-et-sans-ressort\/#primaryimage","url":"https:\/\/www.professional-haircare.it\/wp-content\/uploads\/2022\/06\/12082_professional_treatment_volume_spray_150ml.png","contentUrl":"https:\/\/www.professional-haircare.it\/wp-content\/uploads\/2022\/06\/12082_professional_treatment_volume_spray_150ml.png","width":600,"height":600},{"@type":"BreadcrumbList","@id":"https:\/\/www.professional-haircare.it\/fr\/products\/treatments-fr\/hairgenie-fr\/hairgenie-volume-boost-fr\/hairgenie-volume-boost-spray-pour-cheveux-fins-et-sans-ressort\/#breadcrumb","itemListElement":[{"@type":"ListItem","position":1,"name":"Home","item":"https:\/\/professional-haircare.it\/fr\/"},{"@type":"ListItem","position":2,"name":"Shop","item":"https:\/\/professional-haircare.it\/shop\/"},{"@type":"ListItem","position":3,"name":"Hairgenie Volume Boost | Spray pour cheveux fins et sans ressort"}]},{"@type":"WebSite","@id":"https:\/\/professional-haircare.it\/#website","url":"https:\/\/professional-haircare.it\/","name":"Professional Hair Care","description":"Hair Quality Solutions","potentialAction":[{"@type":"SearchAction","target":{"@type":"EntryPoint","urlTemplate":"https:\/\/professional-haircare.it\/?s={search_term_string}"},"query-input":{"@type":"PropertyValueSpecification","valueRequired":true,"valueName":"search_term_string"}}],"inLanguage":"fr-FR"}]}},"_links":{"self":[{"href":"https:\/\/www.professional-haircare.it\/fr\/wp-json\/wp\/v2\/product\/4037","targetHints":{"allow":["GET"]}}],"collection":[{"href":"https:\/\/www.professional-haircare.it\/fr\/wp-json\/wp\/v2\/product"}],"about":[{"href":"https:\/\/www.professional-haircare.it\/fr\/wp-json\/wp\/v2\/types\/product"}],"replies":[{"embeddable":true,"href":"https:\/\/www.professional-haircare.it\/fr\/wp-json\/wp\/v2\/comments?post=4037"}],"wp:featuredmedia":[{"embeddable":true,"href":"https:\/\/www.professional-haircare.it\/fr\/wp-json\/wp\/v2\/media\/4038"}],"wp:attachment":[{"href":"https:\/\/www.professional-haircare.it\/fr\/wp-json\/wp\/v2\/media?parent=4037"}],"wp:term":[{"taxonomy":"product_brand","embeddable":true,"href":"https:\/\/www.professional-haircare.it\/fr\/wp-json\/wp\/v2\/product_brand?post=4037"},{"taxonomy":"product_cat","embeddable":true,"href":"https:\/\/www.professional-haircare.it\/fr\/wp-json\/wp\/v2\/product_cat?post=4037"},{"taxonomy":"product_tag","embeddable":true,"href":"https:\/\/www.professional-haircare.it\/fr\/wp-json\/wp\/v2\/product_tag?post=4037"}],"curies":[{"name":"wp","href":"https:\/\/api.w.org\/{rel}","templated":true}]}}