{"id":4023,"date":"2016-03-30T15:46:33","date_gmt":"2016-03-30T13:46:33","guid":{"rendered":"https:\/\/www.professional-haircare.it\/products\/non%20class\u00e9\/hairgenie-q10-shampooing-reconstituant-intensif\/"},"modified":"2022-11-10T14:59:28","modified_gmt":"2022-11-10T13:59:28","slug":"hairgenie-q10-shampooing-reconstituant-intensif","status":"publish","type":"product","link":"https:\/\/www.professional-haircare.it\/fr\/products\/treatments-fr\/hairgenie-fr\/hairgenie-q10-fr-2\/hairgenie-q10-shampooing-reconstituant-intensif\/","title":{"rendered":"Hairgenie Q10 \u2013 Shampooing reconstituant intensif"},"content":{"rendered":"","protected":false},"excerpt":{"rendered":"<p>Le nouveau <strong>Shampooing reconstituant intensif Hairgenie Q10<\/strong> repr\u00e9sente le premier pas du nouveau traitement r\u00e9parateur <strong>Professional.<\/strong> L\u2019action nettoyante complexe et la <strong>purification<\/strong> profonde fusionnent avec les multiples <strong>propri\u00e9t\u00e9s r\u00e9g\u00e9n\u00e9rantes<\/strong> \u00e9closes et donnent la formulation innovante\u00a0: gr\u00e2ce au <strong>Coenzyme Q10<\/strong> et \u00e0 l\u2019int\u00e9gration de <strong>K\u00e9ratine et d\u2019Huile d\u2019Argan<\/strong>, il hydrate la chevelure et prot\u00e8ge les cheveux de l\u2019attaque des radicaux libres.<\/p>\n<p>Usage professionnel<\/p>\n<p>Format de\u00a0 300 ml<\/p>\n","protected":false},"featured_media":4024,"comment_status":"closed","ping_status":"closed","template":"","meta":[],"product_brand":[],"product_cat":[694,686],"product_tag":[],"class_list":{"0":"post-4023","1":"product","2":"type-product","3":"status-publish","4":"has-post-thumbnail","6":"product_cat-hairgenie-q10-fr-2","7":"product_cat-treatments-fr","9":"first","10":"instock","11":"shipping-taxable","12":"product-type-simple"},"yoast_head":"<!-- This site is optimized with the Yoast SEO plugin v26.8 - https:\/\/yoast.com\/product\/yoast-seo-wordpress\/ -->\n<title>Hairgenie Q10 \u2013 Shampooing reconstituant intensif<\/title>\n<meta name=\"description\" content=\"Le nouveau Shampooing reconstituant intensif Hairgenie Q10 repr\u00e9sente le premier pas du nouveau traitement r\u00e9parateur Professional.\" \/>\n<meta name=\"robots\" content=\"index, follow, max-snippet:-1, max-image-preview:large, max-video-preview:-1\" \/>\n<link rel=\"canonical\" href=\"https:\/\/www.professional-haircare.it\/fr\/products\/treatments-fr\/hairgenie-fr\/hairgenie-q10-fr-2\/hairgenie-q10-shampooing-reconstituant-intensif\/\" \/>\n<meta property=\"og:locale\" content=\"fr_FR\" \/>\n<meta property=\"og:type\" content=\"article\" \/>\n<meta property=\"og:title\" content=\"Hairgenie Q10 \u2013 Shampooing reconstituant intensif\" \/>\n<meta property=\"og:description\" content=\"Le nouveau Shampooing reconstituant intensif Hairgenie Q10 repr\u00e9sente le premier pas du nouveau traitement r\u00e9parateur Professional.\" \/>\n<meta property=\"og:url\" content=\"https:\/\/www.professional-haircare.it\/fr\/products\/treatments-fr\/hairgenie-fr\/hairgenie-q10-fr-2\/hairgenie-q10-shampooing-reconstituant-intensif\/\" \/>\n<meta property=\"og:site_name\" content=\"Professional Hair Care\" \/>\n<meta property=\"article:modified_time\" content=\"2022-11-10T13:59:28+00:00\" \/>\n<meta property=\"og:image\" content=\"https:\/\/professional-haircare.it\/wp-content\/uploads\/2021\/05\/12048_professional_hairgenie_q10_intensive_rebuilding_shampoo_300ml.png\" \/>\n\t<meta property=\"og:image:width\" content=\"600\" \/>\n\t<meta property=\"og:image:height\" content=\"600\" \/>\n\t<meta property=\"og:image:type\" content=\"image\/png\" \/>\n<meta name=\"twitter:card\" content=\"summary_large_image\" \/>\n<script type=\"application\/ld+json\" class=\"yoast-schema-graph\">{\"@context\":\"https:\/\/schema.org\",\"@graph\":[{\"@type\":\"WebPage\",\"@id\":\"https:\/\/www.professional-haircare.it\/fr\/products\/treatments-fr\/hairgenie-fr\/hairgenie-q10-fr-2\/hairgenie-q10-shampooing-reconstituant-intensif\/\",\"url\":\"https:\/\/www.professional-haircare.it\/fr\/products\/treatments-fr\/hairgenie-fr\/hairgenie-q10-fr-2\/hairgenie-q10-shampooing-reconstituant-intensif\/\",\"name\":\"Hairgenie Q10 \u2013 Shampooing reconstituant intensif\",\"isPartOf\":{\"@id\":\"https:\/\/professional-haircare.it\/#website\"},\"primaryImageOfPage\":{\"@id\":\"https:\/\/www.professional-haircare.it\/fr\/products\/treatments-fr\/hairgenie-fr\/hairgenie-q10-fr-2\/hairgenie-q10-shampooing-reconstituant-intensif\/#primaryimage\"},\"image\":{\"@id\":\"https:\/\/www.professional-haircare.it\/fr\/products\/treatments-fr\/hairgenie-fr\/hairgenie-q10-fr-2\/hairgenie-q10-shampooing-reconstituant-intensif\/#primaryimage\"},\"thumbnailUrl\":\"https:\/\/www.professional-haircare.it\/wp-content\/uploads\/2021\/05\/12048_professional_hairgenie_q10_intensive_rebuilding_shampoo_300ml.png\",\"datePublished\":\"2016-03-30T13:46:33+00:00\",\"dateModified\":\"2022-11-10T13:59:28+00:00\",\"description\":\"Le nouveau Shampooing reconstituant intensif Hairgenie Q10 repr\u00e9sente le premier pas du nouveau traitement r\u00e9parateur Professional.\",\"breadcrumb\":{\"@id\":\"https:\/\/www.professional-haircare.it\/fr\/products\/treatments-fr\/hairgenie-fr\/hairgenie-q10-fr-2\/hairgenie-q10-shampooing-reconstituant-intensif\/#breadcrumb\"},\"inLanguage\":\"fr-FR\",\"potentialAction\":[{\"@type\":\"ReadAction\",\"target\":[\"https:\/\/www.professional-haircare.it\/fr\/products\/treatments-fr\/hairgenie-fr\/hairgenie-q10-fr-2\/hairgenie-q10-shampooing-reconstituant-intensif\/\"]}]},{\"@type\":\"ImageObject\",\"inLanguage\":\"fr-FR\",\"@id\":\"https:\/\/www.professional-haircare.it\/fr\/products\/treatments-fr\/hairgenie-fr\/hairgenie-q10-fr-2\/hairgenie-q10-shampooing-reconstituant-intensif\/#primaryimage\",\"url\":\"https:\/\/www.professional-haircare.it\/wp-content\/uploads\/2021\/05\/12048_professional_hairgenie_q10_intensive_rebuilding_shampoo_300ml.png\",\"contentUrl\":\"https:\/\/www.professional-haircare.it\/wp-content\/uploads\/2021\/05\/12048_professional_hairgenie_q10_intensive_rebuilding_shampoo_300ml.png\",\"width\":600,\"height\":600},{\"@type\":\"BreadcrumbList\",\"@id\":\"https:\/\/www.professional-haircare.it\/fr\/products\/treatments-fr\/hairgenie-fr\/hairgenie-q10-fr-2\/hairgenie-q10-shampooing-reconstituant-intensif\/#breadcrumb\",\"itemListElement\":[{\"@type\":\"ListItem\",\"position\":1,\"name\":\"Home\",\"item\":\"https:\/\/professional-haircare.it\/fr\/\"},{\"@type\":\"ListItem\",\"position\":2,\"name\":\"Shop\",\"item\":\"https:\/\/professional-haircare.it\/shop\/\"},{\"@type\":\"ListItem\",\"position\":3,\"name\":\"Hairgenie Q10 \u2013 Shampooing reconstituant intensif\"}]},{\"@type\":\"WebSite\",\"@id\":\"https:\/\/professional-haircare.it\/#website\",\"url\":\"https:\/\/professional-haircare.it\/\",\"name\":\"Professional Hair Care\",\"description\":\"Hair Quality Solutions\",\"potentialAction\":[{\"@type\":\"SearchAction\",\"target\":{\"@type\":\"EntryPoint\",\"urlTemplate\":\"https:\/\/professional-haircare.it\/?s={search_term_string}\"},\"query-input\":{\"@type\":\"PropertyValueSpecification\",\"valueRequired\":true,\"valueName\":\"search_term_string\"}}],\"inLanguage\":\"fr-FR\"}]}<\/script>\n<!-- \/ Yoast SEO plugin. -->","yoast_head_json":{"title":"Hairgenie Q10 \u2013 Shampooing reconstituant intensif","description":"Le nouveau Shampooing reconstituant intensif Hairgenie Q10 repr\u00e9sente le premier pas du nouveau traitement r\u00e9parateur Professional.","robots":{"index":"index","follow":"follow","max-snippet":"max-snippet:-1","max-image-preview":"max-image-preview:large","max-video-preview":"max-video-preview:-1"},"canonical":"https:\/\/www.professional-haircare.it\/fr\/products\/treatments-fr\/hairgenie-fr\/hairgenie-q10-fr-2\/hairgenie-q10-shampooing-reconstituant-intensif\/","og_locale":"fr_FR","og_type":"article","og_title":"Hairgenie Q10 \u2013 Shampooing reconstituant intensif","og_description":"Le nouveau Shampooing reconstituant intensif Hairgenie Q10 repr\u00e9sente le premier pas du nouveau traitement r\u00e9parateur Professional.","og_url":"https:\/\/www.professional-haircare.it\/fr\/products\/treatments-fr\/hairgenie-fr\/hairgenie-q10-fr-2\/hairgenie-q10-shampooing-reconstituant-intensif\/","og_site_name":"Professional Hair Care","article_modified_time":"2022-11-10T13:59:28+00:00","og_image":[{"width":600,"height":600,"url":"https:\/\/professional-haircare.it\/wp-content\/uploads\/2021\/05\/12048_professional_hairgenie_q10_intensive_rebuilding_shampoo_300ml.png","type":"image\/png"}],"twitter_card":"summary_large_image","schema":{"@context":"https:\/\/schema.org","@graph":[{"@type":"WebPage","@id":"https:\/\/www.professional-haircare.it\/fr\/products\/treatments-fr\/hairgenie-fr\/hairgenie-q10-fr-2\/hairgenie-q10-shampooing-reconstituant-intensif\/","url":"https:\/\/www.professional-haircare.it\/fr\/products\/treatments-fr\/hairgenie-fr\/hairgenie-q10-fr-2\/hairgenie-q10-shampooing-reconstituant-intensif\/","name":"Hairgenie Q10 \u2013 Shampooing reconstituant intensif","isPartOf":{"@id":"https:\/\/professional-haircare.it\/#website"},"primaryImageOfPage":{"@id":"https:\/\/www.professional-haircare.it\/fr\/products\/treatments-fr\/hairgenie-fr\/hairgenie-q10-fr-2\/hairgenie-q10-shampooing-reconstituant-intensif\/#primaryimage"},"image":{"@id":"https:\/\/www.professional-haircare.it\/fr\/products\/treatments-fr\/hairgenie-fr\/hairgenie-q10-fr-2\/hairgenie-q10-shampooing-reconstituant-intensif\/#primaryimage"},"thumbnailUrl":"https:\/\/www.professional-haircare.it\/wp-content\/uploads\/2021\/05\/12048_professional_hairgenie_q10_intensive_rebuilding_shampoo_300ml.png","datePublished":"2016-03-30T13:46:33+00:00","dateModified":"2022-11-10T13:59:28+00:00","description":"Le nouveau Shampooing reconstituant intensif Hairgenie Q10 repr\u00e9sente le premier pas du nouveau traitement r\u00e9parateur Professional.","breadcrumb":{"@id":"https:\/\/www.professional-haircare.it\/fr\/products\/treatments-fr\/hairgenie-fr\/hairgenie-q10-fr-2\/hairgenie-q10-shampooing-reconstituant-intensif\/#breadcrumb"},"inLanguage":"fr-FR","potentialAction":[{"@type":"ReadAction","target":["https:\/\/www.professional-haircare.it\/fr\/products\/treatments-fr\/hairgenie-fr\/hairgenie-q10-fr-2\/hairgenie-q10-shampooing-reconstituant-intensif\/"]}]},{"@type":"ImageObject","inLanguage":"fr-FR","@id":"https:\/\/www.professional-haircare.it\/fr\/products\/treatments-fr\/hairgenie-fr\/hairgenie-q10-fr-2\/hairgenie-q10-shampooing-reconstituant-intensif\/#primaryimage","url":"https:\/\/www.professional-haircare.it\/wp-content\/uploads\/2021\/05\/12048_professional_hairgenie_q10_intensive_rebuilding_shampoo_300ml.png","contentUrl":"https:\/\/www.professional-haircare.it\/wp-content\/uploads\/2021\/05\/12048_professional_hairgenie_q10_intensive_rebuilding_shampoo_300ml.png","width":600,"height":600},{"@type":"BreadcrumbList","@id":"https:\/\/www.professional-haircare.it\/fr\/products\/treatments-fr\/hairgenie-fr\/hairgenie-q10-fr-2\/hairgenie-q10-shampooing-reconstituant-intensif\/#breadcrumb","itemListElement":[{"@type":"ListItem","position":1,"name":"Home","item":"https:\/\/professional-haircare.it\/fr\/"},{"@type":"ListItem","position":2,"name":"Shop","item":"https:\/\/professional-haircare.it\/shop\/"},{"@type":"ListItem","position":3,"name":"Hairgenie Q10 \u2013 Shampooing reconstituant intensif"}]},{"@type":"WebSite","@id":"https:\/\/professional-haircare.it\/#website","url":"https:\/\/professional-haircare.it\/","name":"Professional Hair Care","description":"Hair Quality Solutions","potentialAction":[{"@type":"SearchAction","target":{"@type":"EntryPoint","urlTemplate":"https:\/\/professional-haircare.it\/?s={search_term_string}"},"query-input":{"@type":"PropertyValueSpecification","valueRequired":true,"valueName":"search_term_string"}}],"inLanguage":"fr-FR"}]}},"_links":{"self":[{"href":"https:\/\/www.professional-haircare.it\/fr\/wp-json\/wp\/v2\/product\/4023","targetHints":{"allow":["GET"]}}],"collection":[{"href":"https:\/\/www.professional-haircare.it\/fr\/wp-json\/wp\/v2\/product"}],"about":[{"href":"https:\/\/www.professional-haircare.it\/fr\/wp-json\/wp\/v2\/types\/product"}],"replies":[{"embeddable":true,"href":"https:\/\/www.professional-haircare.it\/fr\/wp-json\/wp\/v2\/comments?post=4023"}],"wp:featuredmedia":[{"embeddable":true,"href":"https:\/\/www.professional-haircare.it\/fr\/wp-json\/wp\/v2\/media\/4024"}],"wp:attachment":[{"href":"https:\/\/www.professional-haircare.it\/fr\/wp-json\/wp\/v2\/media?parent=4023"}],"wp:term":[{"taxonomy":"product_brand","embeddable":true,"href":"https:\/\/www.professional-haircare.it\/fr\/wp-json\/wp\/v2\/product_brand?post=4023"},{"taxonomy":"product_cat","embeddable":true,"href":"https:\/\/www.professional-haircare.it\/fr\/wp-json\/wp\/v2\/product_cat?post=4023"},{"taxonomy":"product_tag","embeddable":true,"href":"https:\/\/www.professional-haircare.it\/fr\/wp-json\/wp\/v2\/product_tag?post=4023"}],"curies":[{"name":"wp","href":"https:\/\/api.w.org\/{rel}","templated":true}]}}