{"id":4021,"date":"2016-03-30T15:54:51","date_gmt":"2016-03-30T13:54:51","guid":{"rendered":"https:\/\/www.professional-haircare.it\/products\/non%20class\u00e9\/hairgenie-q10-masque-reconstituant-intensif-2\/"},"modified":"2022-11-10T14:59:09","modified_gmt":"2022-11-10T13:59:09","slug":"hairgenie-q10-masque-reconstituant-intensif-2","status":"publish","type":"product","link":"https:\/\/www.professional-haircare.it\/fr\/products\/treatments-fr\/hairgenie-fr\/hairgenie-q10-fr-2\/hairgenie-q10-masque-reconstituant-intensif-2\/","title":{"rendered":"Hairgenie Q10 \u2013 Masque reconstituant intensif"},"content":{"rendered":"","protected":false},"excerpt":{"rendered":"<p>Le <strong>masque reconstituant intensif Hairgenie Q10<\/strong> est sp\u00e9cifiquement con\u00e7u pour favoriser le renouvellement et la fermet\u00e9 de la structure externe du cheveu. Id\u00e9al pour les cheveux extr\u00eamement <strong>endommag\u00e9s, trait\u00e9s ou d\u00e9fibr\u00e9s<\/strong>, agit sur la chevelure en lui offrant une r\u00e9g\u00e9n\u00e9ration profonde\u00a0: <strong>Coenzyme Q10<\/strong>, <strong>K\u00e9ratine<\/strong> et <strong>Huile d\u2019Argan, les <\/strong>actifs fonctionnels de la formulation Professional qui agissent pour am\u00e9liorer la <strong>r\u00e9sistance et l\u2019\u00e9lasticit\u00e9<\/strong> de la chevelure.<\/p>\n<p>Usage professionnel<\/p>\n<p>Format de 500 ml<\/p>\n","protected":false},"featured_media":4022,"comment_status":"closed","ping_status":"closed","template":"","meta":[],"product_brand":[],"product_cat":[694,686],"product_tag":[],"class_list":{"0":"post-4021","1":"product","2":"type-product","3":"status-publish","4":"has-post-thumbnail","6":"product_cat-hairgenie-q10-fr-2","7":"product_cat-treatments-fr","9":"first","10":"instock","11":"shipping-taxable","12":"product-type-simple"},"yoast_head":"<!-- This site is optimized with the Yoast SEO plugin v26.8 - https:\/\/yoast.com\/product\/yoast-seo-wordpress\/ -->\n<title>Hairgenie Q10 \u2013 Masque reconstituant intensif<\/title>\n<meta name=\"description\" content=\"Le masque reconstituant intensif Hairgenie Q10 est sp\u00e9cifiquement con\u00e7u pour favoriser le renouvellement et la fermet\u00e9 de la structure externe du cheveu.\" \/>\n<meta name=\"robots\" content=\"index, follow, max-snippet:-1, max-image-preview:large, max-video-preview:-1\" \/>\n<link rel=\"canonical\" href=\"https:\/\/www.professional-haircare.it\/fr\/products\/treatments-fr\/hairgenie-fr\/hairgenie-q10-fr-2\/hairgenie-q10-masque-reconstituant-intensif-2\/\" \/>\n<meta property=\"og:locale\" content=\"fr_FR\" \/>\n<meta property=\"og:type\" content=\"article\" \/>\n<meta property=\"og:title\" content=\"Hairgenie Q10 \u2013 Masque reconstituant intensif\" \/>\n<meta property=\"og:description\" content=\"Le masque reconstituant intensif Hairgenie Q10 est sp\u00e9cifiquement con\u00e7u pour favoriser le renouvellement et la fermet\u00e9 de la structure externe du cheveu.\" \/>\n<meta property=\"og:url\" content=\"https:\/\/www.professional-haircare.it\/fr\/products\/treatments-fr\/hairgenie-fr\/hairgenie-q10-fr-2\/hairgenie-q10-masque-reconstituant-intensif-2\/\" \/>\n<meta property=\"og:site_name\" content=\"Professional Hair Care\" \/>\n<meta property=\"article:modified_time\" content=\"2022-11-10T13:59:09+00:00\" \/>\n<meta property=\"og:image\" content=\"https:\/\/professional-haircare.it\/wp-content\/uploads\/2021\/05\/12049_professional_hairgenie_q10_intensive_rebuilding_mask_500ml.png\" \/>\n\t<meta property=\"og:image:width\" content=\"600\" \/>\n\t<meta property=\"og:image:height\" content=\"600\" \/>\n\t<meta property=\"og:image:type\" content=\"image\/png\" \/>\n<meta name=\"twitter:card\" content=\"summary_large_image\" \/>\n<script type=\"application\/ld+json\" class=\"yoast-schema-graph\">{\"@context\":\"https:\/\/schema.org\",\"@graph\":[{\"@type\":\"WebPage\",\"@id\":\"https:\/\/www.professional-haircare.it\/fr\/products\/treatments-fr\/hairgenie-fr\/hairgenie-q10-fr-2\/hairgenie-q10-masque-reconstituant-intensif-2\/\",\"url\":\"https:\/\/www.professional-haircare.it\/fr\/products\/treatments-fr\/hairgenie-fr\/hairgenie-q10-fr-2\/hairgenie-q10-masque-reconstituant-intensif-2\/\",\"name\":\"Hairgenie Q10 \u2013 Masque reconstituant intensif\",\"isPartOf\":{\"@id\":\"https:\/\/professional-haircare.it\/#website\"},\"primaryImageOfPage\":{\"@id\":\"https:\/\/www.professional-haircare.it\/fr\/products\/treatments-fr\/hairgenie-fr\/hairgenie-q10-fr-2\/hairgenie-q10-masque-reconstituant-intensif-2\/#primaryimage\"},\"image\":{\"@id\":\"https:\/\/www.professional-haircare.it\/fr\/products\/treatments-fr\/hairgenie-fr\/hairgenie-q10-fr-2\/hairgenie-q10-masque-reconstituant-intensif-2\/#primaryimage\"},\"thumbnailUrl\":\"https:\/\/www.professional-haircare.it\/wp-content\/uploads\/2021\/05\/12049_professional_hairgenie_q10_intensive_rebuilding_mask_500ml.png\",\"datePublished\":\"2016-03-30T13:54:51+00:00\",\"dateModified\":\"2022-11-10T13:59:09+00:00\",\"description\":\"Le masque reconstituant intensif Hairgenie Q10 est sp\u00e9cifiquement con\u00e7u pour favoriser le renouvellement et la fermet\u00e9 de la structure externe du cheveu.\",\"breadcrumb\":{\"@id\":\"https:\/\/www.professional-haircare.it\/fr\/products\/treatments-fr\/hairgenie-fr\/hairgenie-q10-fr-2\/hairgenie-q10-masque-reconstituant-intensif-2\/#breadcrumb\"},\"inLanguage\":\"fr-FR\",\"potentialAction\":[{\"@type\":\"ReadAction\",\"target\":[\"https:\/\/www.professional-haircare.it\/fr\/products\/treatments-fr\/hairgenie-fr\/hairgenie-q10-fr-2\/hairgenie-q10-masque-reconstituant-intensif-2\/\"]}]},{\"@type\":\"ImageObject\",\"inLanguage\":\"fr-FR\",\"@id\":\"https:\/\/www.professional-haircare.it\/fr\/products\/treatments-fr\/hairgenie-fr\/hairgenie-q10-fr-2\/hairgenie-q10-masque-reconstituant-intensif-2\/#primaryimage\",\"url\":\"https:\/\/www.professional-haircare.it\/wp-content\/uploads\/2021\/05\/12049_professional_hairgenie_q10_intensive_rebuilding_mask_500ml.png\",\"contentUrl\":\"https:\/\/www.professional-haircare.it\/wp-content\/uploads\/2021\/05\/12049_professional_hairgenie_q10_intensive_rebuilding_mask_500ml.png\",\"width\":600,\"height\":600},{\"@type\":\"BreadcrumbList\",\"@id\":\"https:\/\/www.professional-haircare.it\/fr\/products\/treatments-fr\/hairgenie-fr\/hairgenie-q10-fr-2\/hairgenie-q10-masque-reconstituant-intensif-2\/#breadcrumb\",\"itemListElement\":[{\"@type\":\"ListItem\",\"position\":1,\"name\":\"Home\",\"item\":\"https:\/\/professional-haircare.it\/fr\/\"},{\"@type\":\"ListItem\",\"position\":2,\"name\":\"Shop\",\"item\":\"https:\/\/professional-haircare.it\/shop\/\"},{\"@type\":\"ListItem\",\"position\":3,\"name\":\"Hairgenie Q10 \u2013 Masque reconstituant intensif\"}]},{\"@type\":\"WebSite\",\"@id\":\"https:\/\/professional-haircare.it\/#website\",\"url\":\"https:\/\/professional-haircare.it\/\",\"name\":\"Professional Hair Care\",\"description\":\"Hair Quality Solutions\",\"potentialAction\":[{\"@type\":\"SearchAction\",\"target\":{\"@type\":\"EntryPoint\",\"urlTemplate\":\"https:\/\/professional-haircare.it\/?s={search_term_string}\"},\"query-input\":{\"@type\":\"PropertyValueSpecification\",\"valueRequired\":true,\"valueName\":\"search_term_string\"}}],\"inLanguage\":\"fr-FR\"}]}<\/script>\n<!-- \/ Yoast SEO plugin. -->","yoast_head_json":{"title":"Hairgenie Q10 \u2013 Masque reconstituant intensif","description":"Le masque reconstituant intensif Hairgenie Q10 est sp\u00e9cifiquement con\u00e7u pour favoriser le renouvellement et la fermet\u00e9 de la structure externe du cheveu.","robots":{"index":"index","follow":"follow","max-snippet":"max-snippet:-1","max-image-preview":"max-image-preview:large","max-video-preview":"max-video-preview:-1"},"canonical":"https:\/\/www.professional-haircare.it\/fr\/products\/treatments-fr\/hairgenie-fr\/hairgenie-q10-fr-2\/hairgenie-q10-masque-reconstituant-intensif-2\/","og_locale":"fr_FR","og_type":"article","og_title":"Hairgenie Q10 \u2013 Masque reconstituant intensif","og_description":"Le masque reconstituant intensif Hairgenie Q10 est sp\u00e9cifiquement con\u00e7u pour favoriser le renouvellement et la fermet\u00e9 de la structure externe du cheveu.","og_url":"https:\/\/www.professional-haircare.it\/fr\/products\/treatments-fr\/hairgenie-fr\/hairgenie-q10-fr-2\/hairgenie-q10-masque-reconstituant-intensif-2\/","og_site_name":"Professional Hair Care","article_modified_time":"2022-11-10T13:59:09+00:00","og_image":[{"width":600,"height":600,"url":"https:\/\/professional-haircare.it\/wp-content\/uploads\/2021\/05\/12049_professional_hairgenie_q10_intensive_rebuilding_mask_500ml.png","type":"image\/png"}],"twitter_card":"summary_large_image","schema":{"@context":"https:\/\/schema.org","@graph":[{"@type":"WebPage","@id":"https:\/\/www.professional-haircare.it\/fr\/products\/treatments-fr\/hairgenie-fr\/hairgenie-q10-fr-2\/hairgenie-q10-masque-reconstituant-intensif-2\/","url":"https:\/\/www.professional-haircare.it\/fr\/products\/treatments-fr\/hairgenie-fr\/hairgenie-q10-fr-2\/hairgenie-q10-masque-reconstituant-intensif-2\/","name":"Hairgenie Q10 \u2013 Masque reconstituant intensif","isPartOf":{"@id":"https:\/\/professional-haircare.it\/#website"},"primaryImageOfPage":{"@id":"https:\/\/www.professional-haircare.it\/fr\/products\/treatments-fr\/hairgenie-fr\/hairgenie-q10-fr-2\/hairgenie-q10-masque-reconstituant-intensif-2\/#primaryimage"},"image":{"@id":"https:\/\/www.professional-haircare.it\/fr\/products\/treatments-fr\/hairgenie-fr\/hairgenie-q10-fr-2\/hairgenie-q10-masque-reconstituant-intensif-2\/#primaryimage"},"thumbnailUrl":"https:\/\/www.professional-haircare.it\/wp-content\/uploads\/2021\/05\/12049_professional_hairgenie_q10_intensive_rebuilding_mask_500ml.png","datePublished":"2016-03-30T13:54:51+00:00","dateModified":"2022-11-10T13:59:09+00:00","description":"Le masque reconstituant intensif Hairgenie Q10 est sp\u00e9cifiquement con\u00e7u pour favoriser le renouvellement et la fermet\u00e9 de la structure externe du cheveu.","breadcrumb":{"@id":"https:\/\/www.professional-haircare.it\/fr\/products\/treatments-fr\/hairgenie-fr\/hairgenie-q10-fr-2\/hairgenie-q10-masque-reconstituant-intensif-2\/#breadcrumb"},"inLanguage":"fr-FR","potentialAction":[{"@type":"ReadAction","target":["https:\/\/www.professional-haircare.it\/fr\/products\/treatments-fr\/hairgenie-fr\/hairgenie-q10-fr-2\/hairgenie-q10-masque-reconstituant-intensif-2\/"]}]},{"@type":"ImageObject","inLanguage":"fr-FR","@id":"https:\/\/www.professional-haircare.it\/fr\/products\/treatments-fr\/hairgenie-fr\/hairgenie-q10-fr-2\/hairgenie-q10-masque-reconstituant-intensif-2\/#primaryimage","url":"https:\/\/www.professional-haircare.it\/wp-content\/uploads\/2021\/05\/12049_professional_hairgenie_q10_intensive_rebuilding_mask_500ml.png","contentUrl":"https:\/\/www.professional-haircare.it\/wp-content\/uploads\/2021\/05\/12049_professional_hairgenie_q10_intensive_rebuilding_mask_500ml.png","width":600,"height":600},{"@type":"BreadcrumbList","@id":"https:\/\/www.professional-haircare.it\/fr\/products\/treatments-fr\/hairgenie-fr\/hairgenie-q10-fr-2\/hairgenie-q10-masque-reconstituant-intensif-2\/#breadcrumb","itemListElement":[{"@type":"ListItem","position":1,"name":"Home","item":"https:\/\/professional-haircare.it\/fr\/"},{"@type":"ListItem","position":2,"name":"Shop","item":"https:\/\/professional-haircare.it\/shop\/"},{"@type":"ListItem","position":3,"name":"Hairgenie Q10 \u2013 Masque reconstituant intensif"}]},{"@type":"WebSite","@id":"https:\/\/professional-haircare.it\/#website","url":"https:\/\/professional-haircare.it\/","name":"Professional Hair Care","description":"Hair Quality Solutions","potentialAction":[{"@type":"SearchAction","target":{"@type":"EntryPoint","urlTemplate":"https:\/\/professional-haircare.it\/?s={search_term_string}"},"query-input":{"@type":"PropertyValueSpecification","valueRequired":true,"valueName":"search_term_string"}}],"inLanguage":"fr-FR"}]}},"_links":{"self":[{"href":"https:\/\/www.professional-haircare.it\/fr\/wp-json\/wp\/v2\/product\/4021","targetHints":{"allow":["GET"]}}],"collection":[{"href":"https:\/\/www.professional-haircare.it\/fr\/wp-json\/wp\/v2\/product"}],"about":[{"href":"https:\/\/www.professional-haircare.it\/fr\/wp-json\/wp\/v2\/types\/product"}],"replies":[{"embeddable":true,"href":"https:\/\/www.professional-haircare.it\/fr\/wp-json\/wp\/v2\/comments?post=4021"}],"wp:featuredmedia":[{"embeddable":true,"href":"https:\/\/www.professional-haircare.it\/fr\/wp-json\/wp\/v2\/media\/4022"}],"wp:attachment":[{"href":"https:\/\/www.professional-haircare.it\/fr\/wp-json\/wp\/v2\/media?parent=4021"}],"wp:term":[{"taxonomy":"product_brand","embeddable":true,"href":"https:\/\/www.professional-haircare.it\/fr\/wp-json\/wp\/v2\/product_brand?post=4021"},{"taxonomy":"product_cat","embeddable":true,"href":"https:\/\/www.professional-haircare.it\/fr\/wp-json\/wp\/v2\/product_cat?post=4021"},{"taxonomy":"product_tag","embeddable":true,"href":"https:\/\/www.professional-haircare.it\/fr\/wp-json\/wp\/v2\/product_tag?post=4021"}],"curies":[{"name":"wp","href":"https:\/\/api.w.org\/{rel}","templated":true}]}}