{"id":4007,"date":"2021-02-11T10:01:01","date_gmt":"2021-02-11T09:01:01","guid":{"rendered":"https:\/\/www.professional-haircare.it\/products\/non%20class\u00e9\/hairgenie-perfect-curl-masque-cheveux-boucles\/"},"modified":"2022-11-10T14:46:00","modified_gmt":"2022-11-10T13:46:00","slug":"hairgenie-perfect-curl-masque-cheveux-boucles","status":"publish","type":"product","link":"https:\/\/www.professional-haircare.it\/fr\/products\/treatments-fr\/hairgenie-fr\/hairgenie-perfect-curl-fr\/hairgenie-perfect-curl-masque-cheveux-boucles\/","title":{"rendered":"Hairgenie Perfect Curl | Masque cheveux boucl\u00e9s"},"content":{"rendered":"","protected":false},"excerpt":{"rendered":"<p><strong>Hairgenie Perfect Curl, masque pour cheveux naturellement boucl\u00e9s<\/strong>. <strong>Discipline<\/strong> les cheveux rebelles et combat <strong>cet effet cr\u00e9pu tant d\u00e9test\u00e9<\/strong> d\u00fb au manque de nutriments et d&rsquo;hydratation. Enrichi \u00e0 l&rsquo;<strong>extrait de gingembre<\/strong>.<\/p>\n<p>Format 250 ml<\/p>\n","protected":false},"featured_media":4008,"comment_status":"closed","ping_status":"closed","template":"","meta":[],"product_brand":[],"product_cat":[690,693,686],"product_tag":[],"class_list":{"0":"post-4007","1":"product","2":"type-product","3":"status-publish","4":"has-post-thumbnail","6":"product_cat-hairgenie-fr","7":"product_cat-hairgenie-perfect-curl-fr","8":"product_cat-treatments-fr","10":"first","11":"instock","12":"shipping-taxable","13":"product-type-simple"},"yoast_head":"<!-- This site is optimized with the Yoast SEO plugin v26.8 - https:\/\/yoast.com\/product\/yoast-seo-wordpress\/ -->\n<title>Hairgenie Perfect Curl | Masque cheveux boucl\u00e9s<\/title>\n<meta name=\"description\" content=\"Hairgenie Perfect Curl, masque pour cheveux naturellement boucl\u00e9s. Discipline les cheveux rebelles et combat cet effet cr\u00e9pu\" \/>\n<meta name=\"robots\" content=\"index, follow, max-snippet:-1, max-image-preview:large, max-video-preview:-1\" \/>\n<link rel=\"canonical\" href=\"https:\/\/www.professional-haircare.it\/fr\/products\/treatments-fr\/hairgenie-fr\/hairgenie-perfect-curl-fr\/hairgenie-perfect-curl-masque-cheveux-boucles\/\" \/>\n<meta property=\"og:locale\" content=\"fr_FR\" \/>\n<meta property=\"og:type\" content=\"article\" \/>\n<meta property=\"og:title\" content=\"Hairgenie Perfect Curl | Masque cheveux boucl\u00e9s\" \/>\n<meta property=\"og:description\" content=\"Hairgenie Perfect Curl, masque pour cheveux naturellement boucl\u00e9s. Discipline les cheveux rebelles et combat cet effet cr\u00e9pu\" \/>\n<meta property=\"og:url\" content=\"https:\/\/www.professional-haircare.it\/fr\/products\/treatments-fr\/hairgenie-fr\/hairgenie-perfect-curl-fr\/hairgenie-perfect-curl-masque-cheveux-boucles\/\" \/>\n<meta property=\"og:site_name\" content=\"Professional Hair Care\" \/>\n<meta property=\"article:modified_time\" content=\"2022-11-10T13:46:00+00:00\" \/>\n<meta property=\"og:image\" content=\"https:\/\/professional-haircare.it\/wp-content\/uploads\/2021\/02\/12075_professional_hairgenie_perfect_curl_mask_250ml.png\" \/>\n\t<meta property=\"og:image:width\" content=\"600\" \/>\n\t<meta property=\"og:image:height\" content=\"600\" \/>\n\t<meta property=\"og:image:type\" content=\"image\/png\" \/>\n<meta name=\"twitter:card\" content=\"summary_large_image\" \/>\n<script type=\"application\/ld+json\" class=\"yoast-schema-graph\">{\"@context\":\"https:\/\/schema.org\",\"@graph\":[{\"@type\":\"WebPage\",\"@id\":\"https:\/\/www.professional-haircare.it\/fr\/products\/treatments-fr\/hairgenie-fr\/hairgenie-perfect-curl-fr\/hairgenie-perfect-curl-masque-cheveux-boucles\/\",\"url\":\"https:\/\/www.professional-haircare.it\/fr\/products\/treatments-fr\/hairgenie-fr\/hairgenie-perfect-curl-fr\/hairgenie-perfect-curl-masque-cheveux-boucles\/\",\"name\":\"Hairgenie Perfect Curl | Masque cheveux boucl\u00e9s\",\"isPartOf\":{\"@id\":\"https:\/\/professional-haircare.it\/#website\"},\"primaryImageOfPage\":{\"@id\":\"https:\/\/www.professional-haircare.it\/fr\/products\/treatments-fr\/hairgenie-fr\/hairgenie-perfect-curl-fr\/hairgenie-perfect-curl-masque-cheveux-boucles\/#primaryimage\"},\"image\":{\"@id\":\"https:\/\/www.professional-haircare.it\/fr\/products\/treatments-fr\/hairgenie-fr\/hairgenie-perfect-curl-fr\/hairgenie-perfect-curl-masque-cheveux-boucles\/#primaryimage\"},\"thumbnailUrl\":\"https:\/\/www.professional-haircare.it\/wp-content\/uploads\/2021\/02\/12075_professional_hairgenie_perfect_curl_mask_250ml.png\",\"datePublished\":\"2021-02-11T09:01:01+00:00\",\"dateModified\":\"2022-11-10T13:46:00+00:00\",\"description\":\"Hairgenie Perfect Curl, masque pour cheveux naturellement boucl\u00e9s. Discipline les cheveux rebelles et combat cet effet cr\u00e9pu\",\"breadcrumb\":{\"@id\":\"https:\/\/www.professional-haircare.it\/fr\/products\/treatments-fr\/hairgenie-fr\/hairgenie-perfect-curl-fr\/hairgenie-perfect-curl-masque-cheveux-boucles\/#breadcrumb\"},\"inLanguage\":\"fr-FR\",\"potentialAction\":[{\"@type\":\"ReadAction\",\"target\":[\"https:\/\/www.professional-haircare.it\/fr\/products\/treatments-fr\/hairgenie-fr\/hairgenie-perfect-curl-fr\/hairgenie-perfect-curl-masque-cheveux-boucles\/\"]}]},{\"@type\":\"ImageObject\",\"inLanguage\":\"fr-FR\",\"@id\":\"https:\/\/www.professional-haircare.it\/fr\/products\/treatments-fr\/hairgenie-fr\/hairgenie-perfect-curl-fr\/hairgenie-perfect-curl-masque-cheveux-boucles\/#primaryimage\",\"url\":\"https:\/\/www.professional-haircare.it\/wp-content\/uploads\/2021\/02\/12075_professional_hairgenie_perfect_curl_mask_250ml.png\",\"contentUrl\":\"https:\/\/www.professional-haircare.it\/wp-content\/uploads\/2021\/02\/12075_professional_hairgenie_perfect_curl_mask_250ml.png\",\"width\":600,\"height\":600},{\"@type\":\"BreadcrumbList\",\"@id\":\"https:\/\/www.professional-haircare.it\/fr\/products\/treatments-fr\/hairgenie-fr\/hairgenie-perfect-curl-fr\/hairgenie-perfect-curl-masque-cheveux-boucles\/#breadcrumb\",\"itemListElement\":[{\"@type\":\"ListItem\",\"position\":1,\"name\":\"Home\",\"item\":\"https:\/\/professional-haircare.it\/fr\/\"},{\"@type\":\"ListItem\",\"position\":2,\"name\":\"Shop\",\"item\":\"https:\/\/professional-haircare.it\/shop\/\"},{\"@type\":\"ListItem\",\"position\":3,\"name\":\"Hairgenie Perfect Curl | Masque cheveux boucl\u00e9s\"}]},{\"@type\":\"WebSite\",\"@id\":\"https:\/\/professional-haircare.it\/#website\",\"url\":\"https:\/\/professional-haircare.it\/\",\"name\":\"Professional Hair Care\",\"description\":\"Hair Quality Solutions\",\"potentialAction\":[{\"@type\":\"SearchAction\",\"target\":{\"@type\":\"EntryPoint\",\"urlTemplate\":\"https:\/\/professional-haircare.it\/?s={search_term_string}\"},\"query-input\":{\"@type\":\"PropertyValueSpecification\",\"valueRequired\":true,\"valueName\":\"search_term_string\"}}],\"inLanguage\":\"fr-FR\"}]}<\/script>\n<!-- \/ Yoast SEO plugin. -->","yoast_head_json":{"title":"Hairgenie Perfect Curl | Masque cheveux boucl\u00e9s","description":"Hairgenie Perfect Curl, masque pour cheveux naturellement boucl\u00e9s. Discipline les cheveux rebelles et combat cet effet cr\u00e9pu","robots":{"index":"index","follow":"follow","max-snippet":"max-snippet:-1","max-image-preview":"max-image-preview:large","max-video-preview":"max-video-preview:-1"},"canonical":"https:\/\/www.professional-haircare.it\/fr\/products\/treatments-fr\/hairgenie-fr\/hairgenie-perfect-curl-fr\/hairgenie-perfect-curl-masque-cheveux-boucles\/","og_locale":"fr_FR","og_type":"article","og_title":"Hairgenie Perfect Curl | Masque cheveux boucl\u00e9s","og_description":"Hairgenie Perfect Curl, masque pour cheveux naturellement boucl\u00e9s. Discipline les cheveux rebelles et combat cet effet cr\u00e9pu","og_url":"https:\/\/www.professional-haircare.it\/fr\/products\/treatments-fr\/hairgenie-fr\/hairgenie-perfect-curl-fr\/hairgenie-perfect-curl-masque-cheveux-boucles\/","og_site_name":"Professional Hair Care","article_modified_time":"2022-11-10T13:46:00+00:00","og_image":[{"width":600,"height":600,"url":"https:\/\/professional-haircare.it\/wp-content\/uploads\/2021\/02\/12075_professional_hairgenie_perfect_curl_mask_250ml.png","type":"image\/png"}],"twitter_card":"summary_large_image","schema":{"@context":"https:\/\/schema.org","@graph":[{"@type":"WebPage","@id":"https:\/\/www.professional-haircare.it\/fr\/products\/treatments-fr\/hairgenie-fr\/hairgenie-perfect-curl-fr\/hairgenie-perfect-curl-masque-cheveux-boucles\/","url":"https:\/\/www.professional-haircare.it\/fr\/products\/treatments-fr\/hairgenie-fr\/hairgenie-perfect-curl-fr\/hairgenie-perfect-curl-masque-cheveux-boucles\/","name":"Hairgenie Perfect Curl | Masque cheveux boucl\u00e9s","isPartOf":{"@id":"https:\/\/professional-haircare.it\/#website"},"primaryImageOfPage":{"@id":"https:\/\/www.professional-haircare.it\/fr\/products\/treatments-fr\/hairgenie-fr\/hairgenie-perfect-curl-fr\/hairgenie-perfect-curl-masque-cheveux-boucles\/#primaryimage"},"image":{"@id":"https:\/\/www.professional-haircare.it\/fr\/products\/treatments-fr\/hairgenie-fr\/hairgenie-perfect-curl-fr\/hairgenie-perfect-curl-masque-cheveux-boucles\/#primaryimage"},"thumbnailUrl":"https:\/\/www.professional-haircare.it\/wp-content\/uploads\/2021\/02\/12075_professional_hairgenie_perfect_curl_mask_250ml.png","datePublished":"2021-02-11T09:01:01+00:00","dateModified":"2022-11-10T13:46:00+00:00","description":"Hairgenie Perfect Curl, masque pour cheveux naturellement boucl\u00e9s. Discipline les cheveux rebelles et combat cet effet cr\u00e9pu","breadcrumb":{"@id":"https:\/\/www.professional-haircare.it\/fr\/products\/treatments-fr\/hairgenie-fr\/hairgenie-perfect-curl-fr\/hairgenie-perfect-curl-masque-cheveux-boucles\/#breadcrumb"},"inLanguage":"fr-FR","potentialAction":[{"@type":"ReadAction","target":["https:\/\/www.professional-haircare.it\/fr\/products\/treatments-fr\/hairgenie-fr\/hairgenie-perfect-curl-fr\/hairgenie-perfect-curl-masque-cheveux-boucles\/"]}]},{"@type":"ImageObject","inLanguage":"fr-FR","@id":"https:\/\/www.professional-haircare.it\/fr\/products\/treatments-fr\/hairgenie-fr\/hairgenie-perfect-curl-fr\/hairgenie-perfect-curl-masque-cheveux-boucles\/#primaryimage","url":"https:\/\/www.professional-haircare.it\/wp-content\/uploads\/2021\/02\/12075_professional_hairgenie_perfect_curl_mask_250ml.png","contentUrl":"https:\/\/www.professional-haircare.it\/wp-content\/uploads\/2021\/02\/12075_professional_hairgenie_perfect_curl_mask_250ml.png","width":600,"height":600},{"@type":"BreadcrumbList","@id":"https:\/\/www.professional-haircare.it\/fr\/products\/treatments-fr\/hairgenie-fr\/hairgenie-perfect-curl-fr\/hairgenie-perfect-curl-masque-cheveux-boucles\/#breadcrumb","itemListElement":[{"@type":"ListItem","position":1,"name":"Home","item":"https:\/\/professional-haircare.it\/fr\/"},{"@type":"ListItem","position":2,"name":"Shop","item":"https:\/\/professional-haircare.it\/shop\/"},{"@type":"ListItem","position":3,"name":"Hairgenie Perfect Curl | Masque cheveux boucl\u00e9s"}]},{"@type":"WebSite","@id":"https:\/\/professional-haircare.it\/#website","url":"https:\/\/professional-haircare.it\/","name":"Professional Hair Care","description":"Hair Quality Solutions","potentialAction":[{"@type":"SearchAction","target":{"@type":"EntryPoint","urlTemplate":"https:\/\/professional-haircare.it\/?s={search_term_string}"},"query-input":{"@type":"PropertyValueSpecification","valueRequired":true,"valueName":"search_term_string"}}],"inLanguage":"fr-FR"}]}},"_links":{"self":[{"href":"https:\/\/www.professional-haircare.it\/fr\/wp-json\/wp\/v2\/product\/4007","targetHints":{"allow":["GET"]}}],"collection":[{"href":"https:\/\/www.professional-haircare.it\/fr\/wp-json\/wp\/v2\/product"}],"about":[{"href":"https:\/\/www.professional-haircare.it\/fr\/wp-json\/wp\/v2\/types\/product"}],"replies":[{"embeddable":true,"href":"https:\/\/www.professional-haircare.it\/fr\/wp-json\/wp\/v2\/comments?post=4007"}],"wp:featuredmedia":[{"embeddable":true,"href":"https:\/\/www.professional-haircare.it\/fr\/wp-json\/wp\/v2\/media\/4008"}],"wp:attachment":[{"href":"https:\/\/www.professional-haircare.it\/fr\/wp-json\/wp\/v2\/media?parent=4007"}],"wp:term":[{"taxonomy":"product_brand","embeddable":true,"href":"https:\/\/www.professional-haircare.it\/fr\/wp-json\/wp\/v2\/product_brand?post=4007"},{"taxonomy":"product_cat","embeddable":true,"href":"https:\/\/www.professional-haircare.it\/fr\/wp-json\/wp\/v2\/product_cat?post=4007"},{"taxonomy":"product_tag","embeddable":true,"href":"https:\/\/www.professional-haircare.it\/fr\/wp-json\/wp\/v2\/product_tag?post=4007"}],"curies":[{"name":"wp","href":"https:\/\/api.w.org\/{rel}","templated":true}]}}