{"id":4001,"date":"2020-11-23T15:16:49","date_gmt":"2020-11-23T14:16:49","guid":{"rendered":"https:\/\/www.professional-haircare.it\/products\/non%20class\u00e9\/hairgenie-intensive-nutre-shampoing-pour-cheveux-secs-et-abimes-2\/"},"modified":"2022-11-10T14:19:36","modified_gmt":"2022-11-10T13:19:36","slug":"hairgenie-intensive-nutre-shampoing-pour-cheveux-secs-et-abimes-2","status":"publish","type":"product","link":"https:\/\/www.professional-haircare.it\/fr\/products\/treatments-fr\/hairgenie-fr\/hairgenie-intensive-nutre-fr\/hairgenie-intensive-nutre-shampoing-pour-cheveux-secs-et-abimes-2\/","title":{"rendered":"Hairgenie Intensive Nutre | Shampoing pour cheveux secs et ab\u00eem\u00e9s"},"content":{"rendered":"","protected":false},"excerpt":{"rendered":"<p><strong>Shampoing nourrissant et hydratant,<\/strong> particuli\u00e8rement adapt\u00e9 pour <strong>les cheveux fins, secs et ab\u00eem\u00e9s<\/strong>. Nettoie en douceur et rend les cheveux brillants, doux et soyeux.<\/p>\n<p>Usage professionnel<\/p>\n<p>1000 ml<\/p>\n","protected":false},"featured_media":4002,"comment_status":"closed","ping_status":"closed","template":"","meta":[],"product_brand":[],"product_cat":[692,686],"product_tag":[],"class_list":{"0":"post-4001","1":"product","2":"type-product","3":"status-publish","4":"has-post-thumbnail","6":"product_cat-hairgenie-intensive-nutre-fr","7":"product_cat-treatments-fr","9":"first","10":"instock","11":"shipping-taxable","12":"product-type-simple"},"yoast_head":"<!-- This site is optimized with the Yoast SEO plugin v26.8 - https:\/\/yoast.com\/product\/yoast-seo-wordpress\/ -->\n<title>Hairgenie Intensive Nutre | Shampoing pour cheveux secs et ab\u00eem\u00e9s - Professional Hair Care<\/title>\n<meta name=\"description\" content=\"Shampoing nourrissant et hydratant, particuli\u00e8rement adapt\u00e9 pour les cheveux fins, secs et ab\u00eem\u00e9s.\" \/>\n<meta name=\"robots\" content=\"index, follow, max-snippet:-1, max-image-preview:large, max-video-preview:-1\" \/>\n<link rel=\"canonical\" href=\"https:\/\/www.professional-haircare.it\/fr\/products\/treatments-fr\/hairgenie-fr\/hairgenie-intensive-nutre-fr\/hairgenie-intensive-nutre-shampoing-pour-cheveux-secs-et-abimes-2\/\" \/>\n<meta property=\"og:locale\" content=\"fr_FR\" \/>\n<meta property=\"og:type\" content=\"article\" \/>\n<meta property=\"og:title\" content=\"Hairgenie Intensive Nutre | Shampoing pour cheveux secs et ab\u00eem\u00e9s - Professional Hair Care\" \/>\n<meta property=\"og:description\" content=\"Shampoing nourrissant et hydratant, particuli\u00e8rement adapt\u00e9 pour les cheveux fins, secs et ab\u00eem\u00e9s.\" \/>\n<meta property=\"og:url\" content=\"https:\/\/www.professional-haircare.it\/fr\/products\/treatments-fr\/hairgenie-fr\/hairgenie-intensive-nutre-fr\/hairgenie-intensive-nutre-shampoing-pour-cheveux-secs-et-abimes-2\/\" \/>\n<meta property=\"og:site_name\" content=\"Professional Hair Care\" \/>\n<meta property=\"article:modified_time\" content=\"2022-11-10T13:19:36+00:00\" \/>\n<meta property=\"og:image\" content=\"https:\/\/professional-haircare.it\/wp-content\/uploads\/2021\/02\/12058_professional_hairgenie_intensive_nutre_shampoo_1000ml.png\" \/>\n\t<meta property=\"og:image:width\" content=\"600\" \/>\n\t<meta property=\"og:image:height\" content=\"600\" \/>\n\t<meta property=\"og:image:type\" content=\"image\/png\" \/>\n<meta name=\"twitter:card\" content=\"summary_large_image\" \/>\n<script type=\"application\/ld+json\" class=\"yoast-schema-graph\">{\"@context\":\"https:\/\/schema.org\",\"@graph\":[{\"@type\":\"WebPage\",\"@id\":\"https:\/\/www.professional-haircare.it\/fr\/products\/treatments-fr\/hairgenie-fr\/hairgenie-intensive-nutre-fr\/hairgenie-intensive-nutre-shampoing-pour-cheveux-secs-et-abimes-2\/\",\"url\":\"https:\/\/www.professional-haircare.it\/fr\/products\/treatments-fr\/hairgenie-fr\/hairgenie-intensive-nutre-fr\/hairgenie-intensive-nutre-shampoing-pour-cheveux-secs-et-abimes-2\/\",\"name\":\"Hairgenie Intensive Nutre | Shampoing pour cheveux secs et ab\u00eem\u00e9s - Professional Hair Care\",\"isPartOf\":{\"@id\":\"https:\/\/professional-haircare.it\/#website\"},\"primaryImageOfPage\":{\"@id\":\"https:\/\/www.professional-haircare.it\/fr\/products\/treatments-fr\/hairgenie-fr\/hairgenie-intensive-nutre-fr\/hairgenie-intensive-nutre-shampoing-pour-cheveux-secs-et-abimes-2\/#primaryimage\"},\"image\":{\"@id\":\"https:\/\/www.professional-haircare.it\/fr\/products\/treatments-fr\/hairgenie-fr\/hairgenie-intensive-nutre-fr\/hairgenie-intensive-nutre-shampoing-pour-cheveux-secs-et-abimes-2\/#primaryimage\"},\"thumbnailUrl\":\"https:\/\/www.professional-haircare.it\/wp-content\/uploads\/2021\/02\/12058_professional_hairgenie_intensive_nutre_shampoo_1000ml.png\",\"datePublished\":\"2020-11-23T14:16:49+00:00\",\"dateModified\":\"2022-11-10T13:19:36+00:00\",\"description\":\"Shampoing nourrissant et hydratant, particuli\u00e8rement adapt\u00e9 pour les cheveux fins, secs et ab\u00eem\u00e9s.\",\"breadcrumb\":{\"@id\":\"https:\/\/www.professional-haircare.it\/fr\/products\/treatments-fr\/hairgenie-fr\/hairgenie-intensive-nutre-fr\/hairgenie-intensive-nutre-shampoing-pour-cheveux-secs-et-abimes-2\/#breadcrumb\"},\"inLanguage\":\"fr-FR\",\"potentialAction\":[{\"@type\":\"ReadAction\",\"target\":[\"https:\/\/www.professional-haircare.it\/fr\/products\/treatments-fr\/hairgenie-fr\/hairgenie-intensive-nutre-fr\/hairgenie-intensive-nutre-shampoing-pour-cheveux-secs-et-abimes-2\/\"]}]},{\"@type\":\"ImageObject\",\"inLanguage\":\"fr-FR\",\"@id\":\"https:\/\/www.professional-haircare.it\/fr\/products\/treatments-fr\/hairgenie-fr\/hairgenie-intensive-nutre-fr\/hairgenie-intensive-nutre-shampoing-pour-cheveux-secs-et-abimes-2\/#primaryimage\",\"url\":\"https:\/\/www.professional-haircare.it\/wp-content\/uploads\/2021\/02\/12058_professional_hairgenie_intensive_nutre_shampoo_1000ml.png\",\"contentUrl\":\"https:\/\/www.professional-haircare.it\/wp-content\/uploads\/2021\/02\/12058_professional_hairgenie_intensive_nutre_shampoo_1000ml.png\",\"width\":600,\"height\":600},{\"@type\":\"BreadcrumbList\",\"@id\":\"https:\/\/www.professional-haircare.it\/fr\/products\/treatments-fr\/hairgenie-fr\/hairgenie-intensive-nutre-fr\/hairgenie-intensive-nutre-shampoing-pour-cheveux-secs-et-abimes-2\/#breadcrumb\",\"itemListElement\":[{\"@type\":\"ListItem\",\"position\":1,\"name\":\"Home\",\"item\":\"https:\/\/professional-haircare.it\/fr\/\"},{\"@type\":\"ListItem\",\"position\":2,\"name\":\"Shop\",\"item\":\"https:\/\/professional-haircare.it\/shop\/\"},{\"@type\":\"ListItem\",\"position\":3,\"name\":\"Hairgenie Intensive Nutre | Shampoing pour cheveux secs et ab\u00eem\u00e9s\"}]},{\"@type\":\"WebSite\",\"@id\":\"https:\/\/professional-haircare.it\/#website\",\"url\":\"https:\/\/professional-haircare.it\/\",\"name\":\"Professional Hair Care\",\"description\":\"Hair Quality Solutions\",\"potentialAction\":[{\"@type\":\"SearchAction\",\"target\":{\"@type\":\"EntryPoint\",\"urlTemplate\":\"https:\/\/professional-haircare.it\/?s={search_term_string}\"},\"query-input\":{\"@type\":\"PropertyValueSpecification\",\"valueRequired\":true,\"valueName\":\"search_term_string\"}}],\"inLanguage\":\"fr-FR\"}]}<\/script>\n<!-- \/ Yoast SEO plugin. -->","yoast_head_json":{"title":"Hairgenie Intensive Nutre | Shampoing pour cheveux secs et ab\u00eem\u00e9s - Professional Hair Care","description":"Shampoing nourrissant et hydratant, particuli\u00e8rement adapt\u00e9 pour les cheveux fins, secs et ab\u00eem\u00e9s.","robots":{"index":"index","follow":"follow","max-snippet":"max-snippet:-1","max-image-preview":"max-image-preview:large","max-video-preview":"max-video-preview:-1"},"canonical":"https:\/\/www.professional-haircare.it\/fr\/products\/treatments-fr\/hairgenie-fr\/hairgenie-intensive-nutre-fr\/hairgenie-intensive-nutre-shampoing-pour-cheveux-secs-et-abimes-2\/","og_locale":"fr_FR","og_type":"article","og_title":"Hairgenie Intensive Nutre | Shampoing pour cheveux secs et ab\u00eem\u00e9s - Professional Hair Care","og_description":"Shampoing nourrissant et hydratant, particuli\u00e8rement adapt\u00e9 pour les cheveux fins, secs et ab\u00eem\u00e9s.","og_url":"https:\/\/www.professional-haircare.it\/fr\/products\/treatments-fr\/hairgenie-fr\/hairgenie-intensive-nutre-fr\/hairgenie-intensive-nutre-shampoing-pour-cheveux-secs-et-abimes-2\/","og_site_name":"Professional Hair Care","article_modified_time":"2022-11-10T13:19:36+00:00","og_image":[{"width":600,"height":600,"url":"https:\/\/professional-haircare.it\/wp-content\/uploads\/2021\/02\/12058_professional_hairgenie_intensive_nutre_shampoo_1000ml.png","type":"image\/png"}],"twitter_card":"summary_large_image","schema":{"@context":"https:\/\/schema.org","@graph":[{"@type":"WebPage","@id":"https:\/\/www.professional-haircare.it\/fr\/products\/treatments-fr\/hairgenie-fr\/hairgenie-intensive-nutre-fr\/hairgenie-intensive-nutre-shampoing-pour-cheveux-secs-et-abimes-2\/","url":"https:\/\/www.professional-haircare.it\/fr\/products\/treatments-fr\/hairgenie-fr\/hairgenie-intensive-nutre-fr\/hairgenie-intensive-nutre-shampoing-pour-cheveux-secs-et-abimes-2\/","name":"Hairgenie Intensive Nutre | Shampoing pour cheveux secs et ab\u00eem\u00e9s - Professional Hair Care","isPartOf":{"@id":"https:\/\/professional-haircare.it\/#website"},"primaryImageOfPage":{"@id":"https:\/\/www.professional-haircare.it\/fr\/products\/treatments-fr\/hairgenie-fr\/hairgenie-intensive-nutre-fr\/hairgenie-intensive-nutre-shampoing-pour-cheveux-secs-et-abimes-2\/#primaryimage"},"image":{"@id":"https:\/\/www.professional-haircare.it\/fr\/products\/treatments-fr\/hairgenie-fr\/hairgenie-intensive-nutre-fr\/hairgenie-intensive-nutre-shampoing-pour-cheveux-secs-et-abimes-2\/#primaryimage"},"thumbnailUrl":"https:\/\/www.professional-haircare.it\/wp-content\/uploads\/2021\/02\/12058_professional_hairgenie_intensive_nutre_shampoo_1000ml.png","datePublished":"2020-11-23T14:16:49+00:00","dateModified":"2022-11-10T13:19:36+00:00","description":"Shampoing nourrissant et hydratant, particuli\u00e8rement adapt\u00e9 pour les cheveux fins, secs et ab\u00eem\u00e9s.","breadcrumb":{"@id":"https:\/\/www.professional-haircare.it\/fr\/products\/treatments-fr\/hairgenie-fr\/hairgenie-intensive-nutre-fr\/hairgenie-intensive-nutre-shampoing-pour-cheveux-secs-et-abimes-2\/#breadcrumb"},"inLanguage":"fr-FR","potentialAction":[{"@type":"ReadAction","target":["https:\/\/www.professional-haircare.it\/fr\/products\/treatments-fr\/hairgenie-fr\/hairgenie-intensive-nutre-fr\/hairgenie-intensive-nutre-shampoing-pour-cheveux-secs-et-abimes-2\/"]}]},{"@type":"ImageObject","inLanguage":"fr-FR","@id":"https:\/\/www.professional-haircare.it\/fr\/products\/treatments-fr\/hairgenie-fr\/hairgenie-intensive-nutre-fr\/hairgenie-intensive-nutre-shampoing-pour-cheveux-secs-et-abimes-2\/#primaryimage","url":"https:\/\/www.professional-haircare.it\/wp-content\/uploads\/2021\/02\/12058_professional_hairgenie_intensive_nutre_shampoo_1000ml.png","contentUrl":"https:\/\/www.professional-haircare.it\/wp-content\/uploads\/2021\/02\/12058_professional_hairgenie_intensive_nutre_shampoo_1000ml.png","width":600,"height":600},{"@type":"BreadcrumbList","@id":"https:\/\/www.professional-haircare.it\/fr\/products\/treatments-fr\/hairgenie-fr\/hairgenie-intensive-nutre-fr\/hairgenie-intensive-nutre-shampoing-pour-cheveux-secs-et-abimes-2\/#breadcrumb","itemListElement":[{"@type":"ListItem","position":1,"name":"Home","item":"https:\/\/professional-haircare.it\/fr\/"},{"@type":"ListItem","position":2,"name":"Shop","item":"https:\/\/professional-haircare.it\/shop\/"},{"@type":"ListItem","position":3,"name":"Hairgenie Intensive Nutre | Shampoing pour cheveux secs et ab\u00eem\u00e9s"}]},{"@type":"WebSite","@id":"https:\/\/professional-haircare.it\/#website","url":"https:\/\/professional-haircare.it\/","name":"Professional Hair Care","description":"Hair Quality Solutions","potentialAction":[{"@type":"SearchAction","target":{"@type":"EntryPoint","urlTemplate":"https:\/\/professional-haircare.it\/?s={search_term_string}"},"query-input":{"@type":"PropertyValueSpecification","valueRequired":true,"valueName":"search_term_string"}}],"inLanguage":"fr-FR"}]}},"_links":{"self":[{"href":"https:\/\/www.professional-haircare.it\/fr\/wp-json\/wp\/v2\/product\/4001","targetHints":{"allow":["GET"]}}],"collection":[{"href":"https:\/\/www.professional-haircare.it\/fr\/wp-json\/wp\/v2\/product"}],"about":[{"href":"https:\/\/www.professional-haircare.it\/fr\/wp-json\/wp\/v2\/types\/product"}],"replies":[{"embeddable":true,"href":"https:\/\/www.professional-haircare.it\/fr\/wp-json\/wp\/v2\/comments?post=4001"}],"wp:featuredmedia":[{"embeddable":true,"href":"https:\/\/www.professional-haircare.it\/fr\/wp-json\/wp\/v2\/media\/4002"}],"wp:attachment":[{"href":"https:\/\/www.professional-haircare.it\/fr\/wp-json\/wp\/v2\/media?parent=4001"}],"wp:term":[{"taxonomy":"product_brand","embeddable":true,"href":"https:\/\/www.professional-haircare.it\/fr\/wp-json\/wp\/v2\/product_brand?post=4001"},{"taxonomy":"product_cat","embeddable":true,"href":"https:\/\/www.professional-haircare.it\/fr\/wp-json\/wp\/v2\/product_cat?post=4001"},{"taxonomy":"product_tag","embeddable":true,"href":"https:\/\/www.professional-haircare.it\/fr\/wp-json\/wp\/v2\/product_tag?post=4001"}],"curies":[{"name":"wp","href":"https:\/\/api.w.org\/{rel}","templated":true}]}}