{"id":3997,"date":"2020-11-23T15:19:34","date_gmt":"2020-11-23T14:19:34","guid":{"rendered":"https:\/\/www.professional-haircare.it\/products\/non%20class\u00e9\/hairgenie-intensive-nutre-masque-pour-cheveux-secs-et-abimes-2\/"},"modified":"2022-11-10T14:19:01","modified_gmt":"2022-11-10T13:19:01","slug":"hairgenie-intensive-nutre-masque-pour-cheveux-secs-et-abimes-2","status":"publish","type":"product","link":"https:\/\/www.professional-haircare.it\/fr\/products\/treatments-fr\/hairgenie-fr\/hairgenie-intensive-nutre-fr\/hairgenie-intensive-nutre-masque-pour-cheveux-secs-et-abimes-2\/","title":{"rendered":"Hairgenie Intensive Nutre | Masque pour cheveux secs et ab\u00eem\u00e9s"},"content":{"rendered":"","protected":false},"excerpt":{"rendered":"<p><strong>Masque \u00e0 l&rsquo;action intensive<\/strong> pour <strong>cheveux secs et ab\u00eem\u00e9s<\/strong>. Sa formulation exclusive enrichie en <strong>acides amin\u00e9s de bl\u00e9, en extraits d&rsquo;amandes et de dattes<\/strong> nourrit en profondeur, r\u00e9g\u00e9n\u00e8re et revitalise la structure capillaire. Composition d\u00e9licate et fonction r\u00e9paratrice, efficacit\u00e9 et bien-\u00eatre garantis pour des <strong>cheveux soyeux et doux, faciles \u00e0 coiffer<\/strong>.<\/p>\n<p>Usage professionnel<\/p>\n<p>500 ml<\/p>\n","protected":false},"featured_media":3998,"comment_status":"closed","ping_status":"closed","template":"","meta":[],"product_brand":[],"product_cat":[692,686],"product_tag":[],"class_list":{"0":"post-3997","1":"product","2":"type-product","3":"status-publish","4":"has-post-thumbnail","6":"product_cat-hairgenie-intensive-nutre-fr","7":"product_cat-treatments-fr","9":"first","10":"instock","11":"shipping-taxable","12":"product-type-simple"},"yoast_head":"<!-- This site is optimized with the Yoast SEO plugin v26.8 - https:\/\/yoast.com\/product\/yoast-seo-wordpress\/ -->\n<title>Hairgenie Intensive Nutre | Masque pour cheveux secs et ab\u00eem\u00e9s - Professional Hair Care<\/title>\n<meta name=\"description\" content=\"Masque \u00e0 l&#039;action intensive pour cheveux secs et ab\u00eem\u00e9s. Sa formulation exclusive enrichie en acides amin\u00e9s de bl\u00e9, en extraits d&#039;amandes et de dattes nourrit en profondeur\" \/>\n<meta name=\"robots\" content=\"index, follow, max-snippet:-1, max-image-preview:large, max-video-preview:-1\" \/>\n<link rel=\"canonical\" href=\"https:\/\/www.professional-haircare.it\/fr\/products\/treatments-fr\/hairgenie-fr\/hairgenie-intensive-nutre-fr\/hairgenie-intensive-nutre-masque-pour-cheveux-secs-et-abimes-2\/\" \/>\n<meta property=\"og:locale\" content=\"fr_FR\" \/>\n<meta property=\"og:type\" content=\"article\" \/>\n<meta property=\"og:title\" content=\"Hairgenie Intensive Nutre | Masque pour cheveux secs et ab\u00eem\u00e9s - Professional Hair Care\" \/>\n<meta property=\"og:description\" content=\"Masque \u00e0 l&#039;action intensive pour cheveux secs et ab\u00eem\u00e9s. Sa formulation exclusive enrichie en acides amin\u00e9s de bl\u00e9, en extraits d&#039;amandes et de dattes nourrit en profondeur\" \/>\n<meta property=\"og:url\" content=\"https:\/\/www.professional-haircare.it\/fr\/products\/treatments-fr\/hairgenie-fr\/hairgenie-intensive-nutre-fr\/hairgenie-intensive-nutre-masque-pour-cheveux-secs-et-abimes-2\/\" \/>\n<meta property=\"og:site_name\" content=\"Professional Hair Care\" \/>\n<meta property=\"article:modified_time\" content=\"2022-11-10T13:19:01+00:00\" \/>\n<meta property=\"og:image\" content=\"https:\/\/professional-haircare.it\/wp-content\/uploads\/2021\/02\/12060_professional_hairgenie_intensive_nutre_mask_500ml.png\" \/>\n\t<meta property=\"og:image:width\" content=\"600\" \/>\n\t<meta property=\"og:image:height\" content=\"600\" \/>\n\t<meta property=\"og:image:type\" content=\"image\/png\" \/>\n<meta name=\"twitter:card\" content=\"summary_large_image\" \/>\n<script type=\"application\/ld+json\" class=\"yoast-schema-graph\">{\"@context\":\"https:\/\/schema.org\",\"@graph\":[{\"@type\":\"WebPage\",\"@id\":\"https:\/\/www.professional-haircare.it\/fr\/products\/treatments-fr\/hairgenie-fr\/hairgenie-intensive-nutre-fr\/hairgenie-intensive-nutre-masque-pour-cheveux-secs-et-abimes-2\/\",\"url\":\"https:\/\/www.professional-haircare.it\/fr\/products\/treatments-fr\/hairgenie-fr\/hairgenie-intensive-nutre-fr\/hairgenie-intensive-nutre-masque-pour-cheveux-secs-et-abimes-2\/\",\"name\":\"Hairgenie Intensive Nutre | Masque pour cheveux secs et ab\u00eem\u00e9s - Professional Hair Care\",\"isPartOf\":{\"@id\":\"https:\/\/professional-haircare.it\/#website\"},\"primaryImageOfPage\":{\"@id\":\"https:\/\/www.professional-haircare.it\/fr\/products\/treatments-fr\/hairgenie-fr\/hairgenie-intensive-nutre-fr\/hairgenie-intensive-nutre-masque-pour-cheveux-secs-et-abimes-2\/#primaryimage\"},\"image\":{\"@id\":\"https:\/\/www.professional-haircare.it\/fr\/products\/treatments-fr\/hairgenie-fr\/hairgenie-intensive-nutre-fr\/hairgenie-intensive-nutre-masque-pour-cheveux-secs-et-abimes-2\/#primaryimage\"},\"thumbnailUrl\":\"https:\/\/www.professional-haircare.it\/wp-content\/uploads\/2021\/02\/12060_professional_hairgenie_intensive_nutre_mask_500ml.png\",\"datePublished\":\"2020-11-23T14:19:34+00:00\",\"dateModified\":\"2022-11-10T13:19:01+00:00\",\"description\":\"Masque \u00e0 l'action intensive pour cheveux secs et ab\u00eem\u00e9s. Sa formulation exclusive enrichie en acides amin\u00e9s de bl\u00e9, en extraits d'amandes et de dattes nourrit en profondeur\",\"breadcrumb\":{\"@id\":\"https:\/\/www.professional-haircare.it\/fr\/products\/treatments-fr\/hairgenie-fr\/hairgenie-intensive-nutre-fr\/hairgenie-intensive-nutre-masque-pour-cheveux-secs-et-abimes-2\/#breadcrumb\"},\"inLanguage\":\"fr-FR\",\"potentialAction\":[{\"@type\":\"ReadAction\",\"target\":[\"https:\/\/www.professional-haircare.it\/fr\/products\/treatments-fr\/hairgenie-fr\/hairgenie-intensive-nutre-fr\/hairgenie-intensive-nutre-masque-pour-cheveux-secs-et-abimes-2\/\"]}]},{\"@type\":\"ImageObject\",\"inLanguage\":\"fr-FR\",\"@id\":\"https:\/\/www.professional-haircare.it\/fr\/products\/treatments-fr\/hairgenie-fr\/hairgenie-intensive-nutre-fr\/hairgenie-intensive-nutre-masque-pour-cheveux-secs-et-abimes-2\/#primaryimage\",\"url\":\"https:\/\/www.professional-haircare.it\/wp-content\/uploads\/2021\/02\/12060_professional_hairgenie_intensive_nutre_mask_500ml.png\",\"contentUrl\":\"https:\/\/www.professional-haircare.it\/wp-content\/uploads\/2021\/02\/12060_professional_hairgenie_intensive_nutre_mask_500ml.png\",\"width\":600,\"height\":600},{\"@type\":\"BreadcrumbList\",\"@id\":\"https:\/\/www.professional-haircare.it\/fr\/products\/treatments-fr\/hairgenie-fr\/hairgenie-intensive-nutre-fr\/hairgenie-intensive-nutre-masque-pour-cheveux-secs-et-abimes-2\/#breadcrumb\",\"itemListElement\":[{\"@type\":\"ListItem\",\"position\":1,\"name\":\"Home\",\"item\":\"https:\/\/professional-haircare.it\/fr\/\"},{\"@type\":\"ListItem\",\"position\":2,\"name\":\"Shop\",\"item\":\"https:\/\/professional-haircare.it\/shop\/\"},{\"@type\":\"ListItem\",\"position\":3,\"name\":\"Hairgenie Intensive Nutre | Masque pour cheveux secs et ab\u00eem\u00e9s\"}]},{\"@type\":\"WebSite\",\"@id\":\"https:\/\/professional-haircare.it\/#website\",\"url\":\"https:\/\/professional-haircare.it\/\",\"name\":\"Professional Hair Care\",\"description\":\"Hair Quality Solutions\",\"potentialAction\":[{\"@type\":\"SearchAction\",\"target\":{\"@type\":\"EntryPoint\",\"urlTemplate\":\"https:\/\/professional-haircare.it\/?s={search_term_string}\"},\"query-input\":{\"@type\":\"PropertyValueSpecification\",\"valueRequired\":true,\"valueName\":\"search_term_string\"}}],\"inLanguage\":\"fr-FR\"}]}<\/script>\n<!-- \/ Yoast SEO plugin. -->","yoast_head_json":{"title":"Hairgenie Intensive Nutre | Masque pour cheveux secs et ab\u00eem\u00e9s - Professional Hair Care","description":"Masque \u00e0 l'action intensive pour cheveux secs et ab\u00eem\u00e9s. Sa formulation exclusive enrichie en acides amin\u00e9s de bl\u00e9, en extraits d'amandes et de dattes nourrit en profondeur","robots":{"index":"index","follow":"follow","max-snippet":"max-snippet:-1","max-image-preview":"max-image-preview:large","max-video-preview":"max-video-preview:-1"},"canonical":"https:\/\/www.professional-haircare.it\/fr\/products\/treatments-fr\/hairgenie-fr\/hairgenie-intensive-nutre-fr\/hairgenie-intensive-nutre-masque-pour-cheveux-secs-et-abimes-2\/","og_locale":"fr_FR","og_type":"article","og_title":"Hairgenie Intensive Nutre | Masque pour cheveux secs et ab\u00eem\u00e9s - Professional Hair Care","og_description":"Masque \u00e0 l'action intensive pour cheveux secs et ab\u00eem\u00e9s. Sa formulation exclusive enrichie en acides amin\u00e9s de bl\u00e9, en extraits d'amandes et de dattes nourrit en profondeur","og_url":"https:\/\/www.professional-haircare.it\/fr\/products\/treatments-fr\/hairgenie-fr\/hairgenie-intensive-nutre-fr\/hairgenie-intensive-nutre-masque-pour-cheveux-secs-et-abimes-2\/","og_site_name":"Professional Hair Care","article_modified_time":"2022-11-10T13:19:01+00:00","og_image":[{"width":600,"height":600,"url":"https:\/\/professional-haircare.it\/wp-content\/uploads\/2021\/02\/12060_professional_hairgenie_intensive_nutre_mask_500ml.png","type":"image\/png"}],"twitter_card":"summary_large_image","schema":{"@context":"https:\/\/schema.org","@graph":[{"@type":"WebPage","@id":"https:\/\/www.professional-haircare.it\/fr\/products\/treatments-fr\/hairgenie-fr\/hairgenie-intensive-nutre-fr\/hairgenie-intensive-nutre-masque-pour-cheveux-secs-et-abimes-2\/","url":"https:\/\/www.professional-haircare.it\/fr\/products\/treatments-fr\/hairgenie-fr\/hairgenie-intensive-nutre-fr\/hairgenie-intensive-nutre-masque-pour-cheveux-secs-et-abimes-2\/","name":"Hairgenie Intensive Nutre | Masque pour cheveux secs et ab\u00eem\u00e9s - Professional Hair Care","isPartOf":{"@id":"https:\/\/professional-haircare.it\/#website"},"primaryImageOfPage":{"@id":"https:\/\/www.professional-haircare.it\/fr\/products\/treatments-fr\/hairgenie-fr\/hairgenie-intensive-nutre-fr\/hairgenie-intensive-nutre-masque-pour-cheveux-secs-et-abimes-2\/#primaryimage"},"image":{"@id":"https:\/\/www.professional-haircare.it\/fr\/products\/treatments-fr\/hairgenie-fr\/hairgenie-intensive-nutre-fr\/hairgenie-intensive-nutre-masque-pour-cheveux-secs-et-abimes-2\/#primaryimage"},"thumbnailUrl":"https:\/\/www.professional-haircare.it\/wp-content\/uploads\/2021\/02\/12060_professional_hairgenie_intensive_nutre_mask_500ml.png","datePublished":"2020-11-23T14:19:34+00:00","dateModified":"2022-11-10T13:19:01+00:00","description":"Masque \u00e0 l'action intensive pour cheveux secs et ab\u00eem\u00e9s. Sa formulation exclusive enrichie en acides amin\u00e9s de bl\u00e9, en extraits d'amandes et de dattes nourrit en profondeur","breadcrumb":{"@id":"https:\/\/www.professional-haircare.it\/fr\/products\/treatments-fr\/hairgenie-fr\/hairgenie-intensive-nutre-fr\/hairgenie-intensive-nutre-masque-pour-cheveux-secs-et-abimes-2\/#breadcrumb"},"inLanguage":"fr-FR","potentialAction":[{"@type":"ReadAction","target":["https:\/\/www.professional-haircare.it\/fr\/products\/treatments-fr\/hairgenie-fr\/hairgenie-intensive-nutre-fr\/hairgenie-intensive-nutre-masque-pour-cheveux-secs-et-abimes-2\/"]}]},{"@type":"ImageObject","inLanguage":"fr-FR","@id":"https:\/\/www.professional-haircare.it\/fr\/products\/treatments-fr\/hairgenie-fr\/hairgenie-intensive-nutre-fr\/hairgenie-intensive-nutre-masque-pour-cheveux-secs-et-abimes-2\/#primaryimage","url":"https:\/\/www.professional-haircare.it\/wp-content\/uploads\/2021\/02\/12060_professional_hairgenie_intensive_nutre_mask_500ml.png","contentUrl":"https:\/\/www.professional-haircare.it\/wp-content\/uploads\/2021\/02\/12060_professional_hairgenie_intensive_nutre_mask_500ml.png","width":600,"height":600},{"@type":"BreadcrumbList","@id":"https:\/\/www.professional-haircare.it\/fr\/products\/treatments-fr\/hairgenie-fr\/hairgenie-intensive-nutre-fr\/hairgenie-intensive-nutre-masque-pour-cheveux-secs-et-abimes-2\/#breadcrumb","itemListElement":[{"@type":"ListItem","position":1,"name":"Home","item":"https:\/\/professional-haircare.it\/fr\/"},{"@type":"ListItem","position":2,"name":"Shop","item":"https:\/\/professional-haircare.it\/shop\/"},{"@type":"ListItem","position":3,"name":"Hairgenie Intensive Nutre | Masque pour cheveux secs et ab\u00eem\u00e9s"}]},{"@type":"WebSite","@id":"https:\/\/professional-haircare.it\/#website","url":"https:\/\/professional-haircare.it\/","name":"Professional Hair Care","description":"Hair Quality Solutions","potentialAction":[{"@type":"SearchAction","target":{"@type":"EntryPoint","urlTemplate":"https:\/\/professional-haircare.it\/?s={search_term_string}"},"query-input":{"@type":"PropertyValueSpecification","valueRequired":true,"valueName":"search_term_string"}}],"inLanguage":"fr-FR"}]}},"_links":{"self":[{"href":"https:\/\/www.professional-haircare.it\/fr\/wp-json\/wp\/v2\/product\/3997","targetHints":{"allow":["GET"]}}],"collection":[{"href":"https:\/\/www.professional-haircare.it\/fr\/wp-json\/wp\/v2\/product"}],"about":[{"href":"https:\/\/www.professional-haircare.it\/fr\/wp-json\/wp\/v2\/types\/product"}],"replies":[{"embeddable":true,"href":"https:\/\/www.professional-haircare.it\/fr\/wp-json\/wp\/v2\/comments?post=3997"}],"wp:featuredmedia":[{"embeddable":true,"href":"https:\/\/www.professional-haircare.it\/fr\/wp-json\/wp\/v2\/media\/3998"}],"wp:attachment":[{"href":"https:\/\/www.professional-haircare.it\/fr\/wp-json\/wp\/v2\/media?parent=3997"}],"wp:term":[{"taxonomy":"product_brand","embeddable":true,"href":"https:\/\/www.professional-haircare.it\/fr\/wp-json\/wp\/v2\/product_brand?post=3997"},{"taxonomy":"product_cat","embeddable":true,"href":"https:\/\/www.professional-haircare.it\/fr\/wp-json\/wp\/v2\/product_cat?post=3997"},{"taxonomy":"product_tag","embeddable":true,"href":"https:\/\/www.professional-haircare.it\/fr\/wp-json\/wp\/v2\/product_tag?post=3997"}],"curies":[{"name":"wp","href":"https:\/\/api.w.org\/{rel}","templated":true}]}}