{"id":3993,"date":"2021-02-15T09:32:02","date_gmt":"2021-02-15T08:32:02","guid":{"rendered":"https:\/\/www.professional-haircare.it\/products\/non%20class\u00e9\/hairgenie-intensive-nutre-cristaux-liquides\/"},"modified":"2022-11-10T14:18:29","modified_gmt":"2022-11-10T13:18:29","slug":"hairgenie-intensive-nutre-cristaux-liquides","status":"publish","type":"product","link":"https:\/\/www.professional-haircare.it\/fr\/products\/treatments-fr\/hairgenie-fr\/hairgenie-intensive-nutre-fr\/hairgenie-intensive-nutre-cristaux-liquides\/","title":{"rendered":"Hairgenie Intensive Nutre | Cristaux liquides"},"content":{"rendered":"","protected":false},"excerpt":{"rendered":"<p>Les <strong>cristaux liquides Hairgenie Intensive Nutre <\/strong>sont un <strong>soin de beaut\u00e9 cosm\u00e9tique <\/strong>\u00e0 l\u2019action <strong>gainante et brillante<\/strong>, id\u00e9al pour les cheveux secs et ab\u00eem\u00e9s.<\/p>\n<p>Usage professionnel<\/p>\n<p>100 ml<\/p>\n","protected":false},"featured_media":3994,"comment_status":"closed","ping_status":"closed","template":"","meta":[],"product_brand":[],"product_cat":[692,686],"product_tag":[],"class_list":{"0":"post-3993","1":"product","2":"type-product","3":"status-publish","4":"has-post-thumbnail","6":"product_cat-hairgenie-intensive-nutre-fr","7":"product_cat-treatments-fr","9":"first","10":"instock","11":"shipping-taxable","12":"product-type-simple"},"yoast_head":"<!-- This site is optimized with the Yoast SEO plugin v26.8 - https:\/\/yoast.com\/product\/yoast-seo-wordpress\/ -->\n<title>Hairgenie Intensive Nutre | Cristaux liquides - Professional Hair Care<\/title>\n<meta name=\"description\" content=\"Les cristaux liquides Hairgenie Intensive Nutre sont un soin de beaut\u00e9 cosm\u00e9tique \u00e0 l\u2019action gainante et brillante\" \/>\n<meta name=\"robots\" content=\"index, follow, max-snippet:-1, max-image-preview:large, max-video-preview:-1\" \/>\n<link rel=\"canonical\" href=\"https:\/\/www.professional-haircare.it\/fr\/products\/treatments-fr\/hairgenie-fr\/hairgenie-intensive-nutre-fr\/hairgenie-intensive-nutre-cristaux-liquides\/\" \/>\n<meta property=\"og:locale\" content=\"fr_FR\" \/>\n<meta property=\"og:type\" content=\"article\" \/>\n<meta property=\"og:title\" content=\"Hairgenie Intensive Nutre | Cristaux liquides - Professional Hair Care\" \/>\n<meta property=\"og:description\" content=\"Les cristaux liquides Hairgenie Intensive Nutre sont un soin de beaut\u00e9 cosm\u00e9tique \u00e0 l\u2019action gainante et brillante\" \/>\n<meta property=\"og:url\" content=\"https:\/\/www.professional-haircare.it\/fr\/products\/treatments-fr\/hairgenie-fr\/hairgenie-intensive-nutre-fr\/hairgenie-intensive-nutre-cristaux-liquides\/\" \/>\n<meta property=\"og:site_name\" content=\"Professional Hair Care\" \/>\n<meta property=\"article:modified_time\" content=\"2022-11-10T13:18:29+00:00\" \/>\n<meta property=\"og:image\" content=\"https:\/\/professional-haircare.it\/wp-content\/uploads\/2021\/02\/12077_professional_hairgenie_intensive_nutre_liquid_crystals_100ml.png\" \/>\n\t<meta property=\"og:image:width\" content=\"600\" \/>\n\t<meta property=\"og:image:height\" content=\"600\" \/>\n\t<meta property=\"og:image:type\" content=\"image\/png\" \/>\n<meta name=\"twitter:card\" content=\"summary_large_image\" \/>\n<script type=\"application\/ld+json\" class=\"yoast-schema-graph\">{\"@context\":\"https:\/\/schema.org\",\"@graph\":[{\"@type\":\"WebPage\",\"@id\":\"https:\/\/www.professional-haircare.it\/fr\/products\/treatments-fr\/hairgenie-fr\/hairgenie-intensive-nutre-fr\/hairgenie-intensive-nutre-cristaux-liquides\/\",\"url\":\"https:\/\/www.professional-haircare.it\/fr\/products\/treatments-fr\/hairgenie-fr\/hairgenie-intensive-nutre-fr\/hairgenie-intensive-nutre-cristaux-liquides\/\",\"name\":\"Hairgenie Intensive Nutre | Cristaux liquides - Professional Hair Care\",\"isPartOf\":{\"@id\":\"https:\/\/professional-haircare.it\/#website\"},\"primaryImageOfPage\":{\"@id\":\"https:\/\/www.professional-haircare.it\/fr\/products\/treatments-fr\/hairgenie-fr\/hairgenie-intensive-nutre-fr\/hairgenie-intensive-nutre-cristaux-liquides\/#primaryimage\"},\"image\":{\"@id\":\"https:\/\/www.professional-haircare.it\/fr\/products\/treatments-fr\/hairgenie-fr\/hairgenie-intensive-nutre-fr\/hairgenie-intensive-nutre-cristaux-liquides\/#primaryimage\"},\"thumbnailUrl\":\"https:\/\/www.professional-haircare.it\/wp-content\/uploads\/2021\/02\/12077_professional_hairgenie_intensive_nutre_liquid_crystals_100ml.png\",\"datePublished\":\"2021-02-15T08:32:02+00:00\",\"dateModified\":\"2022-11-10T13:18:29+00:00\",\"description\":\"Les cristaux liquides Hairgenie Intensive Nutre sont un soin de beaut\u00e9 cosm\u00e9tique \u00e0 l\u2019action gainante et brillante\",\"breadcrumb\":{\"@id\":\"https:\/\/www.professional-haircare.it\/fr\/products\/treatments-fr\/hairgenie-fr\/hairgenie-intensive-nutre-fr\/hairgenie-intensive-nutre-cristaux-liquides\/#breadcrumb\"},\"inLanguage\":\"fr-FR\",\"potentialAction\":[{\"@type\":\"ReadAction\",\"target\":[\"https:\/\/www.professional-haircare.it\/fr\/products\/treatments-fr\/hairgenie-fr\/hairgenie-intensive-nutre-fr\/hairgenie-intensive-nutre-cristaux-liquides\/\"]}]},{\"@type\":\"ImageObject\",\"inLanguage\":\"fr-FR\",\"@id\":\"https:\/\/www.professional-haircare.it\/fr\/products\/treatments-fr\/hairgenie-fr\/hairgenie-intensive-nutre-fr\/hairgenie-intensive-nutre-cristaux-liquides\/#primaryimage\",\"url\":\"https:\/\/www.professional-haircare.it\/wp-content\/uploads\/2021\/02\/12077_professional_hairgenie_intensive_nutre_liquid_crystals_100ml.png\",\"contentUrl\":\"https:\/\/www.professional-haircare.it\/wp-content\/uploads\/2021\/02\/12077_professional_hairgenie_intensive_nutre_liquid_crystals_100ml.png\",\"width\":600,\"height\":600},{\"@type\":\"BreadcrumbList\",\"@id\":\"https:\/\/www.professional-haircare.it\/fr\/products\/treatments-fr\/hairgenie-fr\/hairgenie-intensive-nutre-fr\/hairgenie-intensive-nutre-cristaux-liquides\/#breadcrumb\",\"itemListElement\":[{\"@type\":\"ListItem\",\"position\":1,\"name\":\"Home\",\"item\":\"https:\/\/professional-haircare.it\/fr\/\"},{\"@type\":\"ListItem\",\"position\":2,\"name\":\"Shop\",\"item\":\"https:\/\/professional-haircare.it\/shop\/\"},{\"@type\":\"ListItem\",\"position\":3,\"name\":\"Hairgenie Intensive Nutre | Cristaux liquides\"}]},{\"@type\":\"WebSite\",\"@id\":\"https:\/\/professional-haircare.it\/#website\",\"url\":\"https:\/\/professional-haircare.it\/\",\"name\":\"Professional Hair Care\",\"description\":\"Hair Quality Solutions\",\"potentialAction\":[{\"@type\":\"SearchAction\",\"target\":{\"@type\":\"EntryPoint\",\"urlTemplate\":\"https:\/\/professional-haircare.it\/?s={search_term_string}\"},\"query-input\":{\"@type\":\"PropertyValueSpecification\",\"valueRequired\":true,\"valueName\":\"search_term_string\"}}],\"inLanguage\":\"fr-FR\"}]}<\/script>\n<!-- \/ Yoast SEO plugin. -->","yoast_head_json":{"title":"Hairgenie Intensive Nutre | Cristaux liquides - Professional Hair Care","description":"Les cristaux liquides Hairgenie Intensive Nutre sont un soin de beaut\u00e9 cosm\u00e9tique \u00e0 l\u2019action gainante et brillante","robots":{"index":"index","follow":"follow","max-snippet":"max-snippet:-1","max-image-preview":"max-image-preview:large","max-video-preview":"max-video-preview:-1"},"canonical":"https:\/\/www.professional-haircare.it\/fr\/products\/treatments-fr\/hairgenie-fr\/hairgenie-intensive-nutre-fr\/hairgenie-intensive-nutre-cristaux-liquides\/","og_locale":"fr_FR","og_type":"article","og_title":"Hairgenie Intensive Nutre | Cristaux liquides - Professional Hair Care","og_description":"Les cristaux liquides Hairgenie Intensive Nutre sont un soin de beaut\u00e9 cosm\u00e9tique \u00e0 l\u2019action gainante et brillante","og_url":"https:\/\/www.professional-haircare.it\/fr\/products\/treatments-fr\/hairgenie-fr\/hairgenie-intensive-nutre-fr\/hairgenie-intensive-nutre-cristaux-liquides\/","og_site_name":"Professional Hair Care","article_modified_time":"2022-11-10T13:18:29+00:00","og_image":[{"width":600,"height":600,"url":"https:\/\/professional-haircare.it\/wp-content\/uploads\/2021\/02\/12077_professional_hairgenie_intensive_nutre_liquid_crystals_100ml.png","type":"image\/png"}],"twitter_card":"summary_large_image","schema":{"@context":"https:\/\/schema.org","@graph":[{"@type":"WebPage","@id":"https:\/\/www.professional-haircare.it\/fr\/products\/treatments-fr\/hairgenie-fr\/hairgenie-intensive-nutre-fr\/hairgenie-intensive-nutre-cristaux-liquides\/","url":"https:\/\/www.professional-haircare.it\/fr\/products\/treatments-fr\/hairgenie-fr\/hairgenie-intensive-nutre-fr\/hairgenie-intensive-nutre-cristaux-liquides\/","name":"Hairgenie Intensive Nutre | Cristaux liquides - Professional Hair Care","isPartOf":{"@id":"https:\/\/professional-haircare.it\/#website"},"primaryImageOfPage":{"@id":"https:\/\/www.professional-haircare.it\/fr\/products\/treatments-fr\/hairgenie-fr\/hairgenie-intensive-nutre-fr\/hairgenie-intensive-nutre-cristaux-liquides\/#primaryimage"},"image":{"@id":"https:\/\/www.professional-haircare.it\/fr\/products\/treatments-fr\/hairgenie-fr\/hairgenie-intensive-nutre-fr\/hairgenie-intensive-nutre-cristaux-liquides\/#primaryimage"},"thumbnailUrl":"https:\/\/www.professional-haircare.it\/wp-content\/uploads\/2021\/02\/12077_professional_hairgenie_intensive_nutre_liquid_crystals_100ml.png","datePublished":"2021-02-15T08:32:02+00:00","dateModified":"2022-11-10T13:18:29+00:00","description":"Les cristaux liquides Hairgenie Intensive Nutre sont un soin de beaut\u00e9 cosm\u00e9tique \u00e0 l\u2019action gainante et brillante","breadcrumb":{"@id":"https:\/\/www.professional-haircare.it\/fr\/products\/treatments-fr\/hairgenie-fr\/hairgenie-intensive-nutre-fr\/hairgenie-intensive-nutre-cristaux-liquides\/#breadcrumb"},"inLanguage":"fr-FR","potentialAction":[{"@type":"ReadAction","target":["https:\/\/www.professional-haircare.it\/fr\/products\/treatments-fr\/hairgenie-fr\/hairgenie-intensive-nutre-fr\/hairgenie-intensive-nutre-cristaux-liquides\/"]}]},{"@type":"ImageObject","inLanguage":"fr-FR","@id":"https:\/\/www.professional-haircare.it\/fr\/products\/treatments-fr\/hairgenie-fr\/hairgenie-intensive-nutre-fr\/hairgenie-intensive-nutre-cristaux-liquides\/#primaryimage","url":"https:\/\/www.professional-haircare.it\/wp-content\/uploads\/2021\/02\/12077_professional_hairgenie_intensive_nutre_liquid_crystals_100ml.png","contentUrl":"https:\/\/www.professional-haircare.it\/wp-content\/uploads\/2021\/02\/12077_professional_hairgenie_intensive_nutre_liquid_crystals_100ml.png","width":600,"height":600},{"@type":"BreadcrumbList","@id":"https:\/\/www.professional-haircare.it\/fr\/products\/treatments-fr\/hairgenie-fr\/hairgenie-intensive-nutre-fr\/hairgenie-intensive-nutre-cristaux-liquides\/#breadcrumb","itemListElement":[{"@type":"ListItem","position":1,"name":"Home","item":"https:\/\/professional-haircare.it\/fr\/"},{"@type":"ListItem","position":2,"name":"Shop","item":"https:\/\/professional-haircare.it\/shop\/"},{"@type":"ListItem","position":3,"name":"Hairgenie Intensive Nutre | Cristaux liquides"}]},{"@type":"WebSite","@id":"https:\/\/professional-haircare.it\/#website","url":"https:\/\/professional-haircare.it\/","name":"Professional Hair Care","description":"Hair Quality Solutions","potentialAction":[{"@type":"SearchAction","target":{"@type":"EntryPoint","urlTemplate":"https:\/\/professional-haircare.it\/?s={search_term_string}"},"query-input":{"@type":"PropertyValueSpecification","valueRequired":true,"valueName":"search_term_string"}}],"inLanguage":"fr-FR"}]}},"_links":{"self":[{"href":"https:\/\/www.professional-haircare.it\/fr\/wp-json\/wp\/v2\/product\/3993","targetHints":{"allow":["GET"]}}],"collection":[{"href":"https:\/\/www.professional-haircare.it\/fr\/wp-json\/wp\/v2\/product"}],"about":[{"href":"https:\/\/www.professional-haircare.it\/fr\/wp-json\/wp\/v2\/types\/product"}],"replies":[{"embeddable":true,"href":"https:\/\/www.professional-haircare.it\/fr\/wp-json\/wp\/v2\/comments?post=3993"}],"wp:featuredmedia":[{"embeddable":true,"href":"https:\/\/www.professional-haircare.it\/fr\/wp-json\/wp\/v2\/media\/3994"}],"wp:attachment":[{"href":"https:\/\/www.professional-haircare.it\/fr\/wp-json\/wp\/v2\/media?parent=3993"}],"wp:term":[{"taxonomy":"product_brand","embeddable":true,"href":"https:\/\/www.professional-haircare.it\/fr\/wp-json\/wp\/v2\/product_brand?post=3993"},{"taxonomy":"product_cat","embeddable":true,"href":"https:\/\/www.professional-haircare.it\/fr\/wp-json\/wp\/v2\/product_cat?post=3993"},{"taxonomy":"product_tag","embeddable":true,"href":"https:\/\/www.professional-haircare.it\/fr\/wp-json\/wp\/v2\/product_tag?post=3993"}],"curies":[{"name":"wp","href":"https:\/\/api.w.org\/{rel}","templated":true}]}}