{"id":3982,"date":"2020-07-20T12:13:13","date_gmt":"2020-07-20T10:13:13","guid":{"rendered":"https:\/\/www.professional-haircare.it\/products\/non%20class\u00e9\/eclat-supreme-shampoing-nutrition-et-brillance-2\/"},"modified":"2022-11-10T10:45:37","modified_gmt":"2022-11-10T09:45:37","slug":"eclat-supreme-shampoing-nutrition-et-brillance-2","status":"publish","type":"product","link":"https:\/\/www.professional-haircare.it\/fr\/products\/treatments-fr\/eclat-supreme-fr\/eclat-supreme-shampoing-nutrition-et-brillance-2\/","title":{"rendered":"Eclat Supreme | Shampoing nutrition et brillance"},"content":{"rendered":"","protected":false},"excerpt":{"rendered":"<p>Le <strong>Shampoing nutrition et brillance Eclat Supreme <\/strong>est enrichi en <strong>huile d&rsquo;argan et k\u00e9ratine<\/strong>, aux propri\u00e9t\u00e9s nourrissantes et r\u00e9g\u00e9n\u00e9rantes reconnues. Convient \u00e0 tous les types de cheveux, nettoie en douceur et donne aux cheveux douceur et brillance.<\/p>\n<p>1000 ml<\/p>\n","protected":false},"featured_media":3983,"comment_status":"closed","ping_status":"closed","template":"","meta":[],"product_brand":[],"product_cat":[689,686],"product_tag":[],"class_list":{"0":"post-3982","1":"product","2":"type-product","3":"status-publish","4":"has-post-thumbnail","6":"product_cat-eclat-supreme-fr","7":"product_cat-treatments-fr","9":"first","10":"instock","11":"shipping-taxable","12":"product-type-simple"},"yoast_head":"<!-- This site is optimized with the Yoast SEO plugin v26.8 - https:\/\/yoast.com\/product\/yoast-seo-wordpress\/ -->\n<title>Eclat Supreme | Shampoing nutrition et brillance<\/title>\n<meta name=\"description\" content=\"Le Shampoing nutrition et brillance Eclat Supreme est enrichi en huile d&#039;argan et k\u00e9ratine, aux propri\u00e9t\u00e9s nourrissantes et r\u00e9g\u00e9n\u00e9rantes reconnues.\" \/>\n<meta name=\"robots\" content=\"index, follow, max-snippet:-1, max-image-preview:large, max-video-preview:-1\" \/>\n<link rel=\"canonical\" href=\"https:\/\/www.professional-haircare.it\/fr\/products\/treatments-fr\/eclat-supreme-fr\/eclat-supreme-shampoing-nutrition-et-brillance-2\/\" \/>\n<meta property=\"og:locale\" content=\"fr_FR\" \/>\n<meta property=\"og:type\" content=\"article\" \/>\n<meta property=\"og:title\" content=\"Eclat Supreme | Shampoing nutrition et brillance\" \/>\n<meta property=\"og:description\" content=\"Le Shampoing nutrition et brillance Eclat Supreme est enrichi en huile d&#039;argan et k\u00e9ratine, aux propri\u00e9t\u00e9s nourrissantes et r\u00e9g\u00e9n\u00e9rantes reconnues.\" \/>\n<meta property=\"og:url\" content=\"https:\/\/www.professional-haircare.it\/fr\/products\/treatments-fr\/eclat-supreme-fr\/eclat-supreme-shampoing-nutrition-et-brillance-2\/\" \/>\n<meta property=\"og:site_name\" content=\"Professional Hair Care\" \/>\n<meta property=\"article:modified_time\" content=\"2022-11-10T09:45:37+00:00\" \/>\n<meta property=\"og:image\" content=\"https:\/\/professional-haircare.it\/wp-content\/uploads\/2020\/07\/12029_professional_eclat_supreme_nourishment_shine_shampoo_1000ml.png\" \/>\n\t<meta property=\"og:image:width\" content=\"600\" \/>\n\t<meta property=\"og:image:height\" content=\"600\" \/>\n\t<meta property=\"og:image:type\" content=\"image\/png\" \/>\n<meta name=\"twitter:card\" content=\"summary_large_image\" \/>\n<script type=\"application\/ld+json\" class=\"yoast-schema-graph\">{\"@context\":\"https:\/\/schema.org\",\"@graph\":[{\"@type\":\"WebPage\",\"@id\":\"https:\/\/www.professional-haircare.it\/fr\/products\/treatments-fr\/eclat-supreme-fr\/eclat-supreme-shampoing-nutrition-et-brillance-2\/\",\"url\":\"https:\/\/www.professional-haircare.it\/fr\/products\/treatments-fr\/eclat-supreme-fr\/eclat-supreme-shampoing-nutrition-et-brillance-2\/\",\"name\":\"Eclat Supreme | Shampoing nutrition et brillance\",\"isPartOf\":{\"@id\":\"https:\/\/professional-haircare.it\/#website\"},\"primaryImageOfPage\":{\"@id\":\"https:\/\/www.professional-haircare.it\/fr\/products\/treatments-fr\/eclat-supreme-fr\/eclat-supreme-shampoing-nutrition-et-brillance-2\/#primaryimage\"},\"image\":{\"@id\":\"https:\/\/www.professional-haircare.it\/fr\/products\/treatments-fr\/eclat-supreme-fr\/eclat-supreme-shampoing-nutrition-et-brillance-2\/#primaryimage\"},\"thumbnailUrl\":\"https:\/\/www.professional-haircare.it\/wp-content\/uploads\/2020\/07\/12029_professional_eclat_supreme_nourishment_shine_shampoo_1000ml.png\",\"datePublished\":\"2020-07-20T10:13:13+00:00\",\"dateModified\":\"2022-11-10T09:45:37+00:00\",\"description\":\"Le Shampoing nutrition et brillance Eclat Supreme est enrichi en huile d'argan et k\u00e9ratine, aux propri\u00e9t\u00e9s nourrissantes et r\u00e9g\u00e9n\u00e9rantes reconnues.\",\"breadcrumb\":{\"@id\":\"https:\/\/www.professional-haircare.it\/fr\/products\/treatments-fr\/eclat-supreme-fr\/eclat-supreme-shampoing-nutrition-et-brillance-2\/#breadcrumb\"},\"inLanguage\":\"fr-FR\",\"potentialAction\":[{\"@type\":\"ReadAction\",\"target\":[\"https:\/\/www.professional-haircare.it\/fr\/products\/treatments-fr\/eclat-supreme-fr\/eclat-supreme-shampoing-nutrition-et-brillance-2\/\"]}]},{\"@type\":\"ImageObject\",\"inLanguage\":\"fr-FR\",\"@id\":\"https:\/\/www.professional-haircare.it\/fr\/products\/treatments-fr\/eclat-supreme-fr\/eclat-supreme-shampoing-nutrition-et-brillance-2\/#primaryimage\",\"url\":\"https:\/\/www.professional-haircare.it\/wp-content\/uploads\/2020\/07\/12029_professional_eclat_supreme_nourishment_shine_shampoo_1000ml.png\",\"contentUrl\":\"https:\/\/www.professional-haircare.it\/wp-content\/uploads\/2020\/07\/12029_professional_eclat_supreme_nourishment_shine_shampoo_1000ml.png\",\"width\":600,\"height\":600},{\"@type\":\"BreadcrumbList\",\"@id\":\"https:\/\/www.professional-haircare.it\/fr\/products\/treatments-fr\/eclat-supreme-fr\/eclat-supreme-shampoing-nutrition-et-brillance-2\/#breadcrumb\",\"itemListElement\":[{\"@type\":\"ListItem\",\"position\":1,\"name\":\"Home\",\"item\":\"https:\/\/professional-haircare.it\/fr\/\"},{\"@type\":\"ListItem\",\"position\":2,\"name\":\"Shop\",\"item\":\"https:\/\/professional-haircare.it\/shop\/\"},{\"@type\":\"ListItem\",\"position\":3,\"name\":\"Eclat Supreme | Shampoing nutrition et brillance\"}]},{\"@type\":\"WebSite\",\"@id\":\"https:\/\/professional-haircare.it\/#website\",\"url\":\"https:\/\/professional-haircare.it\/\",\"name\":\"Professional Hair Care\",\"description\":\"Hair Quality Solutions\",\"potentialAction\":[{\"@type\":\"SearchAction\",\"target\":{\"@type\":\"EntryPoint\",\"urlTemplate\":\"https:\/\/professional-haircare.it\/?s={search_term_string}\"},\"query-input\":{\"@type\":\"PropertyValueSpecification\",\"valueRequired\":true,\"valueName\":\"search_term_string\"}}],\"inLanguage\":\"fr-FR\"}]}<\/script>\n<!-- \/ Yoast SEO plugin. -->","yoast_head_json":{"title":"Eclat Supreme | Shampoing nutrition et brillance","description":"Le Shampoing nutrition et brillance Eclat Supreme est enrichi en huile d'argan et k\u00e9ratine, aux propri\u00e9t\u00e9s nourrissantes et r\u00e9g\u00e9n\u00e9rantes reconnues.","robots":{"index":"index","follow":"follow","max-snippet":"max-snippet:-1","max-image-preview":"max-image-preview:large","max-video-preview":"max-video-preview:-1"},"canonical":"https:\/\/www.professional-haircare.it\/fr\/products\/treatments-fr\/eclat-supreme-fr\/eclat-supreme-shampoing-nutrition-et-brillance-2\/","og_locale":"fr_FR","og_type":"article","og_title":"Eclat Supreme | Shampoing nutrition et brillance","og_description":"Le Shampoing nutrition et brillance Eclat Supreme est enrichi en huile d'argan et k\u00e9ratine, aux propri\u00e9t\u00e9s nourrissantes et r\u00e9g\u00e9n\u00e9rantes reconnues.","og_url":"https:\/\/www.professional-haircare.it\/fr\/products\/treatments-fr\/eclat-supreme-fr\/eclat-supreme-shampoing-nutrition-et-brillance-2\/","og_site_name":"Professional Hair Care","article_modified_time":"2022-11-10T09:45:37+00:00","og_image":[{"width":600,"height":600,"url":"https:\/\/professional-haircare.it\/wp-content\/uploads\/2020\/07\/12029_professional_eclat_supreme_nourishment_shine_shampoo_1000ml.png","type":"image\/png"}],"twitter_card":"summary_large_image","schema":{"@context":"https:\/\/schema.org","@graph":[{"@type":"WebPage","@id":"https:\/\/www.professional-haircare.it\/fr\/products\/treatments-fr\/eclat-supreme-fr\/eclat-supreme-shampoing-nutrition-et-brillance-2\/","url":"https:\/\/www.professional-haircare.it\/fr\/products\/treatments-fr\/eclat-supreme-fr\/eclat-supreme-shampoing-nutrition-et-brillance-2\/","name":"Eclat Supreme | Shampoing nutrition et brillance","isPartOf":{"@id":"https:\/\/professional-haircare.it\/#website"},"primaryImageOfPage":{"@id":"https:\/\/www.professional-haircare.it\/fr\/products\/treatments-fr\/eclat-supreme-fr\/eclat-supreme-shampoing-nutrition-et-brillance-2\/#primaryimage"},"image":{"@id":"https:\/\/www.professional-haircare.it\/fr\/products\/treatments-fr\/eclat-supreme-fr\/eclat-supreme-shampoing-nutrition-et-brillance-2\/#primaryimage"},"thumbnailUrl":"https:\/\/www.professional-haircare.it\/wp-content\/uploads\/2020\/07\/12029_professional_eclat_supreme_nourishment_shine_shampoo_1000ml.png","datePublished":"2020-07-20T10:13:13+00:00","dateModified":"2022-11-10T09:45:37+00:00","description":"Le Shampoing nutrition et brillance Eclat Supreme est enrichi en huile d'argan et k\u00e9ratine, aux propri\u00e9t\u00e9s nourrissantes et r\u00e9g\u00e9n\u00e9rantes reconnues.","breadcrumb":{"@id":"https:\/\/www.professional-haircare.it\/fr\/products\/treatments-fr\/eclat-supreme-fr\/eclat-supreme-shampoing-nutrition-et-brillance-2\/#breadcrumb"},"inLanguage":"fr-FR","potentialAction":[{"@type":"ReadAction","target":["https:\/\/www.professional-haircare.it\/fr\/products\/treatments-fr\/eclat-supreme-fr\/eclat-supreme-shampoing-nutrition-et-brillance-2\/"]}]},{"@type":"ImageObject","inLanguage":"fr-FR","@id":"https:\/\/www.professional-haircare.it\/fr\/products\/treatments-fr\/eclat-supreme-fr\/eclat-supreme-shampoing-nutrition-et-brillance-2\/#primaryimage","url":"https:\/\/www.professional-haircare.it\/wp-content\/uploads\/2020\/07\/12029_professional_eclat_supreme_nourishment_shine_shampoo_1000ml.png","contentUrl":"https:\/\/www.professional-haircare.it\/wp-content\/uploads\/2020\/07\/12029_professional_eclat_supreme_nourishment_shine_shampoo_1000ml.png","width":600,"height":600},{"@type":"BreadcrumbList","@id":"https:\/\/www.professional-haircare.it\/fr\/products\/treatments-fr\/eclat-supreme-fr\/eclat-supreme-shampoing-nutrition-et-brillance-2\/#breadcrumb","itemListElement":[{"@type":"ListItem","position":1,"name":"Home","item":"https:\/\/professional-haircare.it\/fr\/"},{"@type":"ListItem","position":2,"name":"Shop","item":"https:\/\/professional-haircare.it\/shop\/"},{"@type":"ListItem","position":3,"name":"Eclat Supreme | Shampoing nutrition et brillance"}]},{"@type":"WebSite","@id":"https:\/\/professional-haircare.it\/#website","url":"https:\/\/professional-haircare.it\/","name":"Professional Hair Care","description":"Hair Quality Solutions","potentialAction":[{"@type":"SearchAction","target":{"@type":"EntryPoint","urlTemplate":"https:\/\/professional-haircare.it\/?s={search_term_string}"},"query-input":{"@type":"PropertyValueSpecification","valueRequired":true,"valueName":"search_term_string"}}],"inLanguage":"fr-FR"}]}},"_links":{"self":[{"href":"https:\/\/www.professional-haircare.it\/fr\/wp-json\/wp\/v2\/product\/3982","targetHints":{"allow":["GET"]}}],"collection":[{"href":"https:\/\/www.professional-haircare.it\/fr\/wp-json\/wp\/v2\/product"}],"about":[{"href":"https:\/\/www.professional-haircare.it\/fr\/wp-json\/wp\/v2\/types\/product"}],"replies":[{"embeddable":true,"href":"https:\/\/www.professional-haircare.it\/fr\/wp-json\/wp\/v2\/comments?post=3982"}],"wp:featuredmedia":[{"embeddable":true,"href":"https:\/\/www.professional-haircare.it\/fr\/wp-json\/wp\/v2\/media\/3983"}],"wp:attachment":[{"href":"https:\/\/www.professional-haircare.it\/fr\/wp-json\/wp\/v2\/media?parent=3982"}],"wp:term":[{"taxonomy":"product_brand","embeddable":true,"href":"https:\/\/www.professional-haircare.it\/fr\/wp-json\/wp\/v2\/product_brand?post=3982"},{"taxonomy":"product_cat","embeddable":true,"href":"https:\/\/www.professional-haircare.it\/fr\/wp-json\/wp\/v2\/product_cat?post=3982"},{"taxonomy":"product_tag","embeddable":true,"href":"https:\/\/www.professional-haircare.it\/fr\/wp-json\/wp\/v2\/product_tag?post=3982"}],"curies":[{"name":"wp","href":"https:\/\/api.w.org\/{rel}","templated":true}]}}