{"id":3974,"date":"2020-07-20T12:27:39","date_gmt":"2020-07-20T10:27:39","guid":{"rendered":"https:\/\/www.professional-haircare.it\/products\/non%20class\u00e9\/eclat-supreme-huile-nutrition-et-brillance\/"},"modified":"2022-11-10T10:44:26","modified_gmt":"2022-11-10T09:44:26","slug":"eclat-supreme-huile-nutrition-et-brillance","status":"publish","type":"product","link":"https:\/\/www.professional-haircare.it\/fr\/products\/treatments-fr\/eclat-supreme-fr\/eclat-supreme-huile-nutrition-et-brillance\/","title":{"rendered":"Eclat Supreme | Huile nutrition et brillance"},"content":{"rendered":"","protected":false},"excerpt":{"rendered":"<p><strong>Eclat Supreme <\/strong>Huile nutrition et brillance \u00e0 l&rsquo;<strong>huile d&rsquo;argan et k\u00e9ratine<\/strong>. Sa formule concentr\u00e9e aide \u00e0 prot\u00e9ger la cuticule capillaire et \u00e0 la rendre plus r\u00e9sistante. Rend les cheveux brillants, souples et soyeux.<\/p>\n<p>110 ml<\/p>\n","protected":false},"featured_media":4143,"comment_status":"closed","ping_status":"closed","template":"","meta":[],"product_brand":[],"product_cat":[689,686],"product_tag":[],"class_list":{"0":"post-3974","1":"product","2":"type-product","3":"status-publish","4":"has-post-thumbnail","6":"product_cat-eclat-supreme-fr","7":"product_cat-treatments-fr","9":"first","10":"instock","11":"shipping-taxable","12":"product-type-simple"},"yoast_head":"<!-- This site is optimized with the Yoast SEO plugin v26.8 - https:\/\/yoast.com\/product\/yoast-seo-wordpress\/ -->\n<title>Huile nutrition et brillance<\/title>\n<meta name=\"description\" content=\"Eclat Supreme Huile nutrition et brillance \u00e0 l&#039;huile d&#039;argan et k\u00e9ratine. Sa formule concentr\u00e9e aide \u00e0 prot\u00e9ger la cuticule capillaire\" \/>\n<meta name=\"robots\" content=\"index, follow, max-snippet:-1, max-image-preview:large, max-video-preview:-1\" \/>\n<link rel=\"canonical\" href=\"https:\/\/www.professional-haircare.it\/fr\/products\/treatments-fr\/eclat-supreme-fr\/eclat-supreme-huile-nutrition-et-brillance\/\" \/>\n<meta property=\"og:locale\" content=\"fr_FR\" \/>\n<meta property=\"og:type\" content=\"article\" \/>\n<meta property=\"og:title\" content=\"Huile nutrition et brillance\" \/>\n<meta property=\"og:description\" content=\"Eclat Supreme Huile nutrition et brillance \u00e0 l&#039;huile d&#039;argan et k\u00e9ratine. Sa formule concentr\u00e9e aide \u00e0 prot\u00e9ger la cuticule capillaire\" \/>\n<meta property=\"og:url\" content=\"https:\/\/www.professional-haircare.it\/fr\/products\/treatments-fr\/eclat-supreme-fr\/eclat-supreme-huile-nutrition-et-brillance\/\" \/>\n<meta property=\"og:site_name\" content=\"Professional Hair Care\" \/>\n<meta property=\"article:modified_time\" content=\"2022-11-10T09:44:26+00:00\" \/>\n<meta property=\"og:image\" content=\"https:\/\/professional-haircare.it\/wp-content\/uploads\/2020\/07\/12033_professional_eclat_supreme_nourishment_shine_oil_110ml-1.png\" \/>\n\t<meta property=\"og:image:width\" content=\"600\" \/>\n\t<meta property=\"og:image:height\" content=\"600\" \/>\n\t<meta property=\"og:image:type\" content=\"image\/png\" \/>\n<meta name=\"twitter:card\" content=\"summary_large_image\" \/>\n<script type=\"application\/ld+json\" class=\"yoast-schema-graph\">{\"@context\":\"https:\/\/schema.org\",\"@graph\":[{\"@type\":\"WebPage\",\"@id\":\"https:\/\/www.professional-haircare.it\/fr\/products\/treatments-fr\/eclat-supreme-fr\/eclat-supreme-huile-nutrition-et-brillance\/\",\"url\":\"https:\/\/www.professional-haircare.it\/fr\/products\/treatments-fr\/eclat-supreme-fr\/eclat-supreme-huile-nutrition-et-brillance\/\",\"name\":\"Huile nutrition et brillance\",\"isPartOf\":{\"@id\":\"https:\/\/professional-haircare.it\/#website\"},\"primaryImageOfPage\":{\"@id\":\"https:\/\/www.professional-haircare.it\/fr\/products\/treatments-fr\/eclat-supreme-fr\/eclat-supreme-huile-nutrition-et-brillance\/#primaryimage\"},\"image\":{\"@id\":\"https:\/\/www.professional-haircare.it\/fr\/products\/treatments-fr\/eclat-supreme-fr\/eclat-supreme-huile-nutrition-et-brillance\/#primaryimage\"},\"thumbnailUrl\":\"https:\/\/www.professional-haircare.it\/wp-content\/uploads\/2020\/07\/12033_professional_eclat_supreme_nourishment_shine_oil_110ml-1.png\",\"datePublished\":\"2020-07-20T10:27:39+00:00\",\"dateModified\":\"2022-11-10T09:44:26+00:00\",\"description\":\"Eclat Supreme Huile nutrition et brillance \u00e0 l'huile d'argan et k\u00e9ratine. Sa formule concentr\u00e9e aide \u00e0 prot\u00e9ger la cuticule capillaire\",\"breadcrumb\":{\"@id\":\"https:\/\/www.professional-haircare.it\/fr\/products\/treatments-fr\/eclat-supreme-fr\/eclat-supreme-huile-nutrition-et-brillance\/#breadcrumb\"},\"inLanguage\":\"fr-FR\",\"potentialAction\":[{\"@type\":\"ReadAction\",\"target\":[\"https:\/\/www.professional-haircare.it\/fr\/products\/treatments-fr\/eclat-supreme-fr\/eclat-supreme-huile-nutrition-et-brillance\/\"]}]},{\"@type\":\"ImageObject\",\"inLanguage\":\"fr-FR\",\"@id\":\"https:\/\/www.professional-haircare.it\/fr\/products\/treatments-fr\/eclat-supreme-fr\/eclat-supreme-huile-nutrition-et-brillance\/#primaryimage\",\"url\":\"https:\/\/www.professional-haircare.it\/wp-content\/uploads\/2020\/07\/12033_professional_eclat_supreme_nourishment_shine_oil_110ml-1.png\",\"contentUrl\":\"https:\/\/www.professional-haircare.it\/wp-content\/uploads\/2020\/07\/12033_professional_eclat_supreme_nourishment_shine_oil_110ml-1.png\",\"width\":600,\"height\":600},{\"@type\":\"BreadcrumbList\",\"@id\":\"https:\/\/www.professional-haircare.it\/fr\/products\/treatments-fr\/eclat-supreme-fr\/eclat-supreme-huile-nutrition-et-brillance\/#breadcrumb\",\"itemListElement\":[{\"@type\":\"ListItem\",\"position\":1,\"name\":\"Home\",\"item\":\"https:\/\/professional-haircare.it\/fr\/\"},{\"@type\":\"ListItem\",\"position\":2,\"name\":\"Shop\",\"item\":\"https:\/\/professional-haircare.it\/shop\/\"},{\"@type\":\"ListItem\",\"position\":3,\"name\":\"Eclat Supreme | Huile nutrition et brillance\"}]},{\"@type\":\"WebSite\",\"@id\":\"https:\/\/professional-haircare.it\/#website\",\"url\":\"https:\/\/professional-haircare.it\/\",\"name\":\"Professional Hair Care\",\"description\":\"Hair Quality Solutions\",\"potentialAction\":[{\"@type\":\"SearchAction\",\"target\":{\"@type\":\"EntryPoint\",\"urlTemplate\":\"https:\/\/professional-haircare.it\/?s={search_term_string}\"},\"query-input\":{\"@type\":\"PropertyValueSpecification\",\"valueRequired\":true,\"valueName\":\"search_term_string\"}}],\"inLanguage\":\"fr-FR\"}]}<\/script>\n<!-- \/ Yoast SEO plugin. -->","yoast_head_json":{"title":"Huile nutrition et brillance","description":"Eclat Supreme Huile nutrition et brillance \u00e0 l'huile d'argan et k\u00e9ratine. Sa formule concentr\u00e9e aide \u00e0 prot\u00e9ger la cuticule capillaire","robots":{"index":"index","follow":"follow","max-snippet":"max-snippet:-1","max-image-preview":"max-image-preview:large","max-video-preview":"max-video-preview:-1"},"canonical":"https:\/\/www.professional-haircare.it\/fr\/products\/treatments-fr\/eclat-supreme-fr\/eclat-supreme-huile-nutrition-et-brillance\/","og_locale":"fr_FR","og_type":"article","og_title":"Huile nutrition et brillance","og_description":"Eclat Supreme Huile nutrition et brillance \u00e0 l'huile d'argan et k\u00e9ratine. Sa formule concentr\u00e9e aide \u00e0 prot\u00e9ger la cuticule capillaire","og_url":"https:\/\/www.professional-haircare.it\/fr\/products\/treatments-fr\/eclat-supreme-fr\/eclat-supreme-huile-nutrition-et-brillance\/","og_site_name":"Professional Hair Care","article_modified_time":"2022-11-10T09:44:26+00:00","og_image":[{"width":600,"height":600,"url":"https:\/\/professional-haircare.it\/wp-content\/uploads\/2020\/07\/12033_professional_eclat_supreme_nourishment_shine_oil_110ml-1.png","type":"image\/png"}],"twitter_card":"summary_large_image","schema":{"@context":"https:\/\/schema.org","@graph":[{"@type":"WebPage","@id":"https:\/\/www.professional-haircare.it\/fr\/products\/treatments-fr\/eclat-supreme-fr\/eclat-supreme-huile-nutrition-et-brillance\/","url":"https:\/\/www.professional-haircare.it\/fr\/products\/treatments-fr\/eclat-supreme-fr\/eclat-supreme-huile-nutrition-et-brillance\/","name":"Huile nutrition et brillance","isPartOf":{"@id":"https:\/\/professional-haircare.it\/#website"},"primaryImageOfPage":{"@id":"https:\/\/www.professional-haircare.it\/fr\/products\/treatments-fr\/eclat-supreme-fr\/eclat-supreme-huile-nutrition-et-brillance\/#primaryimage"},"image":{"@id":"https:\/\/www.professional-haircare.it\/fr\/products\/treatments-fr\/eclat-supreme-fr\/eclat-supreme-huile-nutrition-et-brillance\/#primaryimage"},"thumbnailUrl":"https:\/\/www.professional-haircare.it\/wp-content\/uploads\/2020\/07\/12033_professional_eclat_supreme_nourishment_shine_oil_110ml-1.png","datePublished":"2020-07-20T10:27:39+00:00","dateModified":"2022-11-10T09:44:26+00:00","description":"Eclat Supreme Huile nutrition et brillance \u00e0 l'huile d'argan et k\u00e9ratine. Sa formule concentr\u00e9e aide \u00e0 prot\u00e9ger la cuticule capillaire","breadcrumb":{"@id":"https:\/\/www.professional-haircare.it\/fr\/products\/treatments-fr\/eclat-supreme-fr\/eclat-supreme-huile-nutrition-et-brillance\/#breadcrumb"},"inLanguage":"fr-FR","potentialAction":[{"@type":"ReadAction","target":["https:\/\/www.professional-haircare.it\/fr\/products\/treatments-fr\/eclat-supreme-fr\/eclat-supreme-huile-nutrition-et-brillance\/"]}]},{"@type":"ImageObject","inLanguage":"fr-FR","@id":"https:\/\/www.professional-haircare.it\/fr\/products\/treatments-fr\/eclat-supreme-fr\/eclat-supreme-huile-nutrition-et-brillance\/#primaryimage","url":"https:\/\/www.professional-haircare.it\/wp-content\/uploads\/2020\/07\/12033_professional_eclat_supreme_nourishment_shine_oil_110ml-1.png","contentUrl":"https:\/\/www.professional-haircare.it\/wp-content\/uploads\/2020\/07\/12033_professional_eclat_supreme_nourishment_shine_oil_110ml-1.png","width":600,"height":600},{"@type":"BreadcrumbList","@id":"https:\/\/www.professional-haircare.it\/fr\/products\/treatments-fr\/eclat-supreme-fr\/eclat-supreme-huile-nutrition-et-brillance\/#breadcrumb","itemListElement":[{"@type":"ListItem","position":1,"name":"Home","item":"https:\/\/professional-haircare.it\/fr\/"},{"@type":"ListItem","position":2,"name":"Shop","item":"https:\/\/professional-haircare.it\/shop\/"},{"@type":"ListItem","position":3,"name":"Eclat Supreme | Huile nutrition et brillance"}]},{"@type":"WebSite","@id":"https:\/\/professional-haircare.it\/#website","url":"https:\/\/professional-haircare.it\/","name":"Professional Hair Care","description":"Hair Quality Solutions","potentialAction":[{"@type":"SearchAction","target":{"@type":"EntryPoint","urlTemplate":"https:\/\/professional-haircare.it\/?s={search_term_string}"},"query-input":{"@type":"PropertyValueSpecification","valueRequired":true,"valueName":"search_term_string"}}],"inLanguage":"fr-FR"}]}},"_links":{"self":[{"href":"https:\/\/www.professional-haircare.it\/fr\/wp-json\/wp\/v2\/product\/3974","targetHints":{"allow":["GET"]}}],"collection":[{"href":"https:\/\/www.professional-haircare.it\/fr\/wp-json\/wp\/v2\/product"}],"about":[{"href":"https:\/\/www.professional-haircare.it\/fr\/wp-json\/wp\/v2\/types\/product"}],"replies":[{"embeddable":true,"href":"https:\/\/www.professional-haircare.it\/fr\/wp-json\/wp\/v2\/comments?post=3974"}],"wp:featuredmedia":[{"embeddable":true,"href":"https:\/\/www.professional-haircare.it\/fr\/wp-json\/wp\/v2\/media\/4143"}],"wp:attachment":[{"href":"https:\/\/www.professional-haircare.it\/fr\/wp-json\/wp\/v2\/media?parent=3974"}],"wp:term":[{"taxonomy":"product_brand","embeddable":true,"href":"https:\/\/www.professional-haircare.it\/fr\/wp-json\/wp\/v2\/product_brand?post=3974"},{"taxonomy":"product_cat","embeddable":true,"href":"https:\/\/www.professional-haircare.it\/fr\/wp-json\/wp\/v2\/product_cat?post=3974"},{"taxonomy":"product_tag","embeddable":true,"href":"https:\/\/www.professional-haircare.it\/fr\/wp-json\/wp\/v2\/product_tag?post=3974"}],"curies":[{"name":"wp","href":"https:\/\/api.w.org\/{rel}","templated":true}]}}