{"id":3970,"date":"2015-06-29T16:50:52","date_gmt":"2015-06-29T14:50:52","guid":{"rendered":"https:\/\/www.professional-haircare.it\/products\/non%20class\u00e9\/easy-energy-shampooing\/"},"modified":"2022-11-09T15:31:07","modified_gmt":"2022-11-09T14:31:07","slug":"easy-energy-shampooing","status":"publish","type":"product","link":"https:\/\/www.professional-haircare.it\/fr\/products\/treatments-fr\/easy-energy-fr\/easy-energy-shampooing\/","title":{"rendered":"Easy Energy | Shampooing"},"content":{"rendered":"","protected":false},"excerpt":{"rendered":"<p><strong>Easy Energy Shampooing<\/strong> traitant pr\u00e9vention chute pour cheveux faibles et fragiles. Nettoie d\u00e9licatement et stimule la microcirculation gr\u00e2ce au complexe vitaminique avec lequel est enrichie sa formule. Renforce la structure des cheveux et ralentit leur chute. Sans paraben.<\/p>\n<p>Usage professionnel<\/p>\n<p>Flacon de 300 ml<\/p>\n","protected":false},"featured_media":6679,"comment_status":"closed","ping_status":"closed","template":"","meta":[],"product_brand":[],"product_cat":[688,686],"product_tag":[],"class_list":{"0":"post-3970","1":"product","2":"type-product","3":"status-publish","4":"has-post-thumbnail","6":"product_cat-easy-energy-fr","7":"product_cat-treatments-fr","9":"first","10":"instock","11":"shipping-taxable","12":"product-type-simple"},"yoast_head":"<!-- This site is optimized with the Yoast SEO plugin v26.8 - https:\/\/yoast.com\/product\/yoast-seo-wordpress\/ -->\n<title>Easy Energy | Shampooing<\/title>\n<meta name=\"description\" content=\"Easy Energy Shampooing traitant pr\u00e9vention chute pour cheveux faibles et fragiles.\" \/>\n<meta name=\"robots\" content=\"index, follow, max-snippet:-1, max-image-preview:large, max-video-preview:-1\" \/>\n<link rel=\"canonical\" href=\"https:\/\/www.professional-haircare.it\/fr\/products\/treatments-fr\/easy-energy-fr\/easy-energy-shampooing\/\" \/>\n<meta property=\"og:locale\" content=\"fr_FR\" \/>\n<meta property=\"og:type\" content=\"article\" \/>\n<meta property=\"og:title\" content=\"Easy Energy | Shampooing\" \/>\n<meta property=\"og:description\" content=\"Easy Energy Shampooing traitant pr\u00e9vention chute pour cheveux faibles et fragiles.\" \/>\n<meta property=\"og:url\" content=\"https:\/\/www.professional-haircare.it\/fr\/products\/treatments-fr\/easy-energy-fr\/easy-energy-shampooing\/\" \/>\n<meta property=\"og:site_name\" content=\"Professional Hair Care\" \/>\n<meta property=\"article:modified_time\" content=\"2022-11-09T14:31:07+00:00\" \/>\n<meta property=\"og:image\" content=\"https:\/\/professional-haircare.it\/wp-content\/uploads\/2015\/06\/professional_easy_energy_shampoo_300_ml.png\" \/>\n\t<meta property=\"og:image:width\" content=\"500\" \/>\n\t<meta property=\"og:image:height\" content=\"500\" \/>\n\t<meta property=\"og:image:type\" content=\"image\/png\" \/>\n<meta name=\"twitter:card\" content=\"summary_large_image\" \/>\n<script type=\"application\/ld+json\" class=\"yoast-schema-graph\">{\"@context\":\"https:\/\/schema.org\",\"@graph\":[{\"@type\":\"WebPage\",\"@id\":\"https:\/\/www.professional-haircare.it\/fr\/products\/treatments-fr\/easy-energy-fr\/easy-energy-shampooing\/\",\"url\":\"https:\/\/www.professional-haircare.it\/fr\/products\/treatments-fr\/easy-energy-fr\/easy-energy-shampooing\/\",\"name\":\"Easy Energy | Shampooing\",\"isPartOf\":{\"@id\":\"https:\/\/professional-haircare.it\/#website\"},\"primaryImageOfPage\":{\"@id\":\"https:\/\/www.professional-haircare.it\/fr\/products\/treatments-fr\/easy-energy-fr\/easy-energy-shampooing\/#primaryimage\"},\"image\":{\"@id\":\"https:\/\/www.professional-haircare.it\/fr\/products\/treatments-fr\/easy-energy-fr\/easy-energy-shampooing\/#primaryimage\"},\"thumbnailUrl\":\"https:\/\/www.professional-haircare.it\/wp-content\/uploads\/2024\/02\/12034_professional_easy_energy_shampoo_300ml.png\",\"datePublished\":\"2015-06-29T14:50:52+00:00\",\"dateModified\":\"2022-11-09T14:31:07+00:00\",\"description\":\"Easy Energy Shampooing traitant pr\u00e9vention chute pour cheveux faibles et fragiles.\",\"breadcrumb\":{\"@id\":\"https:\/\/www.professional-haircare.it\/fr\/products\/treatments-fr\/easy-energy-fr\/easy-energy-shampooing\/#breadcrumb\"},\"inLanguage\":\"fr-FR\",\"potentialAction\":[{\"@type\":\"ReadAction\",\"target\":[\"https:\/\/www.professional-haircare.it\/fr\/products\/treatments-fr\/easy-energy-fr\/easy-energy-shampooing\/\"]}]},{\"@type\":\"ImageObject\",\"inLanguage\":\"fr-FR\",\"@id\":\"https:\/\/www.professional-haircare.it\/fr\/products\/treatments-fr\/easy-energy-fr\/easy-energy-shampooing\/#primaryimage\",\"url\":\"https:\/\/www.professional-haircare.it\/wp-content\/uploads\/2024\/02\/12034_professional_easy_energy_shampoo_300ml.png\",\"contentUrl\":\"https:\/\/www.professional-haircare.it\/wp-content\/uploads\/2024\/02\/12034_professional_easy_energy_shampoo_300ml.png\",\"width\":800,\"height\":800},{\"@type\":\"BreadcrumbList\",\"@id\":\"https:\/\/www.professional-haircare.it\/fr\/products\/treatments-fr\/easy-energy-fr\/easy-energy-shampooing\/#breadcrumb\",\"itemListElement\":[{\"@type\":\"ListItem\",\"position\":1,\"name\":\"Home\",\"item\":\"https:\/\/professional-haircare.it\/fr\/\"},{\"@type\":\"ListItem\",\"position\":2,\"name\":\"Shop\",\"item\":\"https:\/\/professional-haircare.it\/shop\/\"},{\"@type\":\"ListItem\",\"position\":3,\"name\":\"Easy Energy | Shampooing\"}]},{\"@type\":\"WebSite\",\"@id\":\"https:\/\/professional-haircare.it\/#website\",\"url\":\"https:\/\/professional-haircare.it\/\",\"name\":\"Professional Hair Care\",\"description\":\"Hair Quality Solutions\",\"potentialAction\":[{\"@type\":\"SearchAction\",\"target\":{\"@type\":\"EntryPoint\",\"urlTemplate\":\"https:\/\/professional-haircare.it\/?s={search_term_string}\"},\"query-input\":{\"@type\":\"PropertyValueSpecification\",\"valueRequired\":true,\"valueName\":\"search_term_string\"}}],\"inLanguage\":\"fr-FR\"}]}<\/script>\n<!-- \/ Yoast SEO plugin. -->","yoast_head_json":{"title":"Easy Energy | Shampooing","description":"Easy Energy Shampooing traitant pr\u00e9vention chute pour cheveux faibles et fragiles.","robots":{"index":"index","follow":"follow","max-snippet":"max-snippet:-1","max-image-preview":"max-image-preview:large","max-video-preview":"max-video-preview:-1"},"canonical":"https:\/\/www.professional-haircare.it\/fr\/products\/treatments-fr\/easy-energy-fr\/easy-energy-shampooing\/","og_locale":"fr_FR","og_type":"article","og_title":"Easy Energy | Shampooing","og_description":"Easy Energy Shampooing traitant pr\u00e9vention chute pour cheveux faibles et fragiles.","og_url":"https:\/\/www.professional-haircare.it\/fr\/products\/treatments-fr\/easy-energy-fr\/easy-energy-shampooing\/","og_site_name":"Professional Hair Care","article_modified_time":"2022-11-09T14:31:07+00:00","og_image":[{"width":500,"height":500,"url":"https:\/\/professional-haircare.it\/wp-content\/uploads\/2015\/06\/professional_easy_energy_shampoo_300_ml.png","type":"image\/png"}],"twitter_card":"summary_large_image","schema":{"@context":"https:\/\/schema.org","@graph":[{"@type":"WebPage","@id":"https:\/\/www.professional-haircare.it\/fr\/products\/treatments-fr\/easy-energy-fr\/easy-energy-shampooing\/","url":"https:\/\/www.professional-haircare.it\/fr\/products\/treatments-fr\/easy-energy-fr\/easy-energy-shampooing\/","name":"Easy Energy | Shampooing","isPartOf":{"@id":"https:\/\/professional-haircare.it\/#website"},"primaryImageOfPage":{"@id":"https:\/\/www.professional-haircare.it\/fr\/products\/treatments-fr\/easy-energy-fr\/easy-energy-shampooing\/#primaryimage"},"image":{"@id":"https:\/\/www.professional-haircare.it\/fr\/products\/treatments-fr\/easy-energy-fr\/easy-energy-shampooing\/#primaryimage"},"thumbnailUrl":"https:\/\/www.professional-haircare.it\/wp-content\/uploads\/2024\/02\/12034_professional_easy_energy_shampoo_300ml.png","datePublished":"2015-06-29T14:50:52+00:00","dateModified":"2022-11-09T14:31:07+00:00","description":"Easy Energy Shampooing traitant pr\u00e9vention chute pour cheveux faibles et fragiles.","breadcrumb":{"@id":"https:\/\/www.professional-haircare.it\/fr\/products\/treatments-fr\/easy-energy-fr\/easy-energy-shampooing\/#breadcrumb"},"inLanguage":"fr-FR","potentialAction":[{"@type":"ReadAction","target":["https:\/\/www.professional-haircare.it\/fr\/products\/treatments-fr\/easy-energy-fr\/easy-energy-shampooing\/"]}]},{"@type":"ImageObject","inLanguage":"fr-FR","@id":"https:\/\/www.professional-haircare.it\/fr\/products\/treatments-fr\/easy-energy-fr\/easy-energy-shampooing\/#primaryimage","url":"https:\/\/www.professional-haircare.it\/wp-content\/uploads\/2024\/02\/12034_professional_easy_energy_shampoo_300ml.png","contentUrl":"https:\/\/www.professional-haircare.it\/wp-content\/uploads\/2024\/02\/12034_professional_easy_energy_shampoo_300ml.png","width":800,"height":800},{"@type":"BreadcrumbList","@id":"https:\/\/www.professional-haircare.it\/fr\/products\/treatments-fr\/easy-energy-fr\/easy-energy-shampooing\/#breadcrumb","itemListElement":[{"@type":"ListItem","position":1,"name":"Home","item":"https:\/\/professional-haircare.it\/fr\/"},{"@type":"ListItem","position":2,"name":"Shop","item":"https:\/\/professional-haircare.it\/shop\/"},{"@type":"ListItem","position":3,"name":"Easy Energy | Shampooing"}]},{"@type":"WebSite","@id":"https:\/\/professional-haircare.it\/#website","url":"https:\/\/professional-haircare.it\/","name":"Professional Hair Care","description":"Hair Quality Solutions","potentialAction":[{"@type":"SearchAction","target":{"@type":"EntryPoint","urlTemplate":"https:\/\/professional-haircare.it\/?s={search_term_string}"},"query-input":{"@type":"PropertyValueSpecification","valueRequired":true,"valueName":"search_term_string"}}],"inLanguage":"fr-FR"}]}},"_links":{"self":[{"href":"https:\/\/www.professional-haircare.it\/fr\/wp-json\/wp\/v2\/product\/3970","targetHints":{"allow":["GET"]}}],"collection":[{"href":"https:\/\/www.professional-haircare.it\/fr\/wp-json\/wp\/v2\/product"}],"about":[{"href":"https:\/\/www.professional-haircare.it\/fr\/wp-json\/wp\/v2\/types\/product"}],"replies":[{"embeddable":true,"href":"https:\/\/www.professional-haircare.it\/fr\/wp-json\/wp\/v2\/comments?post=3970"}],"wp:featuredmedia":[{"embeddable":true,"href":"https:\/\/www.professional-haircare.it\/fr\/wp-json\/wp\/v2\/media\/6679"}],"wp:attachment":[{"href":"https:\/\/www.professional-haircare.it\/fr\/wp-json\/wp\/v2\/media?parent=3970"}],"wp:term":[{"taxonomy":"product_brand","embeddable":true,"href":"https:\/\/www.professional-haircare.it\/fr\/wp-json\/wp\/v2\/product_brand?post=3970"},{"taxonomy":"product_cat","embeddable":true,"href":"https:\/\/www.professional-haircare.it\/fr\/wp-json\/wp\/v2\/product_cat?post=3970"},{"taxonomy":"product_tag","embeddable":true,"href":"https:\/\/www.professional-haircare.it\/fr\/wp-json\/wp\/v2\/product_tag?post=3970"}],"curies":[{"name":"wp","href":"https:\/\/api.w.org\/{rel}","templated":true}]}}