{"id":3968,"date":"2015-06-29T16:56:00","date_gmt":"2015-06-29T14:56:00","guid":{"rendered":"https:\/\/www.professional-haircare.it\/products\/non%20class\u00e9\/easy-energy-lotion\/"},"modified":"2022-11-09T15:30:53","modified_gmt":"2022-11-09T14:30:53","slug":"easy-energy-lotion","status":"publish","type":"product","link":"https:\/\/www.professional-haircare.it\/fr\/products\/treatments-fr\/easy-energy-fr\/easy-energy-lotion\/","title":{"rendered":"Easy Energy | Lotion"},"content":{"rendered":"","protected":false},"excerpt":{"rendered":"<p><strong>Easy Energy Lotion<\/strong> est le traitement en ampoules monodos\u00e9es, id\u00e9al pour les cheveux sujets \u00e0 une chute pr\u00e9coce. Gr\u00e2ce \u00e0 sa combinaison de principes actifs et de complexe vitaminique, la lotion am\u00e9liore la microcirculation et stimule l\u2019activit\u00e9 du bulbe pileux.<\/p>\n<p>Usage professionnel<\/p>\n<p>Bo\u00eete de 10 ampoules monodos\u00e9es de 8 ml<\/p>\n","protected":false},"featured_media":4151,"comment_status":"closed","ping_status":"closed","template":"","meta":[],"product_brand":[],"product_cat":[688,686],"product_tag":[],"class_list":{"0":"post-3968","1":"product","2":"type-product","3":"status-publish","4":"has-post-thumbnail","6":"product_cat-easy-energy-fr","7":"product_cat-treatments-fr","9":"first","10":"instock","11":"shipping-taxable","12":"product-type-simple"},"yoast_head":"<!-- This site is optimized with the Yoast SEO plugin v26.8 - https:\/\/yoast.com\/product\/yoast-seo-wordpress\/ -->\n<title>Easy Energy | Lotion<\/title>\n<meta name=\"description\" content=\"Easy Energy Lotion est le traitement en ampoules monodos\u00e9es, id\u00e9al pour les cheveux sujets \u00e0 une chute pr\u00e9coce.\" \/>\n<meta name=\"robots\" content=\"index, follow, max-snippet:-1, max-image-preview:large, max-video-preview:-1\" \/>\n<link rel=\"canonical\" href=\"https:\/\/www.professional-haircare.it\/fr\/products\/treatments-fr\/easy-energy-fr\/easy-energy-lotion\/\" \/>\n<meta property=\"og:locale\" content=\"fr_FR\" \/>\n<meta property=\"og:type\" content=\"article\" \/>\n<meta property=\"og:title\" content=\"Easy Energy | Lotion\" \/>\n<meta property=\"og:description\" content=\"Easy Energy Lotion est le traitement en ampoules monodos\u00e9es, id\u00e9al pour les cheveux sujets \u00e0 une chute pr\u00e9coce.\" \/>\n<meta property=\"og:url\" content=\"https:\/\/www.professional-haircare.it\/fr\/products\/treatments-fr\/easy-energy-fr\/easy-energy-lotion\/\" \/>\n<meta property=\"og:site_name\" content=\"Professional Hair Care\" \/>\n<meta property=\"article:modified_time\" content=\"2022-11-09T14:30:53+00:00\" \/>\n<meta property=\"og:image\" content=\"https:\/\/professional-haircare.it\/wp-content\/uploads\/2015\/06\/professional_easy_energy_fiale.png\" \/>\n\t<meta property=\"og:image:width\" content=\"500\" \/>\n\t<meta property=\"og:image:height\" content=\"500\" \/>\n\t<meta property=\"og:image:type\" content=\"image\/png\" \/>\n<meta name=\"twitter:card\" content=\"summary_large_image\" \/>\n<script type=\"application\/ld+json\" class=\"yoast-schema-graph\">{\"@context\":\"https:\/\/schema.org\",\"@graph\":[{\"@type\":\"WebPage\",\"@id\":\"https:\/\/www.professional-haircare.it\/fr\/products\/treatments-fr\/easy-energy-fr\/easy-energy-lotion\/\",\"url\":\"https:\/\/www.professional-haircare.it\/fr\/products\/treatments-fr\/easy-energy-fr\/easy-energy-lotion\/\",\"name\":\"Easy Energy | Lotion\",\"isPartOf\":{\"@id\":\"https:\/\/professional-haircare.it\/#website\"},\"primaryImageOfPage\":{\"@id\":\"https:\/\/www.professional-haircare.it\/fr\/products\/treatments-fr\/easy-energy-fr\/easy-energy-lotion\/#primaryimage\"},\"image\":{\"@id\":\"https:\/\/www.professional-haircare.it\/fr\/products\/treatments-fr\/easy-energy-fr\/easy-energy-lotion\/#primaryimage\"},\"thumbnailUrl\":\"https:\/\/www.professional-haircare.it\/wp-content\/uploads\/2015\/06\/12035_professional_easy_energy_treatments_vials.png\",\"datePublished\":\"2015-06-29T14:56:00+00:00\",\"dateModified\":\"2022-11-09T14:30:53+00:00\",\"description\":\"Easy Energy Lotion est le traitement en ampoules monodos\u00e9es, id\u00e9al pour les cheveux sujets \u00e0 une chute pr\u00e9coce.\",\"breadcrumb\":{\"@id\":\"https:\/\/www.professional-haircare.it\/fr\/products\/treatments-fr\/easy-energy-fr\/easy-energy-lotion\/#breadcrumb\"},\"inLanguage\":\"fr-FR\",\"potentialAction\":[{\"@type\":\"ReadAction\",\"target\":[\"https:\/\/www.professional-haircare.it\/fr\/products\/treatments-fr\/easy-energy-fr\/easy-energy-lotion\/\"]}]},{\"@type\":\"ImageObject\",\"inLanguage\":\"fr-FR\",\"@id\":\"https:\/\/www.professional-haircare.it\/fr\/products\/treatments-fr\/easy-energy-fr\/easy-energy-lotion\/#primaryimage\",\"url\":\"https:\/\/www.professional-haircare.it\/wp-content\/uploads\/2015\/06\/12035_professional_easy_energy_treatments_vials.png\",\"contentUrl\":\"https:\/\/www.professional-haircare.it\/wp-content\/uploads\/2015\/06\/12035_professional_easy_energy_treatments_vials.png\",\"width\":600,\"height\":600,\"caption\":\"professional_easy_energy_lozione_prevenzione_caduta\"},{\"@type\":\"BreadcrumbList\",\"@id\":\"https:\/\/www.professional-haircare.it\/fr\/products\/treatments-fr\/easy-energy-fr\/easy-energy-lotion\/#breadcrumb\",\"itemListElement\":[{\"@type\":\"ListItem\",\"position\":1,\"name\":\"Home\",\"item\":\"https:\/\/professional-haircare.it\/fr\/\"},{\"@type\":\"ListItem\",\"position\":2,\"name\":\"Shop\",\"item\":\"https:\/\/professional-haircare.it\/shop\/\"},{\"@type\":\"ListItem\",\"position\":3,\"name\":\"Easy Energy | Lotion\"}]},{\"@type\":\"WebSite\",\"@id\":\"https:\/\/professional-haircare.it\/#website\",\"url\":\"https:\/\/professional-haircare.it\/\",\"name\":\"Professional Hair Care\",\"description\":\"Hair Quality Solutions\",\"potentialAction\":[{\"@type\":\"SearchAction\",\"target\":{\"@type\":\"EntryPoint\",\"urlTemplate\":\"https:\/\/professional-haircare.it\/?s={search_term_string}\"},\"query-input\":{\"@type\":\"PropertyValueSpecification\",\"valueRequired\":true,\"valueName\":\"search_term_string\"}}],\"inLanguage\":\"fr-FR\"}]}<\/script>\n<!-- \/ Yoast SEO plugin. -->","yoast_head_json":{"title":"Easy Energy | Lotion","description":"Easy Energy Lotion est le traitement en ampoules monodos\u00e9es, id\u00e9al pour les cheveux sujets \u00e0 une chute pr\u00e9coce.","robots":{"index":"index","follow":"follow","max-snippet":"max-snippet:-1","max-image-preview":"max-image-preview:large","max-video-preview":"max-video-preview:-1"},"canonical":"https:\/\/www.professional-haircare.it\/fr\/products\/treatments-fr\/easy-energy-fr\/easy-energy-lotion\/","og_locale":"fr_FR","og_type":"article","og_title":"Easy Energy | Lotion","og_description":"Easy Energy Lotion est le traitement en ampoules monodos\u00e9es, id\u00e9al pour les cheveux sujets \u00e0 une chute pr\u00e9coce.","og_url":"https:\/\/www.professional-haircare.it\/fr\/products\/treatments-fr\/easy-energy-fr\/easy-energy-lotion\/","og_site_name":"Professional Hair Care","article_modified_time":"2022-11-09T14:30:53+00:00","og_image":[{"width":500,"height":500,"url":"https:\/\/professional-haircare.it\/wp-content\/uploads\/2015\/06\/professional_easy_energy_fiale.png","type":"image\/png"}],"twitter_card":"summary_large_image","schema":{"@context":"https:\/\/schema.org","@graph":[{"@type":"WebPage","@id":"https:\/\/www.professional-haircare.it\/fr\/products\/treatments-fr\/easy-energy-fr\/easy-energy-lotion\/","url":"https:\/\/www.professional-haircare.it\/fr\/products\/treatments-fr\/easy-energy-fr\/easy-energy-lotion\/","name":"Easy Energy | Lotion","isPartOf":{"@id":"https:\/\/professional-haircare.it\/#website"},"primaryImageOfPage":{"@id":"https:\/\/www.professional-haircare.it\/fr\/products\/treatments-fr\/easy-energy-fr\/easy-energy-lotion\/#primaryimage"},"image":{"@id":"https:\/\/www.professional-haircare.it\/fr\/products\/treatments-fr\/easy-energy-fr\/easy-energy-lotion\/#primaryimage"},"thumbnailUrl":"https:\/\/www.professional-haircare.it\/wp-content\/uploads\/2015\/06\/12035_professional_easy_energy_treatments_vials.png","datePublished":"2015-06-29T14:56:00+00:00","dateModified":"2022-11-09T14:30:53+00:00","description":"Easy Energy Lotion est le traitement en ampoules monodos\u00e9es, id\u00e9al pour les cheveux sujets \u00e0 une chute pr\u00e9coce.","breadcrumb":{"@id":"https:\/\/www.professional-haircare.it\/fr\/products\/treatments-fr\/easy-energy-fr\/easy-energy-lotion\/#breadcrumb"},"inLanguage":"fr-FR","potentialAction":[{"@type":"ReadAction","target":["https:\/\/www.professional-haircare.it\/fr\/products\/treatments-fr\/easy-energy-fr\/easy-energy-lotion\/"]}]},{"@type":"ImageObject","inLanguage":"fr-FR","@id":"https:\/\/www.professional-haircare.it\/fr\/products\/treatments-fr\/easy-energy-fr\/easy-energy-lotion\/#primaryimage","url":"https:\/\/www.professional-haircare.it\/wp-content\/uploads\/2015\/06\/12035_professional_easy_energy_treatments_vials.png","contentUrl":"https:\/\/www.professional-haircare.it\/wp-content\/uploads\/2015\/06\/12035_professional_easy_energy_treatments_vials.png","width":600,"height":600,"caption":"professional_easy_energy_lozione_prevenzione_caduta"},{"@type":"BreadcrumbList","@id":"https:\/\/www.professional-haircare.it\/fr\/products\/treatments-fr\/easy-energy-fr\/easy-energy-lotion\/#breadcrumb","itemListElement":[{"@type":"ListItem","position":1,"name":"Home","item":"https:\/\/professional-haircare.it\/fr\/"},{"@type":"ListItem","position":2,"name":"Shop","item":"https:\/\/professional-haircare.it\/shop\/"},{"@type":"ListItem","position":3,"name":"Easy Energy | Lotion"}]},{"@type":"WebSite","@id":"https:\/\/professional-haircare.it\/#website","url":"https:\/\/professional-haircare.it\/","name":"Professional Hair Care","description":"Hair Quality Solutions","potentialAction":[{"@type":"SearchAction","target":{"@type":"EntryPoint","urlTemplate":"https:\/\/professional-haircare.it\/?s={search_term_string}"},"query-input":{"@type":"PropertyValueSpecification","valueRequired":true,"valueName":"search_term_string"}}],"inLanguage":"fr-FR"}]}},"_links":{"self":[{"href":"https:\/\/www.professional-haircare.it\/fr\/wp-json\/wp\/v2\/product\/3968","targetHints":{"allow":["GET"]}}],"collection":[{"href":"https:\/\/www.professional-haircare.it\/fr\/wp-json\/wp\/v2\/product"}],"about":[{"href":"https:\/\/www.professional-haircare.it\/fr\/wp-json\/wp\/v2\/types\/product"}],"replies":[{"embeddable":true,"href":"https:\/\/www.professional-haircare.it\/fr\/wp-json\/wp\/v2\/comments?post=3968"}],"wp:featuredmedia":[{"embeddable":true,"href":"https:\/\/www.professional-haircare.it\/fr\/wp-json\/wp\/v2\/media\/4151"}],"wp:attachment":[{"href":"https:\/\/www.professional-haircare.it\/fr\/wp-json\/wp\/v2\/media?parent=3968"}],"wp:term":[{"taxonomy":"product_brand","embeddable":true,"href":"https:\/\/www.professional-haircare.it\/fr\/wp-json\/wp\/v2\/product_brand?post=3968"},{"taxonomy":"product_cat","embeddable":true,"href":"https:\/\/www.professional-haircare.it\/fr\/wp-json\/wp\/v2\/product_cat?post=3968"},{"taxonomy":"product_tag","embeddable":true,"href":"https:\/\/www.professional-haircare.it\/fr\/wp-json\/wp\/v2\/product_tag?post=3968"}],"curies":[{"name":"wp","href":"https:\/\/api.w.org\/{rel}","templated":true}]}}