{"id":3964,"date":"2015-06-29T16:43:14","date_gmt":"2015-06-29T14:43:14","guid":{"rendered":"https:\/\/www.professional-haircare.it\/products\/non%20class\u00e9\/easy-balance-shampooing-bivalent-2\/"},"modified":"2022-11-09T15:25:34","modified_gmt":"2022-11-09T14:25:34","slug":"easy-balance-shampooing-bivalent-2","status":"publish","type":"product","link":"https:\/\/www.professional-haircare.it\/fr\/products\/treatments-fr\/easy-balance-fr\/easy-balance-shampooing-bivalent-2\/","title":{"rendered":"Easy Balance | Shampooing bivalent"},"content":{"rendered":"","protected":false},"excerpt":{"rendered":"<p><strong>Easy Balance Shampooing bivalent<\/strong> pour peau grasse et avec pellicules et pour longueurs s\u00e8ches. Favorise le nettoyage complet du cuir chevelu et l\u2019\u00e9limination des pellicules en exc\u00e8s. Facilite le r\u00e9tablissement du bon niveau d\u2019acidit\u00e9 de la peau, en normalisant la s\u00e9cr\u00e9tion s\u00e9bac\u00e9e. Bien-\u00eatre prolong\u00e9 gr\u00e2ce au format pratique d\u20191 litre. Sans paraben.<\/p>\n<p>Usage professionnel<\/p>\n<p>Flacon de 1000 ml<\/p>\n","protected":false},"featured_media":6947,"comment_status":"closed","ping_status":"closed","template":"","meta":[],"product_brand":[],"product_cat":[687,686],"product_tag":[],"class_list":{"0":"post-3964","1":"product","2":"type-product","3":"status-publish","4":"has-post-thumbnail","6":"product_cat-easy-balance-fr","7":"product_cat-treatments-fr","9":"first","10":"instock","11":"shipping-taxable","12":"product-type-simple"},"yoast_head":"<!-- This site is optimized with the Yoast SEO plugin v26.8 - https:\/\/yoast.com\/product\/yoast-seo-wordpress\/ -->\n<title>Easy Balance | Shampooing bivalent<\/title>\n<meta name=\"description\" content=\"Easy Balance Shampooing bivalent pour peau grasse et avec pellicules et pour longueurs s\u00e8ches.\" \/>\n<meta name=\"robots\" content=\"index, follow, max-snippet:-1, max-image-preview:large, max-video-preview:-1\" \/>\n<link rel=\"canonical\" href=\"https:\/\/www.professional-haircare.it\/fr\/products\/treatments-fr\/easy-balance-fr\/easy-balance-shampooing-bivalent-2\/\" \/>\n<meta property=\"og:locale\" content=\"fr_FR\" \/>\n<meta property=\"og:type\" content=\"article\" \/>\n<meta property=\"og:title\" content=\"Easy Balance | Shampooing bivalent\" \/>\n<meta property=\"og:description\" content=\"Easy Balance Shampooing bivalent pour peau grasse et avec pellicules et pour longueurs s\u00e8ches.\" \/>\n<meta property=\"og:url\" content=\"https:\/\/www.professional-haircare.it\/fr\/products\/treatments-fr\/easy-balance-fr\/easy-balance-shampooing-bivalent-2\/\" \/>\n<meta property=\"og:site_name\" content=\"Professional Hair Care\" \/>\n<meta property=\"article:modified_time\" content=\"2022-11-09T14:25:34+00:00\" \/>\n<meta property=\"og:image\" content=\"https:\/\/professional-haircare.it\/wp-content\/uploads\/2018\/05\/professional_easy_balance_shampoo_1000ml.png\" \/>\n\t<meta property=\"og:image:width\" content=\"600\" \/>\n\t<meta property=\"og:image:height\" content=\"600\" \/>\n\t<meta property=\"og:image:type\" content=\"image\/png\" \/>\n<meta name=\"twitter:card\" content=\"summary_large_image\" \/>\n<script type=\"application\/ld+json\" class=\"yoast-schema-graph\">{\"@context\":\"https:\/\/schema.org\",\"@graph\":[{\"@type\":\"WebPage\",\"@id\":\"https:\/\/www.professional-haircare.it\/fr\/products\/treatments-fr\/easy-balance-fr\/easy-balance-shampooing-bivalent-2\/\",\"url\":\"https:\/\/www.professional-haircare.it\/fr\/products\/treatments-fr\/easy-balance-fr\/easy-balance-shampooing-bivalent-2\/\",\"name\":\"Easy Balance | Shampooing bivalent\",\"isPartOf\":{\"@id\":\"https:\/\/professional-haircare.it\/#website\"},\"primaryImageOfPage\":{\"@id\":\"https:\/\/www.professional-haircare.it\/fr\/products\/treatments-fr\/easy-balance-fr\/easy-balance-shampooing-bivalent-2\/#primaryimage\"},\"image\":{\"@id\":\"https:\/\/www.professional-haircare.it\/fr\/products\/treatments-fr\/easy-balance-fr\/easy-balance-shampooing-bivalent-2\/#primaryimage\"},\"thumbnailUrl\":\"https:\/\/www.professional-haircare.it\/wp-content\/uploads\/2015\/06\/12022_professional_easy_balance_shampoo_1000ml-copia.png\",\"datePublished\":\"2015-06-29T14:43:14+00:00\",\"dateModified\":\"2022-11-09T14:25:34+00:00\",\"description\":\"Easy Balance Shampooing bivalent pour peau grasse et avec pellicules et pour longueurs s\u00e8ches.\",\"breadcrumb\":{\"@id\":\"https:\/\/www.professional-haircare.it\/fr\/products\/treatments-fr\/easy-balance-fr\/easy-balance-shampooing-bivalent-2\/#breadcrumb\"},\"inLanguage\":\"fr-FR\",\"potentialAction\":[{\"@type\":\"ReadAction\",\"target\":[\"https:\/\/www.professional-haircare.it\/fr\/products\/treatments-fr\/easy-balance-fr\/easy-balance-shampooing-bivalent-2\/\"]}]},{\"@type\":\"ImageObject\",\"inLanguage\":\"fr-FR\",\"@id\":\"https:\/\/www.professional-haircare.it\/fr\/products\/treatments-fr\/easy-balance-fr\/easy-balance-shampooing-bivalent-2\/#primaryimage\",\"url\":\"https:\/\/www.professional-haircare.it\/wp-content\/uploads\/2015\/06\/12022_professional_easy_balance_shampoo_1000ml-copia.png\",\"contentUrl\":\"https:\/\/www.professional-haircare.it\/wp-content\/uploads\/2015\/06\/12022_professional_easy_balance_shampoo_1000ml-copia.png\",\"width\":3000,\"height\":3000},{\"@type\":\"BreadcrumbList\",\"@id\":\"https:\/\/www.professional-haircare.it\/fr\/products\/treatments-fr\/easy-balance-fr\/easy-balance-shampooing-bivalent-2\/#breadcrumb\",\"itemListElement\":[{\"@type\":\"ListItem\",\"position\":1,\"name\":\"Home\",\"item\":\"https:\/\/professional-haircare.it\/fr\/\"},{\"@type\":\"ListItem\",\"position\":2,\"name\":\"Shop\",\"item\":\"https:\/\/professional-haircare.it\/shop\/\"},{\"@type\":\"ListItem\",\"position\":3,\"name\":\"Easy Balance | Shampooing bivalent\"}]},{\"@type\":\"WebSite\",\"@id\":\"https:\/\/professional-haircare.it\/#website\",\"url\":\"https:\/\/professional-haircare.it\/\",\"name\":\"Professional Hair Care\",\"description\":\"Hair Quality Solutions\",\"potentialAction\":[{\"@type\":\"SearchAction\",\"target\":{\"@type\":\"EntryPoint\",\"urlTemplate\":\"https:\/\/professional-haircare.it\/?s={search_term_string}\"},\"query-input\":{\"@type\":\"PropertyValueSpecification\",\"valueRequired\":true,\"valueName\":\"search_term_string\"}}],\"inLanguage\":\"fr-FR\"}]}<\/script>\n<!-- \/ Yoast SEO plugin. -->","yoast_head_json":{"title":"Easy Balance | Shampooing bivalent","description":"Easy Balance Shampooing bivalent pour peau grasse et avec pellicules et pour longueurs s\u00e8ches.","robots":{"index":"index","follow":"follow","max-snippet":"max-snippet:-1","max-image-preview":"max-image-preview:large","max-video-preview":"max-video-preview:-1"},"canonical":"https:\/\/www.professional-haircare.it\/fr\/products\/treatments-fr\/easy-balance-fr\/easy-balance-shampooing-bivalent-2\/","og_locale":"fr_FR","og_type":"article","og_title":"Easy Balance | Shampooing bivalent","og_description":"Easy Balance Shampooing bivalent pour peau grasse et avec pellicules et pour longueurs s\u00e8ches.","og_url":"https:\/\/www.professional-haircare.it\/fr\/products\/treatments-fr\/easy-balance-fr\/easy-balance-shampooing-bivalent-2\/","og_site_name":"Professional Hair Care","article_modified_time":"2022-11-09T14:25:34+00:00","og_image":[{"width":600,"height":600,"url":"https:\/\/professional-haircare.it\/wp-content\/uploads\/2018\/05\/professional_easy_balance_shampoo_1000ml.png","type":"image\/png"}],"twitter_card":"summary_large_image","schema":{"@context":"https:\/\/schema.org","@graph":[{"@type":"WebPage","@id":"https:\/\/www.professional-haircare.it\/fr\/products\/treatments-fr\/easy-balance-fr\/easy-balance-shampooing-bivalent-2\/","url":"https:\/\/www.professional-haircare.it\/fr\/products\/treatments-fr\/easy-balance-fr\/easy-balance-shampooing-bivalent-2\/","name":"Easy Balance | Shampooing bivalent","isPartOf":{"@id":"https:\/\/professional-haircare.it\/#website"},"primaryImageOfPage":{"@id":"https:\/\/www.professional-haircare.it\/fr\/products\/treatments-fr\/easy-balance-fr\/easy-balance-shampooing-bivalent-2\/#primaryimage"},"image":{"@id":"https:\/\/www.professional-haircare.it\/fr\/products\/treatments-fr\/easy-balance-fr\/easy-balance-shampooing-bivalent-2\/#primaryimage"},"thumbnailUrl":"https:\/\/www.professional-haircare.it\/wp-content\/uploads\/2015\/06\/12022_professional_easy_balance_shampoo_1000ml-copia.png","datePublished":"2015-06-29T14:43:14+00:00","dateModified":"2022-11-09T14:25:34+00:00","description":"Easy Balance Shampooing bivalent pour peau grasse et avec pellicules et pour longueurs s\u00e8ches.","breadcrumb":{"@id":"https:\/\/www.professional-haircare.it\/fr\/products\/treatments-fr\/easy-balance-fr\/easy-balance-shampooing-bivalent-2\/#breadcrumb"},"inLanguage":"fr-FR","potentialAction":[{"@type":"ReadAction","target":["https:\/\/www.professional-haircare.it\/fr\/products\/treatments-fr\/easy-balance-fr\/easy-balance-shampooing-bivalent-2\/"]}]},{"@type":"ImageObject","inLanguage":"fr-FR","@id":"https:\/\/www.professional-haircare.it\/fr\/products\/treatments-fr\/easy-balance-fr\/easy-balance-shampooing-bivalent-2\/#primaryimage","url":"https:\/\/www.professional-haircare.it\/wp-content\/uploads\/2015\/06\/12022_professional_easy_balance_shampoo_1000ml-copia.png","contentUrl":"https:\/\/www.professional-haircare.it\/wp-content\/uploads\/2015\/06\/12022_professional_easy_balance_shampoo_1000ml-copia.png","width":3000,"height":3000},{"@type":"BreadcrumbList","@id":"https:\/\/www.professional-haircare.it\/fr\/products\/treatments-fr\/easy-balance-fr\/easy-balance-shampooing-bivalent-2\/#breadcrumb","itemListElement":[{"@type":"ListItem","position":1,"name":"Home","item":"https:\/\/professional-haircare.it\/fr\/"},{"@type":"ListItem","position":2,"name":"Shop","item":"https:\/\/professional-haircare.it\/shop\/"},{"@type":"ListItem","position":3,"name":"Easy Balance | Shampooing bivalent"}]},{"@type":"WebSite","@id":"https:\/\/professional-haircare.it\/#website","url":"https:\/\/professional-haircare.it\/","name":"Professional Hair Care","description":"Hair Quality Solutions","potentialAction":[{"@type":"SearchAction","target":{"@type":"EntryPoint","urlTemplate":"https:\/\/professional-haircare.it\/?s={search_term_string}"},"query-input":{"@type":"PropertyValueSpecification","valueRequired":true,"valueName":"search_term_string"}}],"inLanguage":"fr-FR"}]}},"_links":{"self":[{"href":"https:\/\/www.professional-haircare.it\/fr\/wp-json\/wp\/v2\/product\/3964","targetHints":{"allow":["GET"]}}],"collection":[{"href":"https:\/\/www.professional-haircare.it\/fr\/wp-json\/wp\/v2\/product"}],"about":[{"href":"https:\/\/www.professional-haircare.it\/fr\/wp-json\/wp\/v2\/types\/product"}],"replies":[{"embeddable":true,"href":"https:\/\/www.professional-haircare.it\/fr\/wp-json\/wp\/v2\/comments?post=3964"}],"wp:featuredmedia":[{"embeddable":true,"href":"https:\/\/www.professional-haircare.it\/fr\/wp-json\/wp\/v2\/media\/6947"}],"wp:attachment":[{"href":"https:\/\/www.professional-haircare.it\/fr\/wp-json\/wp\/v2\/media?parent=3964"}],"wp:term":[{"taxonomy":"product_brand","embeddable":true,"href":"https:\/\/www.professional-haircare.it\/fr\/wp-json\/wp\/v2\/product_brand?post=3964"},{"taxonomy":"product_cat","embeddable":true,"href":"https:\/\/www.professional-haircare.it\/fr\/wp-json\/wp\/v2\/product_cat?post=3964"},{"taxonomy":"product_tag","embeddable":true,"href":"https:\/\/www.professional-haircare.it\/fr\/wp-json\/wp\/v2\/product_tag?post=3964"}],"curies":[{"name":"wp","href":"https:\/\/api.w.org\/{rel}","templated":true}]}}