{"id":3957,"date":"2020-08-25T16:20:53","date_gmt":"2020-08-25T14:20:53","guid":{"rendered":"https:\/\/www.professional-haircare.it\/products\/non%20class\u00e9\/c-cinque-oil-non-oil-brillance-et-protection\/"},"modified":"2022-11-09T14:52:11","modified_gmt":"2022-11-09T13:52:11","slug":"c-cinque-oil-non-oil-brillance-et-protection","status":"publish","type":"product","link":"https:\/\/www.professional-haircare.it\/fr\/products\/techniques\/c-cinque-fr\/c-cinque-oil-non-oil-brillance-et-protection\/","title":{"rendered":"C Cinque | Oil Non Oil &#8211; Brillance et protection"},"content":{"rendered":"","protected":false},"excerpt":{"rendered":"<p><strong>C Cinque, huile et non huile<\/strong>, est un fluide brillant aux extraits v\u00e9g\u00e9taux qui garantit une <strong>fixation l\u00e9g\u00e8re et une protection compl\u00e8te<\/strong> des cheveux. Ne graisse pas les cheveux et ne les alourdit pas.<\/p>\n<p>Usage professionnel<\/p>\n<p>Flacon de 250\u00a0ml<\/p>\n","protected":false},"featured_media":7024,"comment_status":"closed","ping_status":"closed","template":"","meta":[],"product_brand":[],"product_cat":[683,681],"product_tag":[],"class_list":{"0":"post-3957","1":"product","2":"type-product","3":"status-publish","4":"has-post-thumbnail","6":"product_cat-c-cinque-fr","7":"product_cat-techniques","9":"first","10":"instock","11":"shipping-taxable","12":"product-type-simple"},"yoast_head":"<!-- This site is optimized with the Yoast SEO plugin v26.8 - https:\/\/yoast.com\/product\/yoast-seo-wordpress\/ -->\n<title>C Cinque | Oil Non Oil - Brillance et protection<\/title>\n<meta name=\"description\" content=\"C Cinque, huile et non huile, est un fluide brillant aux extraits v\u00e9g\u00e9taux qui garantit une fixation l\u00e9g\u00e8re et une protection compl\u00e8te des cheveux.\" \/>\n<meta name=\"robots\" content=\"index, follow, max-snippet:-1, max-image-preview:large, max-video-preview:-1\" \/>\n<link rel=\"canonical\" href=\"https:\/\/www.professional-haircare.it\/fr\/products\/techniques\/c-cinque-fr\/c-cinque-oil-non-oil-brillance-et-protection\/\" \/>\n<meta property=\"og:locale\" content=\"fr_FR\" \/>\n<meta property=\"og:type\" content=\"article\" \/>\n<meta property=\"og:title\" content=\"C Cinque | Oil Non Oil - Brillance et protection\" \/>\n<meta property=\"og:description\" content=\"C Cinque, huile et non huile, est un fluide brillant aux extraits v\u00e9g\u00e9taux qui garantit une fixation l\u00e9g\u00e8re et une protection compl\u00e8te des cheveux.\" \/>\n<meta property=\"og:url\" content=\"https:\/\/www.professional-haircare.it\/fr\/products\/techniques\/c-cinque-fr\/c-cinque-oil-non-oil-brillance-et-protection\/\" \/>\n<meta property=\"og:site_name\" content=\"Professional Hair Care\" \/>\n<meta property=\"article:modified_time\" content=\"2022-11-09T13:52:11+00:00\" \/>\n<meta property=\"og:image\" content=\"https:\/\/professional-haircare.it\/wp-content\/uploads\/2020\/08\/12039_professional_c_cinque_oil_non_oil_250ml.png\" \/>\n\t<meta property=\"og:image:width\" content=\"600\" \/>\n\t<meta property=\"og:image:height\" content=\"600\" \/>\n\t<meta property=\"og:image:type\" content=\"image\/png\" \/>\n<meta name=\"twitter:card\" content=\"summary_large_image\" \/>\n<script type=\"application\/ld+json\" class=\"yoast-schema-graph\">{\"@context\":\"https:\/\/schema.org\",\"@graph\":[{\"@type\":\"WebPage\",\"@id\":\"https:\/\/www.professional-haircare.it\/fr\/products\/techniques\/c-cinque-fr\/c-cinque-oil-non-oil-brillance-et-protection\/\",\"url\":\"https:\/\/www.professional-haircare.it\/fr\/products\/techniques\/c-cinque-fr\/c-cinque-oil-non-oil-brillance-et-protection\/\",\"name\":\"C Cinque | Oil Non Oil - Brillance et protection\",\"isPartOf\":{\"@id\":\"https:\/\/professional-haircare.it\/#website\"},\"primaryImageOfPage\":{\"@id\":\"https:\/\/www.professional-haircare.it\/fr\/products\/techniques\/c-cinque-fr\/c-cinque-oil-non-oil-brillance-et-protection\/#primaryimage\"},\"image\":{\"@id\":\"https:\/\/www.professional-haircare.it\/fr\/products\/techniques\/c-cinque-fr\/c-cinque-oil-non-oil-brillance-et-protection\/#primaryimage\"},\"thumbnailUrl\":\"https:\/\/www.professional-haircare.it\/wp-content\/uploads\/2020\/08\/12039_professional_c_cinque_oil_non_oil_250ml-1.png\",\"datePublished\":\"2020-08-25T14:20:53+00:00\",\"dateModified\":\"2022-11-09T13:52:11+00:00\",\"description\":\"C Cinque, huile et non huile, est un fluide brillant aux extraits v\u00e9g\u00e9taux qui garantit une fixation l\u00e9g\u00e8re et une protection compl\u00e8te des cheveux.\",\"breadcrumb\":{\"@id\":\"https:\/\/www.professional-haircare.it\/fr\/products\/techniques\/c-cinque-fr\/c-cinque-oil-non-oil-brillance-et-protection\/#breadcrumb\"},\"inLanguage\":\"fr-FR\",\"potentialAction\":[{\"@type\":\"ReadAction\",\"target\":[\"https:\/\/www.professional-haircare.it\/fr\/products\/techniques\/c-cinque-fr\/c-cinque-oil-non-oil-brillance-et-protection\/\"]}]},{\"@type\":\"ImageObject\",\"inLanguage\":\"fr-FR\",\"@id\":\"https:\/\/www.professional-haircare.it\/fr\/products\/techniques\/c-cinque-fr\/c-cinque-oil-non-oil-brillance-et-protection\/#primaryimage\",\"url\":\"https:\/\/www.professional-haircare.it\/wp-content\/uploads\/2020\/08\/12039_professional_c_cinque_oil_non_oil_250ml-1.png\",\"contentUrl\":\"https:\/\/www.professional-haircare.it\/wp-content\/uploads\/2020\/08\/12039_professional_c_cinque_oil_non_oil_250ml-1.png\",\"width\":800,\"height\":800},{\"@type\":\"BreadcrumbList\",\"@id\":\"https:\/\/www.professional-haircare.it\/fr\/products\/techniques\/c-cinque-fr\/c-cinque-oil-non-oil-brillance-et-protection\/#breadcrumb\",\"itemListElement\":[{\"@type\":\"ListItem\",\"position\":1,\"name\":\"Home\",\"item\":\"https:\/\/professional-haircare.it\/fr\/\"},{\"@type\":\"ListItem\",\"position\":2,\"name\":\"Shop\",\"item\":\"https:\/\/professional-haircare.it\/shop\/\"},{\"@type\":\"ListItem\",\"position\":3,\"name\":\"C Cinque | Oil Non Oil &#8211; Brillance et protection\"}]},{\"@type\":\"WebSite\",\"@id\":\"https:\/\/professional-haircare.it\/#website\",\"url\":\"https:\/\/professional-haircare.it\/\",\"name\":\"Professional Hair Care\",\"description\":\"Hair Quality Solutions\",\"potentialAction\":[{\"@type\":\"SearchAction\",\"target\":{\"@type\":\"EntryPoint\",\"urlTemplate\":\"https:\/\/professional-haircare.it\/?s={search_term_string}\"},\"query-input\":{\"@type\":\"PropertyValueSpecification\",\"valueRequired\":true,\"valueName\":\"search_term_string\"}}],\"inLanguage\":\"fr-FR\"}]}<\/script>\n<!-- \/ Yoast SEO plugin. -->","yoast_head_json":{"title":"C Cinque | Oil Non Oil - Brillance et protection","description":"C Cinque, huile et non huile, est un fluide brillant aux extraits v\u00e9g\u00e9taux qui garantit une fixation l\u00e9g\u00e8re et une protection compl\u00e8te des cheveux.","robots":{"index":"index","follow":"follow","max-snippet":"max-snippet:-1","max-image-preview":"max-image-preview:large","max-video-preview":"max-video-preview:-1"},"canonical":"https:\/\/www.professional-haircare.it\/fr\/products\/techniques\/c-cinque-fr\/c-cinque-oil-non-oil-brillance-et-protection\/","og_locale":"fr_FR","og_type":"article","og_title":"C Cinque | Oil Non Oil - Brillance et protection","og_description":"C Cinque, huile et non huile, est un fluide brillant aux extraits v\u00e9g\u00e9taux qui garantit une fixation l\u00e9g\u00e8re et une protection compl\u00e8te des cheveux.","og_url":"https:\/\/www.professional-haircare.it\/fr\/products\/techniques\/c-cinque-fr\/c-cinque-oil-non-oil-brillance-et-protection\/","og_site_name":"Professional Hair Care","article_modified_time":"2022-11-09T13:52:11+00:00","og_image":[{"width":600,"height":600,"url":"https:\/\/professional-haircare.it\/wp-content\/uploads\/2020\/08\/12039_professional_c_cinque_oil_non_oil_250ml.png","type":"image\/png"}],"twitter_card":"summary_large_image","schema":{"@context":"https:\/\/schema.org","@graph":[{"@type":"WebPage","@id":"https:\/\/www.professional-haircare.it\/fr\/products\/techniques\/c-cinque-fr\/c-cinque-oil-non-oil-brillance-et-protection\/","url":"https:\/\/www.professional-haircare.it\/fr\/products\/techniques\/c-cinque-fr\/c-cinque-oil-non-oil-brillance-et-protection\/","name":"C Cinque | Oil Non Oil - Brillance et protection","isPartOf":{"@id":"https:\/\/professional-haircare.it\/#website"},"primaryImageOfPage":{"@id":"https:\/\/www.professional-haircare.it\/fr\/products\/techniques\/c-cinque-fr\/c-cinque-oil-non-oil-brillance-et-protection\/#primaryimage"},"image":{"@id":"https:\/\/www.professional-haircare.it\/fr\/products\/techniques\/c-cinque-fr\/c-cinque-oil-non-oil-brillance-et-protection\/#primaryimage"},"thumbnailUrl":"https:\/\/www.professional-haircare.it\/wp-content\/uploads\/2020\/08\/12039_professional_c_cinque_oil_non_oil_250ml-1.png","datePublished":"2020-08-25T14:20:53+00:00","dateModified":"2022-11-09T13:52:11+00:00","description":"C Cinque, huile et non huile, est un fluide brillant aux extraits v\u00e9g\u00e9taux qui garantit une fixation l\u00e9g\u00e8re et une protection compl\u00e8te des cheveux.","breadcrumb":{"@id":"https:\/\/www.professional-haircare.it\/fr\/products\/techniques\/c-cinque-fr\/c-cinque-oil-non-oil-brillance-et-protection\/#breadcrumb"},"inLanguage":"fr-FR","potentialAction":[{"@type":"ReadAction","target":["https:\/\/www.professional-haircare.it\/fr\/products\/techniques\/c-cinque-fr\/c-cinque-oil-non-oil-brillance-et-protection\/"]}]},{"@type":"ImageObject","inLanguage":"fr-FR","@id":"https:\/\/www.professional-haircare.it\/fr\/products\/techniques\/c-cinque-fr\/c-cinque-oil-non-oil-brillance-et-protection\/#primaryimage","url":"https:\/\/www.professional-haircare.it\/wp-content\/uploads\/2020\/08\/12039_professional_c_cinque_oil_non_oil_250ml-1.png","contentUrl":"https:\/\/www.professional-haircare.it\/wp-content\/uploads\/2020\/08\/12039_professional_c_cinque_oil_non_oil_250ml-1.png","width":800,"height":800},{"@type":"BreadcrumbList","@id":"https:\/\/www.professional-haircare.it\/fr\/products\/techniques\/c-cinque-fr\/c-cinque-oil-non-oil-brillance-et-protection\/#breadcrumb","itemListElement":[{"@type":"ListItem","position":1,"name":"Home","item":"https:\/\/professional-haircare.it\/fr\/"},{"@type":"ListItem","position":2,"name":"Shop","item":"https:\/\/professional-haircare.it\/shop\/"},{"@type":"ListItem","position":3,"name":"C Cinque | Oil Non Oil &#8211; Brillance et protection"}]},{"@type":"WebSite","@id":"https:\/\/professional-haircare.it\/#website","url":"https:\/\/professional-haircare.it\/","name":"Professional Hair Care","description":"Hair Quality Solutions","potentialAction":[{"@type":"SearchAction","target":{"@type":"EntryPoint","urlTemplate":"https:\/\/professional-haircare.it\/?s={search_term_string}"},"query-input":{"@type":"PropertyValueSpecification","valueRequired":true,"valueName":"search_term_string"}}],"inLanguage":"fr-FR"}]}},"_links":{"self":[{"href":"https:\/\/www.professional-haircare.it\/fr\/wp-json\/wp\/v2\/product\/3957","targetHints":{"allow":["GET"]}}],"collection":[{"href":"https:\/\/www.professional-haircare.it\/fr\/wp-json\/wp\/v2\/product"}],"about":[{"href":"https:\/\/www.professional-haircare.it\/fr\/wp-json\/wp\/v2\/types\/product"}],"replies":[{"embeddable":true,"href":"https:\/\/www.professional-haircare.it\/fr\/wp-json\/wp\/v2\/comments?post=3957"}],"wp:featuredmedia":[{"embeddable":true,"href":"https:\/\/www.professional-haircare.it\/fr\/wp-json\/wp\/v2\/media\/7024"}],"wp:attachment":[{"href":"https:\/\/www.professional-haircare.it\/fr\/wp-json\/wp\/v2\/media?parent=3957"}],"wp:term":[{"taxonomy":"product_brand","embeddable":true,"href":"https:\/\/www.professional-haircare.it\/fr\/wp-json\/wp\/v2\/product_brand?post=3957"},{"taxonomy":"product_cat","embeddable":true,"href":"https:\/\/www.professional-haircare.it\/fr\/wp-json\/wp\/v2\/product_cat?post=3957"},{"taxonomy":"product_tag","embeddable":true,"href":"https:\/\/www.professional-haircare.it\/fr\/wp-json\/wp\/v2\/product_tag?post=3957"}],"curies":[{"name":"wp","href":"https:\/\/api.w.org\/{rel}","templated":true}]}}