{"id":3955,"date":"2015-06-30T12:53:49","date_gmt":"2015-06-30T10:53:49","guid":{"rendered":"https:\/\/www.professional-haircare.it\/products\/non%20class\u00e9\/c-cinque-delight-lotion-tonique-fortifiante\/"},"modified":"2022-11-09T15:01:42","modified_gmt":"2022-11-09T14:01:42","slug":"c-cinque-delight-lotion-tonique-fortifiante","status":"publish","type":"product","link":"https:\/\/www.professional-haircare.it\/fr\/products\/techniques\/c-cinque-fr\/c-cinque-delight-lotion-tonique-fortifiante\/","title":{"rendered":"C Cinque | Delight &#8211; Lotion Tonique Fortifiante"},"content":{"rendered":"","protected":false},"excerpt":{"rendered":"<p><strong>C Cinque, lotion<\/strong> \u00e0 base d\u2019extrait de Placenta et de Prot\u00e9ines V\u00e9g\u00e9tales. Elle exerce une intense action revitalisante et tonifiante. Traitement id\u00e9al en cas d\u2019affaiblissement des cheveux.<\/p>\n<p>Usage professionnel<\/p>\n<p>Bo\u00eete de 10 ampoules de 8 ml<\/p>\n","protected":false},"featured_media":6979,"comment_status":"closed","ping_status":"closed","template":"","meta":[],"product_brand":[],"product_cat":[683,681],"product_tag":[],"class_list":{"0":"post-3955","1":"product","2":"type-product","3":"status-publish","4":"has-post-thumbnail","6":"product_cat-c-cinque-fr","7":"product_cat-techniques","9":"first","10":"instock","11":"shipping-taxable","12":"product-type-simple"},"yoast_head":"<!-- This site is optimized with the Yoast SEO plugin v26.8 - https:\/\/yoast.com\/product\/yoast-seo-wordpress\/ -->\n<title>C Cinque | Delight - Lotion Tonique Fortifiante<\/title>\n<meta name=\"description\" content=\"C Cinque, lotion \u00e0 base d\u2019extrait de Placenta et de Prot\u00e9ines V\u00e9g\u00e9tales. Elle exerce une intense action revitalisante et tonifiante.\" \/>\n<meta name=\"robots\" content=\"index, follow, max-snippet:-1, max-image-preview:large, max-video-preview:-1\" \/>\n<link rel=\"canonical\" href=\"https:\/\/www.professional-haircare.it\/fr\/products\/techniques\/c-cinque-fr\/c-cinque-delight-lotion-tonique-fortifiante\/\" \/>\n<meta property=\"og:locale\" content=\"fr_FR\" \/>\n<meta property=\"og:type\" content=\"article\" \/>\n<meta property=\"og:title\" content=\"C Cinque | Delight - Lotion Tonique Fortifiante\" \/>\n<meta property=\"og:description\" content=\"C Cinque, lotion \u00e0 base d\u2019extrait de Placenta et de Prot\u00e9ines V\u00e9g\u00e9tales. Elle exerce une intense action revitalisante et tonifiante.\" \/>\n<meta property=\"og:url\" content=\"https:\/\/www.professional-haircare.it\/fr\/products\/techniques\/c-cinque-fr\/c-cinque-delight-lotion-tonique-fortifiante\/\" \/>\n<meta property=\"og:site_name\" content=\"Professional Hair Care\" \/>\n<meta property=\"article:modified_time\" content=\"2022-11-09T14:01:42+00:00\" \/>\n<meta property=\"og:image\" content=\"https:\/\/professional-haircare.it\/wp-content\/uploads\/2020\/08\/12037_professional_c_cinque_salon_delight_reinforcing_tonic_lotion.png\" \/>\n\t<meta property=\"og:image:width\" content=\"600\" \/>\n\t<meta property=\"og:image:height\" content=\"600\" \/>\n\t<meta property=\"og:image:type\" content=\"image\/png\" \/>\n<meta name=\"twitter:card\" content=\"summary_large_image\" \/>\n<script type=\"application\/ld+json\" class=\"yoast-schema-graph\">{\"@context\":\"https:\/\/schema.org\",\"@graph\":[{\"@type\":\"WebPage\",\"@id\":\"https:\/\/www.professional-haircare.it\/fr\/products\/techniques\/c-cinque-fr\/c-cinque-delight-lotion-tonique-fortifiante\/\",\"url\":\"https:\/\/www.professional-haircare.it\/fr\/products\/techniques\/c-cinque-fr\/c-cinque-delight-lotion-tonique-fortifiante\/\",\"name\":\"C Cinque | Delight - Lotion Tonique Fortifiante\",\"isPartOf\":{\"@id\":\"https:\/\/professional-haircare.it\/#website\"},\"primaryImageOfPage\":{\"@id\":\"https:\/\/www.professional-haircare.it\/fr\/products\/techniques\/c-cinque-fr\/c-cinque-delight-lotion-tonique-fortifiante\/#primaryimage\"},\"image\":{\"@id\":\"https:\/\/www.professional-haircare.it\/fr\/products\/techniques\/c-cinque-fr\/c-cinque-delight-lotion-tonique-fortifiante\/#primaryimage\"},\"thumbnailUrl\":\"https:\/\/www.professional-haircare.it\/wp-content\/uploads\/2025\/02\/12037_professional_c_cinque_salon_delight_reinforcing_tonic_lotion.png\",\"datePublished\":\"2015-06-30T10:53:49+00:00\",\"dateModified\":\"2022-11-09T14:01:42+00:00\",\"description\":\"C Cinque, lotion \u00e0 base d\u2019extrait de Placenta et de Prot\u00e9ines V\u00e9g\u00e9tales. Elle exerce une intense action revitalisante et tonifiante.\",\"breadcrumb\":{\"@id\":\"https:\/\/www.professional-haircare.it\/fr\/products\/techniques\/c-cinque-fr\/c-cinque-delight-lotion-tonique-fortifiante\/#breadcrumb\"},\"inLanguage\":\"fr-FR\",\"potentialAction\":[{\"@type\":\"ReadAction\",\"target\":[\"https:\/\/www.professional-haircare.it\/fr\/products\/techniques\/c-cinque-fr\/c-cinque-delight-lotion-tonique-fortifiante\/\"]}]},{\"@type\":\"ImageObject\",\"inLanguage\":\"fr-FR\",\"@id\":\"https:\/\/www.professional-haircare.it\/fr\/products\/techniques\/c-cinque-fr\/c-cinque-delight-lotion-tonique-fortifiante\/#primaryimage\",\"url\":\"https:\/\/www.professional-haircare.it\/wp-content\/uploads\/2025\/02\/12037_professional_c_cinque_salon_delight_reinforcing_tonic_lotion.png\",\"contentUrl\":\"https:\/\/www.professional-haircare.it\/wp-content\/uploads\/2025\/02\/12037_professional_c_cinque_salon_delight_reinforcing_tonic_lotion.png\",\"width\":800,\"height\":800},{\"@type\":\"BreadcrumbList\",\"@id\":\"https:\/\/www.professional-haircare.it\/fr\/products\/techniques\/c-cinque-fr\/c-cinque-delight-lotion-tonique-fortifiante\/#breadcrumb\",\"itemListElement\":[{\"@type\":\"ListItem\",\"position\":1,\"name\":\"Home\",\"item\":\"https:\/\/professional-haircare.it\/fr\/\"},{\"@type\":\"ListItem\",\"position\":2,\"name\":\"Shop\",\"item\":\"https:\/\/professional-haircare.it\/shop\/\"},{\"@type\":\"ListItem\",\"position\":3,\"name\":\"C Cinque | Delight &#8211; Lotion Tonique Fortifiante\"}]},{\"@type\":\"WebSite\",\"@id\":\"https:\/\/professional-haircare.it\/#website\",\"url\":\"https:\/\/professional-haircare.it\/\",\"name\":\"Professional Hair Care\",\"description\":\"Hair Quality Solutions\",\"potentialAction\":[{\"@type\":\"SearchAction\",\"target\":{\"@type\":\"EntryPoint\",\"urlTemplate\":\"https:\/\/professional-haircare.it\/?s={search_term_string}\"},\"query-input\":{\"@type\":\"PropertyValueSpecification\",\"valueRequired\":true,\"valueName\":\"search_term_string\"}}],\"inLanguage\":\"fr-FR\"}]}<\/script>\n<!-- \/ Yoast SEO plugin. -->","yoast_head_json":{"title":"C Cinque | Delight - Lotion Tonique Fortifiante","description":"C Cinque, lotion \u00e0 base d\u2019extrait de Placenta et de Prot\u00e9ines V\u00e9g\u00e9tales. Elle exerce une intense action revitalisante et tonifiante.","robots":{"index":"index","follow":"follow","max-snippet":"max-snippet:-1","max-image-preview":"max-image-preview:large","max-video-preview":"max-video-preview:-1"},"canonical":"https:\/\/www.professional-haircare.it\/fr\/products\/techniques\/c-cinque-fr\/c-cinque-delight-lotion-tonique-fortifiante\/","og_locale":"fr_FR","og_type":"article","og_title":"C Cinque | Delight - Lotion Tonique Fortifiante","og_description":"C Cinque, lotion \u00e0 base d\u2019extrait de Placenta et de Prot\u00e9ines V\u00e9g\u00e9tales. Elle exerce une intense action revitalisante et tonifiante.","og_url":"https:\/\/www.professional-haircare.it\/fr\/products\/techniques\/c-cinque-fr\/c-cinque-delight-lotion-tonique-fortifiante\/","og_site_name":"Professional Hair Care","article_modified_time":"2022-11-09T14:01:42+00:00","og_image":[{"width":600,"height":600,"url":"https:\/\/professional-haircare.it\/wp-content\/uploads\/2020\/08\/12037_professional_c_cinque_salon_delight_reinforcing_tonic_lotion.png","type":"image\/png"}],"twitter_card":"summary_large_image","schema":{"@context":"https:\/\/schema.org","@graph":[{"@type":"WebPage","@id":"https:\/\/www.professional-haircare.it\/fr\/products\/techniques\/c-cinque-fr\/c-cinque-delight-lotion-tonique-fortifiante\/","url":"https:\/\/www.professional-haircare.it\/fr\/products\/techniques\/c-cinque-fr\/c-cinque-delight-lotion-tonique-fortifiante\/","name":"C Cinque | Delight - Lotion Tonique Fortifiante","isPartOf":{"@id":"https:\/\/professional-haircare.it\/#website"},"primaryImageOfPage":{"@id":"https:\/\/www.professional-haircare.it\/fr\/products\/techniques\/c-cinque-fr\/c-cinque-delight-lotion-tonique-fortifiante\/#primaryimage"},"image":{"@id":"https:\/\/www.professional-haircare.it\/fr\/products\/techniques\/c-cinque-fr\/c-cinque-delight-lotion-tonique-fortifiante\/#primaryimage"},"thumbnailUrl":"https:\/\/www.professional-haircare.it\/wp-content\/uploads\/2025\/02\/12037_professional_c_cinque_salon_delight_reinforcing_tonic_lotion.png","datePublished":"2015-06-30T10:53:49+00:00","dateModified":"2022-11-09T14:01:42+00:00","description":"C Cinque, lotion \u00e0 base d\u2019extrait de Placenta et de Prot\u00e9ines V\u00e9g\u00e9tales. Elle exerce une intense action revitalisante et tonifiante.","breadcrumb":{"@id":"https:\/\/www.professional-haircare.it\/fr\/products\/techniques\/c-cinque-fr\/c-cinque-delight-lotion-tonique-fortifiante\/#breadcrumb"},"inLanguage":"fr-FR","potentialAction":[{"@type":"ReadAction","target":["https:\/\/www.professional-haircare.it\/fr\/products\/techniques\/c-cinque-fr\/c-cinque-delight-lotion-tonique-fortifiante\/"]}]},{"@type":"ImageObject","inLanguage":"fr-FR","@id":"https:\/\/www.professional-haircare.it\/fr\/products\/techniques\/c-cinque-fr\/c-cinque-delight-lotion-tonique-fortifiante\/#primaryimage","url":"https:\/\/www.professional-haircare.it\/wp-content\/uploads\/2025\/02\/12037_professional_c_cinque_salon_delight_reinforcing_tonic_lotion.png","contentUrl":"https:\/\/www.professional-haircare.it\/wp-content\/uploads\/2025\/02\/12037_professional_c_cinque_salon_delight_reinforcing_tonic_lotion.png","width":800,"height":800},{"@type":"BreadcrumbList","@id":"https:\/\/www.professional-haircare.it\/fr\/products\/techniques\/c-cinque-fr\/c-cinque-delight-lotion-tonique-fortifiante\/#breadcrumb","itemListElement":[{"@type":"ListItem","position":1,"name":"Home","item":"https:\/\/professional-haircare.it\/fr\/"},{"@type":"ListItem","position":2,"name":"Shop","item":"https:\/\/professional-haircare.it\/shop\/"},{"@type":"ListItem","position":3,"name":"C Cinque | Delight &#8211; Lotion Tonique Fortifiante"}]},{"@type":"WebSite","@id":"https:\/\/professional-haircare.it\/#website","url":"https:\/\/professional-haircare.it\/","name":"Professional Hair Care","description":"Hair Quality Solutions","potentialAction":[{"@type":"SearchAction","target":{"@type":"EntryPoint","urlTemplate":"https:\/\/professional-haircare.it\/?s={search_term_string}"},"query-input":{"@type":"PropertyValueSpecification","valueRequired":true,"valueName":"search_term_string"}}],"inLanguage":"fr-FR"}]}},"_links":{"self":[{"href":"https:\/\/www.professional-haircare.it\/fr\/wp-json\/wp\/v2\/product\/3955","targetHints":{"allow":["GET"]}}],"collection":[{"href":"https:\/\/www.professional-haircare.it\/fr\/wp-json\/wp\/v2\/product"}],"about":[{"href":"https:\/\/www.professional-haircare.it\/fr\/wp-json\/wp\/v2\/types\/product"}],"replies":[{"embeddable":true,"href":"https:\/\/www.professional-haircare.it\/fr\/wp-json\/wp\/v2\/comments?post=3955"}],"wp:featuredmedia":[{"embeddable":true,"href":"https:\/\/www.professional-haircare.it\/fr\/wp-json\/wp\/v2\/media\/6979"}],"wp:attachment":[{"href":"https:\/\/www.professional-haircare.it\/fr\/wp-json\/wp\/v2\/media?parent=3955"}],"wp:term":[{"taxonomy":"product_brand","embeddable":true,"href":"https:\/\/www.professional-haircare.it\/fr\/wp-json\/wp\/v2\/product_brand?post=3955"},{"taxonomy":"product_cat","embeddable":true,"href":"https:\/\/www.professional-haircare.it\/fr\/wp-json\/wp\/v2\/product_cat?post=3955"},{"taxonomy":"product_tag","embeddable":true,"href":"https:\/\/www.professional-haircare.it\/fr\/wp-json\/wp\/v2\/product_tag?post=3955"}],"curies":[{"name":"wp","href":"https:\/\/api.w.org\/{rel}","templated":true}]}}