{"id":3942,"date":"2015-06-30T16:15:35","date_gmt":"2015-06-30T14:15:35","guid":{"rendered":"https:\/\/www.professional-haircare.it\/products\/non%20class\u00e9\/professional-shampooing-peche-et-melon\/"},"modified":"2022-11-09T14:59:09","modified_gmt":"2022-11-09T13:59:09","slug":"professional-shampooing-peche-et-melon","status":"publish","type":"product","link":"https:\/\/www.professional-haircare.it\/fr\/products\/techniques\/salon-fr\/professional-shampooing-peche-et-melon\/","title":{"rendered":"Professional | Shampooing P\u00eache Et Melon"},"content":{"rendered":"","protected":false},"excerpt":{"rendered":"<p><strong>Shampooing P\u00eache et Melon<\/strong>\u00a0assure un nettoyage d\u00e9licat du cheveu, en associant l\u2019action de la p\u00eache et du melon pour produire une action<strong> s\u00e9bor\u00e9gulatrice<\/strong>. Id\u00e9al pour cheveux avec pellicules. Maxi format, pratique et avantageux.<\/p>\n<p>Bidon de 10 litres<\/p>\n","protected":false},"featured_media":4199,"comment_status":"closed","ping_status":"closed","template":"","meta":[],"product_brand":[],"product_cat":[684,681],"product_tag":[],"class_list":{"0":"post-3942","1":"product","2":"type-product","3":"status-publish","4":"has-post-thumbnail","6":"product_cat-salon-fr","7":"product_cat-techniques","9":"first","10":"instock","11":"shipping-taxable","12":"product-type-simple"},"yoast_head":"<!-- This site is optimized with the Yoast SEO plugin v26.8 - https:\/\/yoast.com\/product\/yoast-seo-wordpress\/ -->\n<title>Professional | Shampooing P\u00eache Et Melon<\/title>\n<meta name=\"description\" content=\"Shampooing P\u00eache et Melon\u00a0assure un nettoyage d\u00e9licat du cheveu, en associant l\u2019action de la p\u00eache et du melon pour produire une action s\u00e9bor\u00e9gulatrice.\" \/>\n<meta name=\"robots\" content=\"index, follow, max-snippet:-1, max-image-preview:large, max-video-preview:-1\" \/>\n<link rel=\"canonical\" href=\"https:\/\/www.professional-haircare.it\/fr\/products\/techniques\/salon-fr\/professional-shampooing-peche-et-melon\/\" \/>\n<meta property=\"og:locale\" content=\"fr_FR\" \/>\n<meta property=\"og:type\" content=\"article\" \/>\n<meta property=\"og:title\" content=\"Professional | Shampooing P\u00eache Et Melon\" \/>\n<meta property=\"og:description\" content=\"Shampooing P\u00eache et Melon\u00a0assure un nettoyage d\u00e9licat du cheveu, en associant l\u2019action de la p\u00eache et du melon pour produire une action s\u00e9bor\u00e9gulatrice.\" \/>\n<meta property=\"og:url\" content=\"https:\/\/www.professional-haircare.it\/fr\/products\/techniques\/salon-fr\/professional-shampooing-peche-et-melon\/\" \/>\n<meta property=\"og:site_name\" content=\"Professional Hair Care\" \/>\n<meta property=\"article:modified_time\" content=\"2022-11-09T13:59:09+00:00\" \/>\n<meta property=\"og:image\" content=\"https:\/\/professional-haircare.it\/wp-content\/uploads\/2015\/06\/forfora_10_l_shampoo.png\" \/>\n\t<meta property=\"og:image:width\" content=\"600\" \/>\n\t<meta property=\"og:image:height\" content=\"600\" \/>\n\t<meta property=\"og:image:type\" content=\"image\/png\" \/>\n<meta name=\"twitter:card\" content=\"summary_large_image\" \/>\n<script type=\"application\/ld+json\" class=\"yoast-schema-graph\">{\"@context\":\"https:\/\/schema.org\",\"@graph\":[{\"@type\":\"WebPage\",\"@id\":\"https:\/\/www.professional-haircare.it\/fr\/products\/techniques\/salon-fr\/professional-shampooing-peche-et-melon\/\",\"url\":\"https:\/\/www.professional-haircare.it\/fr\/products\/techniques\/salon-fr\/professional-shampooing-peche-et-melon\/\",\"name\":\"Professional | Shampooing P\u00eache Et Melon\",\"isPartOf\":{\"@id\":\"https:\/\/professional-haircare.it\/#website\"},\"primaryImageOfPage\":{\"@id\":\"https:\/\/www.professional-haircare.it\/fr\/products\/techniques\/salon-fr\/professional-shampooing-peche-et-melon\/#primaryimage\"},\"image\":{\"@id\":\"https:\/\/www.professional-haircare.it\/fr\/products\/techniques\/salon-fr\/professional-shampooing-peche-et-melon\/#primaryimage\"},\"thumbnailUrl\":\"https:\/\/www.professional-haircare.it\/wp-content\/uploads\/2015\/06\/14002_professional_peach_melon_shampoo_10lt.png\",\"datePublished\":\"2015-06-30T14:15:35+00:00\",\"dateModified\":\"2022-11-09T13:59:09+00:00\",\"description\":\"Shampooing P\u00eache et Melon\u00a0assure un nettoyage d\u00e9licat du cheveu, en associant l\u2019action de la p\u00eache et du melon pour produire une action s\u00e9bor\u00e9gulatrice.\",\"breadcrumb\":{\"@id\":\"https:\/\/www.professional-haircare.it\/fr\/products\/techniques\/salon-fr\/professional-shampooing-peche-et-melon\/#breadcrumb\"},\"inLanguage\":\"fr-FR\",\"potentialAction\":[{\"@type\":\"ReadAction\",\"target\":[\"https:\/\/www.professional-haircare.it\/fr\/products\/techniques\/salon-fr\/professional-shampooing-peche-et-melon\/\"]}]},{\"@type\":\"ImageObject\",\"inLanguage\":\"fr-FR\",\"@id\":\"https:\/\/www.professional-haircare.it\/fr\/products\/techniques\/salon-fr\/professional-shampooing-peche-et-melon\/#primaryimage\",\"url\":\"https:\/\/www.professional-haircare.it\/wp-content\/uploads\/2015\/06\/14002_professional_peach_melon_shampoo_10lt.png\",\"contentUrl\":\"https:\/\/www.professional-haircare.it\/wp-content\/uploads\/2015\/06\/14002_professional_peach_melon_shampoo_10lt.png\",\"width\":600,\"height\":600},{\"@type\":\"BreadcrumbList\",\"@id\":\"https:\/\/www.professional-haircare.it\/fr\/products\/techniques\/salon-fr\/professional-shampooing-peche-et-melon\/#breadcrumb\",\"itemListElement\":[{\"@type\":\"ListItem\",\"position\":1,\"name\":\"Home\",\"item\":\"https:\/\/professional-haircare.it\/fr\/\"},{\"@type\":\"ListItem\",\"position\":2,\"name\":\"Shop\",\"item\":\"https:\/\/professional-haircare.it\/shop\/\"},{\"@type\":\"ListItem\",\"position\":3,\"name\":\"Professional | Shampooing P\u00eache Et Melon\"}]},{\"@type\":\"WebSite\",\"@id\":\"https:\/\/professional-haircare.it\/#website\",\"url\":\"https:\/\/professional-haircare.it\/\",\"name\":\"Professional Hair Care\",\"description\":\"Hair Quality Solutions\",\"potentialAction\":[{\"@type\":\"SearchAction\",\"target\":{\"@type\":\"EntryPoint\",\"urlTemplate\":\"https:\/\/professional-haircare.it\/?s={search_term_string}\"},\"query-input\":{\"@type\":\"PropertyValueSpecification\",\"valueRequired\":true,\"valueName\":\"search_term_string\"}}],\"inLanguage\":\"fr-FR\"}]}<\/script>\n<!-- \/ Yoast SEO plugin. -->","yoast_head_json":{"title":"Professional | Shampooing P\u00eache Et Melon","description":"Shampooing P\u00eache et Melon\u00a0assure un nettoyage d\u00e9licat du cheveu, en associant l\u2019action de la p\u00eache et du melon pour produire une action s\u00e9bor\u00e9gulatrice.","robots":{"index":"index","follow":"follow","max-snippet":"max-snippet:-1","max-image-preview":"max-image-preview:large","max-video-preview":"max-video-preview:-1"},"canonical":"https:\/\/www.professional-haircare.it\/fr\/products\/techniques\/salon-fr\/professional-shampooing-peche-et-melon\/","og_locale":"fr_FR","og_type":"article","og_title":"Professional | Shampooing P\u00eache Et Melon","og_description":"Shampooing P\u00eache et Melon\u00a0assure un nettoyage d\u00e9licat du cheveu, en associant l\u2019action de la p\u00eache et du melon pour produire une action s\u00e9bor\u00e9gulatrice.","og_url":"https:\/\/www.professional-haircare.it\/fr\/products\/techniques\/salon-fr\/professional-shampooing-peche-et-melon\/","og_site_name":"Professional Hair Care","article_modified_time":"2022-11-09T13:59:09+00:00","og_image":[{"width":600,"height":600,"url":"https:\/\/professional-haircare.it\/wp-content\/uploads\/2015\/06\/forfora_10_l_shampoo.png","type":"image\/png"}],"twitter_card":"summary_large_image","schema":{"@context":"https:\/\/schema.org","@graph":[{"@type":"WebPage","@id":"https:\/\/www.professional-haircare.it\/fr\/products\/techniques\/salon-fr\/professional-shampooing-peche-et-melon\/","url":"https:\/\/www.professional-haircare.it\/fr\/products\/techniques\/salon-fr\/professional-shampooing-peche-et-melon\/","name":"Professional | Shampooing P\u00eache Et Melon","isPartOf":{"@id":"https:\/\/professional-haircare.it\/#website"},"primaryImageOfPage":{"@id":"https:\/\/www.professional-haircare.it\/fr\/products\/techniques\/salon-fr\/professional-shampooing-peche-et-melon\/#primaryimage"},"image":{"@id":"https:\/\/www.professional-haircare.it\/fr\/products\/techniques\/salon-fr\/professional-shampooing-peche-et-melon\/#primaryimage"},"thumbnailUrl":"https:\/\/www.professional-haircare.it\/wp-content\/uploads\/2015\/06\/14002_professional_peach_melon_shampoo_10lt.png","datePublished":"2015-06-30T14:15:35+00:00","dateModified":"2022-11-09T13:59:09+00:00","description":"Shampooing P\u00eache et Melon\u00a0assure un nettoyage d\u00e9licat du cheveu, en associant l\u2019action de la p\u00eache et du melon pour produire une action s\u00e9bor\u00e9gulatrice.","breadcrumb":{"@id":"https:\/\/www.professional-haircare.it\/fr\/products\/techniques\/salon-fr\/professional-shampooing-peche-et-melon\/#breadcrumb"},"inLanguage":"fr-FR","potentialAction":[{"@type":"ReadAction","target":["https:\/\/www.professional-haircare.it\/fr\/products\/techniques\/salon-fr\/professional-shampooing-peche-et-melon\/"]}]},{"@type":"ImageObject","inLanguage":"fr-FR","@id":"https:\/\/www.professional-haircare.it\/fr\/products\/techniques\/salon-fr\/professional-shampooing-peche-et-melon\/#primaryimage","url":"https:\/\/www.professional-haircare.it\/wp-content\/uploads\/2015\/06\/14002_professional_peach_melon_shampoo_10lt.png","contentUrl":"https:\/\/www.professional-haircare.it\/wp-content\/uploads\/2015\/06\/14002_professional_peach_melon_shampoo_10lt.png","width":600,"height":600},{"@type":"BreadcrumbList","@id":"https:\/\/www.professional-haircare.it\/fr\/products\/techniques\/salon-fr\/professional-shampooing-peche-et-melon\/#breadcrumb","itemListElement":[{"@type":"ListItem","position":1,"name":"Home","item":"https:\/\/professional-haircare.it\/fr\/"},{"@type":"ListItem","position":2,"name":"Shop","item":"https:\/\/professional-haircare.it\/shop\/"},{"@type":"ListItem","position":3,"name":"Professional | Shampooing P\u00eache Et Melon"}]},{"@type":"WebSite","@id":"https:\/\/professional-haircare.it\/#website","url":"https:\/\/professional-haircare.it\/","name":"Professional Hair Care","description":"Hair Quality Solutions","potentialAction":[{"@type":"SearchAction","target":{"@type":"EntryPoint","urlTemplate":"https:\/\/professional-haircare.it\/?s={search_term_string}"},"query-input":{"@type":"PropertyValueSpecification","valueRequired":true,"valueName":"search_term_string"}}],"inLanguage":"fr-FR"}]}},"_links":{"self":[{"href":"https:\/\/www.professional-haircare.it\/fr\/wp-json\/wp\/v2\/product\/3942","targetHints":{"allow":["GET"]}}],"collection":[{"href":"https:\/\/www.professional-haircare.it\/fr\/wp-json\/wp\/v2\/product"}],"about":[{"href":"https:\/\/www.professional-haircare.it\/fr\/wp-json\/wp\/v2\/types\/product"}],"replies":[{"embeddable":true,"href":"https:\/\/www.professional-haircare.it\/fr\/wp-json\/wp\/v2\/comments?post=3942"}],"wp:featuredmedia":[{"embeddable":true,"href":"https:\/\/www.professional-haircare.it\/fr\/wp-json\/wp\/v2\/media\/4199"}],"wp:attachment":[{"href":"https:\/\/www.professional-haircare.it\/fr\/wp-json\/wp\/v2\/media?parent=3942"}],"wp:term":[{"taxonomy":"product_brand","embeddable":true,"href":"https:\/\/www.professional-haircare.it\/fr\/wp-json\/wp\/v2\/product_brand?post=3942"},{"taxonomy":"product_cat","embeddable":true,"href":"https:\/\/www.professional-haircare.it\/fr\/wp-json\/wp\/v2\/product_cat?post=3942"},{"taxonomy":"product_tag","embeddable":true,"href":"https:\/\/www.professional-haircare.it\/fr\/wp-json\/wp\/v2\/product_tag?post=3942"}],"curies":[{"name":"wp","href":"https:\/\/api.w.org\/{rel}","templated":true}]}}