{"id":3938,"date":"2015-06-30T16:22:35","date_gmt":"2015-06-30T14:22:35","guid":{"rendered":"https:\/\/www.professional-haircare.it\/products\/non class\u00e9\/decolorvit-boite-de-24-sachets\/"},"modified":"2015-06-30T16:22:35","modified_gmt":"2015-06-30T14:22:35","slug":"decolorvit-boite-de-24-sachets","status":"publish","type":"product","link":"https:\/\/www.professional-haircare.it\/fr\/products\/techniques\/bleaching-fr\/decolorvit-boite-de-24-sachets\/","title":{"rendered":"Decolorvit | Bo\u00eete De 24 Sachets"},"content":{"rendered":"","protected":false},"excerpt":{"rendered":"<p><strong>Decolorvit poudre d\u00e9colorante rapide<\/strong>, indiqu\u00e9e pour des\u00a0<strong>\u00e9claircissements <\/strong>intenses et progressifs<strong> jusqu\u2019\u00e0 7\/8 tons<\/strong>. Id\u00e9ale pour les techniques de balayage au papier d\u2019aluminium. N\u2019agresse pas la fibre. Bo\u00eete de 24 sachets monodoses, avec formulation concentr\u00e9e.<\/p>\n<p>Usage professionnel<\/p>\n<p>Bo\u00eete de 24 sachets monodoses de 25 gr<\/p>\n<p>&nbsp;<\/p>\n","protected":false},"featured_media":3939,"comment_status":"closed","ping_status":"closed","template":"","meta":[],"product_brand":[],"product_cat":[682,681],"product_tag":[],"class_list":{"0":"post-3938","1":"product","2":"type-product","3":"status-publish","4":"has-post-thumbnail","6":"product_cat-bleaching-fr","7":"product_cat-techniques","9":"first","10":"instock","11":"shipping-taxable","12":"product-type-simple"},"yoast_head":"<!-- This site is optimized with the Yoast SEO plugin v26.8 - https:\/\/yoast.com\/product\/yoast-seo-wordpress\/ -->\n<title>Decolorvit | Bo\u00eete De 24 Sachets<\/title>\n<meta name=\"description\" content=\"Decolorvit poudre d\u00e9colorante rapide, indiqu\u00e9e pour des\u00a0\u00e9claircissements intenses et progressifs jusqu\u2019\u00e0 7\/8 tons.\" \/>\n<meta name=\"robots\" content=\"index, follow, max-snippet:-1, max-image-preview:large, max-video-preview:-1\" \/>\n<link rel=\"canonical\" href=\"https:\/\/www.professional-haircare.it\/fr\/products\/techniques\/bleaching-fr\/decolorvit-boite-de-24-sachets\/\" \/>\n<meta property=\"og:locale\" content=\"fr_FR\" \/>\n<meta property=\"og:type\" content=\"article\" \/>\n<meta property=\"og:title\" content=\"Decolorvit | Bo\u00eete De 24 Sachets\" \/>\n<meta property=\"og:description\" content=\"Decolorvit poudre d\u00e9colorante rapide, indiqu\u00e9e pour des\u00a0\u00e9claircissements intenses et progressifs jusqu\u2019\u00e0 7\/8 tons.\" \/>\n<meta property=\"og:url\" content=\"https:\/\/www.professional-haircare.it\/fr\/products\/techniques\/bleaching-fr\/decolorvit-boite-de-24-sachets\/\" \/>\n<meta property=\"og:site_name\" content=\"Professional Hair Care\" \/>\n<meta property=\"og:image\" content=\"https:\/\/professional-haircare.it\/wp-content\/uploads\/2018\/05\/professional_decolorvit_bleching_powder_bustine.png\" \/>\n\t<meta property=\"og:image:width\" content=\"600\" \/>\n\t<meta property=\"og:image:height\" content=\"600\" \/>\n\t<meta property=\"og:image:type\" content=\"image\/png\" \/>\n<meta name=\"twitter:card\" content=\"summary_large_image\" \/>\n<script type=\"application\/ld+json\" class=\"yoast-schema-graph\">{\"@context\":\"https:\/\/schema.org\",\"@graph\":[{\"@type\":\"WebPage\",\"@id\":\"https:\/\/www.professional-haircare.it\/fr\/products\/techniques\/bleaching-fr\/decolorvit-boite-de-24-sachets\/\",\"url\":\"https:\/\/www.professional-haircare.it\/fr\/products\/techniques\/bleaching-fr\/decolorvit-boite-de-24-sachets\/\",\"name\":\"Decolorvit | Bo\u00eete De 24 Sachets\",\"isPartOf\":{\"@id\":\"https:\/\/professional-haircare.it\/#website\"},\"primaryImageOfPage\":{\"@id\":\"https:\/\/www.professional-haircare.it\/fr\/products\/techniques\/bleaching-fr\/decolorvit-boite-de-24-sachets\/#primaryimage\"},\"image\":{\"@id\":\"https:\/\/www.professional-haircare.it\/fr\/products\/techniques\/bleaching-fr\/decolorvit-boite-de-24-sachets\/#primaryimage\"},\"thumbnailUrl\":\"https:\/\/www.professional-haircare.it\/wp-content\/uploads\/2018\/05\/professional_decolorvit_bleching_powder_bustine.png\",\"datePublished\":\"2015-06-30T14:22:35+00:00\",\"description\":\"Decolorvit poudre d\u00e9colorante rapide, indiqu\u00e9e pour des\u00a0\u00e9claircissements intenses et progressifs jusqu\u2019\u00e0 7\/8 tons.\",\"breadcrumb\":{\"@id\":\"https:\/\/www.professional-haircare.it\/fr\/products\/techniques\/bleaching-fr\/decolorvit-boite-de-24-sachets\/#breadcrumb\"},\"inLanguage\":\"fr-FR\",\"potentialAction\":[{\"@type\":\"ReadAction\",\"target\":[\"https:\/\/www.professional-haircare.it\/fr\/products\/techniques\/bleaching-fr\/decolorvit-boite-de-24-sachets\/\"]}]},{\"@type\":\"ImageObject\",\"inLanguage\":\"fr-FR\",\"@id\":\"https:\/\/www.professional-haircare.it\/fr\/products\/techniques\/bleaching-fr\/decolorvit-boite-de-24-sachets\/#primaryimage\",\"url\":\"https:\/\/www.professional-haircare.it\/wp-content\/uploads\/2018\/05\/professional_decolorvit_bleching_powder_bustine.png\",\"contentUrl\":\"https:\/\/www.professional-haircare.it\/wp-content\/uploads\/2018\/05\/professional_decolorvit_bleching_powder_bustine.png\",\"width\":600,\"height\":600},{\"@type\":\"BreadcrumbList\",\"@id\":\"https:\/\/www.professional-haircare.it\/fr\/products\/techniques\/bleaching-fr\/decolorvit-boite-de-24-sachets\/#breadcrumb\",\"itemListElement\":[{\"@type\":\"ListItem\",\"position\":1,\"name\":\"Home\",\"item\":\"https:\/\/professional-haircare.it\/fr\/\"},{\"@type\":\"ListItem\",\"position\":2,\"name\":\"Shop\",\"item\":\"https:\/\/professional-haircare.it\/shop\/\"},{\"@type\":\"ListItem\",\"position\":3,\"name\":\"Decolorvit | Bo\u00eete De 24 Sachets\"}]},{\"@type\":\"WebSite\",\"@id\":\"https:\/\/professional-haircare.it\/#website\",\"url\":\"https:\/\/professional-haircare.it\/\",\"name\":\"Professional Hair Care\",\"description\":\"Hair Quality Solutions\",\"potentialAction\":[{\"@type\":\"SearchAction\",\"target\":{\"@type\":\"EntryPoint\",\"urlTemplate\":\"https:\/\/professional-haircare.it\/?s={search_term_string}\"},\"query-input\":{\"@type\":\"PropertyValueSpecification\",\"valueRequired\":true,\"valueName\":\"search_term_string\"}}],\"inLanguage\":\"fr-FR\"}]}<\/script>\n<!-- \/ Yoast SEO plugin. -->","yoast_head_json":{"title":"Decolorvit | Bo\u00eete De 24 Sachets","description":"Decolorvit poudre d\u00e9colorante rapide, indiqu\u00e9e pour des\u00a0\u00e9claircissements intenses et progressifs jusqu\u2019\u00e0 7\/8 tons.","robots":{"index":"index","follow":"follow","max-snippet":"max-snippet:-1","max-image-preview":"max-image-preview:large","max-video-preview":"max-video-preview:-1"},"canonical":"https:\/\/www.professional-haircare.it\/fr\/products\/techniques\/bleaching-fr\/decolorvit-boite-de-24-sachets\/","og_locale":"fr_FR","og_type":"article","og_title":"Decolorvit | Bo\u00eete De 24 Sachets","og_description":"Decolorvit poudre d\u00e9colorante rapide, indiqu\u00e9e pour des\u00a0\u00e9claircissements intenses et progressifs jusqu\u2019\u00e0 7\/8 tons.","og_url":"https:\/\/www.professional-haircare.it\/fr\/products\/techniques\/bleaching-fr\/decolorvit-boite-de-24-sachets\/","og_site_name":"Professional Hair Care","og_image":[{"width":600,"height":600,"url":"https:\/\/professional-haircare.it\/wp-content\/uploads\/2018\/05\/professional_decolorvit_bleching_powder_bustine.png","type":"image\/png"}],"twitter_card":"summary_large_image","schema":{"@context":"https:\/\/schema.org","@graph":[{"@type":"WebPage","@id":"https:\/\/www.professional-haircare.it\/fr\/products\/techniques\/bleaching-fr\/decolorvit-boite-de-24-sachets\/","url":"https:\/\/www.professional-haircare.it\/fr\/products\/techniques\/bleaching-fr\/decolorvit-boite-de-24-sachets\/","name":"Decolorvit | Bo\u00eete De 24 Sachets","isPartOf":{"@id":"https:\/\/professional-haircare.it\/#website"},"primaryImageOfPage":{"@id":"https:\/\/www.professional-haircare.it\/fr\/products\/techniques\/bleaching-fr\/decolorvit-boite-de-24-sachets\/#primaryimage"},"image":{"@id":"https:\/\/www.professional-haircare.it\/fr\/products\/techniques\/bleaching-fr\/decolorvit-boite-de-24-sachets\/#primaryimage"},"thumbnailUrl":"https:\/\/www.professional-haircare.it\/wp-content\/uploads\/2018\/05\/professional_decolorvit_bleching_powder_bustine.png","datePublished":"2015-06-30T14:22:35+00:00","description":"Decolorvit poudre d\u00e9colorante rapide, indiqu\u00e9e pour des\u00a0\u00e9claircissements intenses et progressifs jusqu\u2019\u00e0 7\/8 tons.","breadcrumb":{"@id":"https:\/\/www.professional-haircare.it\/fr\/products\/techniques\/bleaching-fr\/decolorvit-boite-de-24-sachets\/#breadcrumb"},"inLanguage":"fr-FR","potentialAction":[{"@type":"ReadAction","target":["https:\/\/www.professional-haircare.it\/fr\/products\/techniques\/bleaching-fr\/decolorvit-boite-de-24-sachets\/"]}]},{"@type":"ImageObject","inLanguage":"fr-FR","@id":"https:\/\/www.professional-haircare.it\/fr\/products\/techniques\/bleaching-fr\/decolorvit-boite-de-24-sachets\/#primaryimage","url":"https:\/\/www.professional-haircare.it\/wp-content\/uploads\/2018\/05\/professional_decolorvit_bleching_powder_bustine.png","contentUrl":"https:\/\/www.professional-haircare.it\/wp-content\/uploads\/2018\/05\/professional_decolorvit_bleching_powder_bustine.png","width":600,"height":600},{"@type":"BreadcrumbList","@id":"https:\/\/www.professional-haircare.it\/fr\/products\/techniques\/bleaching-fr\/decolorvit-boite-de-24-sachets\/#breadcrumb","itemListElement":[{"@type":"ListItem","position":1,"name":"Home","item":"https:\/\/professional-haircare.it\/fr\/"},{"@type":"ListItem","position":2,"name":"Shop","item":"https:\/\/professional-haircare.it\/shop\/"},{"@type":"ListItem","position":3,"name":"Decolorvit | Bo\u00eete De 24 Sachets"}]},{"@type":"WebSite","@id":"https:\/\/professional-haircare.it\/#website","url":"https:\/\/professional-haircare.it\/","name":"Professional Hair Care","description":"Hair Quality Solutions","potentialAction":[{"@type":"SearchAction","target":{"@type":"EntryPoint","urlTemplate":"https:\/\/professional-haircare.it\/?s={search_term_string}"},"query-input":{"@type":"PropertyValueSpecification","valueRequired":true,"valueName":"search_term_string"}}],"inLanguage":"fr-FR"}]}},"_links":{"self":[{"href":"https:\/\/www.professional-haircare.it\/fr\/wp-json\/wp\/v2\/product\/3938","targetHints":{"allow":["GET"]}}],"collection":[{"href":"https:\/\/www.professional-haircare.it\/fr\/wp-json\/wp\/v2\/product"}],"about":[{"href":"https:\/\/www.professional-haircare.it\/fr\/wp-json\/wp\/v2\/types\/product"}],"replies":[{"embeddable":true,"href":"https:\/\/www.professional-haircare.it\/fr\/wp-json\/wp\/v2\/comments?post=3938"}],"wp:featuredmedia":[{"embeddable":true,"href":"https:\/\/www.professional-haircare.it\/fr\/wp-json\/wp\/v2\/media\/3939"}],"wp:attachment":[{"href":"https:\/\/www.professional-haircare.it\/fr\/wp-json\/wp\/v2\/media?parent=3938"}],"wp:term":[{"taxonomy":"product_brand","embeddable":true,"href":"https:\/\/www.professional-haircare.it\/fr\/wp-json\/wp\/v2\/product_brand?post=3938"},{"taxonomy":"product_cat","embeddable":true,"href":"https:\/\/www.professional-haircare.it\/fr\/wp-json\/wp\/v2\/product_cat?post=3938"},{"taxonomy":"product_tag","embeddable":true,"href":"https:\/\/www.professional-haircare.it\/fr\/wp-json\/wp\/v2\/product_tag?post=3938"}],"curies":[{"name":"wp","href":"https:\/\/api.w.org\/{rel}","templated":true}]}}