{"id":3924,"date":"2015-06-30T17:31:25","date_gmt":"2015-06-30T15:31:25","guid":{"rendered":"https:\/\/www.professional-haircare.it\/products\/non%20class\u00e9\/professional-color-clean-detachant-epidermique\/"},"modified":"2025-02-24T10:37:21","modified_gmt":"2025-02-24T09:37:21","slug":"professional-clean-vit-detachant-epidermique","status":"publish","type":"product","link":"https:\/\/www.professional-haircare.it\/fr\/products\/techniques\/texture-fr\/professional-clean-vit-detachant-epidermique\/","title":{"rendered":"Professional | Clean Vit \u2013 D\u00e9tachant \u00e9pidermique"},"content":{"rendered":"","protected":false},"excerpt":{"rendered":"<p><strong>Clean Vit<\/strong> d\u00e9tachant \u00e9pidermique universel liquide. <strong>Il \u00e9limine d\u00e9licatement les r\u00e9sidus de m\u00e9lange colorant<\/strong> et les \u00e9ventuelles taches sur la peau dues \u00e0 la coloration. Formule puissante \u00e0 la <strong>Vitamine E et Om\u00e9ga 9<\/strong>.<\/p>\n<p>Utilisation professionnelle<\/p>\n<p>Flacon de 200 ml<\/p>\n","protected":false},"featured_media":6994,"comment_status":"closed","ping_status":"closed","template":"","meta":[],"product_brand":[],"product_cat":[681,685],"product_tag":[],"class_list":{"0":"post-3924","1":"product","2":"type-product","3":"status-publish","4":"has-post-thumbnail","6":"product_cat-techniques","7":"product_cat-texture-fr","9":"first","10":"instock","11":"shipping-taxable","12":"product-type-simple"},"yoast_head":"<!-- This site is optimized with the Yoast SEO plugin v26.8 - https:\/\/yoast.com\/product\/yoast-seo-wordpress\/ -->\n<title>Professional | Clean Vit \u2013 D\u00e9tachant \u00e9pidermique<\/title>\n<meta name=\"description\" content=\"Clean Vit d\u00e9tachant \u00e9pidermique universel liquide. Il \u00e9limine d\u00e9licatement les r\u00e9sidus de m\u00e9lange colorant\" \/>\n<meta name=\"robots\" content=\"index, follow, max-snippet:-1, max-image-preview:large, max-video-preview:-1\" \/>\n<link rel=\"canonical\" href=\"https:\/\/www.professional-haircare.it\/fr\/products\/techniques\/texture-fr\/professional-clean-vit-detachant-epidermique\/\" \/>\n<meta property=\"og:locale\" content=\"fr_FR\" \/>\n<meta property=\"og:type\" content=\"article\" \/>\n<meta property=\"og:title\" content=\"Professional | Clean Vit \u2013 D\u00e9tachant \u00e9pidermique\" \/>\n<meta property=\"og:description\" content=\"Clean Vit d\u00e9tachant \u00e9pidermique universel liquide. Il \u00e9limine d\u00e9licatement les r\u00e9sidus de m\u00e9lange colorant\" \/>\n<meta property=\"og:url\" content=\"https:\/\/www.professional-haircare.it\/fr\/products\/techniques\/texture-fr\/professional-clean-vit-detachant-epidermique\/\" \/>\n<meta property=\"og:site_name\" content=\"Professional Hair Care\" \/>\n<meta property=\"article:modified_time\" content=\"2025-02-24T09:37:21+00:00\" \/>\n<meta property=\"og:image\" content=\"https:\/\/professional-haircare.it\/wp-content\/uploads\/2025\/02\/11020_professional_clean_vit_200ml.png\" \/>\n\t<meta property=\"og:image:width\" content=\"800\" \/>\n\t<meta property=\"og:image:height\" content=\"800\" \/>\n\t<meta property=\"og:image:type\" content=\"image\/png\" \/>\n<meta name=\"twitter:card\" content=\"summary_large_image\" \/>\n<meta name=\"twitter:label1\" content=\"Dur\u00e9e de lecture estim\u00e9e\" \/>\n\t<meta name=\"twitter:data1\" content=\"1 minute\" \/>\n<script type=\"application\/ld+json\" class=\"yoast-schema-graph\">{\"@context\":\"https:\/\/schema.org\",\"@graph\":[{\"@type\":\"WebPage\",\"@id\":\"https:\/\/www.professional-haircare.it\/fr\/products\/techniques\/texture-fr\/professional-clean-vit-detachant-epidermique\/\",\"url\":\"https:\/\/www.professional-haircare.it\/fr\/products\/techniques\/texture-fr\/professional-clean-vit-detachant-epidermique\/\",\"name\":\"Professional | Clean Vit \u2013 D\u00e9tachant \u00e9pidermique\",\"isPartOf\":{\"@id\":\"https:\/\/professional-haircare.it\/#website\"},\"primaryImageOfPage\":{\"@id\":\"https:\/\/www.professional-haircare.it\/fr\/products\/techniques\/texture-fr\/professional-clean-vit-detachant-epidermique\/#primaryimage\"},\"image\":{\"@id\":\"https:\/\/www.professional-haircare.it\/fr\/products\/techniques\/texture-fr\/professional-clean-vit-detachant-epidermique\/#primaryimage\"},\"thumbnailUrl\":\"https:\/\/www.professional-haircare.it\/wp-content\/uploads\/2025\/02\/11020_professional_clean_vit_200ml.png\",\"datePublished\":\"2015-06-30T15:31:25+00:00\",\"dateModified\":\"2025-02-24T09:37:21+00:00\",\"description\":\"Clean Vit d\u00e9tachant \u00e9pidermique universel liquide. Il \u00e9limine d\u00e9licatement les r\u00e9sidus de m\u00e9lange colorant\",\"breadcrumb\":{\"@id\":\"https:\/\/www.professional-haircare.it\/fr\/products\/techniques\/texture-fr\/professional-clean-vit-detachant-epidermique\/#breadcrumb\"},\"inLanguage\":\"fr-FR\",\"potentialAction\":[{\"@type\":\"ReadAction\",\"target\":[\"https:\/\/www.professional-haircare.it\/fr\/products\/techniques\/texture-fr\/professional-clean-vit-detachant-epidermique\/\"]}]},{\"@type\":\"ImageObject\",\"inLanguage\":\"fr-FR\",\"@id\":\"https:\/\/www.professional-haircare.it\/fr\/products\/techniques\/texture-fr\/professional-clean-vit-detachant-epidermique\/#primaryimage\",\"url\":\"https:\/\/www.professional-haircare.it\/wp-content\/uploads\/2025\/02\/11020_professional_clean_vit_200ml.png\",\"contentUrl\":\"https:\/\/www.professional-haircare.it\/wp-content\/uploads\/2025\/02\/11020_professional_clean_vit_200ml.png\",\"width\":800,\"height\":800},{\"@type\":\"BreadcrumbList\",\"@id\":\"https:\/\/www.professional-haircare.it\/fr\/products\/techniques\/texture-fr\/professional-clean-vit-detachant-epidermique\/#breadcrumb\",\"itemListElement\":[{\"@type\":\"ListItem\",\"position\":1,\"name\":\"Home\",\"item\":\"https:\/\/professional-haircare.it\/fr\/\"},{\"@type\":\"ListItem\",\"position\":2,\"name\":\"Shop\",\"item\":\"https:\/\/professional-haircare.it\/shop\/\"},{\"@type\":\"ListItem\",\"position\":3,\"name\":\"Professional | Clean Vit \u2013 D\u00e9tachant \u00e9pidermique\"}]},{\"@type\":\"WebSite\",\"@id\":\"https:\/\/professional-haircare.it\/#website\",\"url\":\"https:\/\/professional-haircare.it\/\",\"name\":\"Professional Hair Care\",\"description\":\"Hair Quality Solutions\",\"potentialAction\":[{\"@type\":\"SearchAction\",\"target\":{\"@type\":\"EntryPoint\",\"urlTemplate\":\"https:\/\/professional-haircare.it\/?s={search_term_string}\"},\"query-input\":{\"@type\":\"PropertyValueSpecification\",\"valueRequired\":true,\"valueName\":\"search_term_string\"}}],\"inLanguage\":\"fr-FR\"}]}<\/script>\n<!-- \/ Yoast SEO plugin. -->","yoast_head_json":{"title":"Professional | Clean Vit \u2013 D\u00e9tachant \u00e9pidermique","description":"Clean Vit d\u00e9tachant \u00e9pidermique universel liquide. Il \u00e9limine d\u00e9licatement les r\u00e9sidus de m\u00e9lange colorant","robots":{"index":"index","follow":"follow","max-snippet":"max-snippet:-1","max-image-preview":"max-image-preview:large","max-video-preview":"max-video-preview:-1"},"canonical":"https:\/\/www.professional-haircare.it\/fr\/products\/techniques\/texture-fr\/professional-clean-vit-detachant-epidermique\/","og_locale":"fr_FR","og_type":"article","og_title":"Professional | Clean Vit \u2013 D\u00e9tachant \u00e9pidermique","og_description":"Clean Vit d\u00e9tachant \u00e9pidermique universel liquide. Il \u00e9limine d\u00e9licatement les r\u00e9sidus de m\u00e9lange colorant","og_url":"https:\/\/www.professional-haircare.it\/fr\/products\/techniques\/texture-fr\/professional-clean-vit-detachant-epidermique\/","og_site_name":"Professional Hair Care","article_modified_time":"2025-02-24T09:37:21+00:00","og_image":[{"width":800,"height":800,"url":"https:\/\/professional-haircare.it\/wp-content\/uploads\/2025\/02\/11020_professional_clean_vit_200ml.png","type":"image\/png"}],"twitter_card":"summary_large_image","twitter_misc":{"Dur\u00e9e de lecture estim\u00e9e":"1 minute"},"schema":{"@context":"https:\/\/schema.org","@graph":[{"@type":"WebPage","@id":"https:\/\/www.professional-haircare.it\/fr\/products\/techniques\/texture-fr\/professional-clean-vit-detachant-epidermique\/","url":"https:\/\/www.professional-haircare.it\/fr\/products\/techniques\/texture-fr\/professional-clean-vit-detachant-epidermique\/","name":"Professional | Clean Vit \u2013 D\u00e9tachant \u00e9pidermique","isPartOf":{"@id":"https:\/\/professional-haircare.it\/#website"},"primaryImageOfPage":{"@id":"https:\/\/www.professional-haircare.it\/fr\/products\/techniques\/texture-fr\/professional-clean-vit-detachant-epidermique\/#primaryimage"},"image":{"@id":"https:\/\/www.professional-haircare.it\/fr\/products\/techniques\/texture-fr\/professional-clean-vit-detachant-epidermique\/#primaryimage"},"thumbnailUrl":"https:\/\/www.professional-haircare.it\/wp-content\/uploads\/2025\/02\/11020_professional_clean_vit_200ml.png","datePublished":"2015-06-30T15:31:25+00:00","dateModified":"2025-02-24T09:37:21+00:00","description":"Clean Vit d\u00e9tachant \u00e9pidermique universel liquide. Il \u00e9limine d\u00e9licatement les r\u00e9sidus de m\u00e9lange colorant","breadcrumb":{"@id":"https:\/\/www.professional-haircare.it\/fr\/products\/techniques\/texture-fr\/professional-clean-vit-detachant-epidermique\/#breadcrumb"},"inLanguage":"fr-FR","potentialAction":[{"@type":"ReadAction","target":["https:\/\/www.professional-haircare.it\/fr\/products\/techniques\/texture-fr\/professional-clean-vit-detachant-epidermique\/"]}]},{"@type":"ImageObject","inLanguage":"fr-FR","@id":"https:\/\/www.professional-haircare.it\/fr\/products\/techniques\/texture-fr\/professional-clean-vit-detachant-epidermique\/#primaryimage","url":"https:\/\/www.professional-haircare.it\/wp-content\/uploads\/2025\/02\/11020_professional_clean_vit_200ml.png","contentUrl":"https:\/\/www.professional-haircare.it\/wp-content\/uploads\/2025\/02\/11020_professional_clean_vit_200ml.png","width":800,"height":800},{"@type":"BreadcrumbList","@id":"https:\/\/www.professional-haircare.it\/fr\/products\/techniques\/texture-fr\/professional-clean-vit-detachant-epidermique\/#breadcrumb","itemListElement":[{"@type":"ListItem","position":1,"name":"Home","item":"https:\/\/professional-haircare.it\/fr\/"},{"@type":"ListItem","position":2,"name":"Shop","item":"https:\/\/professional-haircare.it\/shop\/"},{"@type":"ListItem","position":3,"name":"Professional | Clean Vit \u2013 D\u00e9tachant \u00e9pidermique"}]},{"@type":"WebSite","@id":"https:\/\/professional-haircare.it\/#website","url":"https:\/\/professional-haircare.it\/","name":"Professional Hair Care","description":"Hair Quality Solutions","potentialAction":[{"@type":"SearchAction","target":{"@type":"EntryPoint","urlTemplate":"https:\/\/professional-haircare.it\/?s={search_term_string}"},"query-input":{"@type":"PropertyValueSpecification","valueRequired":true,"valueName":"search_term_string"}}],"inLanguage":"fr-FR"}]}},"_links":{"self":[{"href":"https:\/\/www.professional-haircare.it\/fr\/wp-json\/wp\/v2\/product\/3924","targetHints":{"allow":["GET"]}}],"collection":[{"href":"https:\/\/www.professional-haircare.it\/fr\/wp-json\/wp\/v2\/product"}],"about":[{"href":"https:\/\/www.professional-haircare.it\/fr\/wp-json\/wp\/v2\/types\/product"}],"replies":[{"embeddable":true,"href":"https:\/\/www.professional-haircare.it\/fr\/wp-json\/wp\/v2\/comments?post=3924"}],"wp:featuredmedia":[{"embeddable":true,"href":"https:\/\/www.professional-haircare.it\/fr\/wp-json\/wp\/v2\/media\/6994"}],"wp:attachment":[{"href":"https:\/\/www.professional-haircare.it\/fr\/wp-json\/wp\/v2\/media?parent=3924"}],"wp:term":[{"taxonomy":"product_brand","embeddable":true,"href":"https:\/\/www.professional-haircare.it\/fr\/wp-json\/wp\/v2\/product_brand?post=3924"},{"taxonomy":"product_cat","embeddable":true,"href":"https:\/\/www.professional-haircare.it\/fr\/wp-json\/wp\/v2\/product_cat?post=3924"},{"taxonomy":"product_tag","embeddable":true,"href":"https:\/\/www.professional-haircare.it\/fr\/wp-json\/wp\/v2\/product_tag?post=3924"}],"curies":[{"name":"wp","href":"https:\/\/api.w.org\/{rel}","templated":true}]}}