{"id":3906,"date":"2015-06-29T15:22:26","date_gmt":"2015-06-29T13:22:26","guid":{"rendered":"https:\/\/www.professional-haircare.it\/products\/non%20class\u00e9\/x-mode-elastic-mousse\/"},"modified":"2024-04-17T14:48:53","modified_gmt":"2024-04-17T12:48:53","slug":"x-mode-elastic-boost","status":"publish","type":"product","link":"https:\/\/www.professional-haircare.it\/fr\/products\/finishing-fr\/mousse-fr\/x-mode-elastic-boost\/","title":{"rendered":"X-Mode | Elastic Boost"},"content":{"rendered":"","protected":false},"excerpt":{"rendered":"<p><strong>X-Mode Elastic Boost<\/strong>\u00a0sans rin\u00e7age \u00e0 haute d\u00e9finition, id\u00e9ale pour boucles naturelles et permanent\u00e9es. Elle se distingue par une tenue l\u00e9g\u00e8re et \u00e9limine l\u2019effet cr\u00e9pu, rendant les cheveux boucl\u00e9s \u00e9lastiques et lumineux. Sans paraben.<\/p>\n<p>Usage professionnel<\/p>\n<p>Bouteille de 300 ml<\/p>\n","protected":false},"featured_media":6855,"comment_status":"closed","ping_status":"closed","template":"","meta":[],"product_brand":[],"product_cat":[676,678],"product_tag":[],"class_list":{"0":"post-3906","1":"product","2":"type-product","3":"status-publish","4":"has-post-thumbnail","6":"product_cat-finishing-fr","7":"product_cat-mousse-fr","9":"first","10":"instock","11":"shipping-taxable","12":"product-type-simple"},"yoast_head":"<!-- This site is optimized with the Yoast SEO plugin v26.8 - https:\/\/yoast.com\/product\/yoast-seo-wordpress\/ -->\n<title>X-Mode | Elastic Boost<\/title>\n<meta name=\"description\" content=\"X-Mode Elastic Boost sans rin\u00e7age \u00e0 haute d\u00e9finition, id\u00e9ale pour boucles naturelles et permanent\u00e9es.\" \/>\n<meta name=\"robots\" content=\"index, follow, max-snippet:-1, max-image-preview:large, max-video-preview:-1\" \/>\n<link rel=\"canonical\" href=\"https:\/\/www.professional-haircare.it\/fr\/products\/finishing-fr\/mousse-fr\/x-mode-elastic-boost\/\" \/>\n<meta property=\"og:locale\" content=\"fr_FR\" \/>\n<meta property=\"og:type\" content=\"article\" \/>\n<meta property=\"og:title\" content=\"X-Mode | Elastic Boost\" \/>\n<meta property=\"og:description\" content=\"X-Mode Elastic Boost sans rin\u00e7age \u00e0 haute d\u00e9finition, id\u00e9ale pour boucles naturelles et permanent\u00e9es.\" \/>\n<meta property=\"og:url\" content=\"https:\/\/www.professional-haircare.it\/fr\/products\/finishing-fr\/mousse-fr\/x-mode-elastic-boost\/\" \/>\n<meta property=\"og:site_name\" content=\"Professional Hair Care\" \/>\n<meta property=\"article:modified_time\" content=\"2024-04-17T12:48:53+00:00\" \/>\n<meta property=\"og:image\" content=\"https:\/\/professional-haircare.it\/wp-content\/uploads\/2024\/04\/13029_professional_x_mode_elastic_boost_300ml.png\" \/>\n\t<meta property=\"og:image:width\" content=\"800\" \/>\n\t<meta property=\"og:image:height\" content=\"800\" \/>\n\t<meta property=\"og:image:type\" content=\"image\/png\" \/>\n<meta name=\"twitter:card\" content=\"summary_large_image\" \/>\n<script type=\"application\/ld+json\" class=\"yoast-schema-graph\">{\"@context\":\"https:\/\/schema.org\",\"@graph\":[{\"@type\":\"WebPage\",\"@id\":\"https:\/\/www.professional-haircare.it\/fr\/products\/finishing-fr\/mousse-fr\/x-mode-elastic-boost\/\",\"url\":\"https:\/\/www.professional-haircare.it\/fr\/products\/finishing-fr\/mousse-fr\/x-mode-elastic-boost\/\",\"name\":\"X-Mode | Elastic Boost\",\"isPartOf\":{\"@id\":\"https:\/\/professional-haircare.it\/#website\"},\"primaryImageOfPage\":{\"@id\":\"https:\/\/www.professional-haircare.it\/fr\/products\/finishing-fr\/mousse-fr\/x-mode-elastic-boost\/#primaryimage\"},\"image\":{\"@id\":\"https:\/\/www.professional-haircare.it\/fr\/products\/finishing-fr\/mousse-fr\/x-mode-elastic-boost\/#primaryimage\"},\"thumbnailUrl\":\"https:\/\/www.professional-haircare.it\/wp-content\/uploads\/2024\/04\/13029_professional_x_mode_elastic_boost_300ml.png\",\"datePublished\":\"2015-06-29T13:22:26+00:00\",\"dateModified\":\"2024-04-17T12:48:53+00:00\",\"description\":\"X-Mode Elastic Boost sans rin\u00e7age \u00e0 haute d\u00e9finition, id\u00e9ale pour boucles naturelles et permanent\u00e9es.\",\"breadcrumb\":{\"@id\":\"https:\/\/www.professional-haircare.it\/fr\/products\/finishing-fr\/mousse-fr\/x-mode-elastic-boost\/#breadcrumb\"},\"inLanguage\":\"fr-FR\",\"potentialAction\":[{\"@type\":\"ReadAction\",\"target\":[\"https:\/\/www.professional-haircare.it\/fr\/products\/finishing-fr\/mousse-fr\/x-mode-elastic-boost\/\"]}]},{\"@type\":\"ImageObject\",\"inLanguage\":\"fr-FR\",\"@id\":\"https:\/\/www.professional-haircare.it\/fr\/products\/finishing-fr\/mousse-fr\/x-mode-elastic-boost\/#primaryimage\",\"url\":\"https:\/\/www.professional-haircare.it\/wp-content\/uploads\/2024\/04\/13029_professional_x_mode_elastic_boost_300ml.png\",\"contentUrl\":\"https:\/\/www.professional-haircare.it\/wp-content\/uploads\/2024\/04\/13029_professional_x_mode_elastic_boost_300ml.png\",\"width\":800,\"height\":800},{\"@type\":\"BreadcrumbList\",\"@id\":\"https:\/\/www.professional-haircare.it\/fr\/products\/finishing-fr\/mousse-fr\/x-mode-elastic-boost\/#breadcrumb\",\"itemListElement\":[{\"@type\":\"ListItem\",\"position\":1,\"name\":\"Home\",\"item\":\"https:\/\/professional-haircare.it\/fr\/\"},{\"@type\":\"ListItem\",\"position\":2,\"name\":\"Shop\",\"item\":\"https:\/\/professional-haircare.it\/shop\/\"},{\"@type\":\"ListItem\",\"position\":3,\"name\":\"X-Mode | Elastic Boost\"}]},{\"@type\":\"WebSite\",\"@id\":\"https:\/\/professional-haircare.it\/#website\",\"url\":\"https:\/\/professional-haircare.it\/\",\"name\":\"Professional Hair Care\",\"description\":\"Hair Quality Solutions\",\"potentialAction\":[{\"@type\":\"SearchAction\",\"target\":{\"@type\":\"EntryPoint\",\"urlTemplate\":\"https:\/\/professional-haircare.it\/?s={search_term_string}\"},\"query-input\":{\"@type\":\"PropertyValueSpecification\",\"valueRequired\":true,\"valueName\":\"search_term_string\"}}],\"inLanguage\":\"fr-FR\"}]}<\/script>\n<!-- \/ Yoast SEO plugin. -->","yoast_head_json":{"title":"X-Mode | Elastic Boost","description":"X-Mode Elastic Boost sans rin\u00e7age \u00e0 haute d\u00e9finition, id\u00e9ale pour boucles naturelles et permanent\u00e9es.","robots":{"index":"index","follow":"follow","max-snippet":"max-snippet:-1","max-image-preview":"max-image-preview:large","max-video-preview":"max-video-preview:-1"},"canonical":"https:\/\/www.professional-haircare.it\/fr\/products\/finishing-fr\/mousse-fr\/x-mode-elastic-boost\/","og_locale":"fr_FR","og_type":"article","og_title":"X-Mode | Elastic Boost","og_description":"X-Mode Elastic Boost sans rin\u00e7age \u00e0 haute d\u00e9finition, id\u00e9ale pour boucles naturelles et permanent\u00e9es.","og_url":"https:\/\/www.professional-haircare.it\/fr\/products\/finishing-fr\/mousse-fr\/x-mode-elastic-boost\/","og_site_name":"Professional Hair Care","article_modified_time":"2024-04-17T12:48:53+00:00","og_image":[{"width":800,"height":800,"url":"https:\/\/professional-haircare.it\/wp-content\/uploads\/2024\/04\/13029_professional_x_mode_elastic_boost_300ml.png","type":"image\/png"}],"twitter_card":"summary_large_image","schema":{"@context":"https:\/\/schema.org","@graph":[{"@type":"WebPage","@id":"https:\/\/www.professional-haircare.it\/fr\/products\/finishing-fr\/mousse-fr\/x-mode-elastic-boost\/","url":"https:\/\/www.professional-haircare.it\/fr\/products\/finishing-fr\/mousse-fr\/x-mode-elastic-boost\/","name":"X-Mode | Elastic Boost","isPartOf":{"@id":"https:\/\/professional-haircare.it\/#website"},"primaryImageOfPage":{"@id":"https:\/\/www.professional-haircare.it\/fr\/products\/finishing-fr\/mousse-fr\/x-mode-elastic-boost\/#primaryimage"},"image":{"@id":"https:\/\/www.professional-haircare.it\/fr\/products\/finishing-fr\/mousse-fr\/x-mode-elastic-boost\/#primaryimage"},"thumbnailUrl":"https:\/\/www.professional-haircare.it\/wp-content\/uploads\/2024\/04\/13029_professional_x_mode_elastic_boost_300ml.png","datePublished":"2015-06-29T13:22:26+00:00","dateModified":"2024-04-17T12:48:53+00:00","description":"X-Mode Elastic Boost sans rin\u00e7age \u00e0 haute d\u00e9finition, id\u00e9ale pour boucles naturelles et permanent\u00e9es.","breadcrumb":{"@id":"https:\/\/www.professional-haircare.it\/fr\/products\/finishing-fr\/mousse-fr\/x-mode-elastic-boost\/#breadcrumb"},"inLanguage":"fr-FR","potentialAction":[{"@type":"ReadAction","target":["https:\/\/www.professional-haircare.it\/fr\/products\/finishing-fr\/mousse-fr\/x-mode-elastic-boost\/"]}]},{"@type":"ImageObject","inLanguage":"fr-FR","@id":"https:\/\/www.professional-haircare.it\/fr\/products\/finishing-fr\/mousse-fr\/x-mode-elastic-boost\/#primaryimage","url":"https:\/\/www.professional-haircare.it\/wp-content\/uploads\/2024\/04\/13029_professional_x_mode_elastic_boost_300ml.png","contentUrl":"https:\/\/www.professional-haircare.it\/wp-content\/uploads\/2024\/04\/13029_professional_x_mode_elastic_boost_300ml.png","width":800,"height":800},{"@type":"BreadcrumbList","@id":"https:\/\/www.professional-haircare.it\/fr\/products\/finishing-fr\/mousse-fr\/x-mode-elastic-boost\/#breadcrumb","itemListElement":[{"@type":"ListItem","position":1,"name":"Home","item":"https:\/\/professional-haircare.it\/fr\/"},{"@type":"ListItem","position":2,"name":"Shop","item":"https:\/\/professional-haircare.it\/shop\/"},{"@type":"ListItem","position":3,"name":"X-Mode | Elastic Boost"}]},{"@type":"WebSite","@id":"https:\/\/professional-haircare.it\/#website","url":"https:\/\/professional-haircare.it\/","name":"Professional Hair Care","description":"Hair Quality Solutions","potentialAction":[{"@type":"SearchAction","target":{"@type":"EntryPoint","urlTemplate":"https:\/\/professional-haircare.it\/?s={search_term_string}"},"query-input":{"@type":"PropertyValueSpecification","valueRequired":true,"valueName":"search_term_string"}}],"inLanguage":"fr-FR"}]}},"_links":{"self":[{"href":"https:\/\/www.professional-haircare.it\/fr\/wp-json\/wp\/v2\/product\/3906","targetHints":{"allow":["GET"]}}],"collection":[{"href":"https:\/\/www.professional-haircare.it\/fr\/wp-json\/wp\/v2\/product"}],"about":[{"href":"https:\/\/www.professional-haircare.it\/fr\/wp-json\/wp\/v2\/types\/product"}],"replies":[{"embeddable":true,"href":"https:\/\/www.professional-haircare.it\/fr\/wp-json\/wp\/v2\/comments?post=3906"}],"wp:featuredmedia":[{"embeddable":true,"href":"https:\/\/www.professional-haircare.it\/fr\/wp-json\/wp\/v2\/media\/6855"}],"wp:attachment":[{"href":"https:\/\/www.professional-haircare.it\/fr\/wp-json\/wp\/v2\/media?parent=3906"}],"wp:term":[{"taxonomy":"product_brand","embeddable":true,"href":"https:\/\/www.professional-haircare.it\/fr\/wp-json\/wp\/v2\/product_brand?post=3906"},{"taxonomy":"product_cat","embeddable":true,"href":"https:\/\/www.professional-haircare.it\/fr\/wp-json\/wp\/v2\/product_cat?post=3906"},{"taxonomy":"product_tag","embeddable":true,"href":"https:\/\/www.professional-haircare.it\/fr\/wp-json\/wp\/v2\/product_tag?post=3906"}],"curies":[{"name":"wp","href":"https:\/\/api.w.org\/{rel}","templated":true}]}}