{"id":3894,"date":"2015-06-30T08:59:55","date_gmt":"2015-06-30T06:59:55","guid":{"rendered":"https:\/\/www.professional-haircare.it\/products\/non%20class\u00e9\/x-mode-laque-directionnelle\/"},"modified":"2022-11-09T12:45:00","modified_gmt":"2022-11-09T11:45:00","slug":"x-mode-laque-directionnelle","status":"publish","type":"product","link":"https:\/\/www.professional-haircare.it\/fr\/products\/finishing-fr\/spray-fr\/x-mode-laque-directionnelle\/","title":{"rendered":"X Mode | Laque Directionnelle"},"content":{"rendered":"","protected":false},"excerpt":{"rendered":"<p>La <strong>Laque directionnelle X Mode<\/strong> assure un fort pouvoir fixateur, une excellente tenue et une protection constante contre l\u2019humidit\u00e9. S\u00e8che rapidement et ne laisse pas de r\u00e9sidus. S\u2019\u00e9limine facilement, en quelques coups de brosse. Ne contient pas de gaz.<\/p>\n<p>Usage professionnel<\/p>\n<p>Bouteille de 400 ml<\/p>\n","protected":false},"featured_media":4183,"comment_status":"closed","ping_status":"closed","template":"","meta":[],"product_brand":[],"product_cat":[676,679],"product_tag":[],"class_list":{"0":"post-3894","1":"product","2":"type-product","3":"status-publish","4":"has-post-thumbnail","6":"product_cat-finishing-fr","7":"product_cat-spray-fr","9":"first","10":"instock","11":"shipping-taxable","12":"product-type-simple"},"yoast_head":"<!-- This site is optimized with the Yoast SEO plugin v26.8 - https:\/\/yoast.com\/product\/yoast-seo-wordpress\/ -->\n<title>X Mode | Laque Directionnelle<\/title>\n<meta name=\"description\" content=\"La Laque directionnelle X Mode assure un fort pouvoir fixateur, une excellente tenue et une protection constante contre l\u2019humidit\u00e9.\" \/>\n<meta name=\"robots\" content=\"index, follow, max-snippet:-1, max-image-preview:large, max-video-preview:-1\" \/>\n<link rel=\"canonical\" href=\"https:\/\/www.professional-haircare.it\/fr\/products\/finishing-fr\/spray-fr\/x-mode-laque-directionnelle\/\" \/>\n<meta property=\"og:locale\" content=\"fr_FR\" \/>\n<meta property=\"og:type\" content=\"article\" \/>\n<meta property=\"og:title\" content=\"X Mode | Laque Directionnelle\" \/>\n<meta property=\"og:description\" content=\"La Laque directionnelle X Mode assure un fort pouvoir fixateur, une excellente tenue et une protection constante contre l\u2019humidit\u00e9.\" \/>\n<meta property=\"og:url\" content=\"https:\/\/www.professional-haircare.it\/fr\/products\/finishing-fr\/spray-fr\/x-mode-laque-directionnelle\/\" \/>\n<meta property=\"og:site_name\" content=\"Professional Hair Care\" \/>\n<meta property=\"article:modified_time\" content=\"2022-11-09T11:45:00+00:00\" \/>\n<meta property=\"og:image\" content=\"https:\/\/professional-haircare.it\/wp-content\/uploads\/2015\/06\/professional_xmode_lacca_direzionale_400_ml.png\" \/>\n\t<meta property=\"og:image:width\" content=\"500\" \/>\n\t<meta property=\"og:image:height\" content=\"500\" \/>\n\t<meta property=\"og:image:type\" content=\"image\/png\" \/>\n<meta name=\"twitter:card\" content=\"summary_large_image\" \/>\n<script type=\"application\/ld+json\" class=\"yoast-schema-graph\">{\"@context\":\"https:\/\/schema.org\",\"@graph\":[{\"@type\":\"WebPage\",\"@id\":\"https:\/\/www.professional-haircare.it\/fr\/products\/finishing-fr\/spray-fr\/x-mode-laque-directionnelle\/\",\"url\":\"https:\/\/www.professional-haircare.it\/fr\/products\/finishing-fr\/spray-fr\/x-mode-laque-directionnelle\/\",\"name\":\"X Mode | Laque Directionnelle\",\"isPartOf\":{\"@id\":\"https:\/\/professional-haircare.it\/#website\"},\"primaryImageOfPage\":{\"@id\":\"https:\/\/www.professional-haircare.it\/fr\/products\/finishing-fr\/spray-fr\/x-mode-laque-directionnelle\/#primaryimage\"},\"image\":{\"@id\":\"https:\/\/www.professional-haircare.it\/fr\/products\/finishing-fr\/spray-fr\/x-mode-laque-directionnelle\/#primaryimage\"},\"thumbnailUrl\":\"https:\/\/www.professional-haircare.it\/wp-content\/uploads\/2015\/06\/13019_professional_xmode_directional_hairspray_400ml.png\",\"datePublished\":\"2015-06-30T06:59:55+00:00\",\"dateModified\":\"2022-11-09T11:45:00+00:00\",\"description\":\"La Laque directionnelle X Mode assure un fort pouvoir fixateur, une excellente tenue et une protection constante contre l\u2019humidit\u00e9.\",\"breadcrumb\":{\"@id\":\"https:\/\/www.professional-haircare.it\/fr\/products\/finishing-fr\/spray-fr\/x-mode-laque-directionnelle\/#breadcrumb\"},\"inLanguage\":\"fr-FR\",\"potentialAction\":[{\"@type\":\"ReadAction\",\"target\":[\"https:\/\/www.professional-haircare.it\/fr\/products\/finishing-fr\/spray-fr\/x-mode-laque-directionnelle\/\"]}]},{\"@type\":\"ImageObject\",\"inLanguage\":\"fr-FR\",\"@id\":\"https:\/\/www.professional-haircare.it\/fr\/products\/finishing-fr\/spray-fr\/x-mode-laque-directionnelle\/#primaryimage\",\"url\":\"https:\/\/www.professional-haircare.it\/wp-content\/uploads\/2015\/06\/13019_professional_xmode_directional_hairspray_400ml.png\",\"contentUrl\":\"https:\/\/www.professional-haircare.it\/wp-content\/uploads\/2015\/06\/13019_professional_xmode_directional_hairspray_400ml.png\",\"width\":600,\"height\":600},{\"@type\":\"BreadcrumbList\",\"@id\":\"https:\/\/www.professional-haircare.it\/fr\/products\/finishing-fr\/spray-fr\/x-mode-laque-directionnelle\/#breadcrumb\",\"itemListElement\":[{\"@type\":\"ListItem\",\"position\":1,\"name\":\"Home\",\"item\":\"https:\/\/professional-haircare.it\/fr\/\"},{\"@type\":\"ListItem\",\"position\":2,\"name\":\"Shop\",\"item\":\"https:\/\/professional-haircare.it\/shop\/\"},{\"@type\":\"ListItem\",\"position\":3,\"name\":\"X Mode | Laque Directionnelle\"}]},{\"@type\":\"WebSite\",\"@id\":\"https:\/\/professional-haircare.it\/#website\",\"url\":\"https:\/\/professional-haircare.it\/\",\"name\":\"Professional Hair Care\",\"description\":\"Hair Quality Solutions\",\"potentialAction\":[{\"@type\":\"SearchAction\",\"target\":{\"@type\":\"EntryPoint\",\"urlTemplate\":\"https:\/\/professional-haircare.it\/?s={search_term_string}\"},\"query-input\":{\"@type\":\"PropertyValueSpecification\",\"valueRequired\":true,\"valueName\":\"search_term_string\"}}],\"inLanguage\":\"fr-FR\"}]}<\/script>\n<!-- \/ Yoast SEO plugin. -->","yoast_head_json":{"title":"X Mode | Laque Directionnelle","description":"La Laque directionnelle X Mode assure un fort pouvoir fixateur, une excellente tenue et une protection constante contre l\u2019humidit\u00e9.","robots":{"index":"index","follow":"follow","max-snippet":"max-snippet:-1","max-image-preview":"max-image-preview:large","max-video-preview":"max-video-preview:-1"},"canonical":"https:\/\/www.professional-haircare.it\/fr\/products\/finishing-fr\/spray-fr\/x-mode-laque-directionnelle\/","og_locale":"fr_FR","og_type":"article","og_title":"X Mode | Laque Directionnelle","og_description":"La Laque directionnelle X Mode assure un fort pouvoir fixateur, une excellente tenue et une protection constante contre l\u2019humidit\u00e9.","og_url":"https:\/\/www.professional-haircare.it\/fr\/products\/finishing-fr\/spray-fr\/x-mode-laque-directionnelle\/","og_site_name":"Professional Hair Care","article_modified_time":"2022-11-09T11:45:00+00:00","og_image":[{"width":500,"height":500,"url":"https:\/\/professional-haircare.it\/wp-content\/uploads\/2015\/06\/professional_xmode_lacca_direzionale_400_ml.png","type":"image\/png"}],"twitter_card":"summary_large_image","schema":{"@context":"https:\/\/schema.org","@graph":[{"@type":"WebPage","@id":"https:\/\/www.professional-haircare.it\/fr\/products\/finishing-fr\/spray-fr\/x-mode-laque-directionnelle\/","url":"https:\/\/www.professional-haircare.it\/fr\/products\/finishing-fr\/spray-fr\/x-mode-laque-directionnelle\/","name":"X Mode | Laque Directionnelle","isPartOf":{"@id":"https:\/\/professional-haircare.it\/#website"},"primaryImageOfPage":{"@id":"https:\/\/www.professional-haircare.it\/fr\/products\/finishing-fr\/spray-fr\/x-mode-laque-directionnelle\/#primaryimage"},"image":{"@id":"https:\/\/www.professional-haircare.it\/fr\/products\/finishing-fr\/spray-fr\/x-mode-laque-directionnelle\/#primaryimage"},"thumbnailUrl":"https:\/\/www.professional-haircare.it\/wp-content\/uploads\/2015\/06\/13019_professional_xmode_directional_hairspray_400ml.png","datePublished":"2015-06-30T06:59:55+00:00","dateModified":"2022-11-09T11:45:00+00:00","description":"La Laque directionnelle X Mode assure un fort pouvoir fixateur, une excellente tenue et une protection constante contre l\u2019humidit\u00e9.","breadcrumb":{"@id":"https:\/\/www.professional-haircare.it\/fr\/products\/finishing-fr\/spray-fr\/x-mode-laque-directionnelle\/#breadcrumb"},"inLanguage":"fr-FR","potentialAction":[{"@type":"ReadAction","target":["https:\/\/www.professional-haircare.it\/fr\/products\/finishing-fr\/spray-fr\/x-mode-laque-directionnelle\/"]}]},{"@type":"ImageObject","inLanguage":"fr-FR","@id":"https:\/\/www.professional-haircare.it\/fr\/products\/finishing-fr\/spray-fr\/x-mode-laque-directionnelle\/#primaryimage","url":"https:\/\/www.professional-haircare.it\/wp-content\/uploads\/2015\/06\/13019_professional_xmode_directional_hairspray_400ml.png","contentUrl":"https:\/\/www.professional-haircare.it\/wp-content\/uploads\/2015\/06\/13019_professional_xmode_directional_hairspray_400ml.png","width":600,"height":600},{"@type":"BreadcrumbList","@id":"https:\/\/www.professional-haircare.it\/fr\/products\/finishing-fr\/spray-fr\/x-mode-laque-directionnelle\/#breadcrumb","itemListElement":[{"@type":"ListItem","position":1,"name":"Home","item":"https:\/\/professional-haircare.it\/fr\/"},{"@type":"ListItem","position":2,"name":"Shop","item":"https:\/\/professional-haircare.it\/shop\/"},{"@type":"ListItem","position":3,"name":"X Mode | Laque Directionnelle"}]},{"@type":"WebSite","@id":"https:\/\/professional-haircare.it\/#website","url":"https:\/\/professional-haircare.it\/","name":"Professional Hair Care","description":"Hair Quality Solutions","potentialAction":[{"@type":"SearchAction","target":{"@type":"EntryPoint","urlTemplate":"https:\/\/professional-haircare.it\/?s={search_term_string}"},"query-input":{"@type":"PropertyValueSpecification","valueRequired":true,"valueName":"search_term_string"}}],"inLanguage":"fr-FR"}]}},"_links":{"self":[{"href":"https:\/\/www.professional-haircare.it\/fr\/wp-json\/wp\/v2\/product\/3894","targetHints":{"allow":["GET"]}}],"collection":[{"href":"https:\/\/www.professional-haircare.it\/fr\/wp-json\/wp\/v2\/product"}],"about":[{"href":"https:\/\/www.professional-haircare.it\/fr\/wp-json\/wp\/v2\/types\/product"}],"replies":[{"embeddable":true,"href":"https:\/\/www.professional-haircare.it\/fr\/wp-json\/wp\/v2\/comments?post=3894"}],"wp:featuredmedia":[{"embeddable":true,"href":"https:\/\/www.professional-haircare.it\/fr\/wp-json\/wp\/v2\/media\/4183"}],"wp:attachment":[{"href":"https:\/\/www.professional-haircare.it\/fr\/wp-json\/wp\/v2\/media?parent=3894"}],"wp:term":[{"taxonomy":"product_brand","embeddable":true,"href":"https:\/\/www.professional-haircare.it\/fr\/wp-json\/wp\/v2\/product_brand?post=3894"},{"taxonomy":"product_cat","embeddable":true,"href":"https:\/\/www.professional-haircare.it\/fr\/wp-json\/wp\/v2\/product_cat?post=3894"},{"taxonomy":"product_tag","embeddable":true,"href":"https:\/\/www.professional-haircare.it\/fr\/wp-json\/wp\/v2\/product_tag?post=3894"}],"curies":[{"name":"wp","href":"https:\/\/api.w.org\/{rel}","templated":true}]}}