{"id":3892,"date":"2015-06-30T09:08:52","date_gmt":"2015-06-30T07:08:52","guid":{"rendered":"https:\/\/www.professional-haircare.it\/products\/non%20class\u00e9\/x-mode-cire-a-leau\/"},"modified":"2023-03-20T15:04:35","modified_gmt":"2023-03-20T14:04:35","slug":"x-mode-fix-glam-cire-a-leau","status":"publish","type":"product","link":"https:\/\/www.professional-haircare.it\/fr\/products\/finishing-fr\/wax-cream-fr\/x-mode-fix-glam-cire-a-leau\/","title":{"rendered":"X Mode | Fix Glam &#8211; Cire \u00e0 l\u2019eau"},"content":{"rendered":"","protected":false},"excerpt":{"rendered":"<p><strong>X Mode Fix Glam <\/strong>est la<strong> cire \u00e0 l\u2019eau <\/strong>que\u00a0donne une extr\u00eame brillance \u00e0 la chevelure. Id\u00e9ale pour tous les types de cheveux, elle \u00e9limine les frisottis, elle fixe et mod\u00e8le sans graisser. N\u2019alourdit pas la chevelure. D\u00e9finit et met en valeur les m\u00e8ches.<\/p>\n<p>Usage professionnel<\/p>\n<p>Pot de 100 ml<\/p>\n","protected":false},"featured_media":4889,"comment_status":"closed","ping_status":"closed","template":"","meta":[],"product_brand":[],"product_cat":[676,680],"product_tag":[],"class_list":{"0":"post-3892","1":"product","2":"type-product","3":"status-publish","4":"has-post-thumbnail","6":"product_cat-finishing-fr","7":"product_cat-wax-cream-fr","9":"first","10":"instock","11":"shipping-taxable","12":"product-type-simple"},"yoast_head":"<!-- This site is optimized with the Yoast SEO plugin v26.8 - https:\/\/yoast.com\/product\/yoast-seo-wordpress\/ -->\n<title>X Mode | Fix Glam - Cire \u00e0 l\u2019eau<\/title>\n<meta name=\"description\" content=\"X Mode Fix Glam est la cire \u00e0 l\u2019eau que donne une extr\u00eame brillance \u00e0 la chevelure. Id\u00e9ale pour tous les types de cheveux.\" \/>\n<meta name=\"robots\" content=\"index, follow, max-snippet:-1, max-image-preview:large, max-video-preview:-1\" \/>\n<link rel=\"canonical\" href=\"https:\/\/www.professional-haircare.it\/fr\/products\/finishing-fr\/wax-cream-fr\/x-mode-fix-glam-cire-a-leau\/\" \/>\n<meta property=\"og:locale\" content=\"fr_FR\" \/>\n<meta property=\"og:type\" content=\"article\" \/>\n<meta property=\"og:title\" content=\"X Mode | Fix Glam - Cire \u00e0 l\u2019eau\" \/>\n<meta property=\"og:description\" content=\"X Mode Fix Glam est la cire \u00e0 l\u2019eau que donne une extr\u00eame brillance \u00e0 la chevelure. Id\u00e9ale pour tous les types de cheveux.\" \/>\n<meta property=\"og:url\" content=\"https:\/\/www.professional-haircare.it\/fr\/products\/finishing-fr\/wax-cream-fr\/x-mode-fix-glam-cire-a-leau\/\" \/>\n<meta property=\"og:site_name\" content=\"Professional Hair Care\" \/>\n<meta property=\"article:modified_time\" content=\"2023-03-20T14:04:35+00:00\" \/>\n<meta property=\"og:image\" content=\"https:\/\/professional-haircare.it\/wp-content\/uploads\/2023\/03\/13007_professional_fix_glam_100ml.png\" \/>\n\t<meta property=\"og:image:width\" content=\"600\" \/>\n\t<meta property=\"og:image:height\" content=\"600\" \/>\n\t<meta property=\"og:image:type\" content=\"image\/png\" \/>\n<meta name=\"twitter:card\" content=\"summary_large_image\" \/>\n<script type=\"application\/ld+json\" class=\"yoast-schema-graph\">{\"@context\":\"https:\/\/schema.org\",\"@graph\":[{\"@type\":\"WebPage\",\"@id\":\"https:\/\/www.professional-haircare.it\/fr\/products\/finishing-fr\/wax-cream-fr\/x-mode-fix-glam-cire-a-leau\/\",\"url\":\"https:\/\/www.professional-haircare.it\/fr\/products\/finishing-fr\/wax-cream-fr\/x-mode-fix-glam-cire-a-leau\/\",\"name\":\"X Mode | Fix Glam - Cire \u00e0 l\u2019eau\",\"isPartOf\":{\"@id\":\"https:\/\/professional-haircare.it\/#website\"},\"primaryImageOfPage\":{\"@id\":\"https:\/\/www.professional-haircare.it\/fr\/products\/finishing-fr\/wax-cream-fr\/x-mode-fix-glam-cire-a-leau\/#primaryimage\"},\"image\":{\"@id\":\"https:\/\/www.professional-haircare.it\/fr\/products\/finishing-fr\/wax-cream-fr\/x-mode-fix-glam-cire-a-leau\/#primaryimage\"},\"thumbnailUrl\":\"https:\/\/www.professional-haircare.it\/wp-content\/uploads\/2023\/03\/13007_professional_fix_glam_100ml.png\",\"datePublished\":\"2015-06-30T07:08:52+00:00\",\"dateModified\":\"2023-03-20T14:04:35+00:00\",\"description\":\"X Mode Fix Glam est la cire \u00e0 l\u2019eau que donne une extr\u00eame brillance \u00e0 la chevelure. Id\u00e9ale pour tous les types de cheveux.\",\"breadcrumb\":{\"@id\":\"https:\/\/www.professional-haircare.it\/fr\/products\/finishing-fr\/wax-cream-fr\/x-mode-fix-glam-cire-a-leau\/#breadcrumb\"},\"inLanguage\":\"fr-FR\",\"potentialAction\":[{\"@type\":\"ReadAction\",\"target\":[\"https:\/\/www.professional-haircare.it\/fr\/products\/finishing-fr\/wax-cream-fr\/x-mode-fix-glam-cire-a-leau\/\"]}]},{\"@type\":\"ImageObject\",\"inLanguage\":\"fr-FR\",\"@id\":\"https:\/\/www.professional-haircare.it\/fr\/products\/finishing-fr\/wax-cream-fr\/x-mode-fix-glam-cire-a-leau\/#primaryimage\",\"url\":\"https:\/\/www.professional-haircare.it\/wp-content\/uploads\/2023\/03\/13007_professional_fix_glam_100ml.png\",\"contentUrl\":\"https:\/\/www.professional-haircare.it\/wp-content\/uploads\/2023\/03\/13007_professional_fix_glam_100ml.png\",\"width\":600,\"height\":600},{\"@type\":\"BreadcrumbList\",\"@id\":\"https:\/\/www.professional-haircare.it\/fr\/products\/finishing-fr\/wax-cream-fr\/x-mode-fix-glam-cire-a-leau\/#breadcrumb\",\"itemListElement\":[{\"@type\":\"ListItem\",\"position\":1,\"name\":\"Home\",\"item\":\"https:\/\/professional-haircare.it\/fr\/\"},{\"@type\":\"ListItem\",\"position\":2,\"name\":\"Shop\",\"item\":\"https:\/\/professional-haircare.it\/shop\/\"},{\"@type\":\"ListItem\",\"position\":3,\"name\":\"X Mode | Fix Glam &#8211; Cire \u00e0 l\u2019eau\"}]},{\"@type\":\"WebSite\",\"@id\":\"https:\/\/professional-haircare.it\/#website\",\"url\":\"https:\/\/professional-haircare.it\/\",\"name\":\"Professional Hair Care\",\"description\":\"Hair Quality Solutions\",\"potentialAction\":[{\"@type\":\"SearchAction\",\"target\":{\"@type\":\"EntryPoint\",\"urlTemplate\":\"https:\/\/professional-haircare.it\/?s={search_term_string}\"},\"query-input\":{\"@type\":\"PropertyValueSpecification\",\"valueRequired\":true,\"valueName\":\"search_term_string\"}}],\"inLanguage\":\"fr-FR\"}]}<\/script>\n<!-- \/ Yoast SEO plugin. -->","yoast_head_json":{"title":"X Mode | Fix Glam - Cire \u00e0 l\u2019eau","description":"X Mode Fix Glam est la cire \u00e0 l\u2019eau que donne une extr\u00eame brillance \u00e0 la chevelure. Id\u00e9ale pour tous les types de cheveux.","robots":{"index":"index","follow":"follow","max-snippet":"max-snippet:-1","max-image-preview":"max-image-preview:large","max-video-preview":"max-video-preview:-1"},"canonical":"https:\/\/www.professional-haircare.it\/fr\/products\/finishing-fr\/wax-cream-fr\/x-mode-fix-glam-cire-a-leau\/","og_locale":"fr_FR","og_type":"article","og_title":"X Mode | Fix Glam - Cire \u00e0 l\u2019eau","og_description":"X Mode Fix Glam est la cire \u00e0 l\u2019eau que donne une extr\u00eame brillance \u00e0 la chevelure. Id\u00e9ale pour tous les types de cheveux.","og_url":"https:\/\/www.professional-haircare.it\/fr\/products\/finishing-fr\/wax-cream-fr\/x-mode-fix-glam-cire-a-leau\/","og_site_name":"Professional Hair Care","article_modified_time":"2023-03-20T14:04:35+00:00","og_image":[{"width":600,"height":600,"url":"https:\/\/professional-haircare.it\/wp-content\/uploads\/2023\/03\/13007_professional_fix_glam_100ml.png","type":"image\/png"}],"twitter_card":"summary_large_image","schema":{"@context":"https:\/\/schema.org","@graph":[{"@type":"WebPage","@id":"https:\/\/www.professional-haircare.it\/fr\/products\/finishing-fr\/wax-cream-fr\/x-mode-fix-glam-cire-a-leau\/","url":"https:\/\/www.professional-haircare.it\/fr\/products\/finishing-fr\/wax-cream-fr\/x-mode-fix-glam-cire-a-leau\/","name":"X Mode | Fix Glam - Cire \u00e0 l\u2019eau","isPartOf":{"@id":"https:\/\/professional-haircare.it\/#website"},"primaryImageOfPage":{"@id":"https:\/\/www.professional-haircare.it\/fr\/products\/finishing-fr\/wax-cream-fr\/x-mode-fix-glam-cire-a-leau\/#primaryimage"},"image":{"@id":"https:\/\/www.professional-haircare.it\/fr\/products\/finishing-fr\/wax-cream-fr\/x-mode-fix-glam-cire-a-leau\/#primaryimage"},"thumbnailUrl":"https:\/\/www.professional-haircare.it\/wp-content\/uploads\/2023\/03\/13007_professional_fix_glam_100ml.png","datePublished":"2015-06-30T07:08:52+00:00","dateModified":"2023-03-20T14:04:35+00:00","description":"X Mode Fix Glam est la cire \u00e0 l\u2019eau que donne une extr\u00eame brillance \u00e0 la chevelure. Id\u00e9ale pour tous les types de cheveux.","breadcrumb":{"@id":"https:\/\/www.professional-haircare.it\/fr\/products\/finishing-fr\/wax-cream-fr\/x-mode-fix-glam-cire-a-leau\/#breadcrumb"},"inLanguage":"fr-FR","potentialAction":[{"@type":"ReadAction","target":["https:\/\/www.professional-haircare.it\/fr\/products\/finishing-fr\/wax-cream-fr\/x-mode-fix-glam-cire-a-leau\/"]}]},{"@type":"ImageObject","inLanguage":"fr-FR","@id":"https:\/\/www.professional-haircare.it\/fr\/products\/finishing-fr\/wax-cream-fr\/x-mode-fix-glam-cire-a-leau\/#primaryimage","url":"https:\/\/www.professional-haircare.it\/wp-content\/uploads\/2023\/03\/13007_professional_fix_glam_100ml.png","contentUrl":"https:\/\/www.professional-haircare.it\/wp-content\/uploads\/2023\/03\/13007_professional_fix_glam_100ml.png","width":600,"height":600},{"@type":"BreadcrumbList","@id":"https:\/\/www.professional-haircare.it\/fr\/products\/finishing-fr\/wax-cream-fr\/x-mode-fix-glam-cire-a-leau\/#breadcrumb","itemListElement":[{"@type":"ListItem","position":1,"name":"Home","item":"https:\/\/professional-haircare.it\/fr\/"},{"@type":"ListItem","position":2,"name":"Shop","item":"https:\/\/professional-haircare.it\/shop\/"},{"@type":"ListItem","position":3,"name":"X Mode | Fix Glam &#8211; Cire \u00e0 l\u2019eau"}]},{"@type":"WebSite","@id":"https:\/\/professional-haircare.it\/#website","url":"https:\/\/professional-haircare.it\/","name":"Professional Hair Care","description":"Hair Quality Solutions","potentialAction":[{"@type":"SearchAction","target":{"@type":"EntryPoint","urlTemplate":"https:\/\/professional-haircare.it\/?s={search_term_string}"},"query-input":{"@type":"PropertyValueSpecification","valueRequired":true,"valueName":"search_term_string"}}],"inLanguage":"fr-FR"}]}},"_links":{"self":[{"href":"https:\/\/www.professional-haircare.it\/fr\/wp-json\/wp\/v2\/product\/3892","targetHints":{"allow":["GET"]}}],"collection":[{"href":"https:\/\/www.professional-haircare.it\/fr\/wp-json\/wp\/v2\/product"}],"about":[{"href":"https:\/\/www.professional-haircare.it\/fr\/wp-json\/wp\/v2\/types\/product"}],"replies":[{"embeddable":true,"href":"https:\/\/www.professional-haircare.it\/fr\/wp-json\/wp\/v2\/comments?post=3892"}],"wp:featuredmedia":[{"embeddable":true,"href":"https:\/\/www.professional-haircare.it\/fr\/wp-json\/wp\/v2\/media\/4889"}],"wp:attachment":[{"href":"https:\/\/www.professional-haircare.it\/fr\/wp-json\/wp\/v2\/media?parent=3892"}],"wp:term":[{"taxonomy":"product_brand","embeddable":true,"href":"https:\/\/www.professional-haircare.it\/fr\/wp-json\/wp\/v2\/product_brand?post=3892"},{"taxonomy":"product_cat","embeddable":true,"href":"https:\/\/www.professional-haircare.it\/fr\/wp-json\/wp\/v2\/product_cat?post=3892"},{"taxonomy":"product_tag","embeddable":true,"href":"https:\/\/www.professional-haircare.it\/fr\/wp-json\/wp\/v2\/product_tag?post=3892"}],"curies":[{"name":"wp","href":"https:\/\/api.w.org\/{rel}","templated":true}]}}