{"id":3888,"date":"2015-06-30T09:46:50","date_gmt":"2015-06-30T07:46:50","guid":{"rendered":"https:\/\/www.professional-haircare.it\/products\/non%20class\u00e9\/x-mode-fix-matt-creme-a-effet-opaque\/"},"modified":"2024-06-26T15:30:39","modified_gmt":"2024-06-26T13:30:39","slug":"x-mode-fix-matt-cire-opaque","status":"publish","type":"product","link":"https:\/\/www.professional-haircare.it\/fr\/products\/finishing-fr\/wax-cream-fr\/x-mode-fix-matt-cire-opaque\/","title":{"rendered":"X Mode | Fix Matt &#8211; Cire opaque"},"content":{"rendered":"","protected":false},"excerpt":{"rendered":"<p><strong>X Mode Fix Matt<\/strong>, cire \u00e0 effet opaque, permet de modeler avec une fixation moyenne. Cr\u00e9e une bonne d\u00e9finition des m\u00e8ches et s\u2019\u00e9limine facilement en un seul lavage. Ne graisse pas et n\u2019alourdit pas la chevelure.<\/p>\n<p>Usage professionnel<\/p>\n<p>100 ml<\/p>\n","protected":false},"featured_media":6893,"comment_status":"closed","ping_status":"closed","template":"","meta":[],"product_brand":[],"product_cat":[676,680],"product_tag":[],"class_list":{"0":"post-3888","1":"product","2":"type-product","3":"status-publish","4":"has-post-thumbnail","6":"product_cat-finishing-fr","7":"product_cat-wax-cream-fr","9":"first","10":"instock","11":"shipping-taxable","12":"product-type-simple"},"yoast_head":"<!-- This site is optimized with the Yoast SEO plugin v26.8 - https:\/\/yoast.com\/product\/yoast-seo-wordpress\/ -->\n<title>X Mode | Fix Matt - Cire opaque<\/title>\n<meta name=\"description\" content=\"X Mode Fix Matt, cire \u00e0 effet opaque, permet de modeler avec une fixation l\u00e9g\u00e8re.\" \/>\n<meta name=\"robots\" content=\"index, follow, max-snippet:-1, max-image-preview:large, max-video-preview:-1\" \/>\n<link rel=\"canonical\" href=\"https:\/\/www.professional-haircare.it\/fr\/products\/finishing-fr\/wax-cream-fr\/x-mode-fix-matt-cire-opaque\/\" \/>\n<meta property=\"og:locale\" content=\"fr_FR\" \/>\n<meta property=\"og:type\" content=\"article\" \/>\n<meta property=\"og:title\" content=\"X Mode | Fix Matt - Cire opaque\" \/>\n<meta property=\"og:description\" content=\"X Mode Fix Matt, cire \u00e0 effet opaque, permet de modeler avec une fixation l\u00e9g\u00e8re.\" \/>\n<meta property=\"og:url\" content=\"https:\/\/www.professional-haircare.it\/fr\/products\/finishing-fr\/wax-cream-fr\/x-mode-fix-matt-cire-opaque\/\" \/>\n<meta property=\"og:site_name\" content=\"Professional Hair Care\" \/>\n<meta property=\"article:modified_time\" content=\"2024-06-26T13:30:39+00:00\" \/>\n<meta property=\"og:image\" content=\"https:\/\/professional-haircare.it\/wp-content\/uploads\/2024\/06\/13005_professional_x_mode_fix-matt.png\" \/>\n\t<meta property=\"og:image:width\" content=\"800\" \/>\n\t<meta property=\"og:image:height\" content=\"800\" \/>\n\t<meta property=\"og:image:type\" content=\"image\/png\" \/>\n<meta name=\"twitter:card\" content=\"summary_large_image\" \/>\n<meta name=\"twitter:label1\" content=\"Dur\u00e9e de lecture estim\u00e9e\" \/>\n\t<meta name=\"twitter:data1\" content=\"1 minute\" \/>\n<script type=\"application\/ld+json\" class=\"yoast-schema-graph\">{\"@context\":\"https:\/\/schema.org\",\"@graph\":[{\"@type\":\"WebPage\",\"@id\":\"https:\/\/www.professional-haircare.it\/fr\/products\/finishing-fr\/wax-cream-fr\/x-mode-fix-matt-cire-opaque\/\",\"url\":\"https:\/\/www.professional-haircare.it\/fr\/products\/finishing-fr\/wax-cream-fr\/x-mode-fix-matt-cire-opaque\/\",\"name\":\"X Mode | Fix Matt - Cire opaque\",\"isPartOf\":{\"@id\":\"https:\/\/professional-haircare.it\/#website\"},\"primaryImageOfPage\":{\"@id\":\"https:\/\/www.professional-haircare.it\/fr\/products\/finishing-fr\/wax-cream-fr\/x-mode-fix-matt-cire-opaque\/#primaryimage\"},\"image\":{\"@id\":\"https:\/\/www.professional-haircare.it\/fr\/products\/finishing-fr\/wax-cream-fr\/x-mode-fix-matt-cire-opaque\/#primaryimage\"},\"thumbnailUrl\":\"https:\/\/www.professional-haircare.it\/wp-content\/uploads\/2024\/06\/13005_professional_x_mode_fix-matt.png\",\"datePublished\":\"2015-06-30T07:46:50+00:00\",\"dateModified\":\"2024-06-26T13:30:39+00:00\",\"description\":\"X Mode Fix Matt, cire \u00e0 effet opaque, permet de modeler avec une fixation l\u00e9g\u00e8re.\",\"breadcrumb\":{\"@id\":\"https:\/\/www.professional-haircare.it\/fr\/products\/finishing-fr\/wax-cream-fr\/x-mode-fix-matt-cire-opaque\/#breadcrumb\"},\"inLanguage\":\"fr-FR\",\"potentialAction\":[{\"@type\":\"ReadAction\",\"target\":[\"https:\/\/www.professional-haircare.it\/fr\/products\/finishing-fr\/wax-cream-fr\/x-mode-fix-matt-cire-opaque\/\"]}]},{\"@type\":\"ImageObject\",\"inLanguage\":\"fr-FR\",\"@id\":\"https:\/\/www.professional-haircare.it\/fr\/products\/finishing-fr\/wax-cream-fr\/x-mode-fix-matt-cire-opaque\/#primaryimage\",\"url\":\"https:\/\/www.professional-haircare.it\/wp-content\/uploads\/2024\/06\/13005_professional_x_mode_fix-matt.png\",\"contentUrl\":\"https:\/\/www.professional-haircare.it\/wp-content\/uploads\/2024\/06\/13005_professional_x_mode_fix-matt.png\",\"width\":800,\"height\":800},{\"@type\":\"BreadcrumbList\",\"@id\":\"https:\/\/www.professional-haircare.it\/fr\/products\/finishing-fr\/wax-cream-fr\/x-mode-fix-matt-cire-opaque\/#breadcrumb\",\"itemListElement\":[{\"@type\":\"ListItem\",\"position\":1,\"name\":\"Home\",\"item\":\"https:\/\/professional-haircare.it\/fr\/\"},{\"@type\":\"ListItem\",\"position\":2,\"name\":\"Shop\",\"item\":\"https:\/\/professional-haircare.it\/shop\/\"},{\"@type\":\"ListItem\",\"position\":3,\"name\":\"X Mode | Fix Matt &#8211; Cire opaque\"}]},{\"@type\":\"WebSite\",\"@id\":\"https:\/\/professional-haircare.it\/#website\",\"url\":\"https:\/\/professional-haircare.it\/\",\"name\":\"Professional Hair Care\",\"description\":\"Hair Quality Solutions\",\"potentialAction\":[{\"@type\":\"SearchAction\",\"target\":{\"@type\":\"EntryPoint\",\"urlTemplate\":\"https:\/\/professional-haircare.it\/?s={search_term_string}\"},\"query-input\":{\"@type\":\"PropertyValueSpecification\",\"valueRequired\":true,\"valueName\":\"search_term_string\"}}],\"inLanguage\":\"fr-FR\"}]}<\/script>\n<!-- \/ Yoast SEO plugin. -->","yoast_head_json":{"title":"X Mode | Fix Matt - Cire opaque","description":"X Mode Fix Matt, cire \u00e0 effet opaque, permet de modeler avec une fixation l\u00e9g\u00e8re.","robots":{"index":"index","follow":"follow","max-snippet":"max-snippet:-1","max-image-preview":"max-image-preview:large","max-video-preview":"max-video-preview:-1"},"canonical":"https:\/\/www.professional-haircare.it\/fr\/products\/finishing-fr\/wax-cream-fr\/x-mode-fix-matt-cire-opaque\/","og_locale":"fr_FR","og_type":"article","og_title":"X Mode | Fix Matt - Cire opaque","og_description":"X Mode Fix Matt, cire \u00e0 effet opaque, permet de modeler avec une fixation l\u00e9g\u00e8re.","og_url":"https:\/\/www.professional-haircare.it\/fr\/products\/finishing-fr\/wax-cream-fr\/x-mode-fix-matt-cire-opaque\/","og_site_name":"Professional Hair Care","article_modified_time":"2024-06-26T13:30:39+00:00","og_image":[{"width":800,"height":800,"url":"https:\/\/professional-haircare.it\/wp-content\/uploads\/2024\/06\/13005_professional_x_mode_fix-matt.png","type":"image\/png"}],"twitter_card":"summary_large_image","twitter_misc":{"Dur\u00e9e de lecture estim\u00e9e":"1 minute"},"schema":{"@context":"https:\/\/schema.org","@graph":[{"@type":"WebPage","@id":"https:\/\/www.professional-haircare.it\/fr\/products\/finishing-fr\/wax-cream-fr\/x-mode-fix-matt-cire-opaque\/","url":"https:\/\/www.professional-haircare.it\/fr\/products\/finishing-fr\/wax-cream-fr\/x-mode-fix-matt-cire-opaque\/","name":"X Mode | Fix Matt - Cire opaque","isPartOf":{"@id":"https:\/\/professional-haircare.it\/#website"},"primaryImageOfPage":{"@id":"https:\/\/www.professional-haircare.it\/fr\/products\/finishing-fr\/wax-cream-fr\/x-mode-fix-matt-cire-opaque\/#primaryimage"},"image":{"@id":"https:\/\/www.professional-haircare.it\/fr\/products\/finishing-fr\/wax-cream-fr\/x-mode-fix-matt-cire-opaque\/#primaryimage"},"thumbnailUrl":"https:\/\/www.professional-haircare.it\/wp-content\/uploads\/2024\/06\/13005_professional_x_mode_fix-matt.png","datePublished":"2015-06-30T07:46:50+00:00","dateModified":"2024-06-26T13:30:39+00:00","description":"X Mode Fix Matt, cire \u00e0 effet opaque, permet de modeler avec une fixation l\u00e9g\u00e8re.","breadcrumb":{"@id":"https:\/\/www.professional-haircare.it\/fr\/products\/finishing-fr\/wax-cream-fr\/x-mode-fix-matt-cire-opaque\/#breadcrumb"},"inLanguage":"fr-FR","potentialAction":[{"@type":"ReadAction","target":["https:\/\/www.professional-haircare.it\/fr\/products\/finishing-fr\/wax-cream-fr\/x-mode-fix-matt-cire-opaque\/"]}]},{"@type":"ImageObject","inLanguage":"fr-FR","@id":"https:\/\/www.professional-haircare.it\/fr\/products\/finishing-fr\/wax-cream-fr\/x-mode-fix-matt-cire-opaque\/#primaryimage","url":"https:\/\/www.professional-haircare.it\/wp-content\/uploads\/2024\/06\/13005_professional_x_mode_fix-matt.png","contentUrl":"https:\/\/www.professional-haircare.it\/wp-content\/uploads\/2024\/06\/13005_professional_x_mode_fix-matt.png","width":800,"height":800},{"@type":"BreadcrumbList","@id":"https:\/\/www.professional-haircare.it\/fr\/products\/finishing-fr\/wax-cream-fr\/x-mode-fix-matt-cire-opaque\/#breadcrumb","itemListElement":[{"@type":"ListItem","position":1,"name":"Home","item":"https:\/\/professional-haircare.it\/fr\/"},{"@type":"ListItem","position":2,"name":"Shop","item":"https:\/\/professional-haircare.it\/shop\/"},{"@type":"ListItem","position":3,"name":"X Mode | Fix Matt &#8211; Cire opaque"}]},{"@type":"WebSite","@id":"https:\/\/professional-haircare.it\/#website","url":"https:\/\/professional-haircare.it\/","name":"Professional Hair Care","description":"Hair Quality Solutions","potentialAction":[{"@type":"SearchAction","target":{"@type":"EntryPoint","urlTemplate":"https:\/\/professional-haircare.it\/?s={search_term_string}"},"query-input":{"@type":"PropertyValueSpecification","valueRequired":true,"valueName":"search_term_string"}}],"inLanguage":"fr-FR"}]}},"_links":{"self":[{"href":"https:\/\/www.professional-haircare.it\/fr\/wp-json\/wp\/v2\/product\/3888","targetHints":{"allow":["GET"]}}],"collection":[{"href":"https:\/\/www.professional-haircare.it\/fr\/wp-json\/wp\/v2\/product"}],"about":[{"href":"https:\/\/www.professional-haircare.it\/fr\/wp-json\/wp\/v2\/types\/product"}],"replies":[{"embeddable":true,"href":"https:\/\/www.professional-haircare.it\/fr\/wp-json\/wp\/v2\/comments?post=3888"}],"wp:featuredmedia":[{"embeddable":true,"href":"https:\/\/www.professional-haircare.it\/fr\/wp-json\/wp\/v2\/media\/6893"}],"wp:attachment":[{"href":"https:\/\/www.professional-haircare.it\/fr\/wp-json\/wp\/v2\/media?parent=3888"}],"wp:term":[{"taxonomy":"product_brand","embeddable":true,"href":"https:\/\/www.professional-haircare.it\/fr\/wp-json\/wp\/v2\/product_brand?post=3888"},{"taxonomy":"product_cat","embeddable":true,"href":"https:\/\/www.professional-haircare.it\/fr\/wp-json\/wp\/v2\/product_cat?post=3888"},{"taxonomy":"product_tag","embeddable":true,"href":"https:\/\/www.professional-haircare.it\/fr\/wp-json\/wp\/v2\/product_tag?post=3888"}],"curies":[{"name":"wp","href":"https:\/\/api.w.org\/{rel}","templated":true}]}}