{"id":3886,"date":"2015-06-30T09:53:29","date_gmt":"2015-06-30T07:53:29","guid":{"rendered":"https:\/\/www.professional-haircare.it\/products\/non%20class\u00e9\/x-mode-brilliance-pomade\/"},"modified":"2022-11-09T12:42:30","modified_gmt":"2022-11-09T11:42:30","slug":"x-mode-brilliance-pomade","status":"publish","type":"product","link":"https:\/\/www.professional-haircare.it\/fr\/products\/finishing-fr\/wax-cream-fr\/x-mode-brilliance-pomade\/","title":{"rendered":"X Mode | Brilliance Pomade"},"content":{"rendered":"","protected":false},"excerpt":{"rendered":"<p><strong>X Mode Brilliance Pomade<\/strong> est une p\u00e2te brillance caract\u00e9ris\u00e9e par une formule polyvalente pour cr\u00e9er diverses formes de coiffures. Elle permet de fixer les cheveux de la fa\u00e7on souhait\u00e9e, en garantissant une brillance et un effet tenue durable. Id\u00e9ale pour des styles d\u00e9coiff\u00e9s sans \u00abeffet colle\u00bb.<\/p>\n<p>Usage professionnel<\/p>\n<p>Pot de 100 ml<\/p>\n","protected":false},"featured_media":3887,"comment_status":"closed","ping_status":"closed","template":"","meta":[],"product_brand":[],"product_cat":[676,680],"product_tag":[],"class_list":{"0":"post-3886","1":"product","2":"type-product","3":"status-publish","4":"has-post-thumbnail","6":"product_cat-finishing-fr","7":"product_cat-wax-cream-fr","9":"first","10":"instock","11":"shipping-taxable","12":"product-type-simple"},"yoast_head":"<!-- This site is optimized with the Yoast SEO plugin v26.8 - https:\/\/yoast.com\/product\/yoast-seo-wordpress\/ -->\n<title>X Mode | Brilliance Pomade<\/title>\n<meta name=\"description\" content=\"X Mode Brilliance Pomade est une p\u00e2te brillance caract\u00e9ris\u00e9e par une formule polyvalente pour cr\u00e9er diverses formes de coiffures.\" \/>\n<meta name=\"robots\" content=\"index, follow, max-snippet:-1, max-image-preview:large, max-video-preview:-1\" \/>\n<link rel=\"canonical\" href=\"https:\/\/www.professional-haircare.it\/fr\/products\/finishing-fr\/wax-cream-fr\/x-mode-brilliance-pomade\/\" \/>\n<meta property=\"og:locale\" content=\"fr_FR\" \/>\n<meta property=\"og:type\" content=\"article\" \/>\n<meta property=\"og:title\" content=\"X Mode | Brilliance Pomade\" \/>\n<meta property=\"og:description\" content=\"X Mode Brilliance Pomade est une p\u00e2te brillance caract\u00e9ris\u00e9e par une formule polyvalente pour cr\u00e9er diverses formes de coiffures.\" \/>\n<meta property=\"og:url\" content=\"https:\/\/www.professional-haircare.it\/fr\/products\/finishing-fr\/wax-cream-fr\/x-mode-brilliance-pomade\/\" \/>\n<meta property=\"og:site_name\" content=\"Professional Hair Care\" \/>\n<meta property=\"article:modified_time\" content=\"2022-11-09T11:42:30+00:00\" \/>\n<meta property=\"og:image\" content=\"https:\/\/professional-haircare.it\/wp-content\/uploads\/2015\/06\/professional_xmode_brilliance_pomade.png\" \/>\n\t<meta property=\"og:image:width\" content=\"500\" \/>\n\t<meta property=\"og:image:height\" content=\"500\" \/>\n\t<meta property=\"og:image:type\" content=\"image\/png\" \/>\n<meta name=\"twitter:card\" content=\"summary_large_image\" \/>\n<script type=\"application\/ld+json\" class=\"yoast-schema-graph\">{\"@context\":\"https:\/\/schema.org\",\"@graph\":[{\"@type\":\"WebPage\",\"@id\":\"https:\/\/www.professional-haircare.it\/fr\/products\/finishing-fr\/wax-cream-fr\/x-mode-brilliance-pomade\/\",\"url\":\"https:\/\/www.professional-haircare.it\/fr\/products\/finishing-fr\/wax-cream-fr\/x-mode-brilliance-pomade\/\",\"name\":\"X Mode | Brilliance Pomade\",\"isPartOf\":{\"@id\":\"https:\/\/professional-haircare.it\/#website\"},\"primaryImageOfPage\":{\"@id\":\"https:\/\/www.professional-haircare.it\/fr\/products\/finishing-fr\/wax-cream-fr\/x-mode-brilliance-pomade\/#primaryimage\"},\"image\":{\"@id\":\"https:\/\/www.professional-haircare.it\/fr\/products\/finishing-fr\/wax-cream-fr\/x-mode-brilliance-pomade\/#primaryimage\"},\"thumbnailUrl\":\"https:\/\/www.professional-haircare.it\/wp-content\/uploads\/2015\/06\/professional_xmode_brilliance_pomade.png\",\"datePublished\":\"2015-06-30T07:53:29+00:00\",\"dateModified\":\"2022-11-09T11:42:30+00:00\",\"description\":\"X Mode Brilliance Pomade est une p\u00e2te brillance caract\u00e9ris\u00e9e par une formule polyvalente pour cr\u00e9er diverses formes de coiffures.\",\"breadcrumb\":{\"@id\":\"https:\/\/www.professional-haircare.it\/fr\/products\/finishing-fr\/wax-cream-fr\/x-mode-brilliance-pomade\/#breadcrumb\"},\"inLanguage\":\"fr-FR\",\"potentialAction\":[{\"@type\":\"ReadAction\",\"target\":[\"https:\/\/www.professional-haircare.it\/fr\/products\/finishing-fr\/wax-cream-fr\/x-mode-brilliance-pomade\/\"]}]},{\"@type\":\"ImageObject\",\"inLanguage\":\"fr-FR\",\"@id\":\"https:\/\/www.professional-haircare.it\/fr\/products\/finishing-fr\/wax-cream-fr\/x-mode-brilliance-pomade\/#primaryimage\",\"url\":\"https:\/\/www.professional-haircare.it\/wp-content\/uploads\/2015\/06\/professional_xmode_brilliance_pomade.png\",\"contentUrl\":\"https:\/\/www.professional-haircare.it\/wp-content\/uploads\/2015\/06\/professional_xmode_brilliance_pomade.png\",\"width\":500,\"height\":500},{\"@type\":\"BreadcrumbList\",\"@id\":\"https:\/\/www.professional-haircare.it\/fr\/products\/finishing-fr\/wax-cream-fr\/x-mode-brilliance-pomade\/#breadcrumb\",\"itemListElement\":[{\"@type\":\"ListItem\",\"position\":1,\"name\":\"Home\",\"item\":\"https:\/\/professional-haircare.it\/fr\/\"},{\"@type\":\"ListItem\",\"position\":2,\"name\":\"Shop\",\"item\":\"https:\/\/professional-haircare.it\/shop\/\"},{\"@type\":\"ListItem\",\"position\":3,\"name\":\"X Mode | Brilliance Pomade\"}]},{\"@type\":\"WebSite\",\"@id\":\"https:\/\/professional-haircare.it\/#website\",\"url\":\"https:\/\/professional-haircare.it\/\",\"name\":\"Professional Hair Care\",\"description\":\"Hair Quality Solutions\",\"potentialAction\":[{\"@type\":\"SearchAction\",\"target\":{\"@type\":\"EntryPoint\",\"urlTemplate\":\"https:\/\/professional-haircare.it\/?s={search_term_string}\"},\"query-input\":{\"@type\":\"PropertyValueSpecification\",\"valueRequired\":true,\"valueName\":\"search_term_string\"}}],\"inLanguage\":\"fr-FR\"}]}<\/script>\n<!-- \/ Yoast SEO plugin. -->","yoast_head_json":{"title":"X Mode | Brilliance Pomade","description":"X Mode Brilliance Pomade est une p\u00e2te brillance caract\u00e9ris\u00e9e par une formule polyvalente pour cr\u00e9er diverses formes de coiffures.","robots":{"index":"index","follow":"follow","max-snippet":"max-snippet:-1","max-image-preview":"max-image-preview:large","max-video-preview":"max-video-preview:-1"},"canonical":"https:\/\/www.professional-haircare.it\/fr\/products\/finishing-fr\/wax-cream-fr\/x-mode-brilliance-pomade\/","og_locale":"fr_FR","og_type":"article","og_title":"X Mode | Brilliance Pomade","og_description":"X Mode Brilliance Pomade est une p\u00e2te brillance caract\u00e9ris\u00e9e par une formule polyvalente pour cr\u00e9er diverses formes de coiffures.","og_url":"https:\/\/www.professional-haircare.it\/fr\/products\/finishing-fr\/wax-cream-fr\/x-mode-brilliance-pomade\/","og_site_name":"Professional Hair Care","article_modified_time":"2022-11-09T11:42:30+00:00","og_image":[{"width":500,"height":500,"url":"https:\/\/professional-haircare.it\/wp-content\/uploads\/2015\/06\/professional_xmode_brilliance_pomade.png","type":"image\/png"}],"twitter_card":"summary_large_image","schema":{"@context":"https:\/\/schema.org","@graph":[{"@type":"WebPage","@id":"https:\/\/www.professional-haircare.it\/fr\/products\/finishing-fr\/wax-cream-fr\/x-mode-brilliance-pomade\/","url":"https:\/\/www.professional-haircare.it\/fr\/products\/finishing-fr\/wax-cream-fr\/x-mode-brilliance-pomade\/","name":"X Mode | Brilliance Pomade","isPartOf":{"@id":"https:\/\/professional-haircare.it\/#website"},"primaryImageOfPage":{"@id":"https:\/\/www.professional-haircare.it\/fr\/products\/finishing-fr\/wax-cream-fr\/x-mode-brilliance-pomade\/#primaryimage"},"image":{"@id":"https:\/\/www.professional-haircare.it\/fr\/products\/finishing-fr\/wax-cream-fr\/x-mode-brilliance-pomade\/#primaryimage"},"thumbnailUrl":"https:\/\/www.professional-haircare.it\/wp-content\/uploads\/2015\/06\/professional_xmode_brilliance_pomade.png","datePublished":"2015-06-30T07:53:29+00:00","dateModified":"2022-11-09T11:42:30+00:00","description":"X Mode Brilliance Pomade est une p\u00e2te brillance caract\u00e9ris\u00e9e par une formule polyvalente pour cr\u00e9er diverses formes de coiffures.","breadcrumb":{"@id":"https:\/\/www.professional-haircare.it\/fr\/products\/finishing-fr\/wax-cream-fr\/x-mode-brilliance-pomade\/#breadcrumb"},"inLanguage":"fr-FR","potentialAction":[{"@type":"ReadAction","target":["https:\/\/www.professional-haircare.it\/fr\/products\/finishing-fr\/wax-cream-fr\/x-mode-brilliance-pomade\/"]}]},{"@type":"ImageObject","inLanguage":"fr-FR","@id":"https:\/\/www.professional-haircare.it\/fr\/products\/finishing-fr\/wax-cream-fr\/x-mode-brilliance-pomade\/#primaryimage","url":"https:\/\/www.professional-haircare.it\/wp-content\/uploads\/2015\/06\/professional_xmode_brilliance_pomade.png","contentUrl":"https:\/\/www.professional-haircare.it\/wp-content\/uploads\/2015\/06\/professional_xmode_brilliance_pomade.png","width":500,"height":500},{"@type":"BreadcrumbList","@id":"https:\/\/www.professional-haircare.it\/fr\/products\/finishing-fr\/wax-cream-fr\/x-mode-brilliance-pomade\/#breadcrumb","itemListElement":[{"@type":"ListItem","position":1,"name":"Home","item":"https:\/\/professional-haircare.it\/fr\/"},{"@type":"ListItem","position":2,"name":"Shop","item":"https:\/\/professional-haircare.it\/shop\/"},{"@type":"ListItem","position":3,"name":"X Mode | Brilliance Pomade"}]},{"@type":"WebSite","@id":"https:\/\/professional-haircare.it\/#website","url":"https:\/\/professional-haircare.it\/","name":"Professional Hair Care","description":"Hair Quality Solutions","potentialAction":[{"@type":"SearchAction","target":{"@type":"EntryPoint","urlTemplate":"https:\/\/professional-haircare.it\/?s={search_term_string}"},"query-input":{"@type":"PropertyValueSpecification","valueRequired":true,"valueName":"search_term_string"}}],"inLanguage":"fr-FR"}]}},"_links":{"self":[{"href":"https:\/\/www.professional-haircare.it\/fr\/wp-json\/wp\/v2\/product\/3886","targetHints":{"allow":["GET"]}}],"collection":[{"href":"https:\/\/www.professional-haircare.it\/fr\/wp-json\/wp\/v2\/product"}],"about":[{"href":"https:\/\/www.professional-haircare.it\/fr\/wp-json\/wp\/v2\/types\/product"}],"replies":[{"embeddable":true,"href":"https:\/\/www.professional-haircare.it\/fr\/wp-json\/wp\/v2\/comments?post=3886"}],"wp:featuredmedia":[{"embeddable":true,"href":"https:\/\/www.professional-haircare.it\/fr\/wp-json\/wp\/v2\/media\/3887"}],"wp:attachment":[{"href":"https:\/\/www.professional-haircare.it\/fr\/wp-json\/wp\/v2\/media?parent=3886"}],"wp:term":[{"taxonomy":"product_brand","embeddable":true,"href":"https:\/\/www.professional-haircare.it\/fr\/wp-json\/wp\/v2\/product_brand?post=3886"},{"taxonomy":"product_cat","embeddable":true,"href":"https:\/\/www.professional-haircare.it\/fr\/wp-json\/wp\/v2\/product_cat?post=3886"},{"taxonomy":"product_tag","embeddable":true,"href":"https:\/\/www.professional-haircare.it\/fr\/wp-json\/wp\/v2\/product_tag?post=3886"}],"curies":[{"name":"wp","href":"https:\/\/api.w.org\/{rel}","templated":true}]}}