{"id":3884,"date":"2015-06-30T10:10:06","date_gmt":"2015-06-30T08:10:06","guid":{"rendered":"https:\/\/www.professional-haircare.it\/products\/non%20class\u00e9\/x-mode-switch-curl\/"},"modified":"2022-11-09T12:41:58","modified_gmt":"2022-11-09T11:41:58","slug":"x-mode-switch-curl","status":"publish","type":"product","link":"https:\/\/www.professional-haircare.it\/fr\/products\/finishing-fr\/wax-cream-fr\/x-mode-switch-curl\/","title":{"rendered":"X Mode | Switch Curl"},"content":{"rendered":"","protected":false},"excerpt":{"rendered":"<p><strong>X Mode Switch Curl,<\/strong> cr\u00e8me boucles parfaitement d\u00e9finies pour tous les jours. Cr\u00e8me sans rin\u00e7age, id\u00e9ale pour rendre aux cheveux boucl\u00e9s un effet net et pour redessiner l\u2019ondulation. Ne graisse pas et n\u2019alourdit pas la chevelure.<\/p>\n<p>Usage professionnel<\/p>\n<p>Flacon de 100 ml<\/p>\n","protected":false},"featured_media":6868,"comment_status":"closed","ping_status":"closed","template":"","meta":[],"product_brand":[],"product_cat":[676,680],"product_tag":[],"class_list":{"0":"post-3884","1":"product","2":"type-product","3":"status-publish","4":"has-post-thumbnail","6":"product_cat-finishing-fr","7":"product_cat-wax-cream-fr","9":"first","10":"instock","11":"shipping-taxable","12":"product-type-simple"},"yoast_head":"<!-- This site is optimized with the Yoast SEO plugin v26.8 - https:\/\/yoast.com\/product\/yoast-seo-wordpress\/ -->\n<title>X Mode | Switch Curl<\/title>\n<meta name=\"description\" content=\"X Mode Switch Curl, cr\u00e8me boucles parfaitement d\u00e9finies pour tous les jours. Cr\u00e8me sans rin\u00e7age.\" \/>\n<meta name=\"robots\" content=\"index, follow, max-snippet:-1, max-image-preview:large, max-video-preview:-1\" \/>\n<link rel=\"canonical\" href=\"https:\/\/www.professional-haircare.it\/fr\/products\/finishing-fr\/wax-cream-fr\/x-mode-switch-curl\/\" \/>\n<meta property=\"og:locale\" content=\"fr_FR\" \/>\n<meta property=\"og:type\" content=\"article\" \/>\n<meta property=\"og:title\" content=\"X Mode | Switch Curl\" \/>\n<meta property=\"og:description\" content=\"X Mode Switch Curl, cr\u00e8me boucles parfaitement d\u00e9finies pour tous les jours. Cr\u00e8me sans rin\u00e7age.\" \/>\n<meta property=\"og:url\" content=\"https:\/\/www.professional-haircare.it\/fr\/products\/finishing-fr\/wax-cream-fr\/x-mode-switch-curl\/\" \/>\n<meta property=\"og:site_name\" content=\"Professional Hair Care\" \/>\n<meta property=\"article:modified_time\" content=\"2022-11-09T11:41:58+00:00\" \/>\n<meta property=\"og:image\" content=\"https:\/\/professional-haircare.it\/wp-content\/uploads\/2019\/11\/13002_professional_finish_styling_xmode_switch_curl_100ml.png\" \/>\n\t<meta property=\"og:image:width\" content=\"600\" \/>\n\t<meta property=\"og:image:height\" content=\"600\" \/>\n\t<meta property=\"og:image:type\" content=\"image\/png\" \/>\n<meta name=\"twitter:card\" content=\"summary_large_image\" \/>\n<script type=\"application\/ld+json\" class=\"yoast-schema-graph\">{\"@context\":\"https:\/\/schema.org\",\"@graph\":[{\"@type\":\"WebPage\",\"@id\":\"https:\/\/www.professional-haircare.it\/fr\/products\/finishing-fr\/wax-cream-fr\/x-mode-switch-curl\/\",\"url\":\"https:\/\/www.professional-haircare.it\/fr\/products\/finishing-fr\/wax-cream-fr\/x-mode-switch-curl\/\",\"name\":\"X Mode | Switch Curl\",\"isPartOf\":{\"@id\":\"https:\/\/professional-haircare.it\/#website\"},\"primaryImageOfPage\":{\"@id\":\"https:\/\/www.professional-haircare.it\/fr\/products\/finishing-fr\/wax-cream-fr\/x-mode-switch-curl\/#primaryimage\"},\"image\":{\"@id\":\"https:\/\/www.professional-haircare.it\/fr\/products\/finishing-fr\/wax-cream-fr\/x-mode-switch-curl\/#primaryimage\"},\"thumbnailUrl\":\"https:\/\/www.professional-haircare.it\/wp-content\/uploads\/2024\/05\/13002_professional_xmode_switch_curl_100ml.png\",\"datePublished\":\"2015-06-30T08:10:06+00:00\",\"dateModified\":\"2022-11-09T11:41:58+00:00\",\"description\":\"X Mode Switch Curl, cr\u00e8me boucles parfaitement d\u00e9finies pour tous les jours. Cr\u00e8me sans rin\u00e7age.\",\"breadcrumb\":{\"@id\":\"https:\/\/www.professional-haircare.it\/fr\/products\/finishing-fr\/wax-cream-fr\/x-mode-switch-curl\/#breadcrumb\"},\"inLanguage\":\"fr-FR\",\"potentialAction\":[{\"@type\":\"ReadAction\",\"target\":[\"https:\/\/www.professional-haircare.it\/fr\/products\/finishing-fr\/wax-cream-fr\/x-mode-switch-curl\/\"]}]},{\"@type\":\"ImageObject\",\"inLanguage\":\"fr-FR\",\"@id\":\"https:\/\/www.professional-haircare.it\/fr\/products\/finishing-fr\/wax-cream-fr\/x-mode-switch-curl\/#primaryimage\",\"url\":\"https:\/\/www.professional-haircare.it\/wp-content\/uploads\/2024\/05\/13002_professional_xmode_switch_curl_100ml.png\",\"contentUrl\":\"https:\/\/www.professional-haircare.it\/wp-content\/uploads\/2024\/05\/13002_professional_xmode_switch_curl_100ml.png\",\"width\":800,\"height\":800},{\"@type\":\"BreadcrumbList\",\"@id\":\"https:\/\/www.professional-haircare.it\/fr\/products\/finishing-fr\/wax-cream-fr\/x-mode-switch-curl\/#breadcrumb\",\"itemListElement\":[{\"@type\":\"ListItem\",\"position\":1,\"name\":\"Home\",\"item\":\"https:\/\/professional-haircare.it\/fr\/\"},{\"@type\":\"ListItem\",\"position\":2,\"name\":\"Shop\",\"item\":\"https:\/\/professional-haircare.it\/shop\/\"},{\"@type\":\"ListItem\",\"position\":3,\"name\":\"X Mode | Switch Curl\"}]},{\"@type\":\"WebSite\",\"@id\":\"https:\/\/professional-haircare.it\/#website\",\"url\":\"https:\/\/professional-haircare.it\/\",\"name\":\"Professional Hair Care\",\"description\":\"Hair Quality Solutions\",\"potentialAction\":[{\"@type\":\"SearchAction\",\"target\":{\"@type\":\"EntryPoint\",\"urlTemplate\":\"https:\/\/professional-haircare.it\/?s={search_term_string}\"},\"query-input\":{\"@type\":\"PropertyValueSpecification\",\"valueRequired\":true,\"valueName\":\"search_term_string\"}}],\"inLanguage\":\"fr-FR\"}]}<\/script>\n<!-- \/ Yoast SEO plugin. -->","yoast_head_json":{"title":"X Mode | Switch Curl","description":"X Mode Switch Curl, cr\u00e8me boucles parfaitement d\u00e9finies pour tous les jours. Cr\u00e8me sans rin\u00e7age.","robots":{"index":"index","follow":"follow","max-snippet":"max-snippet:-1","max-image-preview":"max-image-preview:large","max-video-preview":"max-video-preview:-1"},"canonical":"https:\/\/www.professional-haircare.it\/fr\/products\/finishing-fr\/wax-cream-fr\/x-mode-switch-curl\/","og_locale":"fr_FR","og_type":"article","og_title":"X Mode | Switch Curl","og_description":"X Mode Switch Curl, cr\u00e8me boucles parfaitement d\u00e9finies pour tous les jours. Cr\u00e8me sans rin\u00e7age.","og_url":"https:\/\/www.professional-haircare.it\/fr\/products\/finishing-fr\/wax-cream-fr\/x-mode-switch-curl\/","og_site_name":"Professional Hair Care","article_modified_time":"2022-11-09T11:41:58+00:00","og_image":[{"width":600,"height":600,"url":"https:\/\/professional-haircare.it\/wp-content\/uploads\/2019\/11\/13002_professional_finish_styling_xmode_switch_curl_100ml.png","type":"image\/png"}],"twitter_card":"summary_large_image","schema":{"@context":"https:\/\/schema.org","@graph":[{"@type":"WebPage","@id":"https:\/\/www.professional-haircare.it\/fr\/products\/finishing-fr\/wax-cream-fr\/x-mode-switch-curl\/","url":"https:\/\/www.professional-haircare.it\/fr\/products\/finishing-fr\/wax-cream-fr\/x-mode-switch-curl\/","name":"X Mode | Switch Curl","isPartOf":{"@id":"https:\/\/professional-haircare.it\/#website"},"primaryImageOfPage":{"@id":"https:\/\/www.professional-haircare.it\/fr\/products\/finishing-fr\/wax-cream-fr\/x-mode-switch-curl\/#primaryimage"},"image":{"@id":"https:\/\/www.professional-haircare.it\/fr\/products\/finishing-fr\/wax-cream-fr\/x-mode-switch-curl\/#primaryimage"},"thumbnailUrl":"https:\/\/www.professional-haircare.it\/wp-content\/uploads\/2024\/05\/13002_professional_xmode_switch_curl_100ml.png","datePublished":"2015-06-30T08:10:06+00:00","dateModified":"2022-11-09T11:41:58+00:00","description":"X Mode Switch Curl, cr\u00e8me boucles parfaitement d\u00e9finies pour tous les jours. Cr\u00e8me sans rin\u00e7age.","breadcrumb":{"@id":"https:\/\/www.professional-haircare.it\/fr\/products\/finishing-fr\/wax-cream-fr\/x-mode-switch-curl\/#breadcrumb"},"inLanguage":"fr-FR","potentialAction":[{"@type":"ReadAction","target":["https:\/\/www.professional-haircare.it\/fr\/products\/finishing-fr\/wax-cream-fr\/x-mode-switch-curl\/"]}]},{"@type":"ImageObject","inLanguage":"fr-FR","@id":"https:\/\/www.professional-haircare.it\/fr\/products\/finishing-fr\/wax-cream-fr\/x-mode-switch-curl\/#primaryimage","url":"https:\/\/www.professional-haircare.it\/wp-content\/uploads\/2024\/05\/13002_professional_xmode_switch_curl_100ml.png","contentUrl":"https:\/\/www.professional-haircare.it\/wp-content\/uploads\/2024\/05\/13002_professional_xmode_switch_curl_100ml.png","width":800,"height":800},{"@type":"BreadcrumbList","@id":"https:\/\/www.professional-haircare.it\/fr\/products\/finishing-fr\/wax-cream-fr\/x-mode-switch-curl\/#breadcrumb","itemListElement":[{"@type":"ListItem","position":1,"name":"Home","item":"https:\/\/professional-haircare.it\/fr\/"},{"@type":"ListItem","position":2,"name":"Shop","item":"https:\/\/professional-haircare.it\/shop\/"},{"@type":"ListItem","position":3,"name":"X Mode | Switch Curl"}]},{"@type":"WebSite","@id":"https:\/\/professional-haircare.it\/#website","url":"https:\/\/professional-haircare.it\/","name":"Professional Hair Care","description":"Hair Quality Solutions","potentialAction":[{"@type":"SearchAction","target":{"@type":"EntryPoint","urlTemplate":"https:\/\/professional-haircare.it\/?s={search_term_string}"},"query-input":{"@type":"PropertyValueSpecification","valueRequired":true,"valueName":"search_term_string"}}],"inLanguage":"fr-FR"}]}},"_links":{"self":[{"href":"https:\/\/www.professional-haircare.it\/fr\/wp-json\/wp\/v2\/product\/3884","targetHints":{"allow":["GET"]}}],"collection":[{"href":"https:\/\/www.professional-haircare.it\/fr\/wp-json\/wp\/v2\/product"}],"about":[{"href":"https:\/\/www.professional-haircare.it\/fr\/wp-json\/wp\/v2\/types\/product"}],"replies":[{"embeddable":true,"href":"https:\/\/www.professional-haircare.it\/fr\/wp-json\/wp\/v2\/comments?post=3884"}],"wp:featuredmedia":[{"embeddable":true,"href":"https:\/\/www.professional-haircare.it\/fr\/wp-json\/wp\/v2\/media\/6868"}],"wp:attachment":[{"href":"https:\/\/www.professional-haircare.it\/fr\/wp-json\/wp\/v2\/media?parent=3884"}],"wp:term":[{"taxonomy":"product_brand","embeddable":true,"href":"https:\/\/www.professional-haircare.it\/fr\/wp-json\/wp\/v2\/product_brand?post=3884"},{"taxonomy":"product_cat","embeddable":true,"href":"https:\/\/www.professional-haircare.it\/fr\/wp-json\/wp\/v2\/product_cat?post=3884"},{"taxonomy":"product_tag","embeddable":true,"href":"https:\/\/www.professional-haircare.it\/fr\/wp-json\/wp\/v2\/product_tag?post=3884"}],"curies":[{"name":"wp","href":"https:\/\/api.w.org\/{rel}","templated":true}]}}