{"id":3880,"date":"2015-06-30T10:22:10","date_gmt":"2015-06-30T08:22:10","guid":{"rendered":"https:\/\/www.professional-haircare.it\/products\/non%20class\u00e9\/x-mode-white-candy\/"},"modified":"2022-11-09T12:41:30","modified_gmt":"2022-11-09T11:41:30","slug":"x-mode-white-candy","status":"publish","type":"product","link":"https:\/\/www.professional-haircare.it\/fr\/products\/finishing-fr\/mousse-fr\/x-mode-white-candy\/","title":{"rendered":"X Mode | White Candy"},"content":{"rendered":"","protected":false},"excerpt":{"rendered":"<p><strong>X Mode White Candy<\/strong>, mousse douce pour tous les types de cheveux. Formule riche en actifs comme la K\u00e9ratine et la Glyc\u00e9rine, qui aident \u00e0 lutter contre l\u2019effet cr\u00e9pu, restructurent et hydratent la tige. Les cheveux se r\u00e9v\u00e9leront plus soyeux et faciles \u00e0 peigner.<\/p>\n<p>Usage professionnel<\/p>\n<p>Bouteille de 300 ml<\/p>\n","protected":false},"featured_media":3881,"comment_status":"closed","ping_status":"closed","template":"","meta":[],"product_brand":[],"product_cat":[676,678],"product_tag":[],"class_list":{"0":"post-3880","1":"product","2":"type-product","3":"status-publish","4":"has-post-thumbnail","6":"product_cat-finishing-fr","7":"product_cat-mousse-fr","9":"first","10":"instock","11":"shipping-taxable","12":"product-type-simple"},"yoast_head":"<!-- This site is optimized with the Yoast SEO plugin v26.8 - https:\/\/yoast.com\/product\/yoast-seo-wordpress\/ -->\n<title>X Mode | White Candy<\/title>\n<meta name=\"description\" content=\"X Mode White Candy, mousse douce pour tous les types de cheveux. Formule riche en actifs comme la K\u00e9ratine et la Glyc\u00e9rine, qui aident \u00e0 lutter contre l\u2019effet cr\u00e9pu\" \/>\n<meta name=\"robots\" content=\"index, follow, max-snippet:-1, max-image-preview:large, max-video-preview:-1\" \/>\n<link rel=\"canonical\" href=\"https:\/\/www.professional-haircare.it\/fr\/products\/finishing-fr\/mousse-fr\/x-mode-white-candy\/\" \/>\n<meta property=\"og:locale\" content=\"fr_FR\" \/>\n<meta property=\"og:type\" content=\"article\" \/>\n<meta property=\"og:title\" content=\"X Mode | White Candy\" \/>\n<meta property=\"og:description\" content=\"X Mode White Candy, mousse douce pour tous les types de cheveux. Formule riche en actifs comme la K\u00e9ratine et la Glyc\u00e9rine, qui aident \u00e0 lutter contre l\u2019effet cr\u00e9pu\" \/>\n<meta property=\"og:url\" content=\"https:\/\/www.professional-haircare.it\/fr\/products\/finishing-fr\/mousse-fr\/x-mode-white-candy\/\" \/>\n<meta property=\"og:site_name\" content=\"Professional Hair Care\" \/>\n<meta property=\"article:modified_time\" content=\"2022-11-09T11:41:30+00:00\" \/>\n<meta property=\"og:image\" content=\"https:\/\/professional-haircare.it\/wp-content\/uploads\/2015\/06\/professional_xmode_white_candy.png\" \/>\n\t<meta property=\"og:image:width\" content=\"500\" \/>\n\t<meta property=\"og:image:height\" content=\"500\" \/>\n\t<meta property=\"og:image:type\" content=\"image\/png\" \/>\n<meta name=\"twitter:card\" content=\"summary_large_image\" \/>\n<script type=\"application\/ld+json\" class=\"yoast-schema-graph\">{\"@context\":\"https:\/\/schema.org\",\"@graph\":[{\"@type\":\"WebPage\",\"@id\":\"https:\/\/www.professional-haircare.it\/fr\/products\/finishing-fr\/mousse-fr\/x-mode-white-candy\/\",\"url\":\"https:\/\/www.professional-haircare.it\/fr\/products\/finishing-fr\/mousse-fr\/x-mode-white-candy\/\",\"name\":\"X Mode | White Candy\",\"isPartOf\":{\"@id\":\"https:\/\/professional-haircare.it\/#website\"},\"primaryImageOfPage\":{\"@id\":\"https:\/\/www.professional-haircare.it\/fr\/products\/finishing-fr\/mousse-fr\/x-mode-white-candy\/#primaryimage\"},\"image\":{\"@id\":\"https:\/\/www.professional-haircare.it\/fr\/products\/finishing-fr\/mousse-fr\/x-mode-white-candy\/#primaryimage\"},\"thumbnailUrl\":\"https:\/\/www.professional-haircare.it\/wp-content\/uploads\/2015\/06\/professional_xmode_white_candy.png\",\"datePublished\":\"2015-06-30T08:22:10+00:00\",\"dateModified\":\"2022-11-09T11:41:30+00:00\",\"description\":\"X Mode White Candy, mousse douce pour tous les types de cheveux. Formule riche en actifs comme la K\u00e9ratine et la Glyc\u00e9rine, qui aident \u00e0 lutter contre l\u2019effet cr\u00e9pu\",\"breadcrumb\":{\"@id\":\"https:\/\/www.professional-haircare.it\/fr\/products\/finishing-fr\/mousse-fr\/x-mode-white-candy\/#breadcrumb\"},\"inLanguage\":\"fr-FR\",\"potentialAction\":[{\"@type\":\"ReadAction\",\"target\":[\"https:\/\/www.professional-haircare.it\/fr\/products\/finishing-fr\/mousse-fr\/x-mode-white-candy\/\"]}]},{\"@type\":\"ImageObject\",\"inLanguage\":\"fr-FR\",\"@id\":\"https:\/\/www.professional-haircare.it\/fr\/products\/finishing-fr\/mousse-fr\/x-mode-white-candy\/#primaryimage\",\"url\":\"https:\/\/www.professional-haircare.it\/wp-content\/uploads\/2015\/06\/professional_xmode_white_candy.png\",\"contentUrl\":\"https:\/\/www.professional-haircare.it\/wp-content\/uploads\/2015\/06\/professional_xmode_white_candy.png\",\"width\":500,\"height\":500},{\"@type\":\"BreadcrumbList\",\"@id\":\"https:\/\/www.professional-haircare.it\/fr\/products\/finishing-fr\/mousse-fr\/x-mode-white-candy\/#breadcrumb\",\"itemListElement\":[{\"@type\":\"ListItem\",\"position\":1,\"name\":\"Home\",\"item\":\"https:\/\/professional-haircare.it\/fr\/\"},{\"@type\":\"ListItem\",\"position\":2,\"name\":\"Shop\",\"item\":\"https:\/\/professional-haircare.it\/shop\/\"},{\"@type\":\"ListItem\",\"position\":3,\"name\":\"X Mode | White Candy\"}]},{\"@type\":\"WebSite\",\"@id\":\"https:\/\/professional-haircare.it\/#website\",\"url\":\"https:\/\/professional-haircare.it\/\",\"name\":\"Professional Hair Care\",\"description\":\"Hair Quality Solutions\",\"potentialAction\":[{\"@type\":\"SearchAction\",\"target\":{\"@type\":\"EntryPoint\",\"urlTemplate\":\"https:\/\/professional-haircare.it\/?s={search_term_string}\"},\"query-input\":{\"@type\":\"PropertyValueSpecification\",\"valueRequired\":true,\"valueName\":\"search_term_string\"}}],\"inLanguage\":\"fr-FR\"}]}<\/script>\n<!-- \/ Yoast SEO plugin. -->","yoast_head_json":{"title":"X Mode | White Candy","description":"X Mode White Candy, mousse douce pour tous les types de cheveux. Formule riche en actifs comme la K\u00e9ratine et la Glyc\u00e9rine, qui aident \u00e0 lutter contre l\u2019effet cr\u00e9pu","robots":{"index":"index","follow":"follow","max-snippet":"max-snippet:-1","max-image-preview":"max-image-preview:large","max-video-preview":"max-video-preview:-1"},"canonical":"https:\/\/www.professional-haircare.it\/fr\/products\/finishing-fr\/mousse-fr\/x-mode-white-candy\/","og_locale":"fr_FR","og_type":"article","og_title":"X Mode | White Candy","og_description":"X Mode White Candy, mousse douce pour tous les types de cheveux. Formule riche en actifs comme la K\u00e9ratine et la Glyc\u00e9rine, qui aident \u00e0 lutter contre l\u2019effet cr\u00e9pu","og_url":"https:\/\/www.professional-haircare.it\/fr\/products\/finishing-fr\/mousse-fr\/x-mode-white-candy\/","og_site_name":"Professional Hair Care","article_modified_time":"2022-11-09T11:41:30+00:00","og_image":[{"width":500,"height":500,"url":"https:\/\/professional-haircare.it\/wp-content\/uploads\/2015\/06\/professional_xmode_white_candy.png","type":"image\/png"}],"twitter_card":"summary_large_image","schema":{"@context":"https:\/\/schema.org","@graph":[{"@type":"WebPage","@id":"https:\/\/www.professional-haircare.it\/fr\/products\/finishing-fr\/mousse-fr\/x-mode-white-candy\/","url":"https:\/\/www.professional-haircare.it\/fr\/products\/finishing-fr\/mousse-fr\/x-mode-white-candy\/","name":"X Mode | White Candy","isPartOf":{"@id":"https:\/\/professional-haircare.it\/#website"},"primaryImageOfPage":{"@id":"https:\/\/www.professional-haircare.it\/fr\/products\/finishing-fr\/mousse-fr\/x-mode-white-candy\/#primaryimage"},"image":{"@id":"https:\/\/www.professional-haircare.it\/fr\/products\/finishing-fr\/mousse-fr\/x-mode-white-candy\/#primaryimage"},"thumbnailUrl":"https:\/\/www.professional-haircare.it\/wp-content\/uploads\/2015\/06\/professional_xmode_white_candy.png","datePublished":"2015-06-30T08:22:10+00:00","dateModified":"2022-11-09T11:41:30+00:00","description":"X Mode White Candy, mousse douce pour tous les types de cheveux. Formule riche en actifs comme la K\u00e9ratine et la Glyc\u00e9rine, qui aident \u00e0 lutter contre l\u2019effet cr\u00e9pu","breadcrumb":{"@id":"https:\/\/www.professional-haircare.it\/fr\/products\/finishing-fr\/mousse-fr\/x-mode-white-candy\/#breadcrumb"},"inLanguage":"fr-FR","potentialAction":[{"@type":"ReadAction","target":["https:\/\/www.professional-haircare.it\/fr\/products\/finishing-fr\/mousse-fr\/x-mode-white-candy\/"]}]},{"@type":"ImageObject","inLanguage":"fr-FR","@id":"https:\/\/www.professional-haircare.it\/fr\/products\/finishing-fr\/mousse-fr\/x-mode-white-candy\/#primaryimage","url":"https:\/\/www.professional-haircare.it\/wp-content\/uploads\/2015\/06\/professional_xmode_white_candy.png","contentUrl":"https:\/\/www.professional-haircare.it\/wp-content\/uploads\/2015\/06\/professional_xmode_white_candy.png","width":500,"height":500},{"@type":"BreadcrumbList","@id":"https:\/\/www.professional-haircare.it\/fr\/products\/finishing-fr\/mousse-fr\/x-mode-white-candy\/#breadcrumb","itemListElement":[{"@type":"ListItem","position":1,"name":"Home","item":"https:\/\/professional-haircare.it\/fr\/"},{"@type":"ListItem","position":2,"name":"Shop","item":"https:\/\/professional-haircare.it\/shop\/"},{"@type":"ListItem","position":3,"name":"X Mode | White Candy"}]},{"@type":"WebSite","@id":"https:\/\/professional-haircare.it\/#website","url":"https:\/\/professional-haircare.it\/","name":"Professional Hair Care","description":"Hair Quality Solutions","potentialAction":[{"@type":"SearchAction","target":{"@type":"EntryPoint","urlTemplate":"https:\/\/professional-haircare.it\/?s={search_term_string}"},"query-input":{"@type":"PropertyValueSpecification","valueRequired":true,"valueName":"search_term_string"}}],"inLanguage":"fr-FR"}]}},"_links":{"self":[{"href":"https:\/\/www.professional-haircare.it\/fr\/wp-json\/wp\/v2\/product\/3880","targetHints":{"allow":["GET"]}}],"collection":[{"href":"https:\/\/www.professional-haircare.it\/fr\/wp-json\/wp\/v2\/product"}],"about":[{"href":"https:\/\/www.professional-haircare.it\/fr\/wp-json\/wp\/v2\/types\/product"}],"replies":[{"embeddable":true,"href":"https:\/\/www.professional-haircare.it\/fr\/wp-json\/wp\/v2\/comments?post=3880"}],"wp:featuredmedia":[{"embeddable":true,"href":"https:\/\/www.professional-haircare.it\/fr\/wp-json\/wp\/v2\/media\/3881"}],"wp:attachment":[{"href":"https:\/\/www.professional-haircare.it\/fr\/wp-json\/wp\/v2\/media?parent=3880"}],"wp:term":[{"taxonomy":"product_brand","embeddable":true,"href":"https:\/\/www.professional-haircare.it\/fr\/wp-json\/wp\/v2\/product_brand?post=3880"},{"taxonomy":"product_cat","embeddable":true,"href":"https:\/\/www.professional-haircare.it\/fr\/wp-json\/wp\/v2\/product_cat?post=3880"},{"taxonomy":"product_tag","embeddable":true,"href":"https:\/\/www.professional-haircare.it\/fr\/wp-json\/wp\/v2\/product_tag?post=3880"}],"curies":[{"name":"wp","href":"https:\/\/api.w.org\/{rel}","templated":true}]}}