{"id":3870,"date":"2015-06-30T11:47:49","date_gmt":"2015-06-30T09:47:49","guid":{"rendered":"https:\/\/www.professional-haircare.it\/products\/non%20class\u00e9\/x-mode-glue-strong-colle-fixation-extreme\/"},"modified":"2022-11-09T12:40:07","modified_gmt":"2022-11-09T11:40:07","slug":"x-mode-glue-strong-colle-fixation-extreme","status":"publish","type":"product","link":"https:\/\/www.professional-haircare.it\/fr\/products\/finishing-fr\/gel-fr\/x-mode-glue-strong-colle-fixation-extreme\/","title":{"rendered":"X Mode | Glue Strong \u2013 Colle fixation extr\u00eame"},"content":{"rendered":"","protected":false},"excerpt":{"rendered":"<p><strong>X Mode, Glue Strong<\/strong>, produit id\u00e9al pour un look extr\u00eame. Rend les coiffures volumineuses et garantit une fixation durable et une tenue incroyable, gr\u00e2ce \u00e0 sa composition exclusive.<\/p>\n<p>Usage professionnel<\/p>\n<p>Tube de 75 ml<\/p>\n","protected":false},"featured_media":3871,"comment_status":"closed","ping_status":"closed","template":"","meta":[],"product_brand":[],"product_cat":[676,677],"product_tag":[],"class_list":{"0":"post-3870","1":"product","2":"type-product","3":"status-publish","4":"has-post-thumbnail","6":"product_cat-finishing-fr","7":"product_cat-gel-fr","9":"first","10":"instock","11":"shipping-taxable","12":"product-type-simple"},"yoast_head":"<!-- This site is optimized with the Yoast SEO plugin v26.8 - https:\/\/yoast.com\/product\/yoast-seo-wordpress\/ -->\n<title>X Mode | Glue Strong \u2013 Colle fixation extr\u00eame<\/title>\n<meta name=\"description\" content=\"X Mode, Glue Strong, produit id\u00e9al pour un look extr\u00eame. Rend les coiffures volumineuses et garantit une fixation durable\" \/>\n<meta name=\"robots\" content=\"index, follow, max-snippet:-1, max-image-preview:large, max-video-preview:-1\" \/>\n<link rel=\"canonical\" href=\"https:\/\/www.professional-haircare.it\/fr\/products\/finishing-fr\/gel-fr\/x-mode-glue-strong-colle-fixation-extreme\/\" \/>\n<meta property=\"og:locale\" content=\"fr_FR\" \/>\n<meta property=\"og:type\" content=\"article\" \/>\n<meta property=\"og:title\" content=\"X Mode | Glue Strong \u2013 Colle fixation extr\u00eame\" \/>\n<meta property=\"og:description\" content=\"X Mode, Glue Strong, produit id\u00e9al pour un look extr\u00eame. Rend les coiffures volumineuses et garantit une fixation durable\" \/>\n<meta property=\"og:url\" content=\"https:\/\/www.professional-haircare.it\/fr\/products\/finishing-fr\/gel-fr\/x-mode-glue-strong-colle-fixation-extreme\/\" \/>\n<meta property=\"og:site_name\" content=\"Professional Hair Care\" \/>\n<meta property=\"article:modified_time\" content=\"2022-11-09T11:40:07+00:00\" \/>\n<meta property=\"og:image\" content=\"https:\/\/professional-haircare.it\/wp-content\/uploads\/2015\/06\/professional_xmode_glue_strong.png\" \/>\n\t<meta property=\"og:image:width\" content=\"500\" \/>\n\t<meta property=\"og:image:height\" content=\"500\" \/>\n\t<meta property=\"og:image:type\" content=\"image\/png\" \/>\n<meta name=\"twitter:card\" content=\"summary_large_image\" \/>\n<script type=\"application\/ld+json\" class=\"yoast-schema-graph\">{\"@context\":\"https:\/\/schema.org\",\"@graph\":[{\"@type\":\"WebPage\",\"@id\":\"https:\/\/www.professional-haircare.it\/fr\/products\/finishing-fr\/gel-fr\/x-mode-glue-strong-colle-fixation-extreme\/\",\"url\":\"https:\/\/www.professional-haircare.it\/fr\/products\/finishing-fr\/gel-fr\/x-mode-glue-strong-colle-fixation-extreme\/\",\"name\":\"X Mode | Glue Strong \u2013 Colle fixation extr\u00eame\",\"isPartOf\":{\"@id\":\"https:\/\/professional-haircare.it\/#website\"},\"primaryImageOfPage\":{\"@id\":\"https:\/\/www.professional-haircare.it\/fr\/products\/finishing-fr\/gel-fr\/x-mode-glue-strong-colle-fixation-extreme\/#primaryimage\"},\"image\":{\"@id\":\"https:\/\/www.professional-haircare.it\/fr\/products\/finishing-fr\/gel-fr\/x-mode-glue-strong-colle-fixation-extreme\/#primaryimage\"},\"thumbnailUrl\":\"https:\/\/www.professional-haircare.it\/wp-content\/uploads\/2015\/06\/professional_xmode_glue_strong.png\",\"datePublished\":\"2015-06-30T09:47:49+00:00\",\"dateModified\":\"2022-11-09T11:40:07+00:00\",\"description\":\"X Mode, Glue Strong, produit id\u00e9al pour un look extr\u00eame. Rend les coiffures volumineuses et garantit une fixation durable\",\"breadcrumb\":{\"@id\":\"https:\/\/www.professional-haircare.it\/fr\/products\/finishing-fr\/gel-fr\/x-mode-glue-strong-colle-fixation-extreme\/#breadcrumb\"},\"inLanguage\":\"fr-FR\",\"potentialAction\":[{\"@type\":\"ReadAction\",\"target\":[\"https:\/\/www.professional-haircare.it\/fr\/products\/finishing-fr\/gel-fr\/x-mode-glue-strong-colle-fixation-extreme\/\"]}]},{\"@type\":\"ImageObject\",\"inLanguage\":\"fr-FR\",\"@id\":\"https:\/\/www.professional-haircare.it\/fr\/products\/finishing-fr\/gel-fr\/x-mode-glue-strong-colle-fixation-extreme\/#primaryimage\",\"url\":\"https:\/\/www.professional-haircare.it\/wp-content\/uploads\/2015\/06\/professional_xmode_glue_strong.png\",\"contentUrl\":\"https:\/\/www.professional-haircare.it\/wp-content\/uploads\/2015\/06\/professional_xmode_glue_strong.png\",\"width\":500,\"height\":500},{\"@type\":\"BreadcrumbList\",\"@id\":\"https:\/\/www.professional-haircare.it\/fr\/products\/finishing-fr\/gel-fr\/x-mode-glue-strong-colle-fixation-extreme\/#breadcrumb\",\"itemListElement\":[{\"@type\":\"ListItem\",\"position\":1,\"name\":\"Home\",\"item\":\"https:\/\/professional-haircare.it\/fr\/\"},{\"@type\":\"ListItem\",\"position\":2,\"name\":\"Shop\",\"item\":\"https:\/\/professional-haircare.it\/shop\/\"},{\"@type\":\"ListItem\",\"position\":3,\"name\":\"X Mode | Glue Strong \u2013 Colle fixation extr\u00eame\"}]},{\"@type\":\"WebSite\",\"@id\":\"https:\/\/professional-haircare.it\/#website\",\"url\":\"https:\/\/professional-haircare.it\/\",\"name\":\"Professional Hair Care\",\"description\":\"Hair Quality Solutions\",\"potentialAction\":[{\"@type\":\"SearchAction\",\"target\":{\"@type\":\"EntryPoint\",\"urlTemplate\":\"https:\/\/professional-haircare.it\/?s={search_term_string}\"},\"query-input\":{\"@type\":\"PropertyValueSpecification\",\"valueRequired\":true,\"valueName\":\"search_term_string\"}}],\"inLanguage\":\"fr-FR\"}]}<\/script>\n<!-- \/ Yoast SEO plugin. -->","yoast_head_json":{"title":"X Mode | Glue Strong \u2013 Colle fixation extr\u00eame","description":"X Mode, Glue Strong, produit id\u00e9al pour un look extr\u00eame. Rend les coiffures volumineuses et garantit une fixation durable","robots":{"index":"index","follow":"follow","max-snippet":"max-snippet:-1","max-image-preview":"max-image-preview:large","max-video-preview":"max-video-preview:-1"},"canonical":"https:\/\/www.professional-haircare.it\/fr\/products\/finishing-fr\/gel-fr\/x-mode-glue-strong-colle-fixation-extreme\/","og_locale":"fr_FR","og_type":"article","og_title":"X Mode | Glue Strong \u2013 Colle fixation extr\u00eame","og_description":"X Mode, Glue Strong, produit id\u00e9al pour un look extr\u00eame. Rend les coiffures volumineuses et garantit une fixation durable","og_url":"https:\/\/www.professional-haircare.it\/fr\/products\/finishing-fr\/gel-fr\/x-mode-glue-strong-colle-fixation-extreme\/","og_site_name":"Professional Hair Care","article_modified_time":"2022-11-09T11:40:07+00:00","og_image":[{"width":500,"height":500,"url":"https:\/\/professional-haircare.it\/wp-content\/uploads\/2015\/06\/professional_xmode_glue_strong.png","type":"image\/png"}],"twitter_card":"summary_large_image","schema":{"@context":"https:\/\/schema.org","@graph":[{"@type":"WebPage","@id":"https:\/\/www.professional-haircare.it\/fr\/products\/finishing-fr\/gel-fr\/x-mode-glue-strong-colle-fixation-extreme\/","url":"https:\/\/www.professional-haircare.it\/fr\/products\/finishing-fr\/gel-fr\/x-mode-glue-strong-colle-fixation-extreme\/","name":"X Mode | Glue Strong \u2013 Colle fixation extr\u00eame","isPartOf":{"@id":"https:\/\/professional-haircare.it\/#website"},"primaryImageOfPage":{"@id":"https:\/\/www.professional-haircare.it\/fr\/products\/finishing-fr\/gel-fr\/x-mode-glue-strong-colle-fixation-extreme\/#primaryimage"},"image":{"@id":"https:\/\/www.professional-haircare.it\/fr\/products\/finishing-fr\/gel-fr\/x-mode-glue-strong-colle-fixation-extreme\/#primaryimage"},"thumbnailUrl":"https:\/\/www.professional-haircare.it\/wp-content\/uploads\/2015\/06\/professional_xmode_glue_strong.png","datePublished":"2015-06-30T09:47:49+00:00","dateModified":"2022-11-09T11:40:07+00:00","description":"X Mode, Glue Strong, produit id\u00e9al pour un look extr\u00eame. Rend les coiffures volumineuses et garantit une fixation durable","breadcrumb":{"@id":"https:\/\/www.professional-haircare.it\/fr\/products\/finishing-fr\/gel-fr\/x-mode-glue-strong-colle-fixation-extreme\/#breadcrumb"},"inLanguage":"fr-FR","potentialAction":[{"@type":"ReadAction","target":["https:\/\/www.professional-haircare.it\/fr\/products\/finishing-fr\/gel-fr\/x-mode-glue-strong-colle-fixation-extreme\/"]}]},{"@type":"ImageObject","inLanguage":"fr-FR","@id":"https:\/\/www.professional-haircare.it\/fr\/products\/finishing-fr\/gel-fr\/x-mode-glue-strong-colle-fixation-extreme\/#primaryimage","url":"https:\/\/www.professional-haircare.it\/wp-content\/uploads\/2015\/06\/professional_xmode_glue_strong.png","contentUrl":"https:\/\/www.professional-haircare.it\/wp-content\/uploads\/2015\/06\/professional_xmode_glue_strong.png","width":500,"height":500},{"@type":"BreadcrumbList","@id":"https:\/\/www.professional-haircare.it\/fr\/products\/finishing-fr\/gel-fr\/x-mode-glue-strong-colle-fixation-extreme\/#breadcrumb","itemListElement":[{"@type":"ListItem","position":1,"name":"Home","item":"https:\/\/professional-haircare.it\/fr\/"},{"@type":"ListItem","position":2,"name":"Shop","item":"https:\/\/professional-haircare.it\/shop\/"},{"@type":"ListItem","position":3,"name":"X Mode | Glue Strong \u2013 Colle fixation extr\u00eame"}]},{"@type":"WebSite","@id":"https:\/\/professional-haircare.it\/#website","url":"https:\/\/professional-haircare.it\/","name":"Professional Hair Care","description":"Hair Quality Solutions","potentialAction":[{"@type":"SearchAction","target":{"@type":"EntryPoint","urlTemplate":"https:\/\/professional-haircare.it\/?s={search_term_string}"},"query-input":{"@type":"PropertyValueSpecification","valueRequired":true,"valueName":"search_term_string"}}],"inLanguage":"fr-FR"}]}},"_links":{"self":[{"href":"https:\/\/www.professional-haircare.it\/fr\/wp-json\/wp\/v2\/product\/3870","targetHints":{"allow":["GET"]}}],"collection":[{"href":"https:\/\/www.professional-haircare.it\/fr\/wp-json\/wp\/v2\/product"}],"about":[{"href":"https:\/\/www.professional-haircare.it\/fr\/wp-json\/wp\/v2\/types\/product"}],"replies":[{"embeddable":true,"href":"https:\/\/www.professional-haircare.it\/fr\/wp-json\/wp\/v2\/comments?post=3870"}],"wp:featuredmedia":[{"embeddable":true,"href":"https:\/\/www.professional-haircare.it\/fr\/wp-json\/wp\/v2\/media\/3871"}],"wp:attachment":[{"href":"https:\/\/www.professional-haircare.it\/fr\/wp-json\/wp\/v2\/media?parent=3870"}],"wp:term":[{"taxonomy":"product_brand","embeddable":true,"href":"https:\/\/www.professional-haircare.it\/fr\/wp-json\/wp\/v2\/product_brand?post=3870"},{"taxonomy":"product_cat","embeddable":true,"href":"https:\/\/www.professional-haircare.it\/fr\/wp-json\/wp\/v2\/product_cat?post=3870"},{"taxonomy":"product_tag","embeddable":true,"href":"https:\/\/www.professional-haircare.it\/fr\/wp-json\/wp\/v2\/product_tag?post=3870"}],"curies":[{"name":"wp","href":"https:\/\/api.w.org\/{rel}","templated":true}]}}