{"id":3866,"date":"2018-06-04T10:42:03","date_gmt":"2018-06-04T08:42:03","guid":{"rendered":"https:\/\/www.professional-haircare.it\/products\/non%20class\u00e9\/x-mode-gel-ultra-fixant\/"},"modified":"2024-12-05T08:58:09","modified_gmt":"2024-12-05T07:58:09","slug":"x-mode-gel-ultra-fixant","status":"publish","type":"product","link":"https:\/\/www.professional-haircare.it\/fr\/products\/finishing-fr\/gel-fr\/x-mode-gel-ultra-fixant\/","title":{"rendered":"X Mode | All Out &#8211; Ultra Fixing Gel"},"content":{"rendered":"","protected":false},"excerpt":{"rendered":"<p><strong>X Mode, All Out Gel Ultra Fixant<\/strong> garantit une tenue extr\u00eame et un look sculpt\u00e9. Mod\u00e8le et d\u00e9finit tous types de coiffures sans laisser de r\u00e9sidus. Garantit un effet mouill\u00e9 avec une fixation incroyable.<\/p>\n<p>Usage professionnel<\/p>\n<p>500 ml<\/p>\n","protected":false},"featured_media":6967,"comment_status":"closed","ping_status":"closed","template":"","meta":[],"product_brand":[],"product_cat":[676,677],"product_tag":[],"class_list":{"0":"post-3866","1":"product","2":"type-product","3":"status-publish","4":"has-post-thumbnail","6":"product_cat-finishing-fr","7":"product_cat-gel-fr","9":"first","10":"instock","11":"shipping-taxable","12":"product-type-simple"},"yoast_head":"<!-- This site is optimized with the Yoast SEO plugin v26.8 - https:\/\/yoast.com\/product\/yoast-seo-wordpress\/ -->\n<title>X Mode | Gel Ultra Fixant<\/title>\n<meta name=\"description\" content=\"X Mode, Gel Ultra Fixant garantit une tenue extr\u00eame et un look sculpt\u00e9.\" \/>\n<meta name=\"robots\" content=\"index, follow, max-snippet:-1, max-image-preview:large, max-video-preview:-1\" \/>\n<link rel=\"canonical\" href=\"https:\/\/www.professional-haircare.it\/fr\/products\/finishing-fr\/gel-fr\/x-mode-gel-ultra-fixant\/\" \/>\n<meta property=\"og:locale\" content=\"fr_FR\" \/>\n<meta property=\"og:type\" content=\"article\" \/>\n<meta property=\"og:title\" content=\"X Mode | Gel Ultra Fixant\" \/>\n<meta property=\"og:description\" content=\"X Mode, Gel Ultra Fixant garantit une tenue extr\u00eame et un look sculpt\u00e9.\" \/>\n<meta property=\"og:url\" content=\"https:\/\/www.professional-haircare.it\/fr\/products\/finishing-fr\/gel-fr\/x-mode-gel-ultra-fixant\/\" \/>\n<meta property=\"og:site_name\" content=\"Professional Hair Care\" \/>\n<meta property=\"article:modified_time\" content=\"2024-12-05T07:58:09+00:00\" \/>\n<meta property=\"og:image\" content=\"https:\/\/professional-haircare.it\/wp-content\/uploads\/2018\/06\/13011_professional_xmode_all_out_500ml.png\" \/>\n\t<meta property=\"og:image:width\" content=\"800\" \/>\n\t<meta property=\"og:image:height\" content=\"800\" \/>\n\t<meta property=\"og:image:type\" content=\"image\/png\" \/>\n<meta name=\"twitter:card\" content=\"summary_large_image\" \/>\n<script type=\"application\/ld+json\" class=\"yoast-schema-graph\">{\"@context\":\"https:\/\/schema.org\",\"@graph\":[{\"@type\":\"WebPage\",\"@id\":\"https:\/\/www.professional-haircare.it\/fr\/products\/finishing-fr\/gel-fr\/x-mode-gel-ultra-fixant\/\",\"url\":\"https:\/\/www.professional-haircare.it\/fr\/products\/finishing-fr\/gel-fr\/x-mode-gel-ultra-fixant\/\",\"name\":\"X Mode | Gel Ultra Fixant\",\"isPartOf\":{\"@id\":\"https:\/\/professional-haircare.it\/#website\"},\"primaryImageOfPage\":{\"@id\":\"https:\/\/www.professional-haircare.it\/fr\/products\/finishing-fr\/gel-fr\/x-mode-gel-ultra-fixant\/#primaryimage\"},\"image\":{\"@id\":\"https:\/\/www.professional-haircare.it\/fr\/products\/finishing-fr\/gel-fr\/x-mode-gel-ultra-fixant\/#primaryimage\"},\"thumbnailUrl\":\"https:\/\/www.professional-haircare.it\/wp-content\/uploads\/2018\/06\/13011_professional_xmode_all_out_500ml.png\",\"datePublished\":\"2018-06-04T08:42:03+00:00\",\"dateModified\":\"2024-12-05T07:58:09+00:00\",\"description\":\"X Mode, Gel Ultra Fixant garantit une tenue extr\u00eame et un look sculpt\u00e9.\",\"breadcrumb\":{\"@id\":\"https:\/\/www.professional-haircare.it\/fr\/products\/finishing-fr\/gel-fr\/x-mode-gel-ultra-fixant\/#breadcrumb\"},\"inLanguage\":\"fr-FR\",\"potentialAction\":[{\"@type\":\"ReadAction\",\"target\":[\"https:\/\/www.professional-haircare.it\/fr\/products\/finishing-fr\/gel-fr\/x-mode-gel-ultra-fixant\/\"]}]},{\"@type\":\"ImageObject\",\"inLanguage\":\"fr-FR\",\"@id\":\"https:\/\/www.professional-haircare.it\/fr\/products\/finishing-fr\/gel-fr\/x-mode-gel-ultra-fixant\/#primaryimage\",\"url\":\"https:\/\/www.professional-haircare.it\/wp-content\/uploads\/2018\/06\/13011_professional_xmode_all_out_500ml.png\",\"contentUrl\":\"https:\/\/www.professional-haircare.it\/wp-content\/uploads\/2018\/06\/13011_professional_xmode_all_out_500ml.png\",\"width\":800,\"height\":800},{\"@type\":\"BreadcrumbList\",\"@id\":\"https:\/\/www.professional-haircare.it\/fr\/products\/finishing-fr\/gel-fr\/x-mode-gel-ultra-fixant\/#breadcrumb\",\"itemListElement\":[{\"@type\":\"ListItem\",\"position\":1,\"name\":\"Home\",\"item\":\"https:\/\/professional-haircare.it\/fr\/\"},{\"@type\":\"ListItem\",\"position\":2,\"name\":\"Shop\",\"item\":\"https:\/\/professional-haircare.it\/shop\/\"},{\"@type\":\"ListItem\",\"position\":3,\"name\":\"X Mode | All Out &#8211; Ultra Fixing Gel\"}]},{\"@type\":\"WebSite\",\"@id\":\"https:\/\/professional-haircare.it\/#website\",\"url\":\"https:\/\/professional-haircare.it\/\",\"name\":\"Professional Hair Care\",\"description\":\"Hair Quality Solutions\",\"potentialAction\":[{\"@type\":\"SearchAction\",\"target\":{\"@type\":\"EntryPoint\",\"urlTemplate\":\"https:\/\/professional-haircare.it\/?s={search_term_string}\"},\"query-input\":{\"@type\":\"PropertyValueSpecification\",\"valueRequired\":true,\"valueName\":\"search_term_string\"}}],\"inLanguage\":\"fr-FR\"}]}<\/script>\n<!-- \/ Yoast SEO plugin. -->","yoast_head_json":{"title":"X Mode | Gel Ultra Fixant","description":"X Mode, Gel Ultra Fixant garantit une tenue extr\u00eame et un look sculpt\u00e9.","robots":{"index":"index","follow":"follow","max-snippet":"max-snippet:-1","max-image-preview":"max-image-preview:large","max-video-preview":"max-video-preview:-1"},"canonical":"https:\/\/www.professional-haircare.it\/fr\/products\/finishing-fr\/gel-fr\/x-mode-gel-ultra-fixant\/","og_locale":"fr_FR","og_type":"article","og_title":"X Mode | Gel Ultra Fixant","og_description":"X Mode, Gel Ultra Fixant garantit une tenue extr\u00eame et un look sculpt\u00e9.","og_url":"https:\/\/www.professional-haircare.it\/fr\/products\/finishing-fr\/gel-fr\/x-mode-gel-ultra-fixant\/","og_site_name":"Professional Hair Care","article_modified_time":"2024-12-05T07:58:09+00:00","og_image":[{"width":800,"height":800,"url":"https:\/\/professional-haircare.it\/wp-content\/uploads\/2018\/06\/13011_professional_xmode_all_out_500ml.png","type":"image\/png"}],"twitter_card":"summary_large_image","schema":{"@context":"https:\/\/schema.org","@graph":[{"@type":"WebPage","@id":"https:\/\/www.professional-haircare.it\/fr\/products\/finishing-fr\/gel-fr\/x-mode-gel-ultra-fixant\/","url":"https:\/\/www.professional-haircare.it\/fr\/products\/finishing-fr\/gel-fr\/x-mode-gel-ultra-fixant\/","name":"X Mode | Gel Ultra Fixant","isPartOf":{"@id":"https:\/\/professional-haircare.it\/#website"},"primaryImageOfPage":{"@id":"https:\/\/www.professional-haircare.it\/fr\/products\/finishing-fr\/gel-fr\/x-mode-gel-ultra-fixant\/#primaryimage"},"image":{"@id":"https:\/\/www.professional-haircare.it\/fr\/products\/finishing-fr\/gel-fr\/x-mode-gel-ultra-fixant\/#primaryimage"},"thumbnailUrl":"https:\/\/www.professional-haircare.it\/wp-content\/uploads\/2018\/06\/13011_professional_xmode_all_out_500ml.png","datePublished":"2018-06-04T08:42:03+00:00","dateModified":"2024-12-05T07:58:09+00:00","description":"X Mode, Gel Ultra Fixant garantit une tenue extr\u00eame et un look sculpt\u00e9.","breadcrumb":{"@id":"https:\/\/www.professional-haircare.it\/fr\/products\/finishing-fr\/gel-fr\/x-mode-gel-ultra-fixant\/#breadcrumb"},"inLanguage":"fr-FR","potentialAction":[{"@type":"ReadAction","target":["https:\/\/www.professional-haircare.it\/fr\/products\/finishing-fr\/gel-fr\/x-mode-gel-ultra-fixant\/"]}]},{"@type":"ImageObject","inLanguage":"fr-FR","@id":"https:\/\/www.professional-haircare.it\/fr\/products\/finishing-fr\/gel-fr\/x-mode-gel-ultra-fixant\/#primaryimage","url":"https:\/\/www.professional-haircare.it\/wp-content\/uploads\/2018\/06\/13011_professional_xmode_all_out_500ml.png","contentUrl":"https:\/\/www.professional-haircare.it\/wp-content\/uploads\/2018\/06\/13011_professional_xmode_all_out_500ml.png","width":800,"height":800},{"@type":"BreadcrumbList","@id":"https:\/\/www.professional-haircare.it\/fr\/products\/finishing-fr\/gel-fr\/x-mode-gel-ultra-fixant\/#breadcrumb","itemListElement":[{"@type":"ListItem","position":1,"name":"Home","item":"https:\/\/professional-haircare.it\/fr\/"},{"@type":"ListItem","position":2,"name":"Shop","item":"https:\/\/professional-haircare.it\/shop\/"},{"@type":"ListItem","position":3,"name":"X Mode | All Out &#8211; Ultra Fixing Gel"}]},{"@type":"WebSite","@id":"https:\/\/professional-haircare.it\/#website","url":"https:\/\/professional-haircare.it\/","name":"Professional Hair Care","description":"Hair Quality Solutions","potentialAction":[{"@type":"SearchAction","target":{"@type":"EntryPoint","urlTemplate":"https:\/\/professional-haircare.it\/?s={search_term_string}"},"query-input":{"@type":"PropertyValueSpecification","valueRequired":true,"valueName":"search_term_string"}}],"inLanguage":"fr-FR"}]}},"_links":{"self":[{"href":"https:\/\/www.professional-haircare.it\/fr\/wp-json\/wp\/v2\/product\/3866","targetHints":{"allow":["GET"]}}],"collection":[{"href":"https:\/\/www.professional-haircare.it\/fr\/wp-json\/wp\/v2\/product"}],"about":[{"href":"https:\/\/www.professional-haircare.it\/fr\/wp-json\/wp\/v2\/types\/product"}],"replies":[{"embeddable":true,"href":"https:\/\/www.professional-haircare.it\/fr\/wp-json\/wp\/v2\/comments?post=3866"}],"wp:featuredmedia":[{"embeddable":true,"href":"https:\/\/www.professional-haircare.it\/fr\/wp-json\/wp\/v2\/media\/6967"}],"wp:attachment":[{"href":"https:\/\/www.professional-haircare.it\/fr\/wp-json\/wp\/v2\/media?parent=3866"}],"wp:term":[{"taxonomy":"product_brand","embeddable":true,"href":"https:\/\/www.professional-haircare.it\/fr\/wp-json\/wp\/v2\/product_brand?post=3866"},{"taxonomy":"product_cat","embeddable":true,"href":"https:\/\/www.professional-haircare.it\/fr\/wp-json\/wp\/v2\/product_cat?post=3866"},{"taxonomy":"product_tag","embeddable":true,"href":"https:\/\/www.professional-haircare.it\/fr\/wp-json\/wp\/v2\/product_tag?post=3866"}],"curies":[{"name":"wp","href":"https:\/\/api.w.org\/{rel}","templated":true}]}}