{"id":3537,"date":"2015-06-26T13:14:51","date_gmt":"2015-06-26T11:14:51","guid":{"rendered":"https:\/\/www.professional-haircare.it\/products\/non%20class\u00e9\/hairgenie-q10-coloration-permanente-sans-ammoniaque\/"},"modified":"2022-11-11T10:20:08","modified_gmt":"2022-11-11T09:20:08","slug":"hairgenie-q10-coloration-permanente-sans-ammoniaque","status":"publish","type":"product","link":"https:\/\/www.professional-haircare.it\/fr\/products\/colouring-fr\/hairgenie-q10-fr\/hairgenie-q10-coloration-permanente-sans-ammoniaque\/","title":{"rendered":"Hairgenie Q10 | Coloration permanente sans ammoniaque"},"content":{"rendered":"","protected":false},"excerpt":{"rendered":"<p>Hairgenie Q10 est une nouvelle <strong>coloration permanente sans ammoniaque<\/strong>, pour un traitement exclusif qui permet une excellente couverture des cheveux blancs gr\u00e2ce \u00e0 une couleur d\u00e9licate et non agressive. Sa formulation exclusive avec Coenzyme Q10, l\u2019Huile d\u2019Argan et K\u00e9ratine nourrit et revitalise le cheveu, lui apportant brillance, force et douceur.<\/p>\n<p>Usage professionnel<\/p>\n<p>Tube de 100 ml<\/p>\n<p>Rapport de m\u00e9lange 1:1<\/p>\n","protected":false},"featured_media":4643,"comment_status":"closed","ping_status":"closed","template":"","meta":[],"product_brand":[],"product_cat":[671,673],"product_tag":[],"class_list":{"0":"post-3537","1":"product","2":"type-product","3":"status-publish","4":"has-post-thumbnail","6":"product_cat-colouring-fr","7":"product_cat-hairgenie-q10-fr","9":"first","10":"instock","11":"shipping-taxable","12":"purchasable","13":"product-type-variable"},"yoast_head":"<!-- This site is optimized with the Yoast SEO plugin v26.8 - https:\/\/yoast.com\/product\/yoast-seo-wordpress\/ -->\n<title>Hairgenie Q10 | Coloration permanente sans ammoniaque<\/title>\n<meta name=\"description\" content=\"Hairgenie Q10 est une nouvelle coloration permanente sans ammoniaque, pour un traitement exclusif\" \/>\n<meta name=\"robots\" content=\"index, follow, max-snippet:-1, max-image-preview:large, max-video-preview:-1\" \/>\n<link rel=\"canonical\" href=\"https:\/\/www.professional-haircare.it\/fr\/products\/colouring-fr\/hairgenie-q10-fr\/hairgenie-q10-coloration-permanente-sans-ammoniaque\/\" \/>\n<meta property=\"og:locale\" content=\"fr_FR\" \/>\n<meta property=\"og:type\" content=\"article\" \/>\n<meta property=\"og:title\" content=\"Hairgenie Q10 | Coloration permanente sans ammoniaque\" \/>\n<meta property=\"og:description\" content=\"Hairgenie Q10 est une nouvelle coloration permanente sans ammoniaque, pour un traitement exclusif\" \/>\n<meta property=\"og:url\" content=\"https:\/\/www.professional-haircare.it\/fr\/products\/colouring-fr\/hairgenie-q10-fr\/hairgenie-q10-coloration-permanente-sans-ammoniaque\/\" \/>\n<meta property=\"og:site_name\" content=\"Professional Hair Care\" \/>\n<meta property=\"article:modified_time\" content=\"2022-11-11T09:20:08+00:00\" \/>\n<meta property=\"og:image\" content=\"https:\/\/professional-haircare.it\/wp-content\/uploads\/2015\/06\/professional_hairgenie_q10_crema_colorante.png\" \/>\n\t<meta property=\"og:image:width\" content=\"600\" \/>\n\t<meta property=\"og:image:height\" content=\"600\" \/>\n\t<meta property=\"og:image:type\" content=\"image\/png\" \/>\n<meta name=\"twitter:card\" content=\"summary_large_image\" \/>\n<script type=\"application\/ld+json\" class=\"yoast-schema-graph\">{\"@context\":\"https:\/\/schema.org\",\"@graph\":[{\"@type\":\"WebPage\",\"@id\":\"https:\/\/www.professional-haircare.it\/fr\/products\/colouring-fr\/hairgenie-q10-fr\/hairgenie-q10-coloration-permanente-sans-ammoniaque\/\",\"url\":\"https:\/\/www.professional-haircare.it\/fr\/products\/colouring-fr\/hairgenie-q10-fr\/hairgenie-q10-coloration-permanente-sans-ammoniaque\/\",\"name\":\"Hairgenie Q10 | Coloration permanente sans ammoniaque\",\"isPartOf\":{\"@id\":\"https:\/\/professional-haircare.it\/#website\"},\"primaryImageOfPage\":{\"@id\":\"https:\/\/www.professional-haircare.it\/fr\/products\/colouring-fr\/hairgenie-q10-fr\/hairgenie-q10-coloration-permanente-sans-ammoniaque\/#primaryimage\"},\"image\":{\"@id\":\"https:\/\/www.professional-haircare.it\/fr\/products\/colouring-fr\/hairgenie-q10-fr\/hairgenie-q10-coloration-permanente-sans-ammoniaque\/#primaryimage\"},\"thumbnailUrl\":\"https:\/\/www.professional-haircare.it\/wp-content\/uploads\/2022\/12\/10700_professional_hairgenie_q10_oxidative_permanent_hair_colour_100ml.png\",\"datePublished\":\"2015-06-26T11:14:51+00:00\",\"dateModified\":\"2022-11-11T09:20:08+00:00\",\"description\":\"Hairgenie Q10 est une nouvelle coloration permanente sans ammoniaque, pour un traitement exclusif\",\"breadcrumb\":{\"@id\":\"https:\/\/www.professional-haircare.it\/fr\/products\/colouring-fr\/hairgenie-q10-fr\/hairgenie-q10-coloration-permanente-sans-ammoniaque\/#breadcrumb\"},\"inLanguage\":\"fr-FR\",\"potentialAction\":[{\"@type\":\"ReadAction\",\"target\":[\"https:\/\/www.professional-haircare.it\/fr\/products\/colouring-fr\/hairgenie-q10-fr\/hairgenie-q10-coloration-permanente-sans-ammoniaque\/\"]}]},{\"@type\":\"ImageObject\",\"inLanguage\":\"fr-FR\",\"@id\":\"https:\/\/www.professional-haircare.it\/fr\/products\/colouring-fr\/hairgenie-q10-fr\/hairgenie-q10-coloration-permanente-sans-ammoniaque\/#primaryimage\",\"url\":\"https:\/\/www.professional-haircare.it\/wp-content\/uploads\/2022\/12\/10700_professional_hairgenie_q10_oxidative_permanent_hair_colour_100ml.png\",\"contentUrl\":\"https:\/\/www.professional-haircare.it\/wp-content\/uploads\/2022\/12\/10700_professional_hairgenie_q10_oxidative_permanent_hair_colour_100ml.png\",\"width\":600,\"height\":600},{\"@type\":\"BreadcrumbList\",\"@id\":\"https:\/\/www.professional-haircare.it\/fr\/products\/colouring-fr\/hairgenie-q10-fr\/hairgenie-q10-coloration-permanente-sans-ammoniaque\/#breadcrumb\",\"itemListElement\":[{\"@type\":\"ListItem\",\"position\":1,\"name\":\"Home\",\"item\":\"https:\/\/professional-haircare.it\/fr\/\"},{\"@type\":\"ListItem\",\"position\":2,\"name\":\"Shop\",\"item\":\"https:\/\/professional-haircare.it\/shop\/\"},{\"@type\":\"ListItem\",\"position\":3,\"name\":\"Hairgenie Q10 | Coloration permanente sans ammoniaque\"}]},{\"@type\":\"WebSite\",\"@id\":\"https:\/\/professional-haircare.it\/#website\",\"url\":\"https:\/\/professional-haircare.it\/\",\"name\":\"Professional Hair Care\",\"description\":\"Hair Quality Solutions\",\"potentialAction\":[{\"@type\":\"SearchAction\",\"target\":{\"@type\":\"EntryPoint\",\"urlTemplate\":\"https:\/\/professional-haircare.it\/?s={search_term_string}\"},\"query-input\":{\"@type\":\"PropertyValueSpecification\",\"valueRequired\":true,\"valueName\":\"search_term_string\"}}],\"inLanguage\":\"fr-FR\"}]}<\/script>\n<!-- \/ Yoast SEO plugin. -->","yoast_head_json":{"title":"Hairgenie Q10 | Coloration permanente sans ammoniaque","description":"Hairgenie Q10 est une nouvelle coloration permanente sans ammoniaque, pour un traitement exclusif","robots":{"index":"index","follow":"follow","max-snippet":"max-snippet:-1","max-image-preview":"max-image-preview:large","max-video-preview":"max-video-preview:-1"},"canonical":"https:\/\/www.professional-haircare.it\/fr\/products\/colouring-fr\/hairgenie-q10-fr\/hairgenie-q10-coloration-permanente-sans-ammoniaque\/","og_locale":"fr_FR","og_type":"article","og_title":"Hairgenie Q10 | Coloration permanente sans ammoniaque","og_description":"Hairgenie Q10 est une nouvelle coloration permanente sans ammoniaque, pour un traitement exclusif","og_url":"https:\/\/www.professional-haircare.it\/fr\/products\/colouring-fr\/hairgenie-q10-fr\/hairgenie-q10-coloration-permanente-sans-ammoniaque\/","og_site_name":"Professional Hair Care","article_modified_time":"2022-11-11T09:20:08+00:00","og_image":[{"width":600,"height":600,"url":"https:\/\/professional-haircare.it\/wp-content\/uploads\/2015\/06\/professional_hairgenie_q10_crema_colorante.png","type":"image\/png"}],"twitter_card":"summary_large_image","schema":{"@context":"https:\/\/schema.org","@graph":[{"@type":"WebPage","@id":"https:\/\/www.professional-haircare.it\/fr\/products\/colouring-fr\/hairgenie-q10-fr\/hairgenie-q10-coloration-permanente-sans-ammoniaque\/","url":"https:\/\/www.professional-haircare.it\/fr\/products\/colouring-fr\/hairgenie-q10-fr\/hairgenie-q10-coloration-permanente-sans-ammoniaque\/","name":"Hairgenie Q10 | Coloration permanente sans ammoniaque","isPartOf":{"@id":"https:\/\/professional-haircare.it\/#website"},"primaryImageOfPage":{"@id":"https:\/\/www.professional-haircare.it\/fr\/products\/colouring-fr\/hairgenie-q10-fr\/hairgenie-q10-coloration-permanente-sans-ammoniaque\/#primaryimage"},"image":{"@id":"https:\/\/www.professional-haircare.it\/fr\/products\/colouring-fr\/hairgenie-q10-fr\/hairgenie-q10-coloration-permanente-sans-ammoniaque\/#primaryimage"},"thumbnailUrl":"https:\/\/www.professional-haircare.it\/wp-content\/uploads\/2022\/12\/10700_professional_hairgenie_q10_oxidative_permanent_hair_colour_100ml.png","datePublished":"2015-06-26T11:14:51+00:00","dateModified":"2022-11-11T09:20:08+00:00","description":"Hairgenie Q10 est une nouvelle coloration permanente sans ammoniaque, pour un traitement exclusif","breadcrumb":{"@id":"https:\/\/www.professional-haircare.it\/fr\/products\/colouring-fr\/hairgenie-q10-fr\/hairgenie-q10-coloration-permanente-sans-ammoniaque\/#breadcrumb"},"inLanguage":"fr-FR","potentialAction":[{"@type":"ReadAction","target":["https:\/\/www.professional-haircare.it\/fr\/products\/colouring-fr\/hairgenie-q10-fr\/hairgenie-q10-coloration-permanente-sans-ammoniaque\/"]}]},{"@type":"ImageObject","inLanguage":"fr-FR","@id":"https:\/\/www.professional-haircare.it\/fr\/products\/colouring-fr\/hairgenie-q10-fr\/hairgenie-q10-coloration-permanente-sans-ammoniaque\/#primaryimage","url":"https:\/\/www.professional-haircare.it\/wp-content\/uploads\/2022\/12\/10700_professional_hairgenie_q10_oxidative_permanent_hair_colour_100ml.png","contentUrl":"https:\/\/www.professional-haircare.it\/wp-content\/uploads\/2022\/12\/10700_professional_hairgenie_q10_oxidative_permanent_hair_colour_100ml.png","width":600,"height":600},{"@type":"BreadcrumbList","@id":"https:\/\/www.professional-haircare.it\/fr\/products\/colouring-fr\/hairgenie-q10-fr\/hairgenie-q10-coloration-permanente-sans-ammoniaque\/#breadcrumb","itemListElement":[{"@type":"ListItem","position":1,"name":"Home","item":"https:\/\/professional-haircare.it\/fr\/"},{"@type":"ListItem","position":2,"name":"Shop","item":"https:\/\/professional-haircare.it\/shop\/"},{"@type":"ListItem","position":3,"name":"Hairgenie Q10 | Coloration permanente sans ammoniaque"}]},{"@type":"WebSite","@id":"https:\/\/professional-haircare.it\/#website","url":"https:\/\/professional-haircare.it\/","name":"Professional Hair Care","description":"Hair Quality Solutions","potentialAction":[{"@type":"SearchAction","target":{"@type":"EntryPoint","urlTemplate":"https:\/\/professional-haircare.it\/?s={search_term_string}"},"query-input":{"@type":"PropertyValueSpecification","valueRequired":true,"valueName":"search_term_string"}}],"inLanguage":"fr-FR"}]}},"_links":{"self":[{"href":"https:\/\/www.professional-haircare.it\/fr\/wp-json\/wp\/v2\/product\/3537","targetHints":{"allow":["GET"]}}],"collection":[{"href":"https:\/\/www.professional-haircare.it\/fr\/wp-json\/wp\/v2\/product"}],"about":[{"href":"https:\/\/www.professional-haircare.it\/fr\/wp-json\/wp\/v2\/types\/product"}],"replies":[{"embeddable":true,"href":"https:\/\/www.professional-haircare.it\/fr\/wp-json\/wp\/v2\/comments?post=3537"}],"wp:featuredmedia":[{"embeddable":true,"href":"https:\/\/www.professional-haircare.it\/fr\/wp-json\/wp\/v2\/media\/4643"}],"wp:attachment":[{"href":"https:\/\/www.professional-haircare.it\/fr\/wp-json\/wp\/v2\/media?parent=3537"}],"wp:term":[{"taxonomy":"product_brand","embeddable":true,"href":"https:\/\/www.professional-haircare.it\/fr\/wp-json\/wp\/v2\/product_brand?post=3537"},{"taxonomy":"product_cat","embeddable":true,"href":"https:\/\/www.professional-haircare.it\/fr\/wp-json\/wp\/v2\/product_cat?post=3537"},{"taxonomy":"product_tag","embeddable":true,"href":"https:\/\/www.professional-haircare.it\/fr\/wp-json\/wp\/v2\/product_tag?post=3537"}],"curies":[{"name":"wp","href":"https:\/\/api.w.org\/{rel}","templated":true}]}}