{"id":3527,"date":"2015-06-30T17:06:22","date_gmt":"2015-06-30T15:06:22","guid":{"rendered":"https:\/\/www.professional-haircare.it\/products\/non%20class\u00e9\/professional-oxygene-en-creme-20-vol\/"},"modified":"2023-10-05T15:03:43","modified_gmt":"2023-10-05T13:03:43","slug":"professional-oxygene-en-creme-20-vol","status":"publish","type":"product","link":"https:\/\/www.professional-haircare.it\/fr\/products\/colouring-fr\/oxidation-fr\/professional-oxygene-en-creme-20-vol\/","title":{"rendered":"Oxyvit | Oxyg\u00e8ne En Cr\u00e8me 20 Vol."},"content":{"rendered":"","protected":false},"excerpt":{"rendered":"<p><strong>Oxyg\u00e8ne en Cr\u00e8me 20 volumes (6%)<\/strong>\u00a0con\u00e7u pour l\u2019utilisation avec colorations \u00e0 oxydation et d\u00e9colorations. Senteur agr\u00e9ablement parfum\u00e9e et formule d\u00e9licate sur la peau.\u00a0<strong>Maniabilit\u00e9 et efficacit\u00e9 <\/strong>garanties par le format de poche.<\/p>\n<p>Usage professionnel<\/p>\n<p>Flacon de 1 000 ml<\/p>\n<p>20 volumes (6 %)<\/p>\n","protected":false},"featured_media":4949,"comment_status":"closed","ping_status":"closed","template":"","meta":[],"product_brand":[],"product_cat":[671,675],"product_tag":[],"class_list":{"0":"post-3527","1":"product","2":"type-product","3":"status-publish","4":"has-post-thumbnail","6":"product_cat-colouring-fr","7":"product_cat-oxidation-fr","9":"first","10":"instock","11":"shipping-taxable","12":"product-type-simple"},"yoast_head":"<!-- This site is optimized with the Yoast SEO plugin v26.8 - https:\/\/yoast.com\/product\/yoast-seo-wordpress\/ -->\n<title>Professional | Oxyg\u00e8ne En Cr\u00e8me 20 Vol.<\/title>\n<meta name=\"description\" content=\"Oxyg\u00e8ne en Cr\u00e8me 20 volumes (6%)\u00a0con\u00e7u pour l\u2019utilisation avec colorations \u00e0 oxydation et d\u00e9colorations.\" \/>\n<meta name=\"robots\" content=\"index, follow, max-snippet:-1, max-image-preview:large, max-video-preview:-1\" \/>\n<link rel=\"canonical\" href=\"https:\/\/www.professional-haircare.it\/fr\/products\/colouring-fr\/oxidation-fr\/professional-oxygene-en-creme-20-vol\/\" \/>\n<meta property=\"og:locale\" content=\"fr_FR\" \/>\n<meta property=\"og:type\" content=\"article\" \/>\n<meta property=\"og:title\" content=\"Professional | Oxyg\u00e8ne En Cr\u00e8me 20 Vol.\" \/>\n<meta property=\"og:description\" content=\"Oxyg\u00e8ne en Cr\u00e8me 20 volumes (6%)\u00a0con\u00e7u pour l\u2019utilisation avec colorations \u00e0 oxydation et d\u00e9colorations.\" \/>\n<meta property=\"og:url\" content=\"https:\/\/www.professional-haircare.it\/fr\/products\/colouring-fr\/oxidation-fr\/professional-oxygene-en-creme-20-vol\/\" \/>\n<meta property=\"og:site_name\" content=\"Professional Hair Care\" \/>\n<meta property=\"article:modified_time\" content=\"2023-10-05T13:03:43+00:00\" \/>\n<meta property=\"og:image\" content=\"https:\/\/professional-haircare.it\/wp-content\/uploads\/2015\/06\/11000_professional_oxygen_cream_20vol_1000ml-1.png\" \/>\n\t<meta property=\"og:image:width\" content=\"600\" \/>\n\t<meta property=\"og:image:height\" content=\"600\" \/>\n\t<meta property=\"og:image:type\" content=\"image\/png\" \/>\n<meta name=\"twitter:card\" content=\"summary_large_image\" \/>\n<script type=\"application\/ld+json\" class=\"yoast-schema-graph\">{\"@context\":\"https:\/\/schema.org\",\"@graph\":[{\"@type\":\"WebPage\",\"@id\":\"https:\/\/www.professional-haircare.it\/fr\/products\/colouring-fr\/oxidation-fr\/professional-oxygene-en-creme-20-vol\/\",\"url\":\"https:\/\/www.professional-haircare.it\/fr\/products\/colouring-fr\/oxidation-fr\/professional-oxygene-en-creme-20-vol\/\",\"name\":\"Professional | Oxyg\u00e8ne En Cr\u00e8me 20 Vol.\",\"isPartOf\":{\"@id\":\"https:\/\/professional-haircare.it\/#website\"},\"primaryImageOfPage\":{\"@id\":\"https:\/\/www.professional-haircare.it\/fr\/products\/colouring-fr\/oxidation-fr\/professional-oxygene-en-creme-20-vol\/#primaryimage\"},\"image\":{\"@id\":\"https:\/\/www.professional-haircare.it\/fr\/products\/colouring-fr\/oxidation-fr\/professional-oxygene-en-creme-20-vol\/#primaryimage\"},\"thumbnailUrl\":\"https:\/\/www.professional-haircare.it\/wp-content\/uploads\/2015\/06\/11000_professional_oxygen_cream_20vol_1000ml-1.png\",\"datePublished\":\"2015-06-30T15:06:22+00:00\",\"dateModified\":\"2023-10-05T13:03:43+00:00\",\"description\":\"Oxyg\u00e8ne en Cr\u00e8me 20 volumes (6%)\u00a0con\u00e7u pour l\u2019utilisation avec colorations \u00e0 oxydation et d\u00e9colorations.\",\"breadcrumb\":{\"@id\":\"https:\/\/www.professional-haircare.it\/fr\/products\/colouring-fr\/oxidation-fr\/professional-oxygene-en-creme-20-vol\/#breadcrumb\"},\"inLanguage\":\"fr-FR\",\"potentialAction\":[{\"@type\":\"ReadAction\",\"target\":[\"https:\/\/www.professional-haircare.it\/fr\/products\/colouring-fr\/oxidation-fr\/professional-oxygene-en-creme-20-vol\/\"]}]},{\"@type\":\"ImageObject\",\"inLanguage\":\"fr-FR\",\"@id\":\"https:\/\/www.professional-haircare.it\/fr\/products\/colouring-fr\/oxidation-fr\/professional-oxygene-en-creme-20-vol\/#primaryimage\",\"url\":\"https:\/\/www.professional-haircare.it\/wp-content\/uploads\/2015\/06\/11000_professional_oxygen_cream_20vol_1000ml-1.png\",\"contentUrl\":\"https:\/\/www.professional-haircare.it\/wp-content\/uploads\/2015\/06\/11000_professional_oxygen_cream_20vol_1000ml-1.png\",\"width\":600,\"height\":600},{\"@type\":\"BreadcrumbList\",\"@id\":\"https:\/\/www.professional-haircare.it\/fr\/products\/colouring-fr\/oxidation-fr\/professional-oxygene-en-creme-20-vol\/#breadcrumb\",\"itemListElement\":[{\"@type\":\"ListItem\",\"position\":1,\"name\":\"Home\",\"item\":\"https:\/\/professional-haircare.it\/fr\/\"},{\"@type\":\"ListItem\",\"position\":2,\"name\":\"Shop\",\"item\":\"https:\/\/professional-haircare.it\/shop\/\"},{\"@type\":\"ListItem\",\"position\":3,\"name\":\"Oxyvit | Oxyg\u00e8ne En Cr\u00e8me 20 Vol.\"}]},{\"@type\":\"WebSite\",\"@id\":\"https:\/\/professional-haircare.it\/#website\",\"url\":\"https:\/\/professional-haircare.it\/\",\"name\":\"Professional Hair Care\",\"description\":\"Hair Quality Solutions\",\"potentialAction\":[{\"@type\":\"SearchAction\",\"target\":{\"@type\":\"EntryPoint\",\"urlTemplate\":\"https:\/\/professional-haircare.it\/?s={search_term_string}\"},\"query-input\":{\"@type\":\"PropertyValueSpecification\",\"valueRequired\":true,\"valueName\":\"search_term_string\"}}],\"inLanguage\":\"fr-FR\"}]}<\/script>\n<!-- \/ Yoast SEO plugin. -->","yoast_head_json":{"title":"Professional | Oxyg\u00e8ne En Cr\u00e8me 20 Vol.","description":"Oxyg\u00e8ne en Cr\u00e8me 20 volumes (6%)\u00a0con\u00e7u pour l\u2019utilisation avec colorations \u00e0 oxydation et d\u00e9colorations.","robots":{"index":"index","follow":"follow","max-snippet":"max-snippet:-1","max-image-preview":"max-image-preview:large","max-video-preview":"max-video-preview:-1"},"canonical":"https:\/\/www.professional-haircare.it\/fr\/products\/colouring-fr\/oxidation-fr\/professional-oxygene-en-creme-20-vol\/","og_locale":"fr_FR","og_type":"article","og_title":"Professional | Oxyg\u00e8ne En Cr\u00e8me 20 Vol.","og_description":"Oxyg\u00e8ne en Cr\u00e8me 20 volumes (6%)\u00a0con\u00e7u pour l\u2019utilisation avec colorations \u00e0 oxydation et d\u00e9colorations.","og_url":"https:\/\/www.professional-haircare.it\/fr\/products\/colouring-fr\/oxidation-fr\/professional-oxygene-en-creme-20-vol\/","og_site_name":"Professional Hair Care","article_modified_time":"2023-10-05T13:03:43+00:00","og_image":[{"width":600,"height":600,"url":"https:\/\/professional-haircare.it\/wp-content\/uploads\/2015\/06\/11000_professional_oxygen_cream_20vol_1000ml-1.png","type":"image\/png"}],"twitter_card":"summary_large_image","schema":{"@context":"https:\/\/schema.org","@graph":[{"@type":"WebPage","@id":"https:\/\/www.professional-haircare.it\/fr\/products\/colouring-fr\/oxidation-fr\/professional-oxygene-en-creme-20-vol\/","url":"https:\/\/www.professional-haircare.it\/fr\/products\/colouring-fr\/oxidation-fr\/professional-oxygene-en-creme-20-vol\/","name":"Professional | Oxyg\u00e8ne En Cr\u00e8me 20 Vol.","isPartOf":{"@id":"https:\/\/professional-haircare.it\/#website"},"primaryImageOfPage":{"@id":"https:\/\/www.professional-haircare.it\/fr\/products\/colouring-fr\/oxidation-fr\/professional-oxygene-en-creme-20-vol\/#primaryimage"},"image":{"@id":"https:\/\/www.professional-haircare.it\/fr\/products\/colouring-fr\/oxidation-fr\/professional-oxygene-en-creme-20-vol\/#primaryimage"},"thumbnailUrl":"https:\/\/www.professional-haircare.it\/wp-content\/uploads\/2015\/06\/11000_professional_oxygen_cream_20vol_1000ml-1.png","datePublished":"2015-06-30T15:06:22+00:00","dateModified":"2023-10-05T13:03:43+00:00","description":"Oxyg\u00e8ne en Cr\u00e8me 20 volumes (6%)\u00a0con\u00e7u pour l\u2019utilisation avec colorations \u00e0 oxydation et d\u00e9colorations.","breadcrumb":{"@id":"https:\/\/www.professional-haircare.it\/fr\/products\/colouring-fr\/oxidation-fr\/professional-oxygene-en-creme-20-vol\/#breadcrumb"},"inLanguage":"fr-FR","potentialAction":[{"@type":"ReadAction","target":["https:\/\/www.professional-haircare.it\/fr\/products\/colouring-fr\/oxidation-fr\/professional-oxygene-en-creme-20-vol\/"]}]},{"@type":"ImageObject","inLanguage":"fr-FR","@id":"https:\/\/www.professional-haircare.it\/fr\/products\/colouring-fr\/oxidation-fr\/professional-oxygene-en-creme-20-vol\/#primaryimage","url":"https:\/\/www.professional-haircare.it\/wp-content\/uploads\/2015\/06\/11000_professional_oxygen_cream_20vol_1000ml-1.png","contentUrl":"https:\/\/www.professional-haircare.it\/wp-content\/uploads\/2015\/06\/11000_professional_oxygen_cream_20vol_1000ml-1.png","width":600,"height":600},{"@type":"BreadcrumbList","@id":"https:\/\/www.professional-haircare.it\/fr\/products\/colouring-fr\/oxidation-fr\/professional-oxygene-en-creme-20-vol\/#breadcrumb","itemListElement":[{"@type":"ListItem","position":1,"name":"Home","item":"https:\/\/professional-haircare.it\/fr\/"},{"@type":"ListItem","position":2,"name":"Shop","item":"https:\/\/professional-haircare.it\/shop\/"},{"@type":"ListItem","position":3,"name":"Oxyvit | Oxyg\u00e8ne En Cr\u00e8me 20 Vol."}]},{"@type":"WebSite","@id":"https:\/\/professional-haircare.it\/#website","url":"https:\/\/professional-haircare.it\/","name":"Professional Hair Care","description":"Hair Quality Solutions","potentialAction":[{"@type":"SearchAction","target":{"@type":"EntryPoint","urlTemplate":"https:\/\/professional-haircare.it\/?s={search_term_string}"},"query-input":{"@type":"PropertyValueSpecification","valueRequired":true,"valueName":"search_term_string"}}],"inLanguage":"fr-FR"}]}},"_links":{"self":[{"href":"https:\/\/www.professional-haircare.it\/fr\/wp-json\/wp\/v2\/product\/3527","targetHints":{"allow":["GET"]}}],"collection":[{"href":"https:\/\/www.professional-haircare.it\/fr\/wp-json\/wp\/v2\/product"}],"about":[{"href":"https:\/\/www.professional-haircare.it\/fr\/wp-json\/wp\/v2\/types\/product"}],"replies":[{"embeddable":true,"href":"https:\/\/www.professional-haircare.it\/fr\/wp-json\/wp\/v2\/comments?post=3527"}],"wp:featuredmedia":[{"embeddable":true,"href":"https:\/\/www.professional-haircare.it\/fr\/wp-json\/wp\/v2\/media\/4949"}],"wp:attachment":[{"href":"https:\/\/www.professional-haircare.it\/fr\/wp-json\/wp\/v2\/media?parent=3527"}],"wp:term":[{"taxonomy":"product_brand","embeddable":true,"href":"https:\/\/www.professional-haircare.it\/fr\/wp-json\/wp\/v2\/product_brand?post=3527"},{"taxonomy":"product_cat","embeddable":true,"href":"https:\/\/www.professional-haircare.it\/fr\/wp-json\/wp\/v2\/product_cat?post=3527"},{"taxonomy":"product_tag","embeddable":true,"href":"https:\/\/www.professional-haircare.it\/fr\/wp-json\/wp\/v2\/product_tag?post=3527"}],"curies":[{"name":"wp","href":"https:\/\/api.w.org\/{rel}","templated":true}]}}