{"id":3494,"date":"2022-11-08T15:21:04","date_gmt":"2022-11-08T14:21:04","guid":{"rendered":"https:\/\/www.professional-haircare.it\/home\/"},"modified":"2022-11-10T17:17:14","modified_gmt":"2022-11-10T16:17:14","slug":"home","status":"publish","type":"page","link":"https:\/\/www.professional-haircare.it\/fr\/","title":{"rendered":"Home"},"content":{"rendered":"<div class=\"wpb-content-wrapper\"><p>[vc_row][vc_column][layerslider_vc id=\u00a0\u00bb13&Prime;][\/vc_column][\/vc_row][vc_row][vc_column][vc_empty_space height=\u00a0\u00bb30px\u00a0\u00bb][\/vc_column][\/vc_row][vc_row][vc_column width=\u00a0\u00bb1\/2&Prime;][layerslider_vc id=\u00a0\u00bb14&Prime;][\/vc_column][vc_column width=\u00a0\u00bb1\/2&Prime;][layerslider_vc id=\u00a0\u00bb15&Prime;][\/vc_column][\/vc_row][vc_row][vc_column][vc_empty_space height=\u00a0\u00bb50px\u00a0\u00bb][\/vc_column][\/vc_row][vc_row][vc_column][vc_column_text css_animation=\u00a0\u00bbappear\u00a0\u00bb]<\/p>\n<h2 style=\"text-align: center;\">PROFESSIONAL QUALITY BRAND<\/h2>\n<p>[\/vc_column_text][\/vc_column][\/vc_row][vc_row][vc_column width=\u00a0\u00bb1\/4&Prime;][vc_column_text]<br \/>\n[\/vc_column_text][\/vc_column][vc_column width=\u00a0\u00bb1\/2&Prime;][vc_column_text css_animation=\u00a0\u00bbappear\u00a0\u00bb]<\/p>\n<h4 style=\"text-align: center;\">La marque des sp\u00e9cialistes. Technologie pure au service de la chevelure. Nouvelles tendances et traitements in\u00e9dits pour le soin du cheveu: c\u2019est tout cela Professional, hair quality solutions.<\/h4>\n<h5 style=\"text-align: center;\"><a href=\"https:\/\/www.professional-haircare.it\/fr\/identity\/\">EN SAVOIR PLUS &gt;<\/a><\/h5>\n<p>[\/vc_column_text][\/vc_column][vc_column width=\u00a0\u00bb1\/4&Prime;][vc_column_text]<br \/>\n[\/vc_column_text][\/vc_column][\/vc_row][vc_row][vc_column][vc_empty_space height=\u00a0\u00bb50px\u00a0\u00bb][\/vc_column][\/vc_row][vc_row][vc_column][layerslider_vc id=\u00a0\u00bb4&Prime;][\/vc_column][\/vc_row][vc_row][vc_column][vc_empty_space height=\u00a0\u00bb30px\u00a0\u00bb][\/vc_column][\/vc_row][vc_row][vc_column width=\u00a0\u00bb1\/4&Prime;][vc_column_text css_animation=\u00a0\u00bbbottom-to-top\u00a0\u00bb]<\/p>\n<p><strong>Qualit\u00e9, technologie, recherche et innovation scientifique:<\/strong> Professional propose aux professionnels des produits \u00e0 action cosm\u00e9tique et fonctionnelle, qui conjuguent la polyvalence et l\u2019efficacit\u00e9 structurale avec le plaisir dans l\u2019utilisation, gr\u00e2ce \u00e0 des formulations d\u00e9licates, l\u00e9g\u00e8res et parfum\u00e9es.<\/p>\n<p>[\/vc_column_text][\/vc_column][vc_column width=\u00a0\u00bb1\/4&Prime;][vc_column_text css_animation=\u00a0\u00bbbottom-to-top\u00a0\u00bb]<br \/>\nTous les produits r\u00e9alis\u00e9s par les <strong>laboratoires Professional<\/strong> sont r\u00e9alis\u00e9s pour rem\u00e9dier aux probl\u00e9matiques sp\u00e9cifiques de la chevelure\u00a0: toutes les typologies de cheveux (secs, gras, avec pellicules, avec tendance \u00e0 la chute) ont besoin de composants actifs et bienfaisants pour r\u00e9activer le bien-\u00eatre perdu.<br \/>\n[\/vc_column_text][\/vc_column][vc_column width=\u00a0\u00bb1\/4&Prime;][vc_column_text css_animation=\u00a0\u00bbbottom-to-top\u00a0\u00bb]<br \/>\n<strong>Complexes vitaminiques, Sels min\u00e9raux, Huile de Graines de Lin, Huile d\u2019Argan, K\u00e9ratine, Aloe et Prot\u00e9ines de Bl\u00e9<\/strong> sont quelques-uns des \u00e9l\u00e9ments fonctionnels qui caract\u00e9risent les formulations de Professional, fruit d\u2019\u00e9tudes de laboratoire qui nourrissent intens\u00e9ment, amplifient la consistance, hydratent, prot\u00e8gent la fibre et pr\u00e9viennent les dommages du stress quotidien.<br \/>\n[\/vc_column_text][\/vc_column][vc_column width=\u00a0\u00bb1\/4&Prime;][vc_column_text css_animation=\u00a0\u00bbbottom-to-top\u00a0\u00bb]<br \/>\n<strong>En empruntant l\u2019exp\u00e9rience pluriannuelle de Comprof, Professional a banni tout composant agressif des formules <\/strong>r\u00e9volutionnaires de ses lignes pour le soin des cheveux\u00a0: l\u2019action cosm\u00e9tique et nourrissante des actifs offre des bienfaits uniques en leur genre et remarquables pendant longtemps, pour des <em>rituels<\/em> de bien-\u00eatre durables pour la chevelure et l\u2019esprit.<br \/>\n[\/vc_column_text][\/vc_column][\/vc_row][vc_row][vc_column][vc_empty_space height=\u00a0\u00bb30px\u00a0\u00bb][\/vc_column][\/vc_row][vc_row][vc_column][vc_column_text]<\/p>\n<h2 style=\"text-align: center;\">PRODUITS EN VEDETTE<\/h2>\n<p>[\/vc_column_text][\/vc_column][\/vc_row][vc_row][vc_column]<div class=\"woocommerce columns-3 \"><div class=\"product-loop products-grid product-count-3\">\n<div class=\"first product type-product post-3886 status-publish instock product_cat-finishing-fr product_cat-wax-cream-fr has-post-thumbnail shipping-taxable product-type-simple\">\n\n\t\n\t\t\t\t\t\t<div class=\"product-image-wrapper hover-effect-\">\n\t\t\t\n\t        \n\t\t\t\t\t\t\t\n\t\t\t\t<a id=\"https:\/\/www.professional-haircare.it\/wp-content\/uploads\/2015\/06\/professional_xmode_brilliance_pomade-500x500.png\" href=\"https:\/\/www.professional-haircare.it\/fr\/products\/finishing-fr\/wax-cream-fr\/x-mode-brilliance-pomade\/\" class=\"product-content-image \" >\n\t\t\t\t\t<img loading=\"lazy\" decoding=\"async\" width=\"250\" height=\"250\" src=\"https:\/\/www.professional-haircare.it\/wp-content\/uploads\/2015\/06\/professional_xmode_brilliance_pomade-250x250.png\" class=\"main-image\" alt=\"\" srcset=\"https:\/\/www.professional-haircare.it\/wp-content\/uploads\/2015\/06\/professional_xmode_brilliance_pomade-250x250.png 250w, https:\/\/www.professional-haircare.it\/wp-content\/uploads\/2015\/06\/professional_xmode_brilliance_pomade-100x100.png 100w, https:\/\/www.professional-haircare.it\/wp-content\/uploads\/2015\/06\/professional_xmode_brilliance_pomade.png 500w, https:\/\/www.professional-haircare.it\/wp-content\/uploads\/2015\/06\/professional_xmode_brilliance_pomade-150x150.png 150w, https:\/\/www.professional-haircare.it\/wp-content\/uploads\/2015\/06\/professional_xmode_brilliance_pomade-300x300.png 300w\" sizes=\"auto, (max-width: 250px) 100vw, 250px\" \/>\n\t\t\t\t<\/a>\n\t\t\t\n\n\t\t\t\n\t\t\t\t\t<\/div>\n\n\t\t\n\t\t\n\t\t\n\n\t\t\n\n\t\t<div class=\"product-excerpt\">\n\t\t\t<p><strong>X Mode Brilliance Pomade<\/strong> est une p\u00e2te brillance caract\u00e9ris\u00e9e par une formule polyvalente pour cr\u00e9er diverses formes de coiffures. Elle permet de fixer les cheveux de la fa\u00e7on souhait\u00e9e, en garantissant une brillance et un effet tenue durable. Id\u00e9ale pour des styles d\u00e9coiff\u00e9s sans \u00abeffet colle\u00bb.<\/p>\n<p>Usage professionnel<\/p>\n<p>Pot de 100 ml<\/p>\n\t\t<\/div>\n\n\t\t<div class=\"add-to-container\">\n\n\t\t\t\n\t                <\/div>\n\n\n\n\t\t\t<div class=\"clear\"><\/div>\n<\/div><div class=\"last product type-product post-3960 status-publish first instock product_cat-easy-balance-fr product_cat-treatments-fr has-post-thumbnail shipping-taxable product-type-simple\">\n\n\t\n\t\t\t\t\t\t<div class=\"product-image-wrapper hover-effect-\">\n\t\t\t\n\t        \n\t\t\t\t\t\t\t\n\t\t\t\t<a id=\"https:\/\/www.professional-haircare.it\/wp-content\/uploads\/2019\/11\/12010_professional_treatment_easy_balance_lotion_rebalancing_lotion_150ml-500x500.png\" href=\"https:\/\/www.professional-haircare.it\/fr\/products\/treatments-fr\/easy-balance-fr\/easy-balance-lotion-reequilibrante\/\" class=\"product-content-image \" >\n\t\t\t\t\t<img loading=\"lazy\" decoding=\"async\" width=\"250\" height=\"250\" src=\"https:\/\/www.professional-haircare.it\/wp-content\/uploads\/2019\/11\/12010_professional_treatment_easy_balance_lotion_rebalancing_lotion_150ml-250x250.png\" class=\"main-image\" alt=\"\" srcset=\"https:\/\/www.professional-haircare.it\/wp-content\/uploads\/2019\/11\/12010_professional_treatment_easy_balance_lotion_rebalancing_lotion_150ml-250x250.png 250w, https:\/\/www.professional-haircare.it\/wp-content\/uploads\/2019\/11\/12010_professional_treatment_easy_balance_lotion_rebalancing_lotion_150ml-150x150.png 150w, https:\/\/www.professional-haircare.it\/wp-content\/uploads\/2019\/11\/12010_professional_treatment_easy_balance_lotion_rebalancing_lotion_150ml-300x300.png 300w, https:\/\/www.professional-haircare.it\/wp-content\/uploads\/2019\/11\/12010_professional_treatment_easy_balance_lotion_rebalancing_lotion_150ml-500x500.png 500w, https:\/\/www.professional-haircare.it\/wp-content\/uploads\/2019\/11\/12010_professional_treatment_easy_balance_lotion_rebalancing_lotion_150ml-100x100.png 100w, https:\/\/www.professional-haircare.it\/wp-content\/uploads\/2019\/11\/12010_professional_treatment_easy_balance_lotion_rebalancing_lotion_150ml.png 600w\" sizes=\"auto, (max-width: 250px) 100vw, 250px\" \/>\n\t\t\t\t<\/a>\n\t\t\t\n\n\t\t\t\n\t\t\t\t\t<\/div>\n\n\t\t\n\t\t\n\t\t\n\n\t\t\n\n\t\t<div class=\"product-excerpt\">\n\t\t\t<p><strong>La lotion r\u00e9\u00e9quilibrante Easy Balance combat et pr\u00e9vient <\/strong>l\u2019apparition de <strong>pellicules et de s\u00e9bum. <\/strong>Les cheveux sont purifi\u00e9s et le cuir chevelu respire.<\/p>\n<p>Format 150 ml<\/p>\n\t\t<\/div>\n\n\t\t<div class=\"add-to-container\">\n\n\t\t\t\n\t                <\/div>\n\n\n\n\t\t\t<div class=\"clear\"><\/div>\n<\/div><div class=\"product type-product post-4027 status-publish last instock product_cat-hairgenie-fr product_cat-hairgenie-silky-liss-fr product_cat-treatments-fr has-post-thumbnail shipping-taxable product-type-simple\">\n\n\t\n\t\t\t\t\t\t<div class=\"product-image-wrapper hover-effect-\">\n\t\t\t\n\t        \n\t\t\t\t\t\t\t\n\t\t\t\t<a id=\"https:\/\/www.professional-haircare.it\/wp-content\/uploads\/2021\/03\/12070_professional_hairgenie_silky_liss_cream_200ml-500x500.png\" href=\"https:\/\/www.professional-haircare.it\/fr\/products\/treatments-fr\/hairgenie-fr\/hairgenie-silky-liss-fr\/hairgenie-silky-liss-creme-pour-cheveux-crepus-et-indisciplines\/\" class=\"product-content-image \" >\n\t\t\t\t\t<img loading=\"lazy\" decoding=\"async\" width=\"250\" height=\"250\" src=\"https:\/\/www.professional-haircare.it\/wp-content\/uploads\/2021\/03\/12070_professional_hairgenie_silky_liss_cream_200ml-250x250.png\" class=\"main-image\" alt=\"\" srcset=\"https:\/\/www.professional-haircare.it\/wp-content\/uploads\/2021\/03\/12070_professional_hairgenie_silky_liss_cream_200ml-250x250.png 250w, https:\/\/www.professional-haircare.it\/wp-content\/uploads\/2021\/03\/12070_professional_hairgenie_silky_liss_cream_200ml-150x150.png 150w, https:\/\/www.professional-haircare.it\/wp-content\/uploads\/2021\/03\/12070_professional_hairgenie_silky_liss_cream_200ml-300x300.png 300w, https:\/\/www.professional-haircare.it\/wp-content\/uploads\/2021\/03\/12070_professional_hairgenie_silky_liss_cream_200ml-500x500.png 500w, https:\/\/www.professional-haircare.it\/wp-content\/uploads\/2021\/03\/12070_professional_hairgenie_silky_liss_cream_200ml-100x100.png 100w, https:\/\/www.professional-haircare.it\/wp-content\/uploads\/2021\/03\/12070_professional_hairgenie_silky_liss_cream_200ml.png 600w\" sizes=\"auto, (max-width: 250px) 100vw, 250px\" \/>\n\t\t\t\t<\/a>\n\t\t\t\n\n\t\t\t\n\t\t\t\t\t<\/div>\n\n\t\t\n\t\t\n\t\t\n\n\t\t\n\n\t\t<div class=\"product-excerpt\">\n\t\t\t<p>Hairgenie Silky Liss est la <strong>cr\u00e8me effet lissant anti-frisottis, sans rin\u00e7age<\/strong>. Enrichie \u00e0 l'extrait de mauve, sa formule est \u00e9tudi\u00e9e pour <strong>hydrater, adoucir et prot\u00e9ger<\/strong> les cheveux de l'humidit\u00e9. D\u00e8s la premi\u00e8re application, les cheveux seront plus <strong>souples et soyeux<\/strong>.<\/p>\n<p>200 ml<\/p>\n\t\t<\/div>\n\n\t\t<div class=\"add-to-container\">\n\n\t\t\t\n\t                <\/div>\n\n\n\n\t\t\t<div class=\"clear\"><\/div>\n<\/div><\/div><\/div>[\/vc_column][\/vc_row]<\/p>\n<\/div>","protected":false},"excerpt":{"rendered":"<p>&#8230;<\/p>\n","protected":false},"author":1,"featured_media":0,"parent":0,"menu_order":0,"comment_status":"closed","ping_status":"closed","template":"","meta":{"footnotes":""},"class_list":["post-3494","page","type-page","status-publish","hentry"],"yoast_head":"<!-- This site is optimized with the Yoast SEO plugin v26.8 - https:\/\/yoast.com\/product\/yoast-seo-wordpress\/ -->\n<title>Professional - Comprof | Produits, couleurs, soins capillaires et coiffants<\/title>\n<meta name=\"description\" content=\"La marque des sp\u00e9cialistes. Technologie pure au service de la chevelure. Nouvelles tendances et traitements in\u00e9dits pour le soin du cheveu: c\u2019est tout cela Professional, hair quality solutions.\" \/>\n<meta name=\"robots\" content=\"index, follow, max-snippet:-1, max-image-preview:large, max-video-preview:-1\" \/>\n<link rel=\"canonical\" href=\"https:\/\/www.professional-haircare.it\/fr\/\" \/>\n<meta property=\"og:locale\" content=\"fr_FR\" \/>\n<meta property=\"og:type\" content=\"article\" \/>\n<meta property=\"og:title\" content=\"Professional - Comprof | Produits, couleurs, soins capillaires et coiffants\" \/>\n<meta property=\"og:description\" content=\"La marque des sp\u00e9cialistes. Technologie pure au service de la chevelure. Nouvelles tendances et traitements in\u00e9dits pour le soin du cheveu: c\u2019est tout cela Professional, hair quality solutions.\" \/>\n<meta property=\"og:url\" content=\"https:\/\/www.professional-haircare.it\/fr\/\" \/>\n<meta property=\"og:site_name\" content=\"Professional Hair Care\" \/>\n<meta property=\"article:modified_time\" content=\"2022-11-10T16:17:14+00:00\" \/>\n<meta name=\"twitter:card\" content=\"summary_large_image\" \/>\n<meta name=\"twitter:label1\" content=\"Dur\u00e9e de lecture estim\u00e9e\" \/>\n\t<meta name=\"twitter:data1\" content=\"2 minutes\" \/>\n<script type=\"application\/ld+json\" class=\"yoast-schema-graph\">{\"@context\":\"https:\/\/schema.org\",\"@graph\":[{\"@type\":\"WebPage\",\"@id\":\"https:\/\/www.professional-haircare.it\/fr\/\",\"url\":\"https:\/\/www.professional-haircare.it\/fr\/\",\"name\":\"Professional - Comprof | Produits, couleurs, soins capillaires et coiffants\",\"isPartOf\":{\"@id\":\"https:\/\/professional-haircare.it\/#website\"},\"datePublished\":\"2022-11-08T14:21:04+00:00\",\"dateModified\":\"2022-11-10T16:17:14+00:00\",\"description\":\"La marque des sp\u00e9cialistes. Technologie pure au service de la chevelure. Nouvelles tendances et traitements in\u00e9dits pour le soin du cheveu: c\u2019est tout cela Professional, hair quality solutions.\",\"breadcrumb\":{\"@id\":\"https:\/\/www.professional-haircare.it\/fr\/#breadcrumb\"},\"inLanguage\":\"fr-FR\",\"potentialAction\":[{\"@type\":\"ReadAction\",\"target\":[\"https:\/\/www.professional-haircare.it\/fr\/\"]}]},{\"@type\":\"BreadcrumbList\",\"@id\":\"https:\/\/www.professional-haircare.it\/fr\/#breadcrumb\",\"itemListElement\":[{\"@type\":\"ListItem\",\"position\":1,\"name\":\"Home\",\"item\":\"https:\/\/professional-haircare.it\/fr\/\"},{\"@type\":\"ListItem\",\"position\":2,\"name\":\"Home\"}]},{\"@type\":\"WebSite\",\"@id\":\"https:\/\/professional-haircare.it\/#website\",\"url\":\"https:\/\/professional-haircare.it\/\",\"name\":\"Professional Hair Care\",\"description\":\"Hair Quality Solutions\",\"potentialAction\":[{\"@type\":\"SearchAction\",\"target\":{\"@type\":\"EntryPoint\",\"urlTemplate\":\"https:\/\/professional-haircare.it\/?s={search_term_string}\"},\"query-input\":{\"@type\":\"PropertyValueSpecification\",\"valueRequired\":true,\"valueName\":\"search_term_string\"}}],\"inLanguage\":\"fr-FR\"}]}<\/script>\n<!-- \/ Yoast SEO plugin. -->","yoast_head_json":{"title":"Professional - Comprof | Produits, couleurs, soins capillaires et coiffants","description":"La marque des sp\u00e9cialistes. Technologie pure au service de la chevelure. Nouvelles tendances et traitements in\u00e9dits pour le soin du cheveu: c\u2019est tout cela Professional, hair quality solutions.","robots":{"index":"index","follow":"follow","max-snippet":"max-snippet:-1","max-image-preview":"max-image-preview:large","max-video-preview":"max-video-preview:-1"},"canonical":"https:\/\/www.professional-haircare.it\/fr\/","og_locale":"fr_FR","og_type":"article","og_title":"Professional - Comprof | Produits, couleurs, soins capillaires et coiffants","og_description":"La marque des sp\u00e9cialistes. Technologie pure au service de la chevelure. Nouvelles tendances et traitements in\u00e9dits pour le soin du cheveu: c\u2019est tout cela Professional, hair quality solutions.","og_url":"https:\/\/www.professional-haircare.it\/fr\/","og_site_name":"Professional Hair Care","article_modified_time":"2022-11-10T16:17:14+00:00","twitter_card":"summary_large_image","twitter_misc":{"Dur\u00e9e de lecture estim\u00e9e":"2 minutes"},"schema":{"@context":"https:\/\/schema.org","@graph":[{"@type":"WebPage","@id":"https:\/\/www.professional-haircare.it\/fr\/","url":"https:\/\/www.professional-haircare.it\/fr\/","name":"Professional - Comprof | Produits, couleurs, soins capillaires et coiffants","isPartOf":{"@id":"https:\/\/professional-haircare.it\/#website"},"datePublished":"2022-11-08T14:21:04+00:00","dateModified":"2022-11-10T16:17:14+00:00","description":"La marque des sp\u00e9cialistes. Technologie pure au service de la chevelure. Nouvelles tendances et traitements in\u00e9dits pour le soin du cheveu: c\u2019est tout cela Professional, hair quality solutions.","breadcrumb":{"@id":"https:\/\/www.professional-haircare.it\/fr\/#breadcrumb"},"inLanguage":"fr-FR","potentialAction":[{"@type":"ReadAction","target":["https:\/\/www.professional-haircare.it\/fr\/"]}]},{"@type":"BreadcrumbList","@id":"https:\/\/www.professional-haircare.it\/fr\/#breadcrumb","itemListElement":[{"@type":"ListItem","position":1,"name":"Home","item":"https:\/\/professional-haircare.it\/fr\/"},{"@type":"ListItem","position":2,"name":"Home"}]},{"@type":"WebSite","@id":"https:\/\/professional-haircare.it\/#website","url":"https:\/\/professional-haircare.it\/","name":"Professional Hair Care","description":"Hair Quality Solutions","potentialAction":[{"@type":"SearchAction","target":{"@type":"EntryPoint","urlTemplate":"https:\/\/professional-haircare.it\/?s={search_term_string}"},"query-input":{"@type":"PropertyValueSpecification","valueRequired":true,"valueName":"search_term_string"}}],"inLanguage":"fr-FR"}]}},"_links":{"self":[{"href":"https:\/\/www.professional-haircare.it\/fr\/wp-json\/wp\/v2\/pages\/3494","targetHints":{"allow":["GET"]}}],"collection":[{"href":"https:\/\/www.professional-haircare.it\/fr\/wp-json\/wp\/v2\/pages"}],"about":[{"href":"https:\/\/www.professional-haircare.it\/fr\/wp-json\/wp\/v2\/types\/page"}],"author":[{"embeddable":true,"href":"https:\/\/www.professional-haircare.it\/fr\/wp-json\/wp\/v2\/users\/1"}],"replies":[{"embeddable":true,"href":"https:\/\/www.professional-haircare.it\/fr\/wp-json\/wp\/v2\/comments?post=3494"}],"version-history":[{"count":0,"href":"https:\/\/www.professional-haircare.it\/fr\/wp-json\/wp\/v2\/pages\/3494\/revisions"}],"wp:attachment":[{"href":"https:\/\/www.professional-haircare.it\/fr\/wp-json\/wp\/v2\/media?parent=3494"}],"curies":[{"name":"wp","href":"https:\/\/api.w.org\/{rel}","templated":true}]}}