{"id":3486,"date":"2022-11-08T15:17:17","date_gmt":"2022-11-08T14:17:17","guid":{"rendered":"https:\/\/www.professional-haircare.it\/identity\/"},"modified":"2022-11-08T15:17:18","modified_gmt":"2022-11-08T14:17:18","slug":"identity","status":"publish","type":"page","link":"https:\/\/www.professional-haircare.it\/fr\/identity\/","title":{"rendered":"Identity"},"content":{"rendered":"<div class=\"wpb-content-wrapper\"><p>[vc_row][vc_column][vc_column_text]<\/p>\n<h1 style=\"text-align: center;\">EXTRAORDINARY EXPERIENCE<\/h1>\n<p>[\/vc_column_text][vc_empty_space][\/vc_column][\/vc_row][vc_row][vc_column offset=\u00a0\u00bbvc_hidden-sm vc_hidden-xs\u00a0\u00bb][vc_row_inner][vc_column_inner width=\u00a0\u00bb1\/2&Prime;][vc_single_image image=\u00a0\u00bb3487&Prime; img_size=\u00a0\u00bbfull\u00a0\u00bb css_animation=\u00a0\u00bbappear\u00a0\u00bb][\/vc_column_inner][vc_column_inner width=\u00a0\u00bb1\/2&Prime;][vc_column_text css=\u00a0\u00bb.vc_custom_1647851869887{padding-top: 10% !important;padding-bottom: 10% !important;}\u00a0\u00bb]<\/p>\n<p style=\"text-align: center;\"><span style=\"font-weight: 400;\">Professional est n\u00e9 en 1995 de la profonde exp\u00e9rience en trichologie.<\/span><\/p>\n<p style=\"text-align: center;\"><span style=\"font-weight: 400;\">C&rsquo;est la marque des <strong>professionnels<\/strong> ancr\u00e9e dans la tradition du <strong>made in Italy<\/strong>, con\u00e7ue pour promouvoir le <strong>bien-\u00eatre des cheveux<\/strong> du salon \u00e0 la maison.<\/span><\/p>\n<p>[\/vc_column_text][\/vc_column_inner][\/vc_row_inner][vc_row_inner][vc_column_inner][vc_empty_space][\/vc_column_inner][\/vc_row_inner][vc_row_inner][vc_column_inner width=\u00a0\u00bb1\/2&Prime;][vc_column_text css=\u00a0\u00bb.vc_custom_1650015612621{padding-top: 10% !important;padding-bottom: 10% !important;}\u00a0\u00bb]<\/p>\n<p style=\"text-align: center;\"><span style=\"font-weight: 400;\">Notre mission est d&rsquo;\u00eatre le point de r\u00e9f\u00e9rence pour les<strong> coiffeurs<\/strong>, en d\u00e9veloppant des produits n\u00e9s de leur exp\u00e9rience et con\u00e7us pour gagner la <strong>confiance des consommateurs<\/strong>. C&rsquo;est notre vision: promouvoir le <strong>bien-\u00eatre<\/strong> et le <strong>luxe<\/strong> inclusif, sans exc\u00e8s, pour donner de la valeur aux cheveux, en les soignant avec d\u00e9vouement.<\/span><\/p>\n<p>[\/vc_column_text][\/vc_column_inner][vc_column_inner width=\u00a0\u00bb1\/2&Prime;][vc_single_image image=\u00a0\u00bb3488&Prime; img_size=\u00a0\u00bbfull\u00a0\u00bb css_animation=\u00a0\u00bbappear\u00a0\u00bb][\/vc_column_inner][\/vc_row_inner][vc_row_inner][vc_column_inner][vc_empty_space][\/vc_column_inner][\/vc_row_inner][vc_row_inner][vc_column_inner width=\u00a0\u00bb1\/2&Prime;][vc_single_image image=\u00a0\u00bb3489&Prime; img_size=\u00a0\u00bbfull\u00a0\u00bb css_animation=\u00a0\u00bbappear\u00a0\u00bb][\/vc_column_inner][vc_column_inner width=\u00a0\u00bb1\/2&Prime;][vc_column_text css=\u00a0\u00bb.vc_custom_1650015594823{padding-top: 10% !important;padding-bottom: 10% !important;}\u00a0\u00bb]<\/p>\n<p style=\"text-align: center;\"><span style=\"font-weight: 400;\">La passion, c&rsquo;est le d\u00e9vouement, et le d\u00e9vouement, c&rsquo;est mettre les besoins des professionnels et des<strong> femmes<\/strong> au centre afin de cr\u00e9er de la valeur pour les cheveux. Nous cr\u00e9ons des <strong>formulations<\/strong> qui respectent le cheveu et favorisent son <strong>bien-\u00eatre<\/strong> pour r\u00e9pondre aux besoins et aux attentes des femmes.<\/span><\/p>\n<p>[\/vc_column_text][\/vc_column_inner][\/vc_row_inner][vc_row_inner][vc_column_inner][vc_empty_space][\/vc_column_inner][\/vc_row_inner][vc_row_inner][vc_column_inner width=\u00a0\u00bb1\/2&Prime;][vc_column_text css=\u00a0\u00bb.vc_custom_1647851891497{padding-top: 10% !important;padding-bottom: 10% !important;}\u00a0\u00bb]<\/p>\n<p style=\"text-align: center;\"><span style=\"font-weight: 400;\">Sans exp\u00e9rience, il n&rsquo;y a pas de progr\u00e8s. Nous croyons en la <strong>valeur de la formation<\/strong>, c&rsquo;est \u00e0 partir de l&rsquo;exp\u00e9rience et de la tradition que nous construisons l&rsquo;avenir.Nous croyons que l&rsquo;exp\u00e9rience est une connaissance et un moment m\u00e9morable.<\/span><\/p>\n<p>[\/vc_column_text][\/vc_column_inner][vc_column_inner width=\u00a0\u00bb1\/2&Prime;][vc_single_image image=\u00a0\u00bb3490&Prime; img_size=\u00a0\u00bbfull\u00a0\u00bb css_animation=\u00a0\u00bbappear\u00a0\u00bb][\/vc_column_inner][\/vc_row_inner][\/vc_column][\/vc_row][vc_row][vc_column offset=\u00a0\u00bbvc_hidden-lg vc_hidden-md\u00a0\u00bb][vc_row_inner][vc_column_inner width=\u00a0\u00bb1\/2&Prime;][vc_single_image image=\u00a0\u00bb3487&Prime; img_size=\u00a0\u00bbfull\u00a0\u00bb css_animation=\u00a0\u00bbappear\u00a0\u00bb][\/vc_column_inner][vc_column_inner width=\u00a0\u00bb1\/2&Prime;][vc_column_text css=\u00a0\u00bb.vc_custom_1647610903163{padding-top: 15px !important;}\u00a0\u00bb]<\/p>\n<p style=\"text-align: center;\"><span style=\"font-weight: 400;\">Professional est n\u00e9 en 1995 de la profonde exp\u00e9rience en trichologie.<\/span><\/p>\n<p style=\"text-align: center;\"><span style=\"font-weight: 400;\">C&rsquo;est la marque des <strong>professionnels<\/strong> ancr\u00e9e dans la tradition du <strong>made in Italy<\/strong>, con\u00e7ue pour promouvoir le <strong>bien-\u00eatre des cheveux<\/strong> du salon \u00e0 la maison.<\/span><\/p>\n<p>[\/vc_column_text][\/vc_column_inner][\/vc_row_inner][vc_row_inner][vc_column_inner width=\u00a0\u00bb1\/2&Prime;][vc_single_image image=\u00a0\u00bb3488&Prime; img_size=\u00a0\u00bbfull\u00a0\u00bb css_animation=\u00a0\u00bbappear\u00a0\u00bb][\/vc_column_inner][vc_column_inner width=\u00a0\u00bb1\/2&Prime;][vc_column_text]<\/p>\n<p style=\"text-align: center;\"><span style=\"font-weight: 400;\">Notre mission est d&rsquo;\u00eatre le point de r\u00e9f\u00e9rence pour les<strong> coiffeurs<\/strong>, en d\u00e9veloppant des produits n\u00e9s de leur exp\u00e9rience et con\u00e7us pour gagner la <strong>confiance des consommateurs<\/strong>. C&rsquo;est notre vision: promouvoir le <strong>bien-\u00eatre<\/strong> et le <strong>luxe<\/strong> inclusif, sans exc\u00e8s, pour donner de la valeur aux cheveux, en les soignant avec d\u00e9vouement.<\/span><\/p>\n<p>[\/vc_column_text][\/vc_column_inner][\/vc_row_inner][vc_row_inner][vc_column_inner width=\u00a0\u00bb1\/2&Prime;][vc_single_image image=\u00a0\u00bb3489&Prime; img_size=\u00a0\u00bbfull\u00a0\u00bb css_animation=\u00a0\u00bbappear\u00a0\u00bb][\/vc_column_inner][vc_column_inner width=\u00a0\u00bb1\/2&Prime;][vc_column_text]<\/p>\n<p style=\"text-align: center;\"><span style=\"font-weight: 400;\">La passion, c&rsquo;est le d\u00e9vouement, et le d\u00e9vouement, c&rsquo;est mettre les besoins des professionnels et des<strong> femmes<\/strong> au centre afin de cr\u00e9er de la valeur pour les cheveux. Nous cr\u00e9ons des <strong>formulations<\/strong> qui respectent le cheveu et favorisent son <strong>bien-\u00eatre<\/strong> pour r\u00e9pondre aux besoins et aux attentes des femmes.<\/span><\/p>\n<p>[\/vc_column_text][\/vc_column_inner][\/vc_row_inner][vc_row_inner][vc_column_inner width=\u00a0\u00bb1\/2&Prime;][vc_single_image image=\u00a0\u00bb3490&Prime; img_size=\u00a0\u00bbfull\u00a0\u00bb css_animation=\u00a0\u00bbappear\u00a0\u00bb][\/vc_column_inner][vc_column_inner width=\u00a0\u00bb1\/2&Prime;][vc_column_text]<\/p>\n<p style=\"text-align: center;\"><span style=\"font-weight: 400;\">Sans exp\u00e9rience, il n&rsquo;y a pas de progr\u00e8s. Nous croyons en la <strong>valeur de la formation<\/strong>, c&rsquo;est \u00e0 partir de l&rsquo;exp\u00e9rience et de la tradition que nous construisons l&rsquo;avenir.Nous croyons que l&rsquo;exp\u00e9rience est une connaissance et un moment m\u00e9morable.<\/span><\/p>\n<p>[\/vc_column_text][\/vc_column_inner][\/vc_row_inner][\/vc_column][\/vc_row]<\/p>\n<\/div>","protected":false},"excerpt":{"rendered":"<p>&#8230;<\/p>\n","protected":false},"author":1,"featured_media":0,"parent":0,"menu_order":0,"comment_status":"closed","ping_status":"closed","template":"","meta":{"footnotes":""},"class_list":["post-3486","page","type-page","status-publish","hentry"],"yoast_head":"<!-- This site is optimized with the Yoast SEO plugin v26.8 - https:\/\/yoast.com\/product\/yoast-seo-wordpress\/ -->\n<title>Professional Comprof | Identity<\/title>\n<meta name=\"description\" content=\"Professional, c\u2019est le renouveau de la chevelure, des traitements et rituels de r\u00e9g\u00e9n\u00e9ration, de nutrition et de protection uniques pour restaurer le bien-\u00eatre et la beaut\u00e9 de vos cheveux.\" \/>\n<meta name=\"robots\" content=\"index, follow, max-snippet:-1, max-image-preview:large, max-video-preview:-1\" \/>\n<link rel=\"canonical\" href=\"https:\/\/www.professional-haircare.it\/fr\/identity\/\" \/>\n<meta property=\"og:locale\" content=\"fr_FR\" \/>\n<meta property=\"og:type\" content=\"article\" \/>\n<meta property=\"og:title\" content=\"Professional Comprof | Identity\" \/>\n<meta property=\"og:description\" content=\"Professional, c\u2019est le renouveau de la chevelure, des traitements et rituels de r\u00e9g\u00e9n\u00e9ration, de nutrition et de protection uniques pour restaurer le bien-\u00eatre et la beaut\u00e9 de vos cheveux.\" \/>\n<meta property=\"og:url\" content=\"https:\/\/www.professional-haircare.it\/fr\/identity\/\" \/>\n<meta property=\"og:site_name\" content=\"Professional Hair Care\" \/>\n<meta property=\"article:modified_time\" content=\"2022-11-08T14:17:18+00:00\" \/>\n<meta name=\"twitter:card\" content=\"summary_large_image\" \/>\n<meta name=\"twitter:label1\" content=\"Dur\u00e9e de lecture estim\u00e9e\" \/>\n\t<meta name=\"twitter:data1\" content=\"4 minutes\" \/>\n<script type=\"application\/ld+json\" class=\"yoast-schema-graph\">{\"@context\":\"https:\/\/schema.org\",\"@graph\":[{\"@type\":\"WebPage\",\"@id\":\"https:\/\/www.professional-haircare.it\/fr\/identity\/\",\"url\":\"https:\/\/www.professional-haircare.it\/fr\/identity\/\",\"name\":\"Professional Comprof | Identity\",\"isPartOf\":{\"@id\":\"https:\/\/professional-haircare.it\/#website\"},\"datePublished\":\"2022-11-08T14:17:17+00:00\",\"dateModified\":\"2022-11-08T14:17:18+00:00\",\"description\":\"Professional, c\u2019est le renouveau de la chevelure, des traitements et rituels de r\u00e9g\u00e9n\u00e9ration, de nutrition et de protection uniques pour restaurer le bien-\u00eatre et la beaut\u00e9 de vos cheveux.\",\"breadcrumb\":{\"@id\":\"https:\/\/www.professional-haircare.it\/fr\/identity\/#breadcrumb\"},\"inLanguage\":\"fr-FR\",\"potentialAction\":[{\"@type\":\"ReadAction\",\"target\":[\"https:\/\/www.professional-haircare.it\/fr\/identity\/\"]}]},{\"@type\":\"BreadcrumbList\",\"@id\":\"https:\/\/www.professional-haircare.it\/fr\/identity\/#breadcrumb\",\"itemListElement\":[{\"@type\":\"ListItem\",\"position\":1,\"name\":\"Home\",\"item\":\"https:\/\/professional-haircare.it\/fr\/\"},{\"@type\":\"ListItem\",\"position\":2,\"name\":\"Identity\"}]},{\"@type\":\"WebSite\",\"@id\":\"https:\/\/professional-haircare.it\/#website\",\"url\":\"https:\/\/professional-haircare.it\/\",\"name\":\"Professional Hair Care\",\"description\":\"Hair Quality Solutions\",\"potentialAction\":[{\"@type\":\"SearchAction\",\"target\":{\"@type\":\"EntryPoint\",\"urlTemplate\":\"https:\/\/professional-haircare.it\/?s={search_term_string}\"},\"query-input\":{\"@type\":\"PropertyValueSpecification\",\"valueRequired\":true,\"valueName\":\"search_term_string\"}}],\"inLanguage\":\"fr-FR\"}]}<\/script>\n<!-- \/ Yoast SEO plugin. -->","yoast_head_json":{"title":"Professional Comprof | Identity","description":"Professional, c\u2019est le renouveau de la chevelure, des traitements et rituels de r\u00e9g\u00e9n\u00e9ration, de nutrition et de protection uniques pour restaurer le bien-\u00eatre et la beaut\u00e9 de vos cheveux.","robots":{"index":"index","follow":"follow","max-snippet":"max-snippet:-1","max-image-preview":"max-image-preview:large","max-video-preview":"max-video-preview:-1"},"canonical":"https:\/\/www.professional-haircare.it\/fr\/identity\/","og_locale":"fr_FR","og_type":"article","og_title":"Professional Comprof | Identity","og_description":"Professional, c\u2019est le renouveau de la chevelure, des traitements et rituels de r\u00e9g\u00e9n\u00e9ration, de nutrition et de protection uniques pour restaurer le bien-\u00eatre et la beaut\u00e9 de vos cheveux.","og_url":"https:\/\/www.professional-haircare.it\/fr\/identity\/","og_site_name":"Professional Hair Care","article_modified_time":"2022-11-08T14:17:18+00:00","twitter_card":"summary_large_image","twitter_misc":{"Dur\u00e9e de lecture estim\u00e9e":"4 minutes"},"schema":{"@context":"https:\/\/schema.org","@graph":[{"@type":"WebPage","@id":"https:\/\/www.professional-haircare.it\/fr\/identity\/","url":"https:\/\/www.professional-haircare.it\/fr\/identity\/","name":"Professional Comprof | Identity","isPartOf":{"@id":"https:\/\/professional-haircare.it\/#website"},"datePublished":"2022-11-08T14:17:17+00:00","dateModified":"2022-11-08T14:17:18+00:00","description":"Professional, c\u2019est le renouveau de la chevelure, des traitements et rituels de r\u00e9g\u00e9n\u00e9ration, de nutrition et de protection uniques pour restaurer le bien-\u00eatre et la beaut\u00e9 de vos cheveux.","breadcrumb":{"@id":"https:\/\/www.professional-haircare.it\/fr\/identity\/#breadcrumb"},"inLanguage":"fr-FR","potentialAction":[{"@type":"ReadAction","target":["https:\/\/www.professional-haircare.it\/fr\/identity\/"]}]},{"@type":"BreadcrumbList","@id":"https:\/\/www.professional-haircare.it\/fr\/identity\/#breadcrumb","itemListElement":[{"@type":"ListItem","position":1,"name":"Home","item":"https:\/\/professional-haircare.it\/fr\/"},{"@type":"ListItem","position":2,"name":"Identity"}]},{"@type":"WebSite","@id":"https:\/\/professional-haircare.it\/#website","url":"https:\/\/professional-haircare.it\/","name":"Professional Hair Care","description":"Hair Quality Solutions","potentialAction":[{"@type":"SearchAction","target":{"@type":"EntryPoint","urlTemplate":"https:\/\/professional-haircare.it\/?s={search_term_string}"},"query-input":{"@type":"PropertyValueSpecification","valueRequired":true,"valueName":"search_term_string"}}],"inLanguage":"fr-FR"}]}},"_links":{"self":[{"href":"https:\/\/www.professional-haircare.it\/fr\/wp-json\/wp\/v2\/pages\/3486","targetHints":{"allow":["GET"]}}],"collection":[{"href":"https:\/\/www.professional-haircare.it\/fr\/wp-json\/wp\/v2\/pages"}],"about":[{"href":"https:\/\/www.professional-haircare.it\/fr\/wp-json\/wp\/v2\/types\/page"}],"author":[{"embeddable":true,"href":"https:\/\/www.professional-haircare.it\/fr\/wp-json\/wp\/v2\/users\/1"}],"replies":[{"embeddable":true,"href":"https:\/\/www.professional-haircare.it\/fr\/wp-json\/wp\/v2\/comments?post=3486"}],"version-history":[{"count":0,"href":"https:\/\/www.professional-haircare.it\/fr\/wp-json\/wp\/v2\/pages\/3486\/revisions"}],"wp:attachment":[{"href":"https:\/\/www.professional-haircare.it\/fr\/wp-json\/wp\/v2\/media?parent=3486"}],"curies":[{"name":"wp","href":"https:\/\/api.w.org\/{rel}","templated":true}]}}